{"id":93759,"date":"2025-06-17T11:12:18","date_gmt":"2025-06-17T09:12:18","guid":{"rendered":"https:\/\/translinguoglobal.com\/servizio-di-traduzione-a-madrid\/"},"modified":"2025-06-17T11:12:19","modified_gmt":"2025-06-17T09:12:19","slug":"servizio-di-traduzione-a-madrid","status":"publish","type":"page","link":"https:\/\/translinguoglobal.com\/it\/servizio-di-traduzione-a-madrid\/","title":{"rendered":"Servizio di traduzione a Madrid"},"content":{"rendered":"<p><a href=\"https:\/\/translinguoglobal.com\/it\/\">Servizio di traduzione<\/a> a Madrid. In un mondo sempre pi\u00f9 globalizzato, un&#8217;azienda moderna deve essere competitiva. Per potere ampliare i propri orizzonti, \u00e8 inevitabile dover far fronte a situazioni multilingue: trattative, eventi con relatori internazionali, documenti stranieri, ecc. Ed \u00e8 proprio in questo ambito che entrano in gioco gli specialisti del linguaggio. Essendo contesti che comprendono l&#8217;uso di diverse lingue, la miglior opzione \u00e8 quella di rivolgersi a un traduttore professionista. Il nostro <strong>servizio di traduzione a <a href=\"https:\/\/es.wikipedia.org\/wiki\/Madrid\" target=\"_blank\" rel=\"noopener\">Madrid<\/a><\/strong> ti offre i migliori professionisti del settore.     <\/p>\n<h3 style=\"text-align: center;\"><strong>Perch\u00e9 affidarsi a un servizio di traduzione a Madrid<\/strong><\/h3>\n<p>La traduzione non si limita a ripetere le stesse parole in un\u2019altra lingua. Bisogna tenere conto delle differenze culturali, dei giochi di parole, dei doppi sensi e di molte altre insidie che si nascondono nella lingua. <\/p>\n<p>Per questo motivo, qualsiasi agenzia di traduzione che si rispetti avr\u00e0 sempre tra le sue fila traduttori madrelingua. Nel nostro <strong>servizio di traduzione a Madrid <\/strong> impieghiamo traduttori madrelingua specializzati in numerosi settori. Grazie alle loro capacit\u00e0, possono risolvere qualsiasi &#8220;dilemma&#8221; linguistico.  <\/p>\n<h3 style=\"text-align: center;\"><strong>Perch\u00e9 a Madrid?<\/strong><\/h3>\n<p>In quanto capitale della Spagna, Madrid \u00e8 una delle citt\u00e0pi\u00f9 internazionali del Paese. Da una parte abbiamo il settore turistico: ogni anno decine di milioni di turisti visitano la citt\u00e0. Una grande aggioranza viene dagli Stati Uniti, dall&#8217;Italia e dalla Francia. L&#8217;aeroporto Adolfo Suarez Madrid-Barajas \u00e8 il sesto aeroporto europeo pi\u00f9 trafficato. Come destinazione turistica, Madrid si distingue per il suo centro storico, la sua gastronomia e le sue zone commerciali.    <\/p>\n<p>D&#8217;altra parte, la capitale \u00e8 anche un importante centro industriale e logistico. La sua posizione geografica al centro della penisola spinge un gran numero di rotte commerciali internazionali a fare scalo nella citt\u00e0. Infine, Madrid \u00e8 la sede del Governo spagnolo e della maggior parte delle delegazioni diplomatiche. Nella capitale, giorno dopo giorno, si gestiscono trattati di altissimo livello tra diversi paesi. Per affrontare questo complesso intreccio industriale, diplomatico e turistico internazionale, affidati al nostro <strong>servizio di traduzione a Madrid.<\/strong>    <\/p>\n<h3 style=\"text-align: center;\"><strong>Cosa offriamo con i nostri servizi<\/strong><\/h3>\n<p>Nel nostro <strong>servizio di traduzione a Madrid<\/strong> mettiamo al primo posto il valore dei nostri clienti. Oltre a una semplice relazione commerciale, desideriamo un rapporto vicino e umano che valorizzi il cliente come persona. Ti assicuriamo sempre il miglior trattamento affinch\u00e9 l\u2019intero processo sia semplice. Tra le altre cose, potrai contare su traduttori madrelingua professionisti e riceverai il prodotto finale in modo puntuale, poich\u00e9 rispettiamo i tempi di consegna concordati. Inoltre, per offrire un\u2019assistenza clienti centrata sulle tue esigenze, disponiamo di un\u2019ampia variet\u00e0 di servizi come:    <\/p>\n<ul>\n<li>Localizzazione;<\/li>\n<li>Traduzione di siti web;<\/li>\n<li>Traduzione generale;<\/li>\n<li>Traduzione specialistica;<\/li>\n<li>Traduzione giuarata;<\/li>\n<\/ul>\n<p><strong>Il futuro \u00e8 adesso e non puoi rimanere indietro!<\/strong> Contattaci e ti aiuteremo a mantenere la tua attivit\u00e0 competitiva.<\/p>\n","protected":false},"excerpt":{"rendered":"<p>Servizio di traduzione a Madrid. In un mondo sempre pi\u00f9 globalizzato, un&#8217;azienda moderna deve essere competitiva. Per potere ampliare i propri orizzonti, \u00e8 inevitabile dover far fronte a situazioni multilingue: trattative, eventi con relatori internazionali, documenti stranieri, ecc. Ed \u00e8 proprio in questo ambito che entrano in gioco gli specialisti del linguaggio. Essendo contesti che [&hellip;]<\/p>\n","protected":false},"author":3,"featured_media":93760,"parent":0,"menu_order":0,"comment_status":"closed","ping_status":"closed","template":"","meta":{"_crdt_document":"","inline_featured_image":false,"site-sidebar-layout":"default","site-content-layout":"default","ast-site-content-layout":"default","site-content-style":"default","site-sidebar-style":"default","ast-global-header-display":"","ast-banner-title-visibility":"","ast-main-header-display":"","ast-hfb-above-header-display":"","ast-hfb-below-header-display":"","ast-hfb-mobile-header-display":"","site-post-title":"","ast-breadcrumbs-content":"","ast-featured-img":"","footer-sml-layout":"","ast-disable-related-posts":"","theme-transparent-header-meta":"default","adv-header-id-meta":"","stick-header-meta":"","header-above-stick-meta":"","header-main-stick-meta":"","header-below-stick-meta":"","astra-migrate-meta-layouts":"default","ast-page-background-enabled":"default","ast-page-background-meta":{"desktop":{"background-color":"var(--ast-global-color-4)","background-image":"","background-repeat":"repeat","background-position":"center center","background-size":"auto","background-attachment":"scroll","background-type":"","background-media":"","overlay-type":"","overlay-color":"","overlay-opacity":"","overlay-gradient":""},"tablet":{"background-color":"","background-image":"","background-repeat":"repeat","background-position":"center center","background-size":"auto","background-attachment":"scroll","background-type":"","background-media":"","overlay-type":"","overlay-color":"","overlay-opacity":"","overlay-gradient":""},"mobile":{"background-color":"","background-image":"","background-repeat":"repeat","background-position":"center center","background-size":"auto","background-attachment":"scroll","background-type":"","background-media":"","overlay-type":"","overlay-color":"","overlay-opacity":"","overlay-gradient":""}},"ast-content-background-meta":{"desktop":{"background-color":"var(--ast-global-color-5)","background-image":"","background-repeat":"repeat","background-position":"center center","background-size":"auto","background-attachment":"scroll","background-type":"","background-media":"","overlay-type":"","overlay-color":"","overlay-opacity":"","overlay-gradient":""},"tablet":{"background-color":"var(--ast-global-color-5)","background-image":"","background-repeat":"repeat","background-position":"center center","background-size":"auto","background-attachment":"scroll","background-type":"","background-media":"","overlay-type":"","overlay-color":"","overlay-opacity":"","overlay-gradient":""},"mobile":{"background-color":"var(--ast-global-color-5)","background-image":"","background-repeat":"repeat","background-position":"center center","background-size":"auto","background-attachment":"scroll","background-type":"","background-media":"","overlay-type":"","overlay-color":"","overlay-opacity":"","overlay-gradient":""}},"footnotes":""},"class_list":["post-93759","page","type-page","status-publish","has-post-thumbnail","hentry"],"_links":{"self":[{"href":"https:\/\/translinguoglobal.com\/it\/wp-json\/wp\/v2\/pages\/93759","targetHints":{"allow":["GET"]}}],"collection":[{"href":"https:\/\/translinguoglobal.com\/it\/wp-json\/wp\/v2\/pages"}],"about":[{"href":"https:\/\/translinguoglobal.com\/it\/wp-json\/wp\/v2\/types\/page"}],"author":[{"embeddable":true,"href":"https:\/\/translinguoglobal.com\/it\/wp-json\/wp\/v2\/users\/3"}],"replies":[{"embeddable":true,"href":"https:\/\/translinguoglobal.com\/it\/wp-json\/wp\/v2\/comments?post=93759"}],"version-history":[{"count":1,"href":"https:\/\/translinguoglobal.com\/it\/wp-json\/wp\/v2\/pages\/93759\/revisions"}],"predecessor-version":[{"id":93761,"href":"https:\/\/translinguoglobal.com\/it\/wp-json\/wp\/v2\/pages\/93759\/revisions\/93761"}],"wp:featuredmedia":[{"embeddable":true,"href":"https:\/\/translinguoglobal.com\/it\/wp-json\/wp\/v2\/media\/93760"}],"wp:attachment":[{"href":"https:\/\/translinguoglobal.com\/it\/wp-json\/wp\/v2\/media?parent=93759"}],"curies":[{"name":"wp","href":"https:\/\/api.w.org\/{rel}","templated":true}]}}