{"id":93748,"date":"2025-06-17T10:44:49","date_gmt":"2025-06-17T08:44:49","guid":{"rendered":"https:\/\/translinguoglobal.com\/agenzia-di-traduzione-a-siviglia\/"},"modified":"2025-06-17T10:44:50","modified_gmt":"2025-06-17T08:44:50","slug":"agenzia-di-traduzione-a-siviglia","status":"publish","type":"page","link":"https:\/\/translinguoglobal.com\/it\/agenzia-di-traduzione-a-siviglia\/","title":{"rendered":"Agenzia di traduzione a Siviglia"},"content":{"rendered":"<h2 style=\"text-align: center;\">Agenzia di traduzione a Siviglia<\/h2>\n<h3 style=\"text-align: left;\"><strong>Perch\u00e9 affidarsi ai servizi di un\u2019agenzia di traduzione a Siviglia?<\/strong><\/h3>\n<p>Noi di Translinguo Global garantiamo un impegno verso il cliente senza pari. Offriamo: <\/p>\n<ul>\n<li>Un servizio preciso e curato, con particolare attenzione alla puntualit\u00e0, sempre fondamentale per soddisfare il cliente.<\/li>\n<li>Una politica di riservatezza impeccabile. Puoi stare tranquillo nell\u2019affidarci il tuo incarico. <\/li>\n<li>Costi vantaggiosi: tra i pi\u00f9 competitivi sul mercato.<\/li>\n<li>Professionisti specializzati in diversi settori che si occuperanno personalmente del tuo progetto.<\/li>\n<\/ul>\n<h3 style=\"text-align: left;\"><strong>Perch\u00e9 \u00e8 pi\u00f9 conveniente affidarsi a un servizio di traduzione professionale?<\/strong><\/h3>\n<p>Affidandosi a un\u2019agenzia di traduzione garantisce che il contenuto venga trattato con la massima accuratezza. Il nostro team di traduttori professionisti possiede una solida conoscenza in diversi ambiti. Oltre a una vasta preparazione di base, svolgiamo un lavoro di ricerca approfondito sulla cultura di destinazione.  <\/p>\n<p>Disponiamo di strumenti professionali per offrirti il miglior servizio ovunque tu sia. Inoltre, possiamo fornire servizi di localizzazione dei contenuti, web design o marketing. Questo ti permette di risparmiare, poich\u00e9 puoi collaborare con noi solo quando necessario. Assegneremo al tuo progetto il professionista pi\u00f9 adatto, che eseguir\u00e0 il lavoro con rigore professionale. Il tutto nel minor tempo possibile e con una qualit\u00e0 impeccabile.    <\/p>\n<p>Disponiamo di traduttori madrelingua in diverse lingue, quindi non abbiamo nessun problema ad assegnare al tuo progetto il professionista adatto.<\/p>\n<h2 style=\"text-align: center;\"><strong>Translinguo Global: la tua agenzia di traduzione a Siviglia<\/strong><\/h2>\n<p>Noi di Translinguo Global crediamo nella professionalit\u00e0. Per questo, la nostra agenzia dispone di professionisti qualificati ed esperti nell&#8217;ambito della traduzione e dell&#8217;interpretariato. Inoltre, disponiamo di creativi, grafici e ingegneri specializzati in programmazione e sistemi.  <\/p>\n<p>I nostri principi di trasparenza, puntualit\u00e0 e costanza ci rendono una delle migliori opzioni sul mercato. Inoltre, collaboriamo con ONGs e associazioni senza scopo di lucro affinch\u00e9 possano continuare a sviluppare i propri progetti. Siamo una delle migliori opzioni sul mercato: siamo la tua agenzia di traduzione a Siviglia.  <\/p>\n<p>Se stai cercando di espandere la tua attivit\u00e0 a livello internazionale, tradurre il tuo materiale potrebbe essere la carta vincente. A tal fine, puoi rivolgerti a un\u2019agenzia di traduzione specializzata. Negli ultimi anni, il numero di agenzie di traduzione \u00e8 aumentato notevolmente, in risposta alla crescente esigenza delle aziende di ampliare il proprio mercato, incrementando cos\u00ec la domanda di traduzioni e localizzazioni in diverse lingue.   <\/p>\n<p>Noi di Translinguo Global siamo leader del settore, cos\u00ec come del marketing digitale. Ci distinguiamo per i nostri prezzi competitivi, la puntualit\u00e0 e la vicinanza al cliente. Il nostro obiettivo \u00e8 garantire un trattamento completamente personalizzato per ogni progetto. Inoltre, siamo sempre raggiungibili grazie alle nostre sedi in Spagna, Colombia e Stati Uniti.   <\/p>\n<h2 style=\"text-align: center;\"><strong>Servizio di traduzione a Siviglia<\/strong><\/h2>\n<p>Siviglia \u00e8 una delle citt\u00e0 pi\u00f9 note della Spagna e tra le pi\u00f9 importanti del sud del Paese, essendo il capoluogo dell&#8217;Andalusia, la comunit\u00e0 autonoma pi\u00f9 grande della Penisola Iberica. Di conseguenza, avere un&#8217;agenzia di traduzione situata qui offre numerosi vantaggi. Questo \u00e8 dovuto in gran parte all\u2019elevato afflusso quotidiano di persone. Non bisogna inoltre dimenticare le relazioni che si instaurano con altre citt\u00e0, sia all\u2019interno che all\u2019esterno dell&#8217;Andalusia, grazie a una rete stradale altamente sviluppata, oltre che alla presenza di un aeroporto internazionale.     <\/p>\n<p>Da un lato, Siviglia si distingue per la sua architettura: la Giralda, la Cattedrale di Siviglia e il Real Alc\u00e1zar. Dall\u2019altro, anche la gastronomia \u00e8 un elemento di gran rilevanza, conosciuta quasi in tutto il mondo. Questi due aspetti al rendono una destinazione molto ricercata a livello di turismo nazionale e internazionale. Infatti, \u00e8 considerata la terza citt\u00e0 spagnola per numero di visitatori, dopo Barcellona e Madrid.   <\/p>\n<h3 style=\"text-align: left;\">Perch\u00e9 \u00e8 importante affidarsi a traduttori professionisti?<\/h3>\n<p>Nelle nostre agenzie cerchiamo sempre di collaborare con traduttori professionisti, specializzati in diversi settori. Inoltre, il fatto che siano madrelingua, ci permette di garantire risultati di alta qualit\u00e0 e culturalmente adattati. Questo perch\u00e9 i nostri professionisti conoscono tutte le peculiarit\u00e0 della lingua e le tengono rigorosamente in considerazione durante la traduzione. Allo stesso modo, considerano il pubblico a cui \u00e8 destinato il testo, mantenendo formato e formule adeguate.   <\/p>\n<h3 style=\"text-align: left;\"><strong>Come pu\u00f2 una buona traduzione aiutarti a raggiungere nuovi clienti?<\/strong><\/h3>\n<p>Come menzionato nella sezione precedente, affidarsi a professionisti \u00e8 fondamentale per ottenere risultati di qualit\u00e0. Per questo motivo, il nostro numero di clienti aumenta man mano che ci espandiamo a livello internazionale. Va inoltre sottolineato che, con l\u2019avanzare e lo sviluppo delle tecnologie, ci adattiamo in base alle necessit\u00e0. In questo modo, ci assicuriamo di soddisfare le aspettative dei nostri futuri clienti per garantire la nostra crescita. Pertanto, oggi contiamo pi\u00f9 di 100 clienti in tutto il mondo e pi\u00f9 di 2500 lavori completati.    <\/p>\n<h3 style=\"text-align: left;\"><strong>Che tipo di amteriali potete tradurre?<\/strong><\/h3>\n<p>In linea con quanto gi\u00e0 accenato, in questa sezione specificheremo che tipo di traduzioni realizziamo. Da un lato, offriamo <a href=\"https:\/\/es.wikipedia.org\/wiki\/Traducci%C3%B3n\" target=\"_blank\" rel=\"noopener\">servizi di traduzione<\/a> giurata, specialistica, generale, di siti web e servizi di localizzazione. Dall\u2019altro lato, e in relazione al marketing digitale, offriamo design web, redazione di contenuti e posizionamento SEO. Grazie a quest\u2019ultimo, possiamo fare in modo che il tuo sito web appaia tra i primi risultati nei motori di ricerca. In pratica, facciamo s\u00ec che il motore di ricerca comprenda meglio il tuo dominio, trasformando il tuo traffico in clienti reali. Per realizzare tutto ci\u00f2, noi di <a href=\"https:\/\/translinguoglobal.com\/it\/\">Translinguo Global<\/a> abbiamo creato il nostro design esclusivo di transcreazione SEO.     <\/p>\n<p>Ti invitiamo a contattarci se vuoi espandere la tua azienda o migliorare la tua reputazione sul web. Ci impegniamo a rispondere a tutte le tue domande entro un\u2019ora tramite email. Non preoccuparti! Puoi comunicare con noi senza alcun tipo di vincolo.   <\/p>\n","protected":false},"excerpt":{"rendered":"<p>Agenzia di traduzione a Siviglia Perch\u00e9 affidarsi ai servizi di un\u2019agenzia di traduzione a Siviglia? Noi di Translinguo Global garantiamo un impegno verso il cliente senza pari. Offriamo: Un servizio preciso e curato, con particolare attenzione alla puntualit\u00e0, sempre fondamentale per soddisfare il cliente. Una politica di riservatezza impeccabile. Puoi stare tranquillo nell\u2019affidarci il tuo [&hellip;]<\/p>\n","protected":false},"author":3,"featured_media":93749,"parent":0,"menu_order":0,"comment_status":"closed","ping_status":"closed","template":"","meta":{"_crdt_document":"","inline_featured_image":false,"site-sidebar-layout":"default","site-content-layout":"default","ast-site-content-layout":"default","site-content-style":"default","site-sidebar-style":"default","ast-global-header-display":"","ast-banner-title-visibility":"","ast-main-header-display":"","ast-hfb-above-header-display":"","ast-hfb-below-header-display":"","ast-hfb-mobile-header-display":"","site-post-title":"","ast-breadcrumbs-content":"","ast-featured-img":"","footer-sml-layout":"","ast-disable-related-posts":"","theme-transparent-header-meta":"default","adv-header-id-meta":"","stick-header-meta":"","header-above-stick-meta":"","header-main-stick-meta":"","header-below-stick-meta":"","astra-migrate-meta-layouts":"default","ast-page-background-enabled":"default","ast-page-background-meta":{"desktop":{"background-color":"var(--ast-global-color-4)","background-image":"","background-repeat":"repeat","background-position":"center center","background-size":"auto","background-attachment":"scroll","background-type":"","background-media":"","overlay-type":"","overlay-color":"","overlay-opacity":"","overlay-gradient":""},"tablet":{"background-color":"","background-image":"","background-repeat":"repeat","background-position":"center center","background-size":"auto","background-attachment":"scroll","background-type":"","background-media":"","overlay-type":"","overlay-color":"","overlay-opacity":"","overlay-gradient":""},"mobile":{"background-color":"","background-image":"","background-repeat":"repeat","background-position":"center center","background-size":"auto","background-attachment":"scroll","background-type":"","background-media":"","overlay-type":"","overlay-color":"","overlay-opacity":"","overlay-gradient":""}},"ast-content-background-meta":{"desktop":{"background-color":"var(--ast-global-color-5)","background-image":"","background-repeat":"repeat","background-position":"center center","background-size":"auto","background-attachment":"scroll","background-type":"","background-media":"","overlay-type":"","overlay-color":"","overlay-opacity":"","overlay-gradient":""},"tablet":{"background-color":"var(--ast-global-color-5)","background-image":"","background-repeat":"repeat","background-position":"center center","background-size":"auto","background-attachment":"scroll","background-type":"","background-media":"","overlay-type":"","overlay-color":"","overlay-opacity":"","overlay-gradient":""},"mobile":{"background-color":"var(--ast-global-color-5)","background-image":"","background-repeat":"repeat","background-position":"center center","background-size":"auto","background-attachment":"scroll","background-type":"","background-media":"","overlay-type":"","overlay-color":"","overlay-opacity":"","overlay-gradient":""}},"footnotes":""},"class_list":["post-93748","page","type-page","status-publish","has-post-thumbnail","hentry"],"_links":{"self":[{"href":"https:\/\/translinguoglobal.com\/it\/wp-json\/wp\/v2\/pages\/93748","targetHints":{"allow":["GET"]}}],"collection":[{"href":"https:\/\/translinguoglobal.com\/it\/wp-json\/wp\/v2\/pages"}],"about":[{"href":"https:\/\/translinguoglobal.com\/it\/wp-json\/wp\/v2\/types\/page"}],"author":[{"embeddable":true,"href":"https:\/\/translinguoglobal.com\/it\/wp-json\/wp\/v2\/users\/3"}],"replies":[{"embeddable":true,"href":"https:\/\/translinguoglobal.com\/it\/wp-json\/wp\/v2\/comments?post=93748"}],"version-history":[{"count":1,"href":"https:\/\/translinguoglobal.com\/it\/wp-json\/wp\/v2\/pages\/93748\/revisions"}],"predecessor-version":[{"id":93750,"href":"https:\/\/translinguoglobal.com\/it\/wp-json\/wp\/v2\/pages\/93748\/revisions\/93750"}],"wp:featuredmedia":[{"embeddable":true,"href":"https:\/\/translinguoglobal.com\/it\/wp-json\/wp\/v2\/media\/93749"}],"wp:attachment":[{"href":"https:\/\/translinguoglobal.com\/it\/wp-json\/wp\/v2\/media?parent=93748"}],"curies":[{"name":"wp","href":"https:\/\/api.w.org\/{rel}","templated":true}]}}