{"id":89204,"date":"2025-05-06T14:34:58","date_gmt":"2025-05-06T12:34:58","guid":{"rendered":"https:\/\/translinguoglobal.com\/servizio-di-traduzione-a-mostoles\/"},"modified":"2025-05-06T14:34:58","modified_gmt":"2025-05-06T12:34:58","slug":"servizio-di-traduzione-a-mostoles","status":"publish","type":"page","link":"https:\/\/translinguoglobal.com\/it\/servizio-di-traduzione-a-mostoles\/","title":{"rendered":"Servizio di traduzione a M\u00f3stoles"},"content":{"rendered":"<p>Servizio di traduzione a M\u00f3stoles. Durante il processo di crescita di un\u2019azienda, \u00e8 inevitabile il contatto con altre lingue. Questa diversit\u00e0 linguistica fa s\u00ec che le aziende si trovino spesso ad affrontare malintesi dovuti a cause linguistiche. \u00c8 frequente imbattersi in conversazioni infruttuose a causa di una cattiva comunicazione. Per evitare questi problemi, ti offriamo il nostro <strong>servizio di traduzione a <a href=\"https:\/\/es.wikipedia.org\/wiki\/M%C3%B3stoles\" target=\"_blank\" rel=\"noopener\">M\u00f3stoles<\/a><\/strong>. Grazie ai nostri servizi, la tua attivit\u00e0 aziendale migliorer\u00e0 e potrai avere relazioni lavorative fluide e senza interferenze.     <\/p>\n<h3 style=\"text-align: center;\"><strong>Perch\u00e9 affidarsi a un servizio di traduzione a M\u00f3stoles<\/strong><\/h3>\n<p>Il lavoro e la supervisione di traduttori professionisti \u00e8 imprescindibile per ottenere risultati eccezionali: il nostro <strong>servizio di traduzione a M\u00f3stoles<\/strong> ti offre le prestazioni di traduttori madrelingua specializzati in diversi settori della traduzione. Poich\u00e9 traducono dalla lingua madre, sono perfettamente qualificati per realizzare traduzioni impeccabili. Essere madrelingua consente loro di avere una conoscenza pi\u00f9 approfondita della lingua e di ottenere una traduzione fedele al testo originale.   <\/p>\n<h3 style=\"text-align: center;\"><strong>Perch\u00e9 a M\u00f3stoles?<\/strong><\/h3>\n<p>Nel 1997, M\u00f3stoles \u00e8 stata la seconda citt\u00e0 a ospitare il maggior numero di immigrati in cerca di lavoro. Da allora, i dati demografici sono cambiati notevolmente, ma continua a essere una citt\u00e0 con un gran numero di immigrati. Nel 2010, la popolazione straniera ha raggiunto il 12% della popolazione cittadina, segnando il picco pi\u00f9 alto registrato dal 1998. Attualmente, \u00e8 la seconda citt\u00e0 pi\u00f9 popolosa della Comunit\u00e0 di Madrid e l&#8217;11% della sua popolazione \u00e8 ancora straniera.   <\/p>\n<p>Con una popolazione cos\u00ec ricca da un punto di vista culturale, \u00e8 imprescindibile avere un esperto in lingue per la tua attivit\u00e0. Avere un professionista del settore pu\u00f2 fare una grande differenza nella traiettoria della tua azienda. Per questo motivo, ti offriamo il nostro <strong>servizio di traduzione a M\u00f3stoles<\/strong>, dove ti forniremo le traduzioni essenziali di cui hai bisogno. Ad esempio, quando devi tradurre un certificato di nascita o un atto di matrimonio per pratiche burocratiche.   <\/p>\n<h3 style=\"text-align: center;\"><strong>Cosa offriamo con i nostri servizi<\/strong><\/h3>\n<p>Nella nostra azienda mettiamo sempre al primo posto i nostri clienti, motivo per cui ci impegniamo a offrire un trattamento cordiale. Questo, insieme all&#8217;esperienza professionale nella traduzione di testi specializzati, ci consente di garantirti i seguenti servizi e combinazioni: <\/p>\n<ul>\n<li style=\"list-style-type: none;\">\n<ul>\n<li><a href=\"https:\/\/translinguoglobal.com\/it\/traduzione-di-documenti\/\">Traduzione<span style=\"text-decoration: underline;\">generale<\/span><\/a> (testi pubblicitari, giornalistici, promozionali, etc.); traduzione di siti web.<\/li>\n<li><span style=\"text-decoration: underline;\"><a href=\"https:\/\/translinguoglobal.com\/it\/servizio-di-localizzazione\/\">Localizzazione<\/a>.<\/span><\/li>\n<li><a href=\"https:\/\/translinguoglobal.com\/it\/traduzione-giurata\/\">Traduzione <span style=\"text-decoration: underline;\">giurata. <\/span><\/a><\/li>\n<li><a href=\"https:\/\/translinguoglobal.com\/it\/servizio-di-traduzione-professionale\/\">Traduzione <\/a> <span style=\"text-decoration: underline;\">specialistica<\/span>, in particolare nel settore alimentario e farmaceutico.<\/li>\n<li>La <strong>puntualit\u00e0 <\/strong> nelle scadenze di consegna stabilite \u00e8 una nostra priorit\u00e0.<\/li>\n<li>Diamo importanza all&#8217;<strong>attenzione al cliente<\/strong> e alle sue esigenze.<\/li>\n<li>CI affidiamo a <strong>professionisti specializzati <\/strong> in diversi ambiti.<\/li>\n<\/ul>\n<\/li>\n<\/ul>\n<p><strong>Non aspettare oltre e affidati a noi! I nostri servizi di traduzione ti aiuteranno a raggiungere i tuoi obiettivi aziendali senza ostacoli! Non te ne pentirai.  <\/strong><\/p>\n","protected":false},"excerpt":{"rendered":"<p>Servizio di traduzione a M\u00f3stoles. Durante il processo di crescita di un\u2019azienda, \u00e8 inevitabile il contatto con altre lingue. Questa diversit\u00e0 linguistica fa s\u00ec che le aziende si trovino spesso ad affrontare malintesi dovuti a cause linguistiche. \u00c8 frequente imbattersi in conversazioni infruttuose a causa di una cattiva comunicazione. Per evitare questi problemi, ti offriamo [&hellip;]<\/p>\n","protected":false},"author":3,"featured_media":89205,"parent":0,"menu_order":0,"comment_status":"closed","ping_status":"closed","template":"","meta":{"_crdt_document":"","inline_featured_image":false,"site-sidebar-layout":"default","site-content-layout":"default","ast-site-content-layout":"default","site-content-style":"default","site-sidebar-style":"default","ast-global-header-display":"","ast-banner-title-visibility":"","ast-main-header-display":"","ast-hfb-above-header-display":"","ast-hfb-below-header-display":"","ast-hfb-mobile-header-display":"","site-post-title":"","ast-breadcrumbs-content":"","ast-featured-img":"","footer-sml-layout":"","ast-disable-related-posts":"","theme-transparent-header-meta":"default","adv-header-id-meta":"","stick-header-meta":"","header-above-stick-meta":"","header-main-stick-meta":"","header-below-stick-meta":"","astra-migrate-meta-layouts":"default","ast-page-background-enabled":"default","ast-page-background-meta":{"desktop":{"background-color":"var(--ast-global-color-4)","background-image":"","background-repeat":"repeat","background-position":"center center","background-size":"auto","background-attachment":"scroll","background-type":"","background-media":"","overlay-type":"","overlay-color":"","overlay-opacity":"","overlay-gradient":""},"tablet":{"background-color":"","background-image":"","background-repeat":"repeat","background-position":"center center","background-size":"auto","background-attachment":"scroll","background-type":"","background-media":"","overlay-type":"","overlay-color":"","overlay-opacity":"","overlay-gradient":""},"mobile":{"background-color":"","background-image":"","background-repeat":"repeat","background-position":"center center","background-size":"auto","background-attachment":"scroll","background-type":"","background-media":"","overlay-type":"","overlay-color":"","overlay-opacity":"","overlay-gradient":""}},"ast-content-background-meta":{"desktop":{"background-color":"var(--ast-global-color-5)","background-image":"","background-repeat":"repeat","background-position":"center center","background-size":"auto","background-attachment":"scroll","background-type":"","background-media":"","overlay-type":"","overlay-color":"","overlay-opacity":"","overlay-gradient":""},"tablet":{"background-color":"var(--ast-global-color-5)","background-image":"","background-repeat":"repeat","background-position":"center center","background-size":"auto","background-attachment":"scroll","background-type":"","background-media":"","overlay-type":"","overlay-color":"","overlay-opacity":"","overlay-gradient":""},"mobile":{"background-color":"var(--ast-global-color-5)","background-image":"","background-repeat":"repeat","background-position":"center center","background-size":"auto","background-attachment":"scroll","background-type":"","background-media":"","overlay-type":"","overlay-color":"","overlay-opacity":"","overlay-gradient":""}},"footnotes":""},"class_list":["post-89204","page","type-page","status-publish","has-post-thumbnail","hentry"],"_links":{"self":[{"href":"https:\/\/translinguoglobal.com\/it\/wp-json\/wp\/v2\/pages\/89204","targetHints":{"allow":["GET"]}}],"collection":[{"href":"https:\/\/translinguoglobal.com\/it\/wp-json\/wp\/v2\/pages"}],"about":[{"href":"https:\/\/translinguoglobal.com\/it\/wp-json\/wp\/v2\/types\/page"}],"author":[{"embeddable":true,"href":"https:\/\/translinguoglobal.com\/it\/wp-json\/wp\/v2\/users\/3"}],"replies":[{"embeddable":true,"href":"https:\/\/translinguoglobal.com\/it\/wp-json\/wp\/v2\/comments?post=89204"}],"version-history":[{"count":0,"href":"https:\/\/translinguoglobal.com\/it\/wp-json\/wp\/v2\/pages\/89204\/revisions"}],"wp:featuredmedia":[{"embeddable":true,"href":"https:\/\/translinguoglobal.com\/it\/wp-json\/wp\/v2\/media\/89205"}],"wp:attachment":[{"href":"https:\/\/translinguoglobal.com\/it\/wp-json\/wp\/v2\/media?parent=89204"}],"curies":[{"name":"wp","href":"https:\/\/api.w.org\/{rel}","templated":true}]}}