{"id":89202,"date":"2025-05-06T14:03:24","date_gmt":"2025-05-06T12:03:24","guid":{"rendered":"https:\/\/translinguoglobal.com\/servizio-di-traduzione-a-orense\/"},"modified":"2025-05-06T14:03:24","modified_gmt":"2025-05-06T12:03:24","slug":"servizio-di-traduzione-a-orense","status":"publish","type":"page","link":"https:\/\/translinguoglobal.com\/it\/servizio-di-traduzione-a-orense\/","title":{"rendered":"Servizio di traduzione a Orense"},"content":{"rendered":"<p>Servizio di traduzione a Orense. In una societ\u00e0 globalizzata come quella attuale, \u00e8 inevitabile per un&#8217;azienda doversi interfacciare con lingue e culture diverse. Questa diversit\u00e0 linguistica e culturale e la conseguente mancanza di comunicazione possono creare conflitti o malintesi. Una delle cause principali \u00e8 la scarsa conoscenza della lingua e della cultura. Per porvi rimedio e prevenire queste situazioni tanto scomode, ti offriamo il nostro <strong>servizio di traduzione a <a href=\"https:\/\/es.wikipedia.org\/wiki\/Orense\" target=\"_blank\" rel=\"noopener\">Orense<\/a><\/strong>. Ti garantiamo che con una buona comunicazione tutto scorrer\u00e0 fluidamente e le tue attivit\u00e0 avranno un miglioramento significativo.     <\/p>\n<h3 style=\"text-align: center;\"><strong>Perch\u00e9 affidarsi a un servizio di traduzione a Orense<\/strong><\/h3>\n<p>Per ottenere risultati di qualit\u00e0, \u00e8 necessario affidarsi a professionisti di qualit\u00e0. In questo modo, sia il lavoro dei traduttori che la loro supervisione possono fare la differenza per la tua attivit\u00e0. Il nostro <strong>servizio di traduzione a Orense<\/strong> va oltre e ti propone una soluzione pi\u00f9 sicura ed efficiente: traduttori madrelingua. Grazie alla loro naturale padronanza nella traduzione dalla lingua madre, potrai stare tranquillo riguardo a malintesi. Le loro traduzioni saranno pi\u00f9 fluide e fedeli al testo originale grazie alla ricchezza di risorse linguistiche a loro disposizione.    <\/p>\n<h3 style=\"text-align: center;\"><strong>Perch\u00e9 a Orense?<\/strong><\/h3>\n<p>Orense \u00e8 un comune situato nel sud-est della Galizia ed \u00e8 il pi\u00f9 popoloso dell\u2019entroterra, con oltre 100.000 abitanti. \u00c8 attraversato da tre fiumi: il Mi\u00f1o, il Barba\u00f1a e il Lonia. Grazie a questi, la citt\u00e0 \u00e8 famosa per le sue acque termali, e infatti questo comune ha alle spalle una lunga storia. Proprio per l\u2019abbondanza di acque termali, si possono visitare pi\u00f9 di quattro centri termali. In questa citt\u00e0 si trova anche il Centro di Interpretazione As Burgas, che studia la storia dei bagni medicinali.    <\/p>\n<p>Al fine di ampliare la ricerca e reperire documenti in altri Paesi, \u00e8 necessario l\u2019aiuto di un esperto linguistico. Il nostro <strong>servizio di traduzione a Orense<\/strong> ti aiuter\u00e0 ad ampliare la tua ricerca e a confrontarla con dati a livello mondiale. Ad esempio, nel momento in cui si debbano tradurre e adattare i risultati di una ricerca svolta in Cina.  <\/p>\n<h3 style=\"text-align: center;\"><strong>Cosa offriamo con i nostri servizi<\/strong><\/h3>\n<p>Nella nostra agenzia di traduzione abbiamo sempre lavorato con un ampio ventaglio di testi specializzati. Sappiamo che ogni traduzione, ogni progetto e ogni azienda sono diversi. Per questo motivo, ci impegniamo a offrire un trattamento attento ai nostri clienti e a soddisfare le loro esigenze. Per riuscirci, ti proponiamo i seguenti servizi e specializzazioni:   <\/p>\n<ul>\n<li><strong>Professionisti affidabili e specializzati<\/strong> in diversi ambiti.<\/li>\n<li><strong>Puntualit\u00e0 <\/strong> nelle scadenze di consegna concordate.<\/li>\n<li>L&#8217;<strong>attenzione al cliente<\/strong> \u00e8 la nostra prerogativa e siamo pronti a soddisfare le sue esigenze.<\/li>\n<li>Vari <strong>tipi di traduzione<\/strong>:<\/li>\n<li><span style=\"text-decoration: underline;\"><a href=\"https:\/\/translinguoglobal.com\/it\/traduzione-di-documenti\/\">Generale<\/a>.<\/span><\/li>\n<li><span style=\"text-decoration: underline;\">Di <\/span> <span style=\"text-decoration: underline;\">siti web. <\/span><\/li>\n<li><span style=\"font-size: 16px; font-style: normal; font-weight: 400; text-decoration-line: underline;\"><a href=\"https:\/\/translinguoglobal.com\/it\/servizio-di-localizzazione\/\">Localizzazione<\/a>.<\/span><\/li>\n<li><a href=\"https:\/\/translinguoglobal.com\/it\/traduzione-giurata\/\">Giurata<\/a>.<\/li>\n<li><a href=\"https:\/\/translinguoglobal.com\/it\/servizio-di-traduzione-professionale\/\">Specialistica<\/a>, in particolare nel settore alimentario e farmaceutico.<\/li>\n<\/ul>\n<p><strong>Affidati a noi e contattaci! I nostri servizi di traduzione specializzati e di alta qualit\u00e0 ti sorprenderanno! Non te ne pentirai.  <\/strong><\/p>\n<p>&nbsp;<\/p>\n<p>&nbsp;<\/p>\n","protected":false},"excerpt":{"rendered":"<p>Servizio di traduzione a Orense. In una societ\u00e0 globalizzata come quella attuale, \u00e8 inevitabile per un&#8217;azienda doversi interfacciare con lingue e culture diverse. Questa diversit\u00e0 linguistica e culturale e la conseguente mancanza di comunicazione possono creare conflitti o malintesi. Una delle cause principali \u00e8 la scarsa conoscenza della lingua e della cultura. Per porvi rimedio [&hellip;]<\/p>\n","protected":false},"author":3,"featured_media":89203,"parent":0,"menu_order":0,"comment_status":"closed","ping_status":"closed","template":"","meta":{"_crdt_document":"","inline_featured_image":false,"site-sidebar-layout":"default","site-content-layout":"default","ast-site-content-layout":"default","site-content-style":"default","site-sidebar-style":"default","ast-global-header-display":"","ast-banner-title-visibility":"","ast-main-header-display":"","ast-hfb-above-header-display":"","ast-hfb-below-header-display":"","ast-hfb-mobile-header-display":"","site-post-title":"","ast-breadcrumbs-content":"","ast-featured-img":"","footer-sml-layout":"","ast-disable-related-posts":"","theme-transparent-header-meta":"default","adv-header-id-meta":"","stick-header-meta":"","header-above-stick-meta":"","header-main-stick-meta":"","header-below-stick-meta":"","astra-migrate-meta-layouts":"default","ast-page-background-enabled":"default","ast-page-background-meta":{"desktop":{"background-color":"var(--ast-global-color-4)","background-image":"","background-repeat":"repeat","background-position":"center center","background-size":"auto","background-attachment":"scroll","background-type":"","background-media":"","overlay-type":"","overlay-color":"","overlay-opacity":"","overlay-gradient":""},"tablet":{"background-color":"","background-image":"","background-repeat":"repeat","background-position":"center center","background-size":"auto","background-attachment":"scroll","background-type":"","background-media":"","overlay-type":"","overlay-color":"","overlay-opacity":"","overlay-gradient":""},"mobile":{"background-color":"","background-image":"","background-repeat":"repeat","background-position":"center center","background-size":"auto","background-attachment":"scroll","background-type":"","background-media":"","overlay-type":"","overlay-color":"","overlay-opacity":"","overlay-gradient":""}},"ast-content-background-meta":{"desktop":{"background-color":"var(--ast-global-color-5)","background-image":"","background-repeat":"repeat","background-position":"center center","background-size":"auto","background-attachment":"scroll","background-type":"","background-media":"","overlay-type":"","overlay-color":"","overlay-opacity":"","overlay-gradient":""},"tablet":{"background-color":"var(--ast-global-color-5)","background-image":"","background-repeat":"repeat","background-position":"center center","background-size":"auto","background-attachment":"scroll","background-type":"","background-media":"","overlay-type":"","overlay-color":"","overlay-opacity":"","overlay-gradient":""},"mobile":{"background-color":"var(--ast-global-color-5)","background-image":"","background-repeat":"repeat","background-position":"center center","background-size":"auto","background-attachment":"scroll","background-type":"","background-media":"","overlay-type":"","overlay-color":"","overlay-opacity":"","overlay-gradient":""}},"footnotes":""},"class_list":["post-89202","page","type-page","status-publish","has-post-thumbnail","hentry"],"_links":{"self":[{"href":"https:\/\/translinguoglobal.com\/it\/wp-json\/wp\/v2\/pages\/89202","targetHints":{"allow":["GET"]}}],"collection":[{"href":"https:\/\/translinguoglobal.com\/it\/wp-json\/wp\/v2\/pages"}],"about":[{"href":"https:\/\/translinguoglobal.com\/it\/wp-json\/wp\/v2\/types\/page"}],"author":[{"embeddable":true,"href":"https:\/\/translinguoglobal.com\/it\/wp-json\/wp\/v2\/users\/3"}],"replies":[{"embeddable":true,"href":"https:\/\/translinguoglobal.com\/it\/wp-json\/wp\/v2\/comments?post=89202"}],"version-history":[{"count":0,"href":"https:\/\/translinguoglobal.com\/it\/wp-json\/wp\/v2\/pages\/89202\/revisions"}],"wp:featuredmedia":[{"embeddable":true,"href":"https:\/\/translinguoglobal.com\/it\/wp-json\/wp\/v2\/media\/89203"}],"wp:attachment":[{"href":"https:\/\/translinguoglobal.com\/it\/wp-json\/wp\/v2\/media?parent=89202"}],"curies":[{"name":"wp","href":"https:\/\/api.w.org\/{rel}","templated":true}]}}