{"id":89199,"date":"2025-05-06T12:59:09","date_gmt":"2025-05-06T10:59:09","guid":{"rendered":"https:\/\/translinguoglobal.com\/agenzia-di-traduzione-in-spagna\/"},"modified":"2025-05-06T12:59:09","modified_gmt":"2025-05-06T10:59:09","slug":"agenzia-di-traduzione-in-spagna","status":"publish","type":"page","link":"https:\/\/translinguoglobal.com\/it\/agenzia-di-traduzione-in-spagna\/","title":{"rendered":"Agenzia di traduzione in Spagna"},"content":{"rendered":"<h2 style=\"text-align: center;\">Agenzia di traduzione in Spagna<\/h2>\n<p>Agenzia di traduzione in Spagna. Oggi giorno, tutte le aziende hanno la necessit\u00e0 di disporre di un servizio di traduzione. Sia perch\u00e9 acquistano le loro materie prime o materiali da aziende di altri paesi, sia perch\u00e9 decidono di espandersi sul mercato internazionale. In entrambi i casi, se non si dispone di un buon servizio di traduzione, la barriera linguistica pu\u00f2 causare gravi problemi all&#8217;azienda.   <\/p>\n<p>Nel primo caso, possono sorgere problemi come incomprensioni con gli ordini, ritardi nei pagamenti e nelle consegne, ecc. Nel secondo caso, i problemi possono avere conseguenze ben pi\u00f9 gravi per l&#8217;azienda, sfociando in grandi perdite economiche. Per questo motivo, la nostra <strong>agenzia di traduzione in <a href=\"https:\/\/es.wikipedia.org\/wiki\/Espa%C3%B1a\" target=\"_blank\" rel=\"noopener\">Spagna<\/a><\/strong> aiuter\u00e0 la tua azienda a evitare queste conseguenze.  <\/p>\n<h2 style=\"text-align: center;\">Perch\u00e9 affidarsi a un&#8217;agenzia di traduzione in Spagna?<\/h2>\n<p>La nostra <strong>agenzia di traduzione in Spagna<\/strong> si avvale del supporto di un team di traduttori madrelingua nelle lingue di lavoro. A differenza di altri fornitori di servizi di traduzione, riteniamo che questo sia fondamentale per offrire un lavoro di massima qualit\u00e0. Un traduttore madrelingua sapr\u00e0 quali espressioni sono pi\u00f9 naturali e coerenti, oltre a saper restare fedele al testo originale. Il legame culturale che possiede un madrelingua eviter\u00e0 anche che si creino gaffe tra il tuo prodotto originale e quello che desideri vendere a un nuovo pubblico. Questi dettagli sono ci\u00f2 che distingue una traduzione di qualit\u00e0 da una meno professionale.    <\/p>\n<h2 style=\"text-align: center;\"><strong>Perch\u00e9 in Spagna?<\/strong><\/h2>\n<p>La Spagna \u00e8 una delle principali <a href=\"https:\/\/es.wikipedia.org\/wiki\/Turismo_en_Espa%C3%B1a\" target=\"_blank\" rel=\"noopener\"> destinazioni turistiche <\/a> al mondo. Infatti, si trova tra i tre paesi pi\u00f9 visitati al mondo. Inoltre, dispone di un&#8217;infrastruttura del settore dei servizi molto sviluppata.  <\/p>\n<p>Questo panorama turistico sviluppato rende i servizi di <a href=\"https:\/\/es.wikipedia.org\/wiki\/Traducci%C3%B3n\" target=\"_blank\" rel=\"noopener\">traduzione <\/a> indispensabili. Dai musei, che devono avere audioguide in tutte le lingue possibili, ai ristoranti, che devono avere i men\u00f9 in ogni lingua. Tutti necessitano di un buon servizio di traduzione, e ormai solo l&#8217;inglese non \u00e8 pi\u00f9 sufficiente.  <\/p>\n<h2 style=\"text-align: center;\"><strong>Cosa offriamo coi nostri servizi?<\/strong><\/h2>\n<p>La nostra <a href=\"https:\/\/translinguoglobal.com\/it\/\"><strong>agenzia di traduzione in Spagna<\/strong><\/a> garantisce un trattamento personalizzato e puntualit\u00e0 nelle scadenze di consegna. Manteniamo sempre una stretta comunicazione con i nostri clienti per soddisfare le loro esigenze e mantenere la massima qualit\u00e0 del servizio. Inoltre, offriamo i nostri servizi multilingue in diverse aree della traduzione:  <\/p>\n<ul>\n<li><a title=\"Servizio di traduzione generale\" href=\"https:\/\/translinguoglobal.com\/it\/servizio-di-traduzione-professionale\/\"><span style=\"text-decoration: underline;\">generale<\/span><\/a> (testi pubblicitari, giornalistici, etc.);<\/li>\n<li>di <span style=\"text-decoration: underline;\"><a href=\"https:\/\/translinguoglobal.com\/it\/servizio-di-localizzazione\/\">siti web<\/a>;<\/span><\/li>\n<li><a href=\"https:\/\/translinguoglobal.com\/it\/servizio-di-localizzazione\/\"><span style=\"text-decoration: underline;\">localizzazione<\/span><\/a>;<\/li>\n<li><span style=\"text-decoration: underline;\"><a href=\"https:\/\/translinguoglobal.com\/it\/traduzione-giurata\/\">giurata<\/a>;<\/span><\/li>\n<li><span style=\"text-decoration: underline;\"><a href=\"https:\/\/translinguoglobal.com\/it\/servizio-di-traduzione-professionale\/\">specialistica<\/a><\/span>, soprattutto in ambito alimnetare e farmaceutico.<\/li>\n<\/ul>\n<p><span style=\"font-weight: 400;\">Nella nostra agenzia abbiamo un team di traduttori altamente qualificati, con abilit\u00e0 di ricerca e analisi necessarie per una traduzione di qualit\u00e0. Perci\u00f2, se stai cercando  <\/span>un&#8217;<b>agenzia di traduzione<\/b><span style=\"font-weight: 400;\">, stai al posto giusto nel momento giusto.<\/span><\/p>\n<p><span style=\"font-weight: 400;\">La nostra priorit\u00e0 \u00e8 assicurarci che tu sia soddisfatto, per questo noi di Translinguo vogliamo il meglio per te! Non esitare a contattarci e riceverai il trattamento che meriti, ti assisteremo e ti accompagneremo durante tutto il processo del servizio di traduzione che necessiti! <\/span><\/p>\n<p><span style=\"font-weight: 400;\">Garantiamo la professionalit\u00e1 dei nostri traduttori e revisori. Traduttori madrelingue e specializzati.  Abbiamo un team di traduttori sparsi per tutto il mondo, che ci permette di offrire servizi di traduzione specializzati in qualsiasi fuso orario. Possiamo quindi dire che lavoriamo 24 ore su 24, 7 giorni su 7. <\/span><\/p>\n<p><span style=\"font-weight: 400;\">Per noi le scadenze concordate sono fondamentali, cos\u00ec come la riservatezza. Di conseguenza, siamo sempre conformi al RGPD, e mettiamo tutti i nostri mezzi a tua disposizione per adempire alle nostre promesse. <\/span><\/p>\n<p><strong>Se vuoi espandere la tua azienda nel mercato spagnolo o a livello internazionale, affidati ai nostri servizi. Ti garantiamo qualit\u00e0. Non te ne pentirai!  <\/strong><\/p>\n<p>DOVE CI TROVI<\/p>\n<ul>\n<li><a href=\"https:\/\/translinguoglobal.com\/empresa-de-traduccion-en-murcia\/\">Agenzia di traduzione a Murcia<\/a><\/li>\n<li><a href=\"https:\/\/translinguoglobal.com\/empresa-de-traduccion-en-mallorca\/\">Agenzia di traduzione a Mallorca<\/a><\/li>\n<li><a href=\"https:\/\/translinguoglobal.com\/empresa-de-traduccion-en-san-cristobal-de-la-laguna\/\">Agenzia di traduzione a San Crist\u00f3bal de La Laguna<\/a><\/li>\n<li><a href=\"https:\/\/translinguoglobal.com\/it\/agenzia-di-traduzione-a-barcellona\/\">Agenzia di traduzione a Barcellona<\/a><\/li>\n<li><a href=\"https:\/\/translinguoglobal.com\/empresa-de-traduccion-en-castellon-de-la-plana\/\">Agenzia di traduzione a Castell\u00f3n de la Plana<\/a><\/li>\n<li><a href=\"https:\/\/translinguoglobal.com\/empresa-de-traduccion-en-malaga\/\">Agenzia di traduzione a Malaga<\/a><\/li>\n<li><a href=\"https:\/\/translinguoglobal.com\/empresa-de-traduccion-en-bilbao\/\">Agenzia di traduzione a Bilbao<\/a><\/li>\n<li><a href=\"https:\/\/translinguoglobal.com\/empresa-de-traduccion-en-malasana\/\">Agenzia di traduzione a Malasa\u00f1a<\/a><\/li>\n<li><a href=\"https:\/\/translinguoglobal.com\/empresa-de-traduccion-en-oporto\/\">Agenzia di traduzione a Porto<\/a><\/li>\n<li><a href=\"https:\/\/translinguoglobal.com\/empresa-de-traduccion-en-sabadell\/\">Agenzia di traduzione a Sabadell<\/a><\/li>\n<li><a href=\"https:\/\/translinguoglobal.com\/empresa-de-traduccion-en-leon\/\">Agenzia di traduzione a Le\u00f3n<\/a><\/li>\n<li><a href=\"https:\/\/translinguoglobal.com\/empresa-de-traduccion-en-almeria\/\">Agenzia di traduzione ad Almer\u00eda<\/a><\/li>\n<li><a href=\"https:\/\/translinguoglobal.com\/empresa-de-traduccion-en-dos-hermanas\/\">Agenzia di traduzione a Dos Hermanas<\/a><\/li>\n<li><a href=\"https:\/\/translinguoglobal.com\/empresa-de-traduccion-en-alcorcon\/\">Agenzia di traduzione ad Alcorc\u00f3n<\/a><\/li>\n<li><a href=\"http:\/\/Empresa%20de%20traducci%C3%B3n%20en%20Pamplon\">Agenzia di traduzione a Pamplona<\/a><\/li>\n<li><a href=\"https:\/\/translinguoglobal.com\/empresa-de-traduccion-en-algeciras\/\">Agenzia di traduzione ad Algeciras<\/a><\/li>\n<li><a href=\"http:\/\/Empresa%20de%20traducci%C3%B3n%20en%20Alcobendas\">Agenzia di traduzione ad Alcobendas<\/a><\/li>\n<li><a href=\"https:\/\/translinguoglobal.com\/empresa-de-traduccion-en-orense\/\">Agenzia di traduzione a Orense<\/a><\/li>\n<li><a href=\"http:\/\/Empresa%20de%20traducci%C3%B3n%20en%20Alcal%C3%A1%20de%20Henares\">Agenzia di traduzione ad Alcal\u00e1 de Henares<\/a><\/li>\n<li><a href=\"http:\/\/Empresa%20de%20traducci%C3%B3n%20en%20Marbella\">Agenzia di traduzione a Marbella<\/a><\/li>\n<li><a href=\"http:\/\/Empresa%20de%20traducci%C3%B3n%20en%20Logro%C3%B1o\">Agenzia di traduzione a Logro\u00f1o<\/a><\/li>\n<li><a href=\"https:\/\/translinguoglobal.com\/empresa-de-traduccion-en-badalona\/\">Agenzia di traduzione a Badalona<\/a><\/li>\n<li><a href=\"http:\/\/Empresa%20de%20traducci%C3%B3n%20en%20Albacete\">Agenzia di traduzione ad Albacete<\/a><\/li>\n<li><a href=\"https:\/\/translinguoglobal.com\/empresa-de-traduccion-en-reus\/\">Agenzia di traduzione a Reus<\/a><\/li>\n<li><a href=\"https:\/\/translinguoglobal.com\/empresa-de-traduccion-en-badajoz\/\">Agenzia di traduzione a Badajoz<\/a><\/li>\n<li><a href=\"https:\/\/translinguoglobal.com\/empresa-de-traduccion-en-alicante\/\">Agenzia di traduzione ad Alicante<\/a><\/li>\n<li><a href=\"https:\/\/translinguoglobal.com\/empresa-de-traduccion-en-alcorcon\/\">Agenzia di traduzione ad Alcorc\u00f3n<\/a><\/li>\n<li><a href=\"https:\/\/translinguoglobal.com\/empresa-de-traduccion-en-parla\/\">Agenzia di traduzione a Parla<\/a><\/li>\n<li><a href=\"https:\/\/translinguoglobal.com\/empresa-de-traduccion-en-palma\/\">Agenzia di traduzione a Palma<\/a><\/li>\n<li><a href=\"https:\/\/translinguoglobal.com\/empresa-de-traduccion-en-mostoles\/\">Agenzia di traduzione a M\u00f3stoles<\/a><\/li>\n<li><a href=\"https:\/\/translinguoglobal.com\/empresa-de-traduccion-en-pamplona\/\">Agenzia di traduzione a Pamplona<\/a><\/li>\n<li><a href=\"https:\/\/translinguoglobal.com\/empresa-de-traduccion-en-alcobendas\/\">Agenzia di traduzione ad Alcobendas<\/a><\/li>\n<li><a href=\"https:\/\/translinguoglobal.com\/empresa-de-traduccion-en-marbella\/\">Agenzia di traduzione a Marbella<\/a><\/li>\n<li><a href=\"https:\/\/translinguoglobal.com\/empresa-de-traduccion-en-baracaldo\/\">Agenzia di traduzione a Baracaldo<\/a><\/li>\n<li><a href=\"https:\/\/translinguoglobal.com\/empresa-de-traduccion-en-alcala-de-henares\/\">Agenzia di traduzione ad Alcal\u00e1 de Henares<\/a><\/li>\n<li><a href=\"https:\/\/translinguoglobal.com\/empresa-de-traduccion-en-leganes\/\">Agenzia di traduzione a Legan\u00e9s<\/a><\/li>\n<li><a href=\"https:\/\/translinguoglobal.com\/empresa-de-traduccion-en-albacete\/\">Agenzia di traduzione ad Albacete<\/a><\/li>\n<li><a href=\"https:\/\/translinguoglobal.com\/empresa-de-traduccion-en-mataro\/\">Agenzia di traduzione a Matar\u00f3<\/a><\/li>\n<li><a href=\"http:\/\/Empresa%20de%20traducci%C3%B3n%20en%20Fuenlabrada\">Agenzia di traduzione a Fuenlabrada<\/a><\/li>\n<li><a href=\"https:\/\/translinguoglobal.com\/empresa-de-traduccion-en-las-palmas-de-gran-canaria\/\">Agenzia di traduzione a Las Palmas de Gran Canaria<\/a><\/li>\n<li><a href=\"https:\/\/translinguoglobal.com\/empresa-de-traduccion-en-canarias\/\">Agenzia di traduzione a Canarias<\/a><\/li>\n<li><a href=\"https:\/\/translinguoglobal.com\/empresa-de-traduccion-en-logrono\/\">Agenzia di traduzione a Logro\u00f1o<\/a><\/li>\n<\/ul>\n","protected":false},"excerpt":{"rendered":"<p>Attualmente, lo spagnolo \u00e8 una delle lingue pi\u00f9 diffuse a livello mondiale. Infatti, \u00e8 una delle 5 lingue con pi\u00f9 parlanti al mondo. <\/p>\n","protected":false},"author":3,"featured_media":89200,"parent":0,"menu_order":0,"comment_status":"closed","ping_status":"closed","template":"","meta":{"_crdt_document":"","inline_featured_image":false,"site-sidebar-layout":"default","site-content-layout":"default","ast-site-content-layout":"default","site-content-style":"default","site-sidebar-style":"default","ast-global-header-display":"","ast-banner-title-visibility":"","ast-main-header-display":"","ast-hfb-above-header-display":"","ast-hfb-below-header-display":"","ast-hfb-mobile-header-display":"","site-post-title":"","ast-breadcrumbs-content":"","ast-featured-img":"","footer-sml-layout":"","ast-disable-related-posts":"","theme-transparent-header-meta":"default","adv-header-id-meta":"","stick-header-meta":"","header-above-stick-meta":"","header-main-stick-meta":"","header-below-stick-meta":"","astra-migrate-meta-layouts":"default","ast-page-background-enabled":"default","ast-page-background-meta":{"desktop":{"background-color":"var(--ast-global-color-4)","background-image":"","background-repeat":"repeat","background-position":"center center","background-size":"auto","background-attachment":"scroll","background-type":"","background-media":"","overlay-type":"","overlay-color":"","overlay-opacity":"","overlay-gradient":""},"tablet":{"background-color":"","background-image":"","background-repeat":"repeat","background-position":"center center","background-size":"auto","background-attachment":"scroll","background-type":"","background-media":"","overlay-type":"","overlay-color":"","overlay-opacity":"","overlay-gradient":""},"mobile":{"background-color":"","background-image":"","background-repeat":"repeat","background-position":"center center","background-size":"auto","background-attachment":"scroll","background-type":"","background-media":"","overlay-type":"","overlay-color":"","overlay-opacity":"","overlay-gradient":""}},"ast-content-background-meta":{"desktop":{"background-color":"var(--ast-global-color-5)","background-image":"","background-repeat":"repeat","background-position":"center center","background-size":"auto","background-attachment":"scroll","background-type":"","background-media":"","overlay-type":"","overlay-color":"","overlay-opacity":"","overlay-gradient":""},"tablet":{"background-color":"var(--ast-global-color-5)","background-image":"","background-repeat":"repeat","background-position":"center center","background-size":"auto","background-attachment":"scroll","background-type":"","background-media":"","overlay-type":"","overlay-color":"","overlay-opacity":"","overlay-gradient":""},"mobile":{"background-color":"var(--ast-global-color-5)","background-image":"","background-repeat":"repeat","background-position":"center center","background-size":"auto","background-attachment":"scroll","background-type":"","background-media":"","overlay-type":"","overlay-color":"","overlay-opacity":"","overlay-gradient":""}},"footnotes":""},"class_list":["post-89199","page","type-page","status-publish","has-post-thumbnail","hentry"],"_links":{"self":[{"href":"https:\/\/translinguoglobal.com\/it\/wp-json\/wp\/v2\/pages\/89199","targetHints":{"allow":["GET"]}}],"collection":[{"href":"https:\/\/translinguoglobal.com\/it\/wp-json\/wp\/v2\/pages"}],"about":[{"href":"https:\/\/translinguoglobal.com\/it\/wp-json\/wp\/v2\/types\/page"}],"author":[{"embeddable":true,"href":"https:\/\/translinguoglobal.com\/it\/wp-json\/wp\/v2\/users\/3"}],"replies":[{"embeddable":true,"href":"https:\/\/translinguoglobal.com\/it\/wp-json\/wp\/v2\/comments?post=89199"}],"version-history":[{"count":0,"href":"https:\/\/translinguoglobal.com\/it\/wp-json\/wp\/v2\/pages\/89199\/revisions"}],"wp:featuredmedia":[{"embeddable":true,"href":"https:\/\/translinguoglobal.com\/it\/wp-json\/wp\/v2\/media\/89200"}],"wp:attachment":[{"href":"https:\/\/translinguoglobal.com\/it\/wp-json\/wp\/v2\/media?parent=89199"}],"curies":[{"name":"wp","href":"https:\/\/api.w.org\/{rel}","templated":true}]}}