{"id":89197,"date":"2025-05-06T12:40:49","date_gmt":"2025-05-06T10:40:49","guid":{"rendered":"https:\/\/translinguoglobal.com\/servizio-di-traduzione-a-reus\/"},"modified":"2025-05-06T12:40:49","modified_gmt":"2025-05-06T10:40:49","slug":"servizio-di-traduzione-a-reus","status":"publish","type":"page","link":"https:\/\/translinguoglobal.com\/it\/servizio-di-traduzione-a-reus\/","title":{"rendered":"Servizio di traduzione a Reus"},"content":{"rendered":"<p>Servizio di traduzione a Reus. Sono molti i problemi che possono sorgere quando un\u2019azienda effettua operazioni di qualsiasi tipo. Uno di questi \u00e8 rappresentato dalla barriera linguistica, che pu\u00f2 causare incomprensioni con altre aziende o persino con i clienti. Per evitare problemi di questo tipo, mettimao a tua disposizione il nostro <strong>servizio di traduzione a <a href=\"https:\/\/es.wikipedia.org\/wiki\/Reus\" target=\"_blank\" rel=\"noopener\">Reus<\/a><\/strong>. Vogliamo aiutare le imprese acomunicare efficacemente sia con altre aziende che con i clienti internazionali, affinch\u00e9 la lingua non rappresenti pi\u00f9 un ostacolo. Conosciamo tutti i trucchi del mestiere per portare a termine il tuo progetto in modo ottimale e sappiamo quanto sia importante offrirti un servizio di traduzione fatto su misura per te.      <\/p>\n<h3 style=\"text-align: center;\"><strong>Perch\u00e9 affidarsi a un servizio di traduzione a Reus<\/strong><\/h3>\n<p>I traduttori professionisti forniscono traduzioni di qualit\u00e0, poich\u00e9 sono formati per garantire risultati impeccabili. Tuttavia, la nostra agenzia dispone anche di professionisti madrelingua che traducono esclusivamente verso la propria lingua madre. I nostri traduttori madrelingua hanno una profonda padronanza della lingua madre e conoscono a fondo la cultura e la societ\u00e0 di destinazione. Questo ci permette di garantire delle traduzioni impeccabili. Per questo motivo possiamo affermare con certezza che il nostro <strong>servizio di traduzione a Reus<\/strong> \u00e8 sinonimo di alta qualit\u00e0 \u2014 una qualit\u00e0 che difficilmente troverai in altre aziende.     <\/p>\n<h3 style=\"text-align: center;\"><strong>Perch\u00e9 a Reus?<\/strong><\/h3>\n<p>Reus \u00e8 un comune appartenente alla provincia di Tarragona. Data la sua posizione geografica, offriamo anche servizi di traduzione in catalano. Questo aspetto ci distingue dalla concorrenza, poich\u00e9 si tratta di una combinazione linguistica non disponibile in tutte le agenzie di traduzione.  <\/p>\n<p>La citt\u00e0 di Reus si distingue per la sua tradizione commerciale ed \u00e8 diventata il secondo punto di riferimento del commercio nella provincia. Ma non \u00e8 solo questo: Reus vanta anche una grande tradizione gastronomica. Sono tipici della zona prodotti come la nocciola e bevande come il plim e il vermut. Tutti questi elementi risultano molto attraenti sia per i turisti che per le imprese. Per questo motivo, sono nostri i traduttori che si occupano di rendere disponibili tutte queste informazioni in diverse lingue.    <\/p>\n<h3 style=\"text-align: center;\"><strong>Cosa offriamo con i nostri servizi<\/strong><\/h3>\n<p>Per poter offrire un risultato eccellente al cliente e garantirne la piena soddisfazione, forniamo servizi di traduzione per ogni tipo di testo. Traduciamo sia <a href=\"https:\/\/translinguoglobal.com\/it\/traduzione-di-documenti\/\">testi generali <\/a> sia <a href=\"https:\/\/translinguoglobal.com\/it\/servizio-di-traduzione-professionale\/\">testi di settori specialistici<\/a>. Tra i testi generali rientrano, ad esempio, quelli giornalistici o con una terminologia non troppo specifica. Nei settori specializzati, invece, offriamo traduzioni mediche, giuridiche, asseverate, traduzione di siti web e molto altro. Inoltre, mettiamo a tua disposizione anche il nostro servizio di localizzazione. Disporre di traduttori professionisti esperti in ogni ambito ci consente di soddisfare tutte le richieste dei nostri clienti. \u00c8 importante sottolineare che i risultati finali, in ogni settore, avranno sempre una qualit\u00e0 ottimale e saranno sempre accompagnati dal massimo rispetto della puntualit\u00e0 e delle scadenze di consegna.      <\/p>\n<p><strong>Se desideri ottenere traduzioni di alta qualit\u00e0 ed evitare problemi linguistici, affidati al nostro servizio di traduzione a Reus!<\/strong><\/p>\n","protected":false},"excerpt":{"rendered":"<p>Servizio di traduzione a Reus. Sono molti i problemi che possono sorgere quando un\u2019azienda effettua operazioni di qualsiasi tipo. Uno di questi \u00e8 rappresentato dalla barriera linguistica, che pu\u00f2 causare incomprensioni con altre aziende o persino con i clienti. Per evitare problemi di questo tipo, mettimao a tua disposizione il nostro servizio di traduzione a [&hellip;]<\/p>\n","protected":false},"author":3,"featured_media":89198,"parent":0,"menu_order":0,"comment_status":"closed","ping_status":"closed","template":"","meta":{"_crdt_document":"","inline_featured_image":false,"site-sidebar-layout":"default","site-content-layout":"default","ast-site-content-layout":"default","site-content-style":"default","site-sidebar-style":"default","ast-global-header-display":"","ast-banner-title-visibility":"","ast-main-header-display":"","ast-hfb-above-header-display":"","ast-hfb-below-header-display":"","ast-hfb-mobile-header-display":"","site-post-title":"","ast-breadcrumbs-content":"","ast-featured-img":"","footer-sml-layout":"","ast-disable-related-posts":"","theme-transparent-header-meta":"default","adv-header-id-meta":"","stick-header-meta":"","header-above-stick-meta":"","header-main-stick-meta":"","header-below-stick-meta":"","astra-migrate-meta-layouts":"default","ast-page-background-enabled":"default","ast-page-background-meta":{"desktop":{"background-color":"var(--ast-global-color-4)","background-image":"","background-repeat":"repeat","background-position":"center center","background-size":"auto","background-attachment":"scroll","background-type":"","background-media":"","overlay-type":"","overlay-color":"","overlay-opacity":"","overlay-gradient":""},"tablet":{"background-color":"","background-image":"","background-repeat":"repeat","background-position":"center center","background-size":"auto","background-attachment":"scroll","background-type":"","background-media":"","overlay-type":"","overlay-color":"","overlay-opacity":"","overlay-gradient":""},"mobile":{"background-color":"","background-image":"","background-repeat":"repeat","background-position":"center center","background-size":"auto","background-attachment":"scroll","background-type":"","background-media":"","overlay-type":"","overlay-color":"","overlay-opacity":"","overlay-gradient":""}},"ast-content-background-meta":{"desktop":{"background-color":"var(--ast-global-color-5)","background-image":"","background-repeat":"repeat","background-position":"center center","background-size":"auto","background-attachment":"scroll","background-type":"","background-media":"","overlay-type":"","overlay-color":"","overlay-opacity":"","overlay-gradient":""},"tablet":{"background-color":"var(--ast-global-color-5)","background-image":"","background-repeat":"repeat","background-position":"center center","background-size":"auto","background-attachment":"scroll","background-type":"","background-media":"","overlay-type":"","overlay-color":"","overlay-opacity":"","overlay-gradient":""},"mobile":{"background-color":"var(--ast-global-color-5)","background-image":"","background-repeat":"repeat","background-position":"center center","background-size":"auto","background-attachment":"scroll","background-type":"","background-media":"","overlay-type":"","overlay-color":"","overlay-opacity":"","overlay-gradient":""}},"footnotes":""},"class_list":["post-89197","page","type-page","status-publish","has-post-thumbnail","hentry"],"_links":{"self":[{"href":"https:\/\/translinguoglobal.com\/it\/wp-json\/wp\/v2\/pages\/89197","targetHints":{"allow":["GET"]}}],"collection":[{"href":"https:\/\/translinguoglobal.com\/it\/wp-json\/wp\/v2\/pages"}],"about":[{"href":"https:\/\/translinguoglobal.com\/it\/wp-json\/wp\/v2\/types\/page"}],"author":[{"embeddable":true,"href":"https:\/\/translinguoglobal.com\/it\/wp-json\/wp\/v2\/users\/3"}],"replies":[{"embeddable":true,"href":"https:\/\/translinguoglobal.com\/it\/wp-json\/wp\/v2\/comments?post=89197"}],"version-history":[{"count":0,"href":"https:\/\/translinguoglobal.com\/it\/wp-json\/wp\/v2\/pages\/89197\/revisions"}],"wp:featuredmedia":[{"embeddable":true,"href":"https:\/\/translinguoglobal.com\/it\/wp-json\/wp\/v2\/media\/89198"}],"wp:attachment":[{"href":"https:\/\/translinguoglobal.com\/it\/wp-json\/wp\/v2\/media?parent=89197"}],"curies":[{"name":"wp","href":"https:\/\/api.w.org\/{rel}","templated":true}]}}