{"id":89182,"date":"2025-05-06T11:45:15","date_gmt":"2025-05-06T09:45:15","guid":{"rendered":"https:\/\/translinguoglobal.com\/servizio-di-traduzione-a-tarragona\/"},"modified":"2025-05-06T11:45:15","modified_gmt":"2025-05-06T09:45:15","slug":"servizio-di-traduzione-a-tarragona","status":"publish","type":"page","link":"https:\/\/translinguoglobal.com\/it\/servizio-di-traduzione-a-tarragona\/","title":{"rendered":"Servizio di traduzione a Tarragona"},"content":{"rendered":"<p>Servizio di traduzione a Tarragona. Nella nostra societ\u00e0 \u00e8 impensabile avere un&#8217;azienda che non disponga di una piattaforma multilingue e che non possa operare in pi\u00f9 lingue. La globalizzazione ha connesso tutti i mercati del mondo. Oggi, offrire un servizio o un prodotto di qualsiasi tipo non \u00e8 pi\u00f9 limitato da confini fisici. Un&#8217;azienda di abbigliamento pu\u00f2 vendere in qualsiasi paese e un fornitore di servizi pu\u00f2 avere clienti in Cina, Spagna, Sudafrica e Australia.    <\/p>\n<p>Per questo motivo, \u00e8 fondamentale poter disporre di un servizio di traduzione professionale e affidabile che faciliti la comunicazione a tutti i livelli. Il nostro <strong>servizio di traduzione a <a href=\"https:\/\/es.wikipedia.org\/wiki\/Tarragona\" target=\"_blank\" rel=\"noopener\">Tarragona<\/a><\/strong> \u00e8 la soluzione che stai cercando per superare la barriera linguistica. Ti aiuteremo a comunicare meglio con i tuoi clienti attuali e a raggiungere nuovi mercati.  <\/p>\n<h3 style=\"text-align: center;\"><strong>Perch\u00e9 affidarsi a un servizio di traduzione a Tarragona?<\/strong><\/h3>\n<p>Il nostro <strong>servizio di traduzione a Tarragona <\/strong>si distingue per dare grande valore al fatto che il nostro team di traduttori sia composto da madrelingua nelle diverse lingue di lavoro. Non \u00e8 una questione di capriccio; un traduttore madrelingua riuscir\u00e0 a cogliere dettagli che gli permetteranno di fornire una traduzione di qualit\u00e0 superiore. Sapr\u00e0 avvicinarsi al lettore a livello culturale e creare un testo fluido e fedele all&#8217;originale. Sono questi piccoli dettagli nella traduzione finale che distingueranno il lavoro di un professionista da quello di qualit\u00e0 inferiore. Inoltre, saranno proprio questi dettagli a garantire che i tuoi prodotti e servizi raggiungano i clienti con il messaggio e l&#8217;intento voluto.    <\/p>\n<p>Se scegli il nostro <strong>servizio di traduzione a Tarragona<\/strong>, ti garantiamo traduzioni fedeli, coerenti e adattate alle tue esigenze.<\/p>\n<h3 style=\"text-align: center;\"><strong>Perch\u00e9 a Tarragona?<\/strong><\/h3>\n<p>Tarragona \u00e8 la citt\u00e0 capoluogo della sua provincia e si trova sulla costa mediterranea. \u00c8 ricca di spiagge e vanta un patrimonio artistico-culturale che la rende un centro turistico di prima classe. Ogni anno la visitano migliaia di turisti, per lo pi\u00f9 inglesi e russi, che apprezzano tutto ci\u00f2 che questa citt\u00e0 ha da offrire. Si distingue anche a livello economico: il suo porto \u00e8 uno dei cinque maggiori in termini di tonnellaggio in Spagna. Per mantenere questi investimenti di successo e una buona relazione con i turisti, \u00e8 fondamentale disporre di un servizio di traduzione a Tarragona. Noi ti offriremo qualit\u00e0, puntualit\u00e0 e professionalit\u00e0.     <\/p>\n<h3 style=\"text-align: center;\"><strong>Cosa offriamo coi nostri servizi<\/strong><\/h3>\n<p>Il nostro <strong>servizio di traduzione a Tarragona <\/strong>offre servizi su misura per le esigenze specifiche di ogni cliente grazie a un trattamento personalizzato. Ci assicuriamo anche di rispettare la puntualit\u00e0 delle scadenze concordate con i nostri clienti. Tra i vari servizi di traduzione che offriamo ci sono:  <\/p>\n<ul>\n<li><a href=\"https:\/\/translinguoglobal.com\/it\/traduzione-di-documenti\/\"><span style=\"text-decoration: underline;\">Generale<\/span> <\/a>(testi pubblicitari, giornalistici, etc.).<\/li>\n<li><span style=\"text-decoration: underline;\">Di<\/span><span style=\"text-decoration: underline;\"> siti web.<\/span><\/li>\n<li><span style=\"text-decoration: underline;\"><a href=\"https:\/\/translinguoglobal.com\/it\/servizio-di-localizzazione\/\">Localizzazione<\/a>.<\/span><\/li>\n<li><span style=\"text-decoration: underline;\"><a href=\"https:\/\/translinguoglobal.com\/it\/traduzione-giurata\/\">Giurata<\/a>.<\/span><\/li>\n<li><a href=\"https:\/\/translinguoglobal.com\/it\/servizio-di-traduzione-professionale\/\"><span style=\"text-decoration: underline;\">S<\/span><span style=\"text-decoration: underline;\">pecializzata<\/span><\/a>, soprattutto in ambito alimentare e farmaceutico.<\/li>\n<\/ul>\n<p><strong>Contattataci per il tuo prossimo progetto di traduzione! Mettiti in contatto con noi e richiedi un preventivo. <\/strong><\/p>\n<p>&nbsp;<\/p>\n<p>&nbsp;<\/p>\n<p>&nbsp;<\/p>\n","protected":false},"excerpt":{"rendered":"<p>Servizio di traduzione a Tarragona. Nella nostra societ\u00e0 \u00e8 impensabile avere un&#8217;azienda che non disponga di una piattaforma multilingue e che non possa operare in pi\u00f9 lingue. La globalizzazione ha connesso tutti i mercati del mondo. Oggi, offrire un servizio o un prodotto di qualsiasi tipo non \u00e8 pi\u00f9 limitato da confini fisici. Un&#8217;azienda di [&hellip;]<\/p>\n","protected":false},"author":3,"featured_media":89183,"parent":0,"menu_order":0,"comment_status":"closed","ping_status":"closed","template":"","meta":{"_crdt_document":"","inline_featured_image":false,"site-sidebar-layout":"default","site-content-layout":"default","ast-site-content-layout":"default","site-content-style":"default","site-sidebar-style":"default","ast-global-header-display":"","ast-banner-title-visibility":"","ast-main-header-display":"","ast-hfb-above-header-display":"","ast-hfb-below-header-display":"","ast-hfb-mobile-header-display":"","site-post-title":"","ast-breadcrumbs-content":"","ast-featured-img":"","footer-sml-layout":"","ast-disable-related-posts":"","theme-transparent-header-meta":"default","adv-header-id-meta":"","stick-header-meta":"","header-above-stick-meta":"","header-main-stick-meta":"","header-below-stick-meta":"","astra-migrate-meta-layouts":"default","ast-page-background-enabled":"default","ast-page-background-meta":{"desktop":{"background-color":"var(--ast-global-color-4)","background-image":"","background-repeat":"repeat","background-position":"center center","background-size":"auto","background-attachment":"scroll","background-type":"","background-media":"","overlay-type":"","overlay-color":"","overlay-opacity":"","overlay-gradient":""},"tablet":{"background-color":"","background-image":"","background-repeat":"repeat","background-position":"center center","background-size":"auto","background-attachment":"scroll","background-type":"","background-media":"","overlay-type":"","overlay-color":"","overlay-opacity":"","overlay-gradient":""},"mobile":{"background-color":"","background-image":"","background-repeat":"repeat","background-position":"center center","background-size":"auto","background-attachment":"scroll","background-type":"","background-media":"","overlay-type":"","overlay-color":"","overlay-opacity":"","overlay-gradient":""}},"ast-content-background-meta":{"desktop":{"background-color":"var(--ast-global-color-5)","background-image":"","background-repeat":"repeat","background-position":"center center","background-size":"auto","background-attachment":"scroll","background-type":"","background-media":"","overlay-type":"","overlay-color":"","overlay-opacity":"","overlay-gradient":""},"tablet":{"background-color":"var(--ast-global-color-5)","background-image":"","background-repeat":"repeat","background-position":"center center","background-size":"auto","background-attachment":"scroll","background-type":"","background-media":"","overlay-type":"","overlay-color":"","overlay-opacity":"","overlay-gradient":""},"mobile":{"background-color":"var(--ast-global-color-5)","background-image":"","background-repeat":"repeat","background-position":"center center","background-size":"auto","background-attachment":"scroll","background-type":"","background-media":"","overlay-type":"","overlay-color":"","overlay-opacity":"","overlay-gradient":""}},"footnotes":""},"class_list":["post-89182","page","type-page","status-publish","has-post-thumbnail","hentry"],"_links":{"self":[{"href":"https:\/\/translinguoglobal.com\/it\/wp-json\/wp\/v2\/pages\/89182","targetHints":{"allow":["GET"]}}],"collection":[{"href":"https:\/\/translinguoglobal.com\/it\/wp-json\/wp\/v2\/pages"}],"about":[{"href":"https:\/\/translinguoglobal.com\/it\/wp-json\/wp\/v2\/types\/page"}],"author":[{"embeddable":true,"href":"https:\/\/translinguoglobal.com\/it\/wp-json\/wp\/v2\/users\/3"}],"replies":[{"embeddable":true,"href":"https:\/\/translinguoglobal.com\/it\/wp-json\/wp\/v2\/comments?post=89182"}],"version-history":[{"count":0,"href":"https:\/\/translinguoglobal.com\/it\/wp-json\/wp\/v2\/pages\/89182\/revisions"}],"wp:featuredmedia":[{"embeddable":true,"href":"https:\/\/translinguoglobal.com\/it\/wp-json\/wp\/v2\/media\/89183"}],"wp:attachment":[{"href":"https:\/\/translinguoglobal.com\/it\/wp-json\/wp\/v2\/media?parent=89182"}],"curies":[{"name":"wp","href":"https:\/\/api.w.org\/{rel}","templated":true}]}}