{"id":89180,"date":"2025-05-06T11:26:08","date_gmt":"2025-05-06T09:26:08","guid":{"rendered":"https:\/\/translinguoglobal.com\/traduzione-del-curriculum\/"},"modified":"2025-05-06T11:26:08","modified_gmt":"2025-05-06T09:26:08","slug":"traduzione-del-curriculum","status":"publish","type":"page","link":"https:\/\/translinguoglobal.com\/it\/traduzione-del-curriculum\/","title":{"rendered":"Traduzione del Curriculum"},"content":{"rendered":"<h2 style=\"text-align: center;\"><strong>SERVIZIO DI TRADUZIONE DEL CURRICULUM <\/strong><\/h2>\n<p>Offriamo servizi di <strong>traduzione del curriculum<\/strong> per aiutarti a ottenere opportunit\u00e0 lavorative in tutto il mondo. Il nostro team di traduttori specializzati in risorse umane garantisce una traduzione accurata e adeguata alla lingua e alla cultura del paese a cui \u00e8 destinato il tuo CV. <\/p>\n<p>Vuoi presentare il tuo curriculum, ma non lo hai tradotto? Se ti trovi in questa situazione, sei nel posto giusto. Noi di <a href=\"https:\/\/translinguoglobal.com\/it\/\">Translinguo Global <\/a>ti offriamo la possibilit\u00e0 di <strong>tradurre il tuo curriculum vitae<\/strong> garantendoti la migliore qualit\u00e0.  <\/p>\n<h2 style=\"text-align: center;\">Traduzioni professionali di curriculum vitae<\/h2>\n<p>Avere un curriculum professionale e che faccia una buona impressione \u00e8 imprescindibile. In questo modo, aumentano le probabilit\u00e0 di avere successo nel mondo del lavoro. Di conseguenza, \u00e8 molto importante <strong>tradurre il CV<\/strong> in modo adeguato e in maniera economico.  <\/p>\n<p>Per garantire che il <strong>servizio di traduzione del CV <\/strong>sia professionale, devi scegliere un&#8217;agenzia buona e affidabile. Deve svolgere un lavoro di qualit\u00e0, pertanto \u00e8 necessario che vengano soddisfatti questi requisiti: <\/p>\n<ul>\n<li>Deve basarsi sulla puntualit\u00e0, poich\u00e9 rispettare i tempi di consegna \u00e8 essenziale. Noi di Translinguo disponiamo di traduttori in tutto il mondo e, inoltre, offriamo<strong> servizi di traduzione<\/strong> specializzata in qualsiasi fuso orario. <\/li>\n<li>\u00c8 fondamentale disporre di traduttori adeguatamente specializzati, al fine di garantire una <strong>traduzione corretta del CV<\/strong>. Mettiamo a tua disposizione traduttori esperti e madrelingua. <\/li>\n<li>Una caratteristica significativa \u00e8 l\u2019esperienza dell\u2019agenzia. Nel nostro caso, vantiamo oltre 10 anni di attivit\u00e0 in diversi settori. <\/li>\n<li>Bisogna sempre pensare ai clienti e fare in modo che siano soddisfatti. Noi ci adattiamo facilmente ai tuoi interessi e <strong>traduciamo il tuo curriculum vitae<\/strong> in modo rapido e con risultati eccellenti. <\/li>\n<\/ul>\n<h3 style=\"text-align: left;\"><strong>Perch\u00e9 \u00e8 importante tradurre un curriculum vitae?<\/strong><\/h3>\n<p>Il curriculum vitae \u00e8 un biglietto da visita per entrare nel mondo del lavoro, per questo deve trasmettere professionalit\u00e0. \u00c8 importante che questo documento sia tradotto correttamente in un\u2019altra lingua. In questo modo avrai maggiori opportunit\u00e0 di accedere al mercato del lavoro internazionale.  <\/p>\n<p>Di conseguenza, \u00e8 consigliabile rivolgersi a un&#8217;<strong>agenzia di traduzione di curriculum vitae<\/strong> specializzata. Questo perch\u00e9 esistono differenze culturali da tenere in considerazione. Inoltre, \u00e8 molto importante anche capire a chi sar\u00e0 destinato il CV.  <\/p>\n<p>Questo servizio nasce dall\u2019esigenza di molte persone di avere un curriculum ben redatto, visto che pu\u00f2 essere un elemento decisivo per ottenere un colloquio. <\/p>\n<h3>In che lingue traduciamo i CV?<\/h3>\n<p>Translinguo Global \u00e8 un&#8217;<strong>agenzia di traduzioni <\/strong>che opera in diversi settori, tra cui anche la <strong>redazione di CV<\/strong>. Offriamo servizi sia ad agenzie che a privati. <\/p>\n<p>Ci affidiamo a traduttori specializzati e madrelingua per la realizzazione di traduzioni nei diversi settori. Siamo in grado di tradurre <strong>curriculum vitae <\/strong>in oltre 207 lingue, tra cui tedesco, inglese, francese, spagnolo, italiano, portoghese, olandese, russo, polacco, ceco, cinese, arabo e molte altre.  <\/p>\n<h3><strong>Perch\u00e9 affidarsi a Translinguo Global?<\/strong><\/h3>\n<p><a href=\"https:\/\/translinguoglobal.com\/it\/\">Translinguo Global <\/a>\u00e8 l\u2019agenzia di traduzione con il maggior margine di crescita a Madrid. Offriamo servizi di traduzione e <a href=\"https:\/\/es.wikipedia.org\/wiki\/Marketing_digital\" target=\"_blank\" rel=\"noopener\"><em>marketing <\/em>digitale<\/a> sia per aziende che per privati. <\/p>\n<p>La nostra agenzia di traduzione si basa su <strong>principi e valori<\/strong> che ci permettono di avere <strong>successo <\/strong>e una<strong> prospettiva di crescita continua<\/strong>.<\/p>\n<p>\u00c8 importante sottolineare, inoltre, che grazie al nostro impegno e alla nostra costanza, disponiamo della certificazione<strong> ISO 9001<\/strong> e <strong>ISO 17100<\/strong>. Questo perch\u00e9 i nostri processi di gestione seguono elevati standard di qualit\u00e0. <\/p>\n<p>In conclusione, un curriculum tradotto perfettamente in francese, italiano, spagnolo, tedesco e in altre lingue fa davvero la differenza. Di conseguenza, avrai pi\u00f9 facilit\u00e0 ad inserirti nel mondo lavorativo, con l\u2019obiettivo di trovare le migliori opportunit\u00e0 di lavoro. <\/p>\n<h4><strong>Potresti essere interessato anche ad altri servizi: <\/strong><\/h4>\n<p style=\"text-align: center;\"><a href=\"https:\/\/translinguoglobal.com\/it\/richiedi-un-preventivo-di-traduzione\/\"><button style=\"background: #de183d;\">Inviaci il tuo CV<\/button><\/a><\/p>\n","protected":false},"excerpt":{"rendered":"<p>Vuoi dare una svolta alla tua carriera professionale? Noi di Translinguo Global\u00ae ti offriamo il servizio di traduzione del curriculum vitae che ti permetter\u00e0 di lavorare all&#8217;estero e trovare un&#8217;infinit\u00e0 di opportunit\u00e0 professionali. Non aspettare oltre e abbraccia nuove esperienze: noi siamo qui pronti ad assisterti!   <\/p>\n","protected":false},"author":3,"featured_media":69079,"parent":0,"menu_order":0,"comment_status":"closed","ping_status":"closed","template":"","meta":{"_crdt_document":"","inline_featured_image":false,"site-sidebar-layout":"default","site-content-layout":"default","ast-site-content-layout":"default","site-content-style":"default","site-sidebar-style":"default","ast-global-header-display":"","ast-banner-title-visibility":"","ast-main-header-display":"","ast-hfb-above-header-display":"","ast-hfb-below-header-display":"","ast-hfb-mobile-header-display":"","site-post-title":"","ast-breadcrumbs-content":"","ast-featured-img":"","footer-sml-layout":"","ast-disable-related-posts":"","theme-transparent-header-meta":"default","adv-header-id-meta":"","stick-header-meta":"","header-above-stick-meta":"","header-main-stick-meta":"","header-below-stick-meta":"","astra-migrate-meta-layouts":"default","ast-page-background-enabled":"default","ast-page-background-meta":{"desktop":{"background-color":"var(--ast-global-color-4)","background-image":"","background-repeat":"repeat","background-position":"center center","background-size":"auto","background-attachment":"scroll","background-type":"","background-media":"","overlay-type":"","overlay-color":"","overlay-opacity":"","overlay-gradient":""},"tablet":{"background-color":"","background-image":"","background-repeat":"repeat","background-position":"center center","background-size":"auto","background-attachment":"scroll","background-type":"","background-media":"","overlay-type":"","overlay-color":"","overlay-opacity":"","overlay-gradient":""},"mobile":{"background-color":"","background-image":"","background-repeat":"repeat","background-position":"center center","background-size":"auto","background-attachment":"scroll","background-type":"","background-media":"","overlay-type":"","overlay-color":"","overlay-opacity":"","overlay-gradient":""}},"ast-content-background-meta":{"desktop":{"background-color":"var(--ast-global-color-5)","background-image":"","background-repeat":"repeat","background-position":"center center","background-size":"auto","background-attachment":"scroll","background-type":"","background-media":"","overlay-type":"","overlay-color":"","overlay-opacity":"","overlay-gradient":""},"tablet":{"background-color":"var(--ast-global-color-5)","background-image":"","background-repeat":"repeat","background-position":"center center","background-size":"auto","background-attachment":"scroll","background-type":"","background-media":"","overlay-type":"","overlay-color":"","overlay-opacity":"","overlay-gradient":""},"mobile":{"background-color":"var(--ast-global-color-5)","background-image":"","background-repeat":"repeat","background-position":"center center","background-size":"auto","background-attachment":"scroll","background-type":"","background-media":"","overlay-type":"","overlay-color":"","overlay-opacity":"","overlay-gradient":""}},"footnotes":""},"class_list":["post-89180","page","type-page","status-publish","has-post-thumbnail","hentry"],"_links":{"self":[{"href":"https:\/\/translinguoglobal.com\/it\/wp-json\/wp\/v2\/pages\/89180","targetHints":{"allow":["GET"]}}],"collection":[{"href":"https:\/\/translinguoglobal.com\/it\/wp-json\/wp\/v2\/pages"}],"about":[{"href":"https:\/\/translinguoglobal.com\/it\/wp-json\/wp\/v2\/types\/page"}],"author":[{"embeddable":true,"href":"https:\/\/translinguoglobal.com\/it\/wp-json\/wp\/v2\/users\/3"}],"replies":[{"embeddable":true,"href":"https:\/\/translinguoglobal.com\/it\/wp-json\/wp\/v2\/comments?post=89180"}],"version-history":[{"count":0,"href":"https:\/\/translinguoglobal.com\/it\/wp-json\/wp\/v2\/pages\/89180\/revisions"}],"wp:featuredmedia":[{"embeddable":true,"href":"https:\/\/translinguoglobal.com\/it\/wp-json\/wp\/v2\/media\/69079"}],"wp:attachment":[{"href":"https:\/\/translinguoglobal.com\/it\/wp-json\/wp\/v2\/media?parent=89180"}],"curies":[{"name":"wp","href":"https:\/\/api.w.org\/{rel}","templated":true}]}}