{"id":88654,"date":"2025-04-24T14:26:14","date_gmt":"2025-04-24T12:26:14","guid":{"rendered":"https:\/\/translinguoglobal.com\/servizio-di-traduzione-a-elche\/"},"modified":"2025-04-24T14:26:14","modified_gmt":"2025-04-24T12:26:14","slug":"servizio-di-traduzione-a-elche","status":"publish","type":"page","link":"https:\/\/translinguoglobal.com\/it\/servizio-di-traduzione-a-elche\/","title":{"rendered":"Servizio di traduzione a Elche"},"content":{"rendered":"<p>Servizio di traduzione a Elche. Viviamo in una societ\u00e0 in cui comunicare solo con il nostro vicino non \u00e8 pi\u00f9 sufficiente. Al giorno d\u2019oggi, qualsiasi azienda che desideri espandersi a livello globale deve &#8220;parlare&#8221; in pi\u00f9 lingue. Questo \u00e8 possibile solo affidandosi a un servizio di traduzione professionale che garantisca che i tuoi prodotti e i tuoi servizi raggiungano ogni tipo di cliente. Il nostro <strong>servizio di traduzione a <a href=\"https:\/\/es.wikipedia.org\/wiki\/Elche\" target=\"_blank\" rel=\"noopener\">Elche<\/a><\/strong> ti assicura una qualit\u00e0 eccellente, senza ritardi n\u00e9 problemi. La tua unica preoccupazione sar\u00e0 creare il contenuto che desideri promuovere. Noi ci occuperemo di farlo arrivare al destinatario.       <\/p>\n<h3 style=\"text-align: center;\"><strong>Perch\u00e9 affidarsi a un servizio di traduzione a Elche<\/strong><\/h3>\n<p>Il nostro <strong>servizio di traduzione a Elche<\/strong> offre un lavoro della massima qualit\u00e0 grazie alla collaborazione con traduttori che non sono semplicemente persone bilingue. Lavoriamo con madrelingua che, oltre a conoscere perfettamente la loro lingua, sono anche esperti nelle materie che traducono. Non importa la complessit\u00e0 o la variet\u00e0 tematica: puoi inviarci documenti giuridici, comunicati stampa, manuali, siti web\u2026 ti garantiamo che i nostri traduttori professionisti si occuperanno di tutto. Inoltre, le loro competenze, sia linguistiche che culturali, fanno s\u00ec che le traduzioni siano scorrevoli, fedeli all\u2019originale e perfettamente adattate al nuovo mercato di riferimento. Non dovrai pi\u00f9 preoccuparti dei \u201cfalsi amici\u201d o degli errori imbarazzanti che potrebbero allontanare potenziali clienti. Se hai gi\u00e0 avuto un\u2019esperienza del genere, non ti preoccupare: con noi, non accadr\u00e0 mai pi\u00f9.      <\/p>\n<h3 style=\"text-align: center;\"><strong>Perch\u00e9 a Elche?<\/strong><\/h3>\n<p>Elche \u00e8 la citt\u00e0 della palma bianca, un luogo unico in tutta la Spagna. Qui si trova il vastissimo Palmeral, che ospita tra i 200.000 e i 300.000 esemplari di palme ed \u00e8 stato dichiarato Patrimonio Culturale dell\u2019Umanit\u00e0 nel 2000. Oltre alla sua attrattiva e ricchezza turistico-culturale, Elche \u00e8 anche un punto di riferimento nell\u2019industria calzaturiera, responsabile del 42% della produzione di calzature in Spagna, e una delle principali produttrici a livello europeo. Per mantenere questa posizione di leadership nel settore, \u00e8 fondamentale che le aziende di Elche possano contare su professionisti qualificati come quelli del nostro <strong>servizio di traduzione a Elche<\/strong>.     <\/p>\n<p>Il nostro servizio di traduzione ti aiuter\u00e0 ad ampliare i confini della tua attivit\u00e0. Non esitare a metterti in contatto con noi! <\/p>\n<h3 style=\"text-align: center;\"><strong>Cosa offriamo con il nostro servizio<\/strong><\/h3>\n<p>Come gi\u00e0 menzionato, i nostri traduttori esperti gestiscono testi di una vasta gamma tematica:<\/p>\n<ul>\n<li><a href=\"https:\/\/translinguoglobal.com\/it\/traduzione-di-documenti\/\">Traduzioni generali<\/a><\/li>\n<li>Traduzioni di siti web<\/li>\n<li><a href=\"https:\/\/translinguoglobal.com\/it\/traduzione-giurata\/\">Traduzioni giurate<\/a><\/li>\n<li><a href=\"https:\/\/translinguoglobal.com\/it\/servizio-di-traduzione-professionale\/\">Traduzioni specialistiche<\/a><\/li>\n<li><a href=\"https:\/\/translinguoglobal.com\/it\/servizio-di-localizzazione\/\">Localizzazione<\/a><\/li>\n<\/ul>\n<p>Oltre alle traduzioni e alla localizzazione, il nostro servizio di traduzione a Elche offre un trattamento personalizzato per ogni cliente. \u00c8 fondamentale per noi che i nostri clienti possano fidarsi dei nostri servizi senza alcun tipo di pressione. Solo cos\u00ec possiamo soddisfare appieno le loro esigenze e richieste linguistiche, garantendo un lavoro impeccabile. E naturalmente, rispettiamo sempre i tempi di consegna concordati con ciascun cliente. In altre parole, offriamo un lavoro ben fatto, su misura per te.    <\/p>\n","protected":false},"excerpt":{"rendered":"<p>Servizio di traduzione a Elche. Viviamo in una societ\u00e0 in cui comunicare solo con il nostro vicino non \u00e8 pi\u00f9 sufficiente. Al giorno d\u2019oggi, qualsiasi azienda che desideri espandersi a livello globale deve &#8220;parlare&#8221; in pi\u00f9 lingue. Questo \u00e8 possibile solo affidandosi a un servizio di traduzione professionale che garantisca che i tuoi prodotti e [&hellip;]<\/p>\n","protected":false},"author":3,"featured_media":88655,"parent":0,"menu_order":0,"comment_status":"closed","ping_status":"closed","template":"","meta":{"_crdt_document":"","inline_featured_image":false,"site-sidebar-layout":"default","site-content-layout":"default","ast-site-content-layout":"default","site-content-style":"default","site-sidebar-style":"default","ast-global-header-display":"","ast-banner-title-visibility":"","ast-main-header-display":"","ast-hfb-above-header-display":"","ast-hfb-below-header-display":"","ast-hfb-mobile-header-display":"","site-post-title":"","ast-breadcrumbs-content":"","ast-featured-img":"","footer-sml-layout":"","ast-disable-related-posts":"","theme-transparent-header-meta":"default","adv-header-id-meta":"","stick-header-meta":"","header-above-stick-meta":"","header-main-stick-meta":"","header-below-stick-meta":"","astra-migrate-meta-layouts":"default","ast-page-background-enabled":"default","ast-page-background-meta":{"desktop":{"background-color":"var(--ast-global-color-4)","background-image":"","background-repeat":"repeat","background-position":"center center","background-size":"auto","background-attachment":"scroll","background-type":"","background-media":"","overlay-type":"","overlay-color":"","overlay-opacity":"","overlay-gradient":""},"tablet":{"background-color":"","background-image":"","background-repeat":"repeat","background-position":"center center","background-size":"auto","background-attachment":"scroll","background-type":"","background-media":"","overlay-type":"","overlay-color":"","overlay-opacity":"","overlay-gradient":""},"mobile":{"background-color":"","background-image":"","background-repeat":"repeat","background-position":"center center","background-size":"auto","background-attachment":"scroll","background-type":"","background-media":"","overlay-type":"","overlay-color":"","overlay-opacity":"","overlay-gradient":""}},"ast-content-background-meta":{"desktop":{"background-color":"var(--ast-global-color-5)","background-image":"","background-repeat":"repeat","background-position":"center center","background-size":"auto","background-attachment":"scroll","background-type":"","background-media":"","overlay-type":"","overlay-color":"","overlay-opacity":"","overlay-gradient":""},"tablet":{"background-color":"var(--ast-global-color-5)","background-image":"","background-repeat":"repeat","background-position":"center center","background-size":"auto","background-attachment":"scroll","background-type":"","background-media":"","overlay-type":"","overlay-color":"","overlay-opacity":"","overlay-gradient":""},"mobile":{"background-color":"var(--ast-global-color-5)","background-image":"","background-repeat":"repeat","background-position":"center center","background-size":"auto","background-attachment":"scroll","background-type":"","background-media":"","overlay-type":"","overlay-color":"","overlay-opacity":"","overlay-gradient":""}},"footnotes":""},"class_list":["post-88654","page","type-page","status-publish","has-post-thumbnail","hentry"],"_links":{"self":[{"href":"https:\/\/translinguoglobal.com\/it\/wp-json\/wp\/v2\/pages\/88654","targetHints":{"allow":["GET"]}}],"collection":[{"href":"https:\/\/translinguoglobal.com\/it\/wp-json\/wp\/v2\/pages"}],"about":[{"href":"https:\/\/translinguoglobal.com\/it\/wp-json\/wp\/v2\/types\/page"}],"author":[{"embeddable":true,"href":"https:\/\/translinguoglobal.com\/it\/wp-json\/wp\/v2\/users\/3"}],"replies":[{"embeddable":true,"href":"https:\/\/translinguoglobal.com\/it\/wp-json\/wp\/v2\/comments?post=88654"}],"version-history":[{"count":0,"href":"https:\/\/translinguoglobal.com\/it\/wp-json\/wp\/v2\/pages\/88654\/revisions"}],"wp:featuredmedia":[{"embeddable":true,"href":"https:\/\/translinguoglobal.com\/it\/wp-json\/wp\/v2\/media\/88655"}],"wp:attachment":[{"href":"https:\/\/translinguoglobal.com\/it\/wp-json\/wp\/v2\/media?parent=88654"}],"curies":[{"name":"wp","href":"https:\/\/api.w.org\/{rel}","templated":true}]}}