{"id":88647,"date":"2025-04-24T14:15:13","date_gmt":"2025-04-24T12:15:13","guid":{"rendered":"https:\/\/translinguoglobal.com\/servizio-di-traduzione-a-santa-cruz-de-tenerife\/"},"modified":"2025-04-24T14:15:13","modified_gmt":"2025-04-24T12:15:13","slug":"servizio-di-traduzione-a-santa-cruz-de-tenerife","status":"publish","type":"page","link":"https:\/\/translinguoglobal.com\/it\/servizio-di-traduzione-a-santa-cruz-de-tenerife\/","title":{"rendered":"Servizio di traduzione a Santa Cruz de Tenerife"},"content":{"rendered":"<p>Servizio di traduzione a Santa Cruz de Tenerife. Affinch\u00e9 un&#8217;impresa possa esternalizzare i propri prodotti e accedere ai mercati internazionali, uno dei requisiti necessari \u00e8 disporre di traduttori. Questi forniscono una serie di servizi che facilitano lo sviluppo e la crescita dell&#8217;attivit\u00e0 aziendale. Tra questi servizi, spicca il miglioramento della comunicazione con clienti, fornitori, altre aziende e gli altri partecipanti al processo. Per questo motivo, ti proponiamo di affidarti al nostro <strong>servizio di traduzione a <a href=\"https:\/\/es.wikipedia.org\/wiki\/Santa_Cruz_de_Tenerife\" target=\"_blank\" rel=\"noopener\">Santa Cruz de Tenerife<\/a><\/strong>. I nostri professionisti ti aiuteranno a superare le problematiche linguistiche che potrebbero presentarsi durante lo sviluppo della tua attivit\u00e0 aziendale.     <\/p>\n<h3 style=\"text-align: center;\"><strong>Perch\u00e9 contare su un servizio di traduzione a Santa Cruz de Tenerife?<\/strong><\/h3>\n<p>Si dice que le isole di Spagna non hanno le stesse opportunit\u00e0 rispetto al resto della Penisola. In questo caso, la nostra agenzia di traduzione smentisce questa affermazione. Oltre che in altre citt\u00e0 degli arcipelaghi, offriamo anche un <strong>servizio di traduzione a Santa Cruz de Tenerife<\/strong>. Le nostre traduzioni sono realizzate da traduttori professionisti e madrelingua. Abbiamo scelto di affidarci a professionisti madrelingua perch\u00e9 conoscono e padroneggiano alla perfezione la propria lingua. In questo modo, garantiamo ai nostri clienti risultati eccellenti e di altissima qualit\u00e0.     <\/p>\n<h3 style=\"text-align: center;\"><strong>Perch\u00e9 a Santa Cruz de Tenerife?<\/strong><\/h3>\n<p>Santa Cruz de Tenerife \u00e8 una citt\u00e0 portuale dell&#8217;isola di Tenerife. La citt\u00e0 vanta un ricco patrimonio storico e culturale. A testimonianza di ci\u00f2, nell&#8217;antico Ospedale Civile si trova il Museo della Natura e dell&#8217;Uomo, dove vengono organizzate esposizioni interattive sulle isole. Tuttavia, Santa Cruz de Tenerife \u00e8 conosciuta principalmente per il suo carnevale, che \u00e8 stato dichiarato Festa di Interesse Turistico Internazionale e viene considerato uno dei pi\u00f9 famosi al mondo. Questa festivit\u00e0 attira moltissimi turisti nella citt\u00e0, da qui la necessit\u00e0 di offrire traduzioni di qualit\u00e0.      <\/p>\n<h3 style=\"text-align: center;\"><strong>Cosa offriamo coi nostri servizi<\/strong><\/h3>\n<p>Nella nostra agenzia sappiamo che ogni cliente e ogni progetto \u00e8 unico. Se c&#8217;\u00e8 qualcosa che contraddistingue il nostro <strong>servizio di traduzione a Santa Cruz de Tenerife<\/strong>, \u00e8 la nostra offerta di un trattamento completamente personalizzato. Questo \u00e8 possibile grazie alla presenza di un gran numero di professionisti che dominano una vasta gamma di lingue e sono altamente specializzati. Grazie a questa specializzazione, offriamo servizi di <a href=\"https:\/\/translinguoglobal.com\/it\/traduzione-di-documenti\/\">traduzione sia di testi generali <\/a> che <a href=\"https:\/\/translinguoglobal.com\/it\/servizio-di-traduzione-professionale\/\">specialistici<\/a>, oltre a traduzioni giurate, di siti web e progetti di localizzazione. Naturalmente, tutte le nostre traduzioni vengono sempre consegnate nei tempi stabiliti e garantiamo una qualit\u00e0 elevata.    <\/p>\n<p>La nostra agenzia di traduzione ti offre traduzioni professionali per le tue esigenze. <strong>Affiidati al nostro servizio di traduzione e fai conoscere la tua citt\u00e0 a tutto il mondo!<\/strong><\/p>\n","protected":false},"excerpt":{"rendered":"<p>Servizio di traduzione a Santa Cruz de Tenerife. Affinch\u00e9 un&#8217;impresa possa esternalizzare i propri prodotti e accedere ai mercati internazionali, uno dei requisiti necessari \u00e8 disporre di traduttori. Questi forniscono una serie di servizi che facilitano lo sviluppo e la crescita dell&#8217;attivit\u00e0 aziendale. Tra questi servizi, spicca il miglioramento della comunicazione con clienti, fornitori, altre [&hellip;]<\/p>\n","protected":false},"author":3,"featured_media":88648,"parent":0,"menu_order":0,"comment_status":"closed","ping_status":"closed","template":"","meta":{"_crdt_document":"","inline_featured_image":false,"site-sidebar-layout":"default","site-content-layout":"default","ast-site-content-layout":"default","site-content-style":"default","site-sidebar-style":"default","ast-global-header-display":"","ast-banner-title-visibility":"","ast-main-header-display":"","ast-hfb-above-header-display":"","ast-hfb-below-header-display":"","ast-hfb-mobile-header-display":"","site-post-title":"","ast-breadcrumbs-content":"","ast-featured-img":"","footer-sml-layout":"","ast-disable-related-posts":"","theme-transparent-header-meta":"default","adv-header-id-meta":"","stick-header-meta":"","header-above-stick-meta":"","header-main-stick-meta":"","header-below-stick-meta":"","astra-migrate-meta-layouts":"default","ast-page-background-enabled":"default","ast-page-background-meta":{"desktop":{"background-color":"var(--ast-global-color-4)","background-image":"","background-repeat":"repeat","background-position":"center center","background-size":"auto","background-attachment":"scroll","background-type":"","background-media":"","overlay-type":"","overlay-color":"","overlay-opacity":"","overlay-gradient":""},"tablet":{"background-color":"","background-image":"","background-repeat":"repeat","background-position":"center center","background-size":"auto","background-attachment":"scroll","background-type":"","background-media":"","overlay-type":"","overlay-color":"","overlay-opacity":"","overlay-gradient":""},"mobile":{"background-color":"","background-image":"","background-repeat":"repeat","background-position":"center center","background-size":"auto","background-attachment":"scroll","background-type":"","background-media":"","overlay-type":"","overlay-color":"","overlay-opacity":"","overlay-gradient":""}},"ast-content-background-meta":{"desktop":{"background-color":"var(--ast-global-color-5)","background-image":"","background-repeat":"repeat","background-position":"center center","background-size":"auto","background-attachment":"scroll","background-type":"","background-media":"","overlay-type":"","overlay-color":"","overlay-opacity":"","overlay-gradient":""},"tablet":{"background-color":"var(--ast-global-color-5)","background-image":"","background-repeat":"repeat","background-position":"center center","background-size":"auto","background-attachment":"scroll","background-type":"","background-media":"","overlay-type":"","overlay-color":"","overlay-opacity":"","overlay-gradient":""},"mobile":{"background-color":"var(--ast-global-color-5)","background-image":"","background-repeat":"repeat","background-position":"center center","background-size":"auto","background-attachment":"scroll","background-type":"","background-media":"","overlay-type":"","overlay-color":"","overlay-opacity":"","overlay-gradient":""}},"footnotes":""},"class_list":["post-88647","page","type-page","status-publish","has-post-thumbnail","hentry"],"_links":{"self":[{"href":"https:\/\/translinguoglobal.com\/it\/wp-json\/wp\/v2\/pages\/88647","targetHints":{"allow":["GET"]}}],"collection":[{"href":"https:\/\/translinguoglobal.com\/it\/wp-json\/wp\/v2\/pages"}],"about":[{"href":"https:\/\/translinguoglobal.com\/it\/wp-json\/wp\/v2\/types\/page"}],"author":[{"embeddable":true,"href":"https:\/\/translinguoglobal.com\/it\/wp-json\/wp\/v2\/users\/3"}],"replies":[{"embeddable":true,"href":"https:\/\/translinguoglobal.com\/it\/wp-json\/wp\/v2\/comments?post=88647"}],"version-history":[{"count":0,"href":"https:\/\/translinguoglobal.com\/it\/wp-json\/wp\/v2\/pages\/88647\/revisions"}],"wp:featuredmedia":[{"embeddable":true,"href":"https:\/\/translinguoglobal.com\/it\/wp-json\/wp\/v2\/media\/88648"}],"wp:attachment":[{"href":"https:\/\/translinguoglobal.com\/it\/wp-json\/wp\/v2\/media?parent=88647"}],"curies":[{"name":"wp","href":"https:\/\/api.w.org\/{rel}","templated":true}]}}