{"id":88621,"date":"2025-04-24T10:13:12","date_gmt":"2025-04-24T08:13:12","guid":{"rendered":"https:\/\/translinguoglobal.com\/servizio-di-traduzione-a-lerida\/"},"modified":"2025-04-24T10:13:12","modified_gmt":"2025-04-24T08:13:12","slug":"servizio-di-traduzione-a-lerida","status":"publish","type":"page","link":"https:\/\/translinguoglobal.com\/it\/servizio-di-traduzione-a-lerida\/","title":{"rendered":"Servizio di traduzione a Lerida"},"content":{"rendered":"<p><a href=\"https:\/\/translinguoglobal.com\/it\/\">Servizio di traduzione a Lerida.<\/a> Il mondo moderno presenta sfide moderne. Una delle sfide pi\u00f9 grandi di oggi \u00e8 riuscire ad essere presenti su Internet e ad avere visibilit\u00e0 sul mercato globale. In questo contesto internazionale, la traduzione sta acquisendo sempre pi\u00f9 importanza. Un&#8217;azienda che offre i suoi servizi in pi\u00f9 lingue \u00e8 un&#8217;azienda pi\u00f9 competitiva. Un cliente straniero sceglier\u00e0 sempre la tua azienda se sa che comunicherai tramite la sua lingua madre. Per questo motivo, il nostro <strong>servizio di traduzione a <a href=\"https:\/\/es.wikipedia.org\/wiki\/L%C3%A9rida\" target=\"_blank\" rel=\"noopener\">L\u00e9rida<\/a><\/strong> \u00e8 essenziale per il successo della tua attivit\u00e0.      <\/p>\n<h3 style=\"text-align: center;\"><strong>Perch\u00e9 affidarsi a un servizio di traduzione a Lerida?<\/strong><\/h3>\n<p>Proprio come la tua azienda si avvale di specialisti nel proprio settore, il nostro servizio di traduzione a Lerida si avvale di traduttori specializzati. Oltre ad essere professionisti con studi in traduzione e interpretazione, i nostri traduttori sono esperti in diversi settori. A questo si aggiunge l&#8217;uso di traduttori madrelingua in varie lingue. Questa combinazione di conoscenze tecniche e culturali assicura che le nostre traduzioni siano fluide, fedeli e su misura per te.   <\/p>\n<h3 style=\"text-align: center;\"><strong>Perch\u00e9 a Lerida?<\/strong><\/h3>\n<p>A livello turistico, Lerida si distingue per il turismo congressuale. Ogni anno, migliaia di accademici internazionali si incontrano nella citt\u00e0. La sua eccellente universit\u00e0 gioca un ruolo importante nell&#8217;attirare questo tipo di viaggiatori. La posizione strategica lungo l&#8217;A-2, la principale via di collegamento con il resto dell&#8217;Europa, la rende un eccellente centro logistico. Inoltre, Lerida dispone di un aeroporto e di collegamenti con le principali linee ferroviarie del paese.    <\/p>\n<p>A livello industriale, Lerida \u00e8 nota sia per il settore manufatturiero che agricolo. Tra le manifatture, spiccano le aziende tessili, del legno e chimiche. Lerida, in quanto citt\u00e0 catalana, \u00e8 di per s\u00e9 una citt\u00e0 multilingue. Se aggiungiamo l&#8217;importanza del turismo e della logistica, ci troviamo di fronte a un enorme crogiolo linguistico. Per rimanere competitiva, la tua azienda deve essere in grado di lavorare con aziende o turisti stranieri. Ecco perch\u00e9 ti offriamo il nostro <strong>servizio di traduzione a Lerida. <\/strong>     <\/p>\n<h3 style=\"text-align: center;\"><strong>Cosa offriamo coi nostri servizi<\/strong><\/h3>\n<p>Tramite il nostro <strong>servizio di traduzione a Lerida<\/strong> ci impegniamo a garantire la qualit\u00e0 del prodotto finale e a valorizzare la tua azienda. Oltre a garantirti la qualit\u00e0 della traduzione, vogliamo che ti senta a tuo agio nel collaborare con noi. Potrai sempre aspettarti un&#8217;eccellente assistenza clienti da parte nostra. Ti offriamo:   <\/p>\n<ul>\n<li>Traduttori madrelingua<\/li>\n<li>Puntualit\u00e0 e affidabilit\u00e0<\/li>\n<li>Trasparenza e assistenza costante<\/li>\n<li>Servizi come:\n<ul>\n<li>Traduzioni generali e specialistiche<\/li>\n<li>Traduzione e localizzazione web, software e applicazioni<\/li>\n<li>Traduzioni giurate<\/li>\n<\/ul>\n<\/li>\n<\/ul>\n<p><strong>Internazionalizza la tua attivit\u00e0 e falla arrivare pi\u00f9 in alto che mai! Contattaci e ti aiuteremo. <\/strong><\/p>\n","protected":false},"excerpt":{"rendered":"<p>Servizio di traduzione a Lerida. Il mondo moderno presenta sfide moderne. Una delle sfide pi\u00f9 grandi di oggi \u00e8 riuscire ad essere presenti su Internet e ad avere visibilit\u00e0 sul mercato globale. In questo contesto internazionale, la traduzione sta acquisendo sempre pi\u00f9 importanza. Un&#8217;azienda che offre i suoi servizi in pi\u00f9 lingue \u00e8 un&#8217;azienda pi\u00f9 [&hellip;]<\/p>\n","protected":false},"author":3,"featured_media":88622,"parent":0,"menu_order":0,"comment_status":"closed","ping_status":"closed","template":"","meta":{"_crdt_document":"","inline_featured_image":false,"site-sidebar-layout":"default","site-content-layout":"default","ast-site-content-layout":"default","site-content-style":"default","site-sidebar-style":"default","ast-global-header-display":"","ast-banner-title-visibility":"","ast-main-header-display":"","ast-hfb-above-header-display":"","ast-hfb-below-header-display":"","ast-hfb-mobile-header-display":"","site-post-title":"","ast-breadcrumbs-content":"","ast-featured-img":"","footer-sml-layout":"","ast-disable-related-posts":"","theme-transparent-header-meta":"default","adv-header-id-meta":"","stick-header-meta":"","header-above-stick-meta":"","header-main-stick-meta":"","header-below-stick-meta":"","astra-migrate-meta-layouts":"default","ast-page-background-enabled":"default","ast-page-background-meta":{"desktop":{"background-color":"var(--ast-global-color-4)","background-image":"","background-repeat":"repeat","background-position":"center center","background-size":"auto","background-attachment":"scroll","background-type":"","background-media":"","overlay-type":"","overlay-color":"","overlay-opacity":"","overlay-gradient":""},"tablet":{"background-color":"","background-image":"","background-repeat":"repeat","background-position":"center center","background-size":"auto","background-attachment":"scroll","background-type":"","background-media":"","overlay-type":"","overlay-color":"","overlay-opacity":"","overlay-gradient":""},"mobile":{"background-color":"","background-image":"","background-repeat":"repeat","background-position":"center center","background-size":"auto","background-attachment":"scroll","background-type":"","background-media":"","overlay-type":"","overlay-color":"","overlay-opacity":"","overlay-gradient":""}},"ast-content-background-meta":{"desktop":{"background-color":"var(--ast-global-color-5)","background-image":"","background-repeat":"repeat","background-position":"center center","background-size":"auto","background-attachment":"scroll","background-type":"","background-media":"","overlay-type":"","overlay-color":"","overlay-opacity":"","overlay-gradient":""},"tablet":{"background-color":"var(--ast-global-color-5)","background-image":"","background-repeat":"repeat","background-position":"center center","background-size":"auto","background-attachment":"scroll","background-type":"","background-media":"","overlay-type":"","overlay-color":"","overlay-opacity":"","overlay-gradient":""},"mobile":{"background-color":"var(--ast-global-color-5)","background-image":"","background-repeat":"repeat","background-position":"center center","background-size":"auto","background-attachment":"scroll","background-type":"","background-media":"","overlay-type":"","overlay-color":"","overlay-opacity":"","overlay-gradient":""}},"footnotes":""},"class_list":["post-88621","page","type-page","status-publish","has-post-thumbnail","hentry"],"_links":{"self":[{"href":"https:\/\/translinguoglobal.com\/it\/wp-json\/wp\/v2\/pages\/88621","targetHints":{"allow":["GET"]}}],"collection":[{"href":"https:\/\/translinguoglobal.com\/it\/wp-json\/wp\/v2\/pages"}],"about":[{"href":"https:\/\/translinguoglobal.com\/it\/wp-json\/wp\/v2\/types\/page"}],"author":[{"embeddable":true,"href":"https:\/\/translinguoglobal.com\/it\/wp-json\/wp\/v2\/users\/3"}],"replies":[{"embeddable":true,"href":"https:\/\/translinguoglobal.com\/it\/wp-json\/wp\/v2\/comments?post=88621"}],"version-history":[{"count":0,"href":"https:\/\/translinguoglobal.com\/it\/wp-json\/wp\/v2\/pages\/88621\/revisions"}],"wp:featuredmedia":[{"embeddable":true,"href":"https:\/\/translinguoglobal.com\/it\/wp-json\/wp\/v2\/media\/88622"}],"wp:attachment":[{"href":"https:\/\/translinguoglobal.com\/it\/wp-json\/wp\/v2\/media?parent=88621"}],"curies":[{"name":"wp","href":"https:\/\/api.w.org\/{rel}","templated":true}]}}