{"id":88463,"date":"2025-04-22T10:44:14","date_gmt":"2025-04-22T08:44:14","guid":{"rendered":"https:\/\/translinguoglobal.com\/servizio-di-traduzione-a-san-sebastian\/"},"modified":"2025-04-22T10:44:14","modified_gmt":"2025-04-22T08:44:14","slug":"servizio-di-traduzione-a-san-sebastian","status":"publish","type":"page","link":"https:\/\/translinguoglobal.com\/it\/servizio-di-traduzione-a-san-sebastian\/","title":{"rendered":"Servizio di traduzione a San Sebasti\u00e1n"},"content":{"rendered":"<p>Servizio di traduzione a <a href=\"https:\/\/es.wikipedia.org\/wiki\/San_Sebasti%C3%A1n\" target=\"_blank\" rel=\"noopener\">San Sebasti\u00e1n<\/a>. Oggi i clienti hanno esigenze sempre pi\u00f9 specifiche, e le aziende devono essere in grado di adattarsi rapidamente a queste richieste. Una delle strategie pi\u00f9 efficaci adottate dalle imprese \u00e8 quella di aprirsi a nuovi mercati ed esternalizzare i propri prodotti.  <\/p>\n<p>A volte esistono barriere linguistiche che rendono difficile ai clienti l\u2019accesso a determinati servizi. Per evitare che queste barriere rappresentino un ostacolo all\u2019attivit\u00e0 aziendale, \u00e8 fondamentale affidarsi a un professionista esperto in lingue. Grazie all\u2019aiuto di traduttori professionisti, le aziende possono prevenire problemi ed errori di comunicazione, migliorare la propria immagine e sviluppare il proprio business in modo efficace e soddisfacente.  <\/p>\n<p>Se pensi che la tua azienda possa essere esposta \u2014 o rischi di esporsi \u2014 a questi problemi, abbiamo la soluzione per te: il nostro <strong>servizio di traduzione a San Sebasti\u00e1n<\/strong>. Il nostro servizio di traduzione \u00e8 pensato apposta per prevenire e risolvere qualsiasi problema linguistico che possa sorgere nel corso dell\u2019attivit\u00e0 aziendale, sia a livello nazionale che internazionale. <\/p>\n<h2 style=\"text-align: center;\"><strong>Perch\u00e9 affidarsi a un servizio di traduzione a San Sebasti\u00e1n<\/strong><\/h2>\n<p>Anche se la maggior parte delle aziende \u00e8 consapevole dell&#8217;importanza della traduzione al fine di internazionalizzare la propria attivit\u00e0, non tutte dispongono di traduttori professionisti. Spesso ci troviamo di fronte a imprese che utilizzano traduzioni di bassa qualit\u00e0 realizzate da traduttori online o da persone non specializzate nel campo della traduzione. Per garantire che le traduzioni delle aziende che collaborano con noi siano di qualit\u00e0 eccellente, offriamo il nostro <strong>servizio di traduzione a San Sebasti\u00e1n<\/strong>, che si distingue per l\u2019impiego di traduttori professionisti. Inoltre, questi professionisti sono madrelingua nella lingua verso cui traducono, il che ci consente di offrire traduzioni di qualit\u00e0 superiore.     <\/p>\n<h2 style=\"text-align: center;\"><strong>Perch\u00e9 a San Sebasti\u00e1n?<\/strong><\/h2>\n<p>San Sebasti\u00e1n \u00e8 un comune spagnolo situato sulla costa del golfo di Biscaglia. Si trova a 20 chilometri dalla frontiera con la Francia. Questa vicinanza al confine fa s\u00ec che le principali attivit\u00e0 economiche di San Sebasti\u00e1n siano il commercio e il turismo. A causa dell&#8217;influenza del francese, \u00e8 inevitabile poter usufruire di un servizio di traduzione. Per questo motivo, il nostro <strong>servizio di traduzione a San Sebasti\u00e1n<\/strong> \u00e8 pensato per eliminare le barriere linguistiche tra residenti e turisti, o tra aziende e turisti.    <\/p>\n<p>L&#8217;obiettivo \u00e8 garantire ai nostri clienti, tramite il nostro <strong>servizio di traduzione a San Sebasti\u00e1n<\/strong>, un risultato eccellente. Per raggiungere questo obiettivo assicuriamo traduzioni di alta qualit\u00e0 che rispettano i tempi di consegna concordati. <\/p>\n<p>Inoltre, chiunque pu\u00f2 contare sui nostri servizi di traduzione, poich\u00e9 lavoriamo con traduttori professionisti specializzati in tutti i settori della traduzione. Per questo motivo, offriamo traduzioni che vanno da <a href=\"https:\/\/translinguoglobal.com\/it\/traduzione-di-documenti\/\">testi di carattere generale<\/a> a quelli <a href=\"https:\/\/translinguoglobal.com\/it\/servizio-di-traduzione-professionale\/\">pi\u00f9 specializzati<\/a>, indipendentemente dal settore. E non \u00e8 tutto: offriamo anche servizi di traduzione giurata, localizzazione e traduzione di siti web.  <\/p>\n<p><strong>Speriamo che i nostri servizi ti risultino tanto attraenti quanto San Sebasti\u00e1n!<\/strong><\/p>\n","protected":false},"excerpt":{"rendered":"<p>Servizio di traduzione a San Sebasti\u00e1n. Oggi i clienti hanno esigenze sempre pi\u00f9 specifiche, e le aziende devono essere in grado di adattarsi rapidamente a queste richieste. Una delle strategie pi\u00f9 efficaci adottate dalle imprese \u00e8 quella di aprirsi a nuovi mercati ed esternalizzare i propri prodotti. A volte esistono barriere linguistiche che rendono difficile [&hellip;]<\/p>\n","protected":false},"author":3,"featured_media":88464,"parent":0,"menu_order":0,"comment_status":"closed","ping_status":"closed","template":"","meta":{"_crdt_document":"","inline_featured_image":false,"site-sidebar-layout":"default","site-content-layout":"default","ast-site-content-layout":"default","site-content-style":"default","site-sidebar-style":"default","ast-global-header-display":"","ast-banner-title-visibility":"","ast-main-header-display":"","ast-hfb-above-header-display":"","ast-hfb-below-header-display":"","ast-hfb-mobile-header-display":"","site-post-title":"","ast-breadcrumbs-content":"","ast-featured-img":"","footer-sml-layout":"","ast-disable-related-posts":"","theme-transparent-header-meta":"default","adv-header-id-meta":"","stick-header-meta":"","header-above-stick-meta":"","header-main-stick-meta":"","header-below-stick-meta":"","astra-migrate-meta-layouts":"default","ast-page-background-enabled":"default","ast-page-background-meta":{"desktop":{"background-color":"var(--ast-global-color-4)","background-image":"","background-repeat":"repeat","background-position":"center center","background-size":"auto","background-attachment":"scroll","background-type":"","background-media":"","overlay-type":"","overlay-color":"","overlay-opacity":"","overlay-gradient":""},"tablet":{"background-color":"","background-image":"","background-repeat":"repeat","background-position":"center center","background-size":"auto","background-attachment":"scroll","background-type":"","background-media":"","overlay-type":"","overlay-color":"","overlay-opacity":"","overlay-gradient":""},"mobile":{"background-color":"","background-image":"","background-repeat":"repeat","background-position":"center center","background-size":"auto","background-attachment":"scroll","background-type":"","background-media":"","overlay-type":"","overlay-color":"","overlay-opacity":"","overlay-gradient":""}},"ast-content-background-meta":{"desktop":{"background-color":"var(--ast-global-color-5)","background-image":"","background-repeat":"repeat","background-position":"center center","background-size":"auto","background-attachment":"scroll","background-type":"","background-media":"","overlay-type":"","overlay-color":"","overlay-opacity":"","overlay-gradient":""},"tablet":{"background-color":"var(--ast-global-color-5)","background-image":"","background-repeat":"repeat","background-position":"center center","background-size":"auto","background-attachment":"scroll","background-type":"","background-media":"","overlay-type":"","overlay-color":"","overlay-opacity":"","overlay-gradient":""},"mobile":{"background-color":"var(--ast-global-color-5)","background-image":"","background-repeat":"repeat","background-position":"center center","background-size":"auto","background-attachment":"scroll","background-type":"","background-media":"","overlay-type":"","overlay-color":"","overlay-opacity":"","overlay-gradient":""}},"footnotes":""},"class_list":["post-88463","page","type-page","status-publish","has-post-thumbnail","hentry"],"_links":{"self":[{"href":"https:\/\/translinguoglobal.com\/it\/wp-json\/wp\/v2\/pages\/88463","targetHints":{"allow":["GET"]}}],"collection":[{"href":"https:\/\/translinguoglobal.com\/it\/wp-json\/wp\/v2\/pages"}],"about":[{"href":"https:\/\/translinguoglobal.com\/it\/wp-json\/wp\/v2\/types\/page"}],"author":[{"embeddable":true,"href":"https:\/\/translinguoglobal.com\/it\/wp-json\/wp\/v2\/users\/3"}],"replies":[{"embeddable":true,"href":"https:\/\/translinguoglobal.com\/it\/wp-json\/wp\/v2\/comments?post=88463"}],"version-history":[{"count":0,"href":"https:\/\/translinguoglobal.com\/it\/wp-json\/wp\/v2\/pages\/88463\/revisions"}],"wp:featuredmedia":[{"embeddable":true,"href":"https:\/\/translinguoglobal.com\/it\/wp-json\/wp\/v2\/media\/88464"}],"wp:attachment":[{"href":"https:\/\/translinguoglobal.com\/it\/wp-json\/wp\/v2\/media?parent=88463"}],"curies":[{"name":"wp","href":"https:\/\/api.w.org\/{rel}","templated":true}]}}