{"id":88460,"date":"2025-04-22T10:21:21","date_gmt":"2025-04-22T08:21:21","guid":{"rendered":"https:\/\/translinguoglobal.com\/servizio-di-traduzione-a-chueca\/"},"modified":"2025-04-22T10:22:29","modified_gmt":"2025-04-22T08:22:29","slug":"servizio-di-traduzione-a-chueca","status":"publish","type":"page","link":"https:\/\/translinguoglobal.com\/it\/servizio-di-traduzione-a-chueca\/","title":{"rendered":"Servizio di traduzione a Chueca"},"content":{"rendered":"<p>Servizio di traduzione a Chueca. Oggi pi\u00f9 che mai, siamo in costante contatto con persone che non condividono la nostra stessa lingua n\u00e9 la nostra cultura. Basta una semplice telefonata per mettersi in contatto con qualcuno dall\u2019altra parte del mondo. Tuttavia, \u00e8 naturale che non possiamo imparare tutte le lingue n\u00e9 conoscere a fondo tutte le culture. Per questo motivo, in un mondo globalizzato, la traduzione assume un\u2019importanza che non pu\u00f2 essere trascurata. Le aziende non possono permettersi di perdere clienti e, per evitarlo, devono comunicare con loro in una lingua che possano comprendere. Ecco perch\u00e9 il nostro <strong>servizio di traduzione a <a href=\"https:\/\/es.wikipedia.org\/wiki\/Chueca\" target=\"_blank\" rel=\"noopener\">Chueca<\/a><\/strong> aiuter\u00e0 la tua azienda a non perdere clienti.      <\/p>\n<h3 style=\"text-align: center;\"><strong>Perch\u00e9 affidarsi a un servizio di traduzione a Chueca<\/strong><\/h3>\n<p>Le conseguenze delle cattive traduzioni possono essere catastrofiche. Purtroppo, imbattersi in traduzioni di scarsa qualit\u00e0 non \u00e8 affatto difficile. Questo accade perch\u00e9 esiste la convinzione diffusa che qualsiasi persona bilingue sia in grado di tradurre. Tuttavia, questa \u00e8 solo una falsa credenza. Tradurre non richiede solo conoscenze linguistiche e tecniche: a volte, \u00e8 anche necessario essere specializzati in un determinato settore. Per questo motivo, il nostro <strong>servizio di traduzione a Chueca <\/strong> si affida esclusivamente a traduttori professionisti. \u00c8 anche per questa ragione che collaboriamo con traduttori madrelingua. Grazie alla loro competenza linguistica e culturale, garantiamo la qualit\u00e0 delle traduzioni.        <\/p>\n<h3 style=\"text-align: center;\"><strong>Perch\u00e9 a Chueca?<\/strong><\/h3>\n<p>Chueca \u00e8 considerato da molti uno dei quartieri pi\u00f9 affascinanti di Madrid, anche se non pu\u00f2 essere considerato un quartiere vero e proprio, visto che non possiede una propria entit\u00e0 amministrativa. Nel corso del XX secolo, Chueca \u00e8 diventata la zona di riferimento per la comunit\u00e0 LGBT+ di Madrid. Ogni anno, durante le celebrazioni del Gay Pride, questa parte di Madrid accoglie un\u2019enorme quantit\u00e0 di turisti. Oggi, Chueca \u00e8 un\u2019icona gay a livello mondiale. Per rispondere adeguatamente alle esigenze di questi visitatori, \u00e8 fondamentale che le attivit\u00e0 commerciali si affidino a servizi di traduzione.     <\/p>\n<p>Tuttavia, disporre di un <strong>servizio di traduzione a Chueca<\/strong> non \u00e8 importante solo durante le celebrazioni del Gay Pride. Chueca si trova nel cuore di Madrid. I suoi negozi, musei e locali accolgono turisti durante tutto l\u2019anno. Inoltre, in questo quartiere vivono anche molti stranieri che si sono trasferiti in Spagna e che hanno difficolt\u00e0 a comunicare in spagnolo. Per questo motivo, \u00e8 fondamentale che attivit\u00e0 commerciali, istituzioni ed esercizi pubblici ricorrano regolarmente a servizi di traduzione.    <\/p>\n<h3 style=\"text-align: center;\"><strong>Cosa offriamo nei nostri servizi<\/strong><\/h3>\n<p>Lavoriamo con molti tipi di traduzione di diversi campi per adattarci alle esigenze del mercato. Tra questi ci sono: <\/p>\n<ul>\n<li><a href=\"https:\/\/translinguoglobal.com\/it\/traduzione-di-documenti\/\">Traduzione generale.<\/a><\/li>\n<li>Traduzione di contenuti di siti web.<\/li>\n<li><a href=\"https:\/\/translinguoglobal.com\/it\/traduzione-giurata\/\">Traduzione giurata.<\/a><\/li>\n<li><a href=\"https:\/\/translinguoglobal.com\/it\/servizio-di-localizzazione\/\">Localizzazione.<\/a><\/li>\n<li><a href=\"https:\/\/translinguoglobal.com\/it\/servizio-di-traduzione-professionale\/\">Traduzione specialistica.<\/a><\/li>\n<\/ul>\n<p>Inoltre, il nostro <strong>servizio di traduzione a Chueca <\/strong> garantisce puntualit\u00e0, qualit\u00e0 e un trattamento personalizzato. Non solo per ogni cliente, ma per ogni incarico. <strong>Non ti deluderemo! <\/strong> <\/p>\n<p>&nbsp;<\/p>\n<p>&nbsp;<\/p>\n","protected":false},"excerpt":{"rendered":"<p>Servizio di traduzione a Chueca. Oggi pi\u00f9 che mai, siamo in costante contatto con persone che non condividono la nostra stessa lingua n\u00e9 la nostra cultura. Basta una semplice telefonata per mettersi in contatto con qualcuno dall\u2019altra parte del mondo. Tuttavia, \u00e8 naturale che non possiamo imparare tutte le lingue n\u00e9 conoscere a fondo tutte [&hellip;]<\/p>\n","protected":false},"author":3,"featured_media":88461,"parent":0,"menu_order":0,"comment_status":"closed","ping_status":"closed","template":"","meta":{"_crdt_document":"","inline_featured_image":false,"site-sidebar-layout":"default","site-content-layout":"default","ast-site-content-layout":"default","site-content-style":"default","site-sidebar-style":"default","ast-global-header-display":"","ast-banner-title-visibility":"","ast-main-header-display":"","ast-hfb-above-header-display":"","ast-hfb-below-header-display":"","ast-hfb-mobile-header-display":"","site-post-title":"","ast-breadcrumbs-content":"","ast-featured-img":"","footer-sml-layout":"","ast-disable-related-posts":"","theme-transparent-header-meta":"default","adv-header-id-meta":"","stick-header-meta":"","header-above-stick-meta":"","header-main-stick-meta":"","header-below-stick-meta":"","astra-migrate-meta-layouts":"default","ast-page-background-enabled":"default","ast-page-background-meta":{"desktop":{"background-color":"var(--ast-global-color-4)","background-image":"","background-repeat":"repeat","background-position":"center center","background-size":"auto","background-attachment":"scroll","background-type":"","background-media":"","overlay-type":"","overlay-color":"","overlay-opacity":"","overlay-gradient":""},"tablet":{"background-color":"","background-image":"","background-repeat":"repeat","background-position":"center center","background-size":"auto","background-attachment":"scroll","background-type":"","background-media":"","overlay-type":"","overlay-color":"","overlay-opacity":"","overlay-gradient":""},"mobile":{"background-color":"","background-image":"","background-repeat":"repeat","background-position":"center center","background-size":"auto","background-attachment":"scroll","background-type":"","background-media":"","overlay-type":"","overlay-color":"","overlay-opacity":"","overlay-gradient":""}},"ast-content-background-meta":{"desktop":{"background-color":"var(--ast-global-color-5)","background-image":"","background-repeat":"repeat","background-position":"center center","background-size":"auto","background-attachment":"scroll","background-type":"","background-media":"","overlay-type":"","overlay-color":"","overlay-opacity":"","overlay-gradient":""},"tablet":{"background-color":"var(--ast-global-color-5)","background-image":"","background-repeat":"repeat","background-position":"center center","background-size":"auto","background-attachment":"scroll","background-type":"","background-media":"","overlay-type":"","overlay-color":"","overlay-opacity":"","overlay-gradient":""},"mobile":{"background-color":"var(--ast-global-color-5)","background-image":"","background-repeat":"repeat","background-position":"center center","background-size":"auto","background-attachment":"scroll","background-type":"","background-media":"","overlay-type":"","overlay-color":"","overlay-opacity":"","overlay-gradient":""}},"footnotes":""},"class_list":["post-88460","page","type-page","status-publish","has-post-thumbnail","hentry"],"_links":{"self":[{"href":"https:\/\/translinguoglobal.com\/it\/wp-json\/wp\/v2\/pages\/88460","targetHints":{"allow":["GET"]}}],"collection":[{"href":"https:\/\/translinguoglobal.com\/it\/wp-json\/wp\/v2\/pages"}],"about":[{"href":"https:\/\/translinguoglobal.com\/it\/wp-json\/wp\/v2\/types\/page"}],"author":[{"embeddable":true,"href":"https:\/\/translinguoglobal.com\/it\/wp-json\/wp\/v2\/users\/3"}],"replies":[{"embeddable":true,"href":"https:\/\/translinguoglobal.com\/it\/wp-json\/wp\/v2\/comments?post=88460"}],"version-history":[{"count":1,"href":"https:\/\/translinguoglobal.com\/it\/wp-json\/wp\/v2\/pages\/88460\/revisions"}],"predecessor-version":[{"id":88462,"href":"https:\/\/translinguoglobal.com\/it\/wp-json\/wp\/v2\/pages\/88460\/revisions\/88462"}],"wp:featuredmedia":[{"embeddable":true,"href":"https:\/\/translinguoglobal.com\/it\/wp-json\/wp\/v2\/media\/88461"}],"wp:attachment":[{"href":"https:\/\/translinguoglobal.com\/it\/wp-json\/wp\/v2\/media?parent=88460"}],"curies":[{"name":"wp","href":"https:\/\/api.w.org\/{rel}","templated":true}]}}