{"id":88070,"date":"2025-04-15T14:31:17","date_gmt":"2025-04-15T12:31:17","guid":{"rendered":"https:\/\/translinguoglobal.com\/sconti\/"},"modified":"2025-04-15T14:31:17","modified_gmt":"2025-04-15T12:31:17","slug":"sconti","status":"publish","type":"page","link":"https:\/\/translinguoglobal.com\/it\/sconti\/","title":{"rendered":"Sconti"},"content":{"rendered":"<h2 style=\"text-align: center;\"><strong>Sconti<\/strong><\/h2>\n<p>Sconti. Sappiamo che un servizio professionale di traduzione potrebbe essere costoso e, per questo motivo, noi di <a href=\"https:\/\/translinguoglobal.com\/wp-admin\/post.php?post=35895&amp;action=edit&amp;lang=es\">Translinguo Global\u00ae<\/a> valutiamo ogni proposta in modo indipendente. Consideriamo l&#8217;onest\u00e0 e la trasparenza come due dei nostri valori fondamentali.  <\/p>\n<p>Perci\u00f2, se il tuo progetto \u00e8 complesso, denso e vuoi parlarne, contattaci tramite qualsiasi canale. Come \u00e8 naturale, gli sconti dipenderanno dalla tempistica, dal volume e dalle caratteristiche del progetto. Contattaci e parliamone!  <\/p>\n<h2 style=\"text-align: center;\"><strong>Convegni e accordi speciali<\/strong><\/h2>\n<p>Attualmente, molte aziende necessitano di un servizio costante di traduzione o di <a href=\"https:\/\/es.wikipedia.org\/wiki\/Mercadotecnia\" target=\"_blank\" rel=\"noopener\"><em>marketing<\/em><\/a>. Per questo motivo, <strong>Translinguo Global\u00ae<\/strong> offre la possibilit\u00e0 di firmare accordi o sconti speciali per ordini ricorrenti. <\/p>\n<p>Noi di <strong>Translinguo Global\u00ae <\/strong> offriamo ai nostri clienti abituali, e a coloro che desiderano diventarlo, sconti e la possibilit\u00e0 di firmare un accordo con le tariffe ridotte e condizioni speciali adattate alle proprie esigenze.<\/p>\n<p>Contattaci e spiegaci le tue necessit\u00e0 per poter cos\u00ec raggiungere un accordo vantaggioso per tutti.<\/p>\n<p><span style=\"font-weight: 400;\">In <\/span> <a href=\"https:\/\/translinguoglobal.com\/it\/\"><span style=\"font-weight: 400;\">Translinguo<\/span><\/a> <span style=\"font-weight: 400;\">offriamo una vasta gamma di<\/span> <b>servizi di traduzione<\/b> <span style=\"font-weight: 400;\">a seconda delle tue esigenze: quest \u00e8 una risorsa imprescindibile per una comunicazione efficace nel mondo odierno. Nella nostra agenzia abbiamo un team di traduttori altamente qualificati con le capacit\u00e0 di ricerca e analisi necessarie per una buona traduzione. Pertanto, se stai cercando   <\/span>un&#8217;<b>agenzia di <a href=\"https:\/\/es.wikipedia.org\/wiki\/Traducci%C3%B3n\" target=\"_blank\" rel=\"noopener\">traduzione<\/a><\/b>, <span style=\"font-weight: 400;\"> stai al posto giusto nel momento giusto.<\/span><\/p>\n<p><span style=\"font-weight: 400;\">La nostra priorit\u00e0 \u00e8 assicurarci che tu sia soddisfatto, per questo noi di Translinguo vogliamo il meglio per te! Non esitare a contattarci e riceverai il trattamento che meriti, ti assisteremo e ti accompagneremo durante tutto il processo del servizio di traduzione che necessiti! <\/span><\/p>\n<p><span style=\"font-weight: 400;\">Garantiamo la professionalit\u00e1 dei nostri traduttori e revisori. Traduttori madrelingue e specializzati.  Abbiamo un team di traduttori sparsi per tutto il mondo, che ci permette di offrire servizi di traduzione specializzati in qualsiasi fuso orario. Possiamo quindi dire che lavoriamo 24 ore su 24, 7 giorni su 7. <\/span><\/p>\n<p><span style=\"font-weight: 400;\">Per noi le scadenze concordate sono fondamentali, cos\u00ec come la riservatezza. Di conseguenza, siamo sempre conformi al RGPD, e mettiamo tutti i nostri mezzi a tua disposizione per adempire alle nostre promesse. <\/span><\/p>\n","protected":false},"excerpt":{"rendered":"<p>Sconti Sconti. Sappiamo che un servizio professionale di traduzione potrebbe essere costoso e, per questo motivo, noi di Translinguo Global\u00ae valutiamo ogni proposta in modo indipendente. Consideriamo l&#8217;onest\u00e0 e la trasparenza come due dei nostri valori fondamentali. Perci\u00f2, se il tuo progetto \u00e8 complesso, denso e vuoi parlarne, contattaci tramite qualsiasi canale. Come \u00e8 naturale, [&hellip;]<\/p>\n","protected":false},"author":3,"featured_media":75344,"parent":0,"menu_order":0,"comment_status":"closed","ping_status":"closed","template":"","meta":{"_crdt_document":"","inline_featured_image":false,"site-sidebar-layout":"default","site-content-layout":"default","ast-site-content-layout":"default","site-content-style":"default","site-sidebar-style":"default","ast-global-header-display":"","ast-banner-title-visibility":"","ast-main-header-display":"","ast-hfb-above-header-display":"","ast-hfb-below-header-display":"","ast-hfb-mobile-header-display":"","site-post-title":"","ast-breadcrumbs-content":"","ast-featured-img":"","footer-sml-layout":"","ast-disable-related-posts":"","theme-transparent-header-meta":"default","adv-header-id-meta":"","stick-header-meta":"","header-above-stick-meta":"","header-main-stick-meta":"","header-below-stick-meta":"","astra-migrate-meta-layouts":"default","ast-page-background-enabled":"default","ast-page-background-meta":{"desktop":{"background-color":"var(--ast-global-color-4)","background-image":"","background-repeat":"repeat","background-position":"center center","background-size":"auto","background-attachment":"scroll","background-type":"","background-media":"","overlay-type":"","overlay-color":"","overlay-opacity":"","overlay-gradient":""},"tablet":{"background-color":"","background-image":"","background-repeat":"repeat","background-position":"center center","background-size":"auto","background-attachment":"scroll","background-type":"","background-media":"","overlay-type":"","overlay-color":"","overlay-opacity":"","overlay-gradient":""},"mobile":{"background-color":"","background-image":"","background-repeat":"repeat","background-position":"center center","background-size":"auto","background-attachment":"scroll","background-type":"","background-media":"","overlay-type":"","overlay-color":"","overlay-opacity":"","overlay-gradient":""}},"ast-content-background-meta":{"desktop":{"background-color":"var(--ast-global-color-5)","background-image":"","background-repeat":"repeat","background-position":"center center","background-size":"auto","background-attachment":"scroll","background-type":"","background-media":"","overlay-type":"","overlay-color":"","overlay-opacity":"","overlay-gradient":""},"tablet":{"background-color":"var(--ast-global-color-5)","background-image":"","background-repeat":"repeat","background-position":"center center","background-size":"auto","background-attachment":"scroll","background-type":"","background-media":"","overlay-type":"","overlay-color":"","overlay-opacity":"","overlay-gradient":""},"mobile":{"background-color":"var(--ast-global-color-5)","background-image":"","background-repeat":"repeat","background-position":"center center","background-size":"auto","background-attachment":"scroll","background-type":"","background-media":"","overlay-type":"","overlay-color":"","overlay-opacity":"","overlay-gradient":""}},"footnotes":""},"class_list":["post-88070","page","type-page","status-publish","has-post-thumbnail","hentry"],"_links":{"self":[{"href":"https:\/\/translinguoglobal.com\/it\/wp-json\/wp\/v2\/pages\/88070","targetHints":{"allow":["GET"]}}],"collection":[{"href":"https:\/\/translinguoglobal.com\/it\/wp-json\/wp\/v2\/pages"}],"about":[{"href":"https:\/\/translinguoglobal.com\/it\/wp-json\/wp\/v2\/types\/page"}],"author":[{"embeddable":true,"href":"https:\/\/translinguoglobal.com\/it\/wp-json\/wp\/v2\/users\/3"}],"replies":[{"embeddable":true,"href":"https:\/\/translinguoglobal.com\/it\/wp-json\/wp\/v2\/comments?post=88070"}],"version-history":[{"count":0,"href":"https:\/\/translinguoglobal.com\/it\/wp-json\/wp\/v2\/pages\/88070\/revisions"}],"wp:featuredmedia":[{"embeddable":true,"href":"https:\/\/translinguoglobal.com\/it\/wp-json\/wp\/v2\/media\/75344"}],"wp:attachment":[{"href":"https:\/\/translinguoglobal.com\/it\/wp-json\/wp\/v2\/media?parent=88070"}],"curies":[{"name":"wp","href":"https:\/\/api.w.org\/{rel}","templated":true}]}}