{"id":87698,"date":"2025-04-10T12:00:49","date_gmt":"2025-04-10T10:00:49","guid":{"rendered":"https:\/\/translinguoglobal.com\/agenzia-di-traduzione-a-barcellona-2\/"},"modified":"2025-04-10T12:00:49","modified_gmt":"2025-04-10T10:00:49","slug":"agenzia-di-traduzione-a-barcellona-2","status":"publish","type":"page","link":"https:\/\/translinguoglobal.com\/it\/agenzia-di-traduzione-a-barcellona-2\/","title":{"rendered":"Agenzia di traduzione a Barcellona"},"content":{"rendered":"<h3 style=\"text-align: center;\"><strong>OTTIMA QUALIT\u00c0 E PREZZO COMPETITIVO.<\/strong><\/h3>\n<p>Agenzia di traduzione a <a href=\"https:\/\/es.wikipedia.org\/wiki\/Barcelona\" target=\"_blank\" rel=\"noopener\">Barcellona<\/a>. Se la tua azienda si trova nella Ciudad Condal, non dimenticare di affidarti a un&#8217;<strong>agenzia di traduzione che opera a Barcellona. <\/strong> <\/p>\n<p>Un mix di mare e montagna, di architettura modernista e gotica, di spagnolo e catalano e persino di monumenti terminati e in fase di completamento: tutto questo \u00e8 <a title=\"Barcellona\" href=\"https:\/\/es.wikipedia.org\/wiki\/Barcelona\" target=\"_blank\" rel=\"noopener\">Barcellona<\/a>, una delle <strong>citt\u00e0 pi\u00f9 importanti della Spagna.<\/strong><\/p>\n<p>Barcellona \u00e8 la seconda citt\u00e0 pi\u00f9 popolosa del paese. Luogo di nascita dell&#8217;architetto Antonio Gaud\u00ed, questa citt\u00e0, cos\u00ec ricca di contrasti, \u00e8 anche la seconda citt\u00e0 spagnola che riceve pi\u00f9 turismo internazionale. \u00c8 difficile decidere quale sia il suo monumento pi\u00f9 importante, poich\u00e9 conta pi\u00f9 di 50 luoghi di interesse turistico.   <\/p>\n<h3 style=\"text-align: center;\"><strong>PERCH\u00c9 AFFIDARSI AI SERVIZI DI UN&#8217;AGENZIA DI TRADUZIONE A BARCELLONA?<\/strong><\/h3>\n<p>La prima decisione da prendere \u00e8 scegliere tra un traduttore autonomo o un&#8217;agenzia di traduzione. Le agenzie di traduzione a Barcellona, come <a title=\"Translinguo Global\" href=\"https:\/\/translinguoglobal.com\/it\/\" target=\"_blank\" rel=\"noopener\">Translinguo Global, <\/a>sono composte da team di professionisti che garantiscono la massima qualit\u00e0 in ogni progetto. <\/p>\n<p>Questo perch\u00e8 ogni traduttore \u00e8 specializzato in un settore specifico, riuscendo cos\u00ec a coprire tutti gli ambiti possibili. Inoltre, le agenzie di traduzione garantiscono la presenza di un revisore specializzato (diverso dal traduttore) che si occuper\u00e0 di revisionare il testo prima di consegnarlo. <\/p>\n<p>Grazie alla doppia fase di revisione, il cliente pu\u00f2 star certo della qualit\u00e0 della propria traduzione. Tra i principali vantaggi che derivano dal rivolgersi a un&#8217;<strong>agenzia di traduzione a Barcellona<\/strong> come Translinguo Global, ci sono: <\/p>\n<ul>\n<li>Puntualit\u00e0<\/li>\n<li>Accuratezza<\/li>\n<li>Professionalit\u00e0<\/li>\n<li>Attenzione nel trattamento delle informazioni riservate<\/li>\n<li>Costi ridotti<\/li>\n<\/ul>\n<h3 style=\"text-align: center;\"><strong>PERCH\u00c9 \u00c8 PI\u00d9 CONVENIENTE AFFIDARSI A UN SERVIZIO DI TRADUZIONE PROFESSIONALE?<\/strong><\/h3>\n<p>Come gi\u00e0 \u00e8 detto, disporre di un team di <strong>traduttori e revisori<\/strong> specializzati rappresenta una doppia garanzia di qualit\u00e0 per la nostra clientela. Se sei interessato al software specializzato per la traduzione, potrebbe esserti utile contattare un&#8217;agenzia. <\/p>\n<p>A causa delle tariffe, pochi traduttori freelance possono permettersi di avere versioni aggiornate del software. Per le agenzie, invece, \u00e8 pi\u00f9 conveniente, perch\u00e9 possono investire una parte dei loro guadagni su questi aggiornamenti. Inoltre, in qualit\u00e0 di <strong>agenzia di traduzione a Barcellona<\/strong>, offriamo sconti o condizioni speciali per i clienti abituali o per incarichi pi\u00f9 consistenti.  <\/p>\n<p>Questo \u00e8 il nostro modo di conquistare la fiducia dei nostri clienti e di consolidare il nostro rapporto con loro.<\/p>\n","protected":false},"excerpt":{"rendered":"<p>OTTIMA QUALIT\u00c0 E PREZZO COMPETITIVO. Agenzia di traduzione a Barcellona. Se la tua azienda si trova nella Ciudad Condal, non dimenticare di affidarti a un&#8217;agenzia di traduzione che opera a Barcellona. Un mix di mare e montagna, di architettura modernista e gotica, di spagnolo e catalano e persino di monumenti terminati e in fase di [&hellip;]<\/p>\n","protected":false},"author":3,"featured_media":87699,"parent":0,"menu_order":0,"comment_status":"closed","ping_status":"closed","template":"","meta":{"_crdt_document":"","inline_featured_image":false,"site-sidebar-layout":"default","site-content-layout":"default","ast-site-content-layout":"default","site-content-style":"default","site-sidebar-style":"default","ast-global-header-display":"","ast-banner-title-visibility":"","ast-main-header-display":"","ast-hfb-above-header-display":"","ast-hfb-below-header-display":"","ast-hfb-mobile-header-display":"","site-post-title":"","ast-breadcrumbs-content":"","ast-featured-img":"","footer-sml-layout":"","ast-disable-related-posts":"","theme-transparent-header-meta":"default","adv-header-id-meta":"","stick-header-meta":"","header-above-stick-meta":"","header-main-stick-meta":"","header-below-stick-meta":"","astra-migrate-meta-layouts":"default","ast-page-background-enabled":"default","ast-page-background-meta":{"desktop":{"background-color":"var(--ast-global-color-4)","background-image":"","background-repeat":"repeat","background-position":"center center","background-size":"auto","background-attachment":"scroll","background-type":"","background-media":"","overlay-type":"","overlay-color":"","overlay-opacity":"","overlay-gradient":""},"tablet":{"background-color":"","background-image":"","background-repeat":"repeat","background-position":"center center","background-size":"auto","background-attachment":"scroll","background-type":"","background-media":"","overlay-type":"","overlay-color":"","overlay-opacity":"","overlay-gradient":""},"mobile":{"background-color":"","background-image":"","background-repeat":"repeat","background-position":"center center","background-size":"auto","background-attachment":"scroll","background-type":"","background-media":"","overlay-type":"","overlay-color":"","overlay-opacity":"","overlay-gradient":""}},"ast-content-background-meta":{"desktop":{"background-color":"var(--ast-global-color-5)","background-image":"","background-repeat":"repeat","background-position":"center center","background-size":"auto","background-attachment":"scroll","background-type":"","background-media":"","overlay-type":"","overlay-color":"","overlay-opacity":"","overlay-gradient":""},"tablet":{"background-color":"var(--ast-global-color-5)","background-image":"","background-repeat":"repeat","background-position":"center center","background-size":"auto","background-attachment":"scroll","background-type":"","background-media":"","overlay-type":"","overlay-color":"","overlay-opacity":"","overlay-gradient":""},"mobile":{"background-color":"var(--ast-global-color-5)","background-image":"","background-repeat":"repeat","background-position":"center center","background-size":"auto","background-attachment":"scroll","background-type":"","background-media":"","overlay-type":"","overlay-color":"","overlay-opacity":"","overlay-gradient":""}},"footnotes":""},"class_list":["post-87698","page","type-page","status-publish","has-post-thumbnail","hentry"],"_links":{"self":[{"href":"https:\/\/translinguoglobal.com\/it\/wp-json\/wp\/v2\/pages\/87698","targetHints":{"allow":["GET"]}}],"collection":[{"href":"https:\/\/translinguoglobal.com\/it\/wp-json\/wp\/v2\/pages"}],"about":[{"href":"https:\/\/translinguoglobal.com\/it\/wp-json\/wp\/v2\/types\/page"}],"author":[{"embeddable":true,"href":"https:\/\/translinguoglobal.com\/it\/wp-json\/wp\/v2\/users\/3"}],"replies":[{"embeddable":true,"href":"https:\/\/translinguoglobal.com\/it\/wp-json\/wp\/v2\/comments?post=87698"}],"version-history":[{"count":0,"href":"https:\/\/translinguoglobal.com\/it\/wp-json\/wp\/v2\/pages\/87698\/revisions"}],"wp:featuredmedia":[{"embeddable":true,"href":"https:\/\/translinguoglobal.com\/it\/wp-json\/wp\/v2\/media\/87699"}],"wp:attachment":[{"href":"https:\/\/translinguoglobal.com\/it\/wp-json\/wp\/v2\/media?parent=87698"}],"curies":[{"name":"wp","href":"https:\/\/api.w.org\/{rel}","templated":true}]}}