{"id":85585,"date":"2025-03-24T14:41:45","date_gmt":"2025-03-24T13:41:45","guid":{"rendered":"https:\/\/translinguoglobal.com\/agenzia-di-traduzione-a-barcellona\/"},"modified":"2025-03-24T14:41:45","modified_gmt":"2025-03-24T13:41:45","slug":"agenzia-di-traduzione-a-barcellona","status":"publish","type":"page","link":"https:\/\/translinguoglobal.com\/it\/agenzia-di-traduzione-a-barcellona\/","title":{"rendered":"Agenzia di traduzione a Barcellona"},"content":{"rendered":"<p>Agenzia di traduzione a <a href=\"https:\/\/es.wikipedia.org\/wiki\/Barcelona\" target=\"_blank\" rel=\"noopener\">Barcellona<\/a>. La traduzione ti permette di espandere il tuo business e raggiungere il pubblico target con maggiore facilit\u00e0. Con Translinguo Global, puoi affidare le tue campagne di marketing multilingue a professionisti del settore, garantendo cos\u00ec la crescita della tua azienda nei mercati internazionali.   <\/p>\n<p>Nel primo caso, possono sorgere problemi come malintesi sugli ordini, ritardi nei pagamenti e nelle consegne, ecc. Nel secondo caso, le difficolt\u00e0 possono avere conseguenze ancora pi\u00f9 gravi, portando a perdite economiche significative per l\u2019azienda. Per questo motivo, la nostra <strong>agenzia di traduzione a Barcellona<\/strong> ti aiuter\u00e0 a evitare questi rischi, garantendo una comunicazione chiara e professionale.  <\/p>\n<h3 style=\"text-align: center;\"><strong>Perch\u00e9 affidarsi a un&#8217;agenzia di traduzione a Barcellona<\/strong><\/h3>\n<p>Barcellona pu\u00f2 essere un punto strategico importante per la tua azienda. Barcellona \u00e8 una citt\u00e0 con una grande affluenza turistica, sia nazionale che internazionale. Inoltre, l\u2019industrializzazione di Barcellona l\u2019ha posizionata a un livello mondiale molto alto e la sua crescita demografica non \u00e8 mai stata cos\u00ec costante. Scegliere di investire in citt\u00e0 come Barcellona pu\u00f2 sembrare semplice e senza complicazioni, tuttavia, adattare la tua attivit\u00e0 ad altre lingue e culture, mentre allo stesso tempo stringi legami commerciali, pu\u00f2 risultare pi\u00f9 difficle del previsto. Per questo, contare su una strategia di marketing guidata da un professionista pu\u00f2 essere un momento spartiacque nei tuoi affari.    <\/p>\n<h3 style=\"text-align: center;\"><strong>Perch\u00e9 Barcellona?<\/strong><\/h3>\n<p>L&#8217;area metropolitana di Barcellona \u00e8 una delle regioni pi\u00f9 ricche d&#8217;Europa ed \u00e8 la quarta regione pi\u00f9 ricca pro capite della Spagna. Inoltre, ha un PIL medio di 177.000 milioni di dollari, il che la rende la quarta citt\u00e0 economicamente pi\u00f9 potente dell&#8217;Unione Europea. Ma non solo, Barcellona \u00e8 la quarta migliore citt\u00e0 europea per gli affari e quella che ha registrato la ripresa pi\u00f9 rapida dopo la crisi del 2008, essendo la Borsa di Barcellona la principale borsa del nord-est della Penisola Iberica.  <\/p>\n<p>In definitiva, Barcellona offre opportunit\u00e0 uniche a quelle aziende che sono preparate per il mercato multinazionale. Tuttavia, ci sono molti fattori che dobbiamo tenere in conto al momento di fare questo salto, per questo \u00e8 essenziale che tu conti sull\u2019aiuto di professionisti e nativi nella tua attivit\u00e0. <\/p>\n<h3 style=\"text-align: center;\"><strong>Cosa offriamo nei nostri servizi<\/strong><\/h3>\n<p>Noi di Translinguo Global riceverai un&#8217;attenzione personalizzata, poich\u00e9 ci adattiamo a ogni progetto per ottenere il miglior risultato possibile. Inoltre, tutti i nostri servizi contano su professionisti e madrelingua in ogni ambito, affinch\u00e9 il processo di internazionalizzazione della tua azienda dia i frutti desiderati. <\/p>\n<p>Non dimenticare che Translinguo Global ti offre un&#8217;ampia gamma di servizi di traduzione:<\/p>\n<ul>\n<li><a href=\"https:\/\/translinguoglobal.com\/it\/traduzione-di-documenti\/\">Traduzione di testi generali<\/a><\/li>\n<li>Servizio di traduzione e localizzazione di siti web.<\/li>\n<li><a href=\"https:\/\/translinguoglobal.com\/it\/traduzione-giurata\/\">Traduzione giurata<\/a> per tutti i tuoi documenti legali.<\/li>\n<li>Traduzione in diverse aree di <a href=\"https:\/\/translinguoglobal.com\/it\/servizio-di-traduzione-professionale\/\">specializzazione<\/a>.<\/li>\n<li>Servizi di posizionamento SEO e SEM, tra gli altri.<\/li>\n<\/ul>\n<p>Tutto quanto sopra, unito al nostro rapporto qualit\u00e0-prezzo imbattibile e al rigoroso rispetto delle scadenze che offriamo, con l&#8217;obiettivo di soddisfare i nostri clienti.<\/p>\n<p>In conclusione, la nostra azienda di traduzione a Barcellona offre soluzioni linguistiche di alta qualit\u00e0 per soddisfare le esigenze globali dei nostri clienti. Con un team di traduttori altamente qualificati e specializzati in diversi settori, ci impegniamo a fornire servizi di traduzione precisi, affidabili e puntuali. <\/p>\n<p>In un mondo sempre pi\u00f9 globalizzato, la comunicazione efficace in diverse lingue \u00e8 diventata fondamentale per il successo aziendale. La nostra azienda di traduzione si impegna a essere il tuo partner affidabile in questo ambito, offrendoti traduzioni precise, fedeli al contesto e culturalmente appropriate. <\/p>\n<p>Che si tratti di traduzioni di documenti legali, tecnici, commerciali o di marketing, il nostro team \u00e8 pronto ad affrontare qualsiasi sfida linguistica con professionalit\u00e0 ed esperienza.<\/p>\n<p>Affidati a noi per le tue esigenze di traduzione a Barcellona e ti garantiamo risultati eccezionali che rafforzeranno la tua presenza globale e apriranno nuove opportunit\u00e0 di business. Siamo impegnati nel tuo successo e pronti ad aiutarti a raggiungere i tuoi obiettivi nel mercato globale. <\/p>\n","protected":false},"excerpt":{"rendered":"<p>Agenzia di traduzione a Barcellona. La traduzione ti permette di espandere il tuo business e raggiungere il pubblico target con maggiore facilit\u00e0. Con Translinguo Global, puoi affidare le tue campagne di marketing multilingue a professionisti del settore, garantendo cos\u00ec la crescita della tua azienda nei mercati internazionali. Nel primo caso, possono sorgere problemi come malintesi [&hellip;]<\/p>\n","protected":false},"author":3,"featured_media":85586,"parent":0,"menu_order":0,"comment_status":"closed","ping_status":"closed","template":"","meta":{"_crdt_document":"","inline_featured_image":false,"site-sidebar-layout":"default","site-content-layout":"default","ast-site-content-layout":"default","site-content-style":"default","site-sidebar-style":"default","ast-global-header-display":"","ast-banner-title-visibility":"","ast-main-header-display":"","ast-hfb-above-header-display":"","ast-hfb-below-header-display":"","ast-hfb-mobile-header-display":"","site-post-title":"","ast-breadcrumbs-content":"","ast-featured-img":"","footer-sml-layout":"","ast-disable-related-posts":"","theme-transparent-header-meta":"default","adv-header-id-meta":"","stick-header-meta":"","header-above-stick-meta":"","header-main-stick-meta":"","header-below-stick-meta":"","astra-migrate-meta-layouts":"default","ast-page-background-enabled":"default","ast-page-background-meta":{"desktop":{"background-color":"var(--ast-global-color-4)","background-image":"","background-repeat":"repeat","background-position":"center center","background-size":"auto","background-attachment":"scroll","background-type":"","background-media":"","overlay-type":"","overlay-color":"","overlay-opacity":"","overlay-gradient":""},"tablet":{"background-color":"","background-image":"","background-repeat":"repeat","background-position":"center center","background-size":"auto","background-attachment":"scroll","background-type":"","background-media":"","overlay-type":"","overlay-color":"","overlay-opacity":"","overlay-gradient":""},"mobile":{"background-color":"","background-image":"","background-repeat":"repeat","background-position":"center center","background-size":"auto","background-attachment":"scroll","background-type":"","background-media":"","overlay-type":"","overlay-color":"","overlay-opacity":"","overlay-gradient":""}},"ast-content-background-meta":{"desktop":{"background-color":"var(--ast-global-color-5)","background-image":"","background-repeat":"repeat","background-position":"center center","background-size":"auto","background-attachment":"scroll","background-type":"","background-media":"","overlay-type":"","overlay-color":"","overlay-opacity":"","overlay-gradient":""},"tablet":{"background-color":"var(--ast-global-color-5)","background-image":"","background-repeat":"repeat","background-position":"center center","background-size":"auto","background-attachment":"scroll","background-type":"","background-media":"","overlay-type":"","overlay-color":"","overlay-opacity":"","overlay-gradient":""},"mobile":{"background-color":"var(--ast-global-color-5)","background-image":"","background-repeat":"repeat","background-position":"center center","background-size":"auto","background-attachment":"scroll","background-type":"","background-media":"","overlay-type":"","overlay-color":"","overlay-opacity":"","overlay-gradient":""}},"footnotes":""},"class_list":["post-85585","page","type-page","status-publish","has-post-thumbnail","hentry"],"_links":{"self":[{"href":"https:\/\/translinguoglobal.com\/it\/wp-json\/wp\/v2\/pages\/85585","targetHints":{"allow":["GET"]}}],"collection":[{"href":"https:\/\/translinguoglobal.com\/it\/wp-json\/wp\/v2\/pages"}],"about":[{"href":"https:\/\/translinguoglobal.com\/it\/wp-json\/wp\/v2\/types\/page"}],"author":[{"embeddable":true,"href":"https:\/\/translinguoglobal.com\/it\/wp-json\/wp\/v2\/users\/3"}],"replies":[{"embeddable":true,"href":"https:\/\/translinguoglobal.com\/it\/wp-json\/wp\/v2\/comments?post=85585"}],"version-history":[{"count":0,"href":"https:\/\/translinguoglobal.com\/it\/wp-json\/wp\/v2\/pages\/85585\/revisions"}],"wp:featuredmedia":[{"embeddable":true,"href":"https:\/\/translinguoglobal.com\/it\/wp-json\/wp\/v2\/media\/85586"}],"wp:attachment":[{"href":"https:\/\/translinguoglobal.com\/it\/wp-json\/wp\/v2\/media?parent=85585"}],"curies":[{"name":"wp","href":"https:\/\/api.w.org\/{rel}","templated":true}]}}