{"id":83601,"date":"2025-03-07T11:38:40","date_gmt":"2025-03-07T10:38:40","guid":{"rendered":"https:\/\/translinguoglobal.com\/servizi-di-traduzione-per-il-settore-della-moda-e-della-cosmetica\/"},"modified":"2025-03-07T11:38:40","modified_gmt":"2025-03-07T10:38:40","slug":"servizi-di-traduzione-per-il-settore-della-moda-e-della-cosmetica","status":"publish","type":"page","link":"https:\/\/translinguoglobal.com\/it\/servizi-di-traduzione-per-il-settore-della-moda-e-della-cosmetica\/","title":{"rendered":"Servizi di traduzione per il settore della moda e della cosmetica"},"content":{"rendered":"<h2 style=\"text-align: center;\">Servizi di traduzione per il settore della moda e della cosmetica<\/h2>\n<p><span style=\"font-weight: 400;\">Il settore della moda fa girare miliardi di euro ogni anno, sia in Spagna che all&#8217;estero. Si tratta inoltre di un settore altamente globalizzato, in cui le novit\u00e0 si spostano rapidamente da un Paese all&#8217;altro. Le grandi firme della moda commercializzano i propri prodotti su scala internazionale, e il contatto tra persone di diversa provenienza una costanza.  <\/span><\/p>\n<p><span style=\"font-weight: 400;\">Per questo motivo \u00e8 necessario superare la barriera linguistica, ed \u00e8 qui che entra in gioco il<\/span> <b>traduttore esperto in moda.<\/b> <span style=\"font-weight: 400;\">La traduzione specializzata nell&#8217;ambito della moda \u00e8 vitale perch\u00e9 il settore possa svolgere normalmente le proprie attivit\u00e0. Ecco alcune delle particolarit\u00e0  <\/span><b>delle traduzioni specializzate nell&#8217;ambito della moda.<\/b><\/p>\n<h2 style=\"text-align: center;\"><b>Servizi di traduzione per il settore della moda<\/b><\/h2>\n<p><span style=\"font-weight: 400;\">La moda \u00e8 un settore con una chiara tendenza alla globalizzazione. Per questo motivo, molte marche ricorrono a servizi di <strong>traduzione specializzate in moda e cosmetica<\/strong> <\/span><b> <\/b><span style=\"font-weight: 400;\">per internazionalizzare i propri prodotti. Le grandi aziende del settore operano in numerosi paesi e necessitano adattare i propri contenuti alle lingue locali. Questo vale anche per le piccole imprese che iniziano a espandersi a livello internazionale. In questi casi, il supporto della traduzione \u00e8 fondamentale per potersi espandere.   <\/span><\/p>\n<p><span style=\"font-weight: 400;\">Inoltre, la traduzione ricopre un ruolo fondamentale durante la fase di produzione. Ad esempio, per quanto riguarda l&#8217;importazione di materia prima. Molte imprese ricorrono a un   <\/span><b>traduttore di moda<\/b> <span style=\"font-weight: 400;\">per negoziare con i fornitori locali e completare le transazioni.<\/span><\/p>\n<p><span style=\"font-weight: 400;\">Allo stesso modo, nel settore della moda sono comuni eventi come sfilate o<\/span> <i><span style=\"font-weight: 400;\">showroom<\/span><\/i><span style=\"font-weight: 400;\">, caratterizzati da un&#8217;ambiente internazionale. Per questo tipo di eventi in presenza \u00e8 necessario disporre di interpreti che abbiano familiarit\u00e0 con la moda e il settore tessile. <\/span><\/p>\n<h3 style=\"text-align: center;\"><b>Vantaggi della traduzione nel settore della moda<\/b><\/h3>\n<p><span style=\"font-weight: 400;\">Come gi\u00e0 detto, offriamo<strong> servizi di traduzione nel campo della moda e della cosmetica<\/strong><\/span><span style=\"font-weight: 400;\"> che apportano numerosi vantaggi per le aziende. Non solo permette di internazionalizzare il prodotto, ma \u00e8 anche fondamentale durante la produzione e l&#8217;acquisizione di materiali. <\/span><\/p>\n<p><span style=\"font-weight: 400;\">La <a href=\"https:\/\/es.wikipedia.org\/wiki\/Traducci%C3%B3n\" target=\"_blank\" rel=\"noopener\">traduzione <\/a>nel settore della moda si caratterizza per impiegare un linguaggio molto specializzato. Il  <\/span><b>traduttore specializzato in questo ambito <\/b><span style=\"font-weight: 400;\">deve lavorare con concetti tecnici relativi a tessuti, cuciture e materiali, tra gli altri. Pertanto, \u00e8 di vitale importanza conoscere il settore e il suo linguaggio per evitare imprecisioni. <\/span><\/p>\n<p><span style=\"font-weight: 400;\">Allo stesso modo, il traduttore deve cogliere l&#8217;immagine e l&#8217;essenza del marchio e trasmetterle attraverso le sue traduzioni. Questo \u00e8 particolarmente rilevante nelle traduzioni con intenti pubblicitari e nelle campagne di marketing. Qui non si devono considerare solo gli aspetti tecnici; entra in gioco anche il fattore creativo.  <\/span><\/p>\n<p><span style=\"font-weight: 400;\">Per tutti questi motivi, \u00e8 necessario lavorare con i migliori professionisti del settore. In Translinguo, agenzia di traduzione ufficiale, disponiamo di traduttori specializzati nel settore della moda. Grazie al nostro team, il tuo progetto potr\u00e0 raggiungere molte pi\u00f9 persone, indipendentemente dalla lingua che parlano. La nostra esperienza e la volont\u00e0 di offrire il miglior servizio ai nostri clienti ci contraddistinguono.   <\/span><\/p>\n<h3 style=\"text-align: center;\"><b>Tipi di servizi di traduzione nel settore della moda e della cosmetica<\/b><\/h3>\n<p><span style=\"font-weight: 400;\">La traduzione nel settore della moda \u00e8 necessaria in molti ambiti diversi. Il traduttore deve tenere conto delle peculiarit\u00e0 dei materiali da tradurre e adattarsi ad esse.  <\/span><\/p>\n<p><span style=\"font-weight: 400;\">Le <\/span><b>traduzioni di moda<\/b><span style=\"font-weight: 400;\"> pi\u00f9 frequenti sono:<\/span><\/p>\n<ul>\n<li style=\"font-weight: 400;\" aria-level=\"1\"><a href=\"https:\/\/translinguoglobal.com\/it\/servizi-di-traduzione-per-le-commerce\/\"><span style=\"font-weight: 400;\">Traduzione di <\/span><i><span style=\"font-weight: 400;\">e-commerce<\/span><\/i><\/a><\/li>\n<li style=\"font-weight: 400;\" aria-level=\"1\"><span style=\"font-weight: 400;\">Traduzione delle etichette<\/span><\/li>\n<li style=\"font-weight: 400;\" aria-level=\"1\"><span style=\"font-weight: 400;\">Traduzione della cartellonistica per vetrine<\/span><\/li>\n<li style=\"font-weight: 400;\" aria-level=\"1\"><span style=\"font-weight: 400;\">Traduzione delle descrizioni dei capi d&#8217;abbigliamento<\/span><\/li>\n<li style=\"font-weight: 400;\" aria-level=\"1\"><a href=\"https:\/\/translinguoglobal.com\/it\/servizi-di-traduzione-di-siti-web\/\"><span style=\"font-weight: 400;\">Traduzione di siti web<\/span><\/a><\/li>\n<li style=\"font-weight: 400;\" aria-level=\"1\"><a href=\"https:\/\/translinguoglobal.com\/it\/servizi-di-traduzione-pubblicitaria-2\/\"><span style=\"font-weight: 400;\">Traduzione delle campagne di <\/span><i><span style=\"font-weight: 400;\">marketing<\/span><\/i><\/a><\/li>\n<li style=\"font-weight: 400;\" aria-level=\"1\"><span style=\"font-weight: 400;\">Traduzione di comunicati<\/span><\/li>\n<li style=\"font-weight: 400;\" aria-level=\"1\"><a href=\"https:\/\/translinguoglobal.com\/la-traduccion-de-las-redes-sociales\/\"><span style=\"font-weight: 400;\">Traduzione dei contenuti dei social media<\/span><\/a><\/li>\n<li style=\"font-weight: 400;\" aria-level=\"1\"><span style=\"font-weight: 400;\">Traduzione di cataloghi di collezioni<\/span><\/li>\n<\/ul>\n<p><span style=\"font-weight: 400;\">Inoltre, \u00e8 importante sottolineare il ruolo dell&#8217;interpretazione in eventi come sfilate,<\/span> <i><span style=\"font-weight: 400;\">showroom <\/span><\/i><span style=\"font-weight: 400;\">e<\/span> <i><span style=\"font-weight: 400;\">fashion week<\/span><\/i><span style=\"font-weight: 400;\">.<\/span><\/p>\n<h3 style=\"text-align: center;\"><b>Domande frequenti sul servizio di traduzione per la moda<\/b><\/h3>\n<p><span style=\"font-weight: 400;\">I <strong>servizi di traduzione per la moda e cosmetica<\/strong><\/span><span style=\"font-weight: 400;\"> sono innovativi nel settore dei servizi di traduzione. Perci\u00f2, lavorare con traduttori professionisti ed esperti in questo tipo di contenuti \u00e8 una garanzia di qualit\u00e0. <\/span><\/p>\n<p><span style=\"font-weight: 400;\">Se ancora non conosci i benefici che la traduzione di moda pu\u00f2 apportare al tuo business, non esitare a contattare Translinguo. Siamo qui per risolvere tutte le tue domande. <\/span><\/p>\n","protected":false},"excerpt":{"rendered":"<p>Servizi di traduzione per il settore della moda e della cosmetica Il settore della moda fa girare miliardi di euro ogni anno, sia in Spagna che all&#8217;estero. Si tratta inoltre di un settore altamente globalizzato, in cui le novit\u00e0 si spostano rapidamente da un Paese all&#8217;altro. Le grandi firme della moda commercializzano i propri prodotti [&hellip;]<\/p>\n","protected":false},"author":3,"featured_media":69028,"parent":0,"menu_order":0,"comment_status":"closed","ping_status":"closed","template":"elementor_header_footer","meta":{"_crdt_document":"","inline_featured_image":false,"site-sidebar-layout":"no-sidebar","site-content-layout":"page-builder","ast-site-content-layout":"full-width-container","site-content-style":"default","site-sidebar-style":"default","ast-global-header-display":"","ast-banner-title-visibility":"","ast-main-header-display":"","ast-hfb-above-header-display":"","ast-hfb-below-header-display":"","ast-hfb-mobile-header-display":"","site-post-title":"disabled","ast-breadcrumbs-content":"","ast-featured-img":"disabled","footer-sml-layout":"","ast-disable-related-posts":"","theme-transparent-header-meta":"default","adv-header-id-meta":"","stick-header-meta":"","header-above-stick-meta":"","header-main-stick-meta":"","header-below-stick-meta":"","astra-migrate-meta-layouts":"default","ast-page-background-enabled":"default","ast-page-background-meta":{"desktop":{"background-color":"var(--ast-global-color-4)","background-image":"","background-repeat":"repeat","background-position":"center center","background-size":"auto","background-attachment":"scroll","background-type":"","background-media":"","overlay-type":"","overlay-color":"","overlay-opacity":"","overlay-gradient":""},"tablet":{"background-color":"","background-image":"","background-repeat":"repeat","background-position":"center center","background-size":"auto","background-attachment":"scroll","background-type":"","background-media":"","overlay-type":"","overlay-color":"","overlay-opacity":"","overlay-gradient":""},"mobile":{"background-color":"","background-image":"","background-repeat":"repeat","background-position":"center center","background-size":"auto","background-attachment":"scroll","background-type":"","background-media":"","overlay-type":"","overlay-color":"","overlay-opacity":"","overlay-gradient":""}},"ast-content-background-meta":{"desktop":{"background-color":"var(--ast-global-color-5)","background-image":"","background-repeat":"repeat","background-position":"center center","background-size":"auto","background-attachment":"scroll","background-type":"","background-media":"","overlay-type":"","overlay-color":"","overlay-opacity":"","overlay-gradient":""},"tablet":{"background-color":"var(--ast-global-color-5)","background-image":"","background-repeat":"repeat","background-position":"center center","background-size":"auto","background-attachment":"scroll","background-type":"","background-media":"","overlay-type":"","overlay-color":"","overlay-opacity":"","overlay-gradient":""},"mobile":{"background-color":"var(--ast-global-color-5)","background-image":"","background-repeat":"repeat","background-position":"center center","background-size":"auto","background-attachment":"scroll","background-type":"","background-media":"","overlay-type":"","overlay-color":"","overlay-opacity":"","overlay-gradient":""}},"footnotes":""},"class_list":["post-83601","page","type-page","status-publish","has-post-thumbnail","hentry"],"_links":{"self":[{"href":"https:\/\/translinguoglobal.com\/it\/wp-json\/wp\/v2\/pages\/83601","targetHints":{"allow":["GET"]}}],"collection":[{"href":"https:\/\/translinguoglobal.com\/it\/wp-json\/wp\/v2\/pages"}],"about":[{"href":"https:\/\/translinguoglobal.com\/it\/wp-json\/wp\/v2\/types\/page"}],"author":[{"embeddable":true,"href":"https:\/\/translinguoglobal.com\/it\/wp-json\/wp\/v2\/users\/3"}],"replies":[{"embeddable":true,"href":"https:\/\/translinguoglobal.com\/it\/wp-json\/wp\/v2\/comments?post=83601"}],"version-history":[{"count":0,"href":"https:\/\/translinguoglobal.com\/it\/wp-json\/wp\/v2\/pages\/83601\/revisions"}],"wp:featuredmedia":[{"embeddable":true,"href":"https:\/\/translinguoglobal.com\/it\/wp-json\/wp\/v2\/media\/69028"}],"wp:attachment":[{"href":"https:\/\/translinguoglobal.com\/it\/wp-json\/wp\/v2\/media?parent=83601"}],"curies":[{"name":"wp","href":"https:\/\/api.w.org\/{rel}","templated":true}]}}