{"id":83454,"date":"2025-03-06T13:23:37","date_gmt":"2025-03-06T12:23:37","guid":{"rendered":"https:\/\/translinguoglobal.com\/agenzia-di-traduzione-di-italiano\/"},"modified":"2025-03-06T13:23:37","modified_gmt":"2025-03-06T12:23:37","slug":"agenzia-di-traduzione-di-italiano","status":"publish","type":"page","link":"https:\/\/translinguoglobal.com\/it\/agenzia-di-traduzione-di-italiano\/","title":{"rendered":"Agenzia di traduzione di italiano"},"content":{"rendered":"<h2 style=\"text-align: center;\">Agenzia di traduzione di italiano<\/h2>\n<p>Azienda di traduzione di <a href=\"https:\/\/es.wikipedia.org\/wiki\/Idioma_italiano\" target=\"_blank\" rel=\"noopener\">italiano<\/a>. L\u2019italiano appartiene alla famiglia delle lingue romanze, insieme al francese, al portoghese, allo spagnolo, al catalano e molte altre. \u00c8 importante sottolineare che, senza poeti siciliani come Dante Alighieri, Francesco Petrarca o Giovanni Boccaccio, l\u2019evoluzione dell\u2019italiano sarebbe stata pi\u00f9 lenta. Attualmente, l\u2019italiano conta oltre 62 milioni di parlanti in tutto il mondo. Fattori come questi contribuiscono ad aumentare la domanda di un\u2019azienda di traduzione di italiano in grado di offrire servizi professionali e di alta qualit\u00e0.    <\/p>\n<h2 style=\"text-align: center;\"><strong>Traduzione dall&#8217;italiano allo spagnolo<\/strong><\/h2>\n<p>Uno dei vantaggi che possiede l&#8217;Italia per la realizzazione di traduzioni dall&#8217;italiano \u00e8 la sua vicinanza geografica. Inoltre, \u00e8 un paese influente grazie alla sua politica, economia, cultura e alla sua posizione strategica. <\/p>\n<p><a href=\"https:\/\/translinguoglobal.com\/empresa-de-traduccion-en-espana-ads\/\">Spagna <\/a>e Italia mantengono costanti relazioni commerciali vantaggiose per entrambi i paesi. Grazie a questo stretto legame, nasce la necessit\u00e0 di affidarsi a un\u2019agenzia di traduzione dall\u2019italiano. <\/p>\n<p>Anche se l&#8217;italiano e lo spagnolo sono lingue molto simili, non bisogna dare nulla per scontato. Per garantire una traduzione di qualit\u00e0 in italiano, \u00e8 fondamentale affidarsi a traduttori professionisti all&#8217;interno di un&#8217;azienda specializzata in traduzioni dall\u2019italiano.<br \/>Non \u00e8 lo stesso affidare una traduzione a un traduttore automatico rispetto a un professionista qualificato.  <\/p>\n<p>Per questo motivo, nelle agenzie di <a href=\"https:\/\/es.wikipedia.org\/wiki\/Traducci%C3%B3n\" target=\"_blank\" rel=\"noopener\">traduzione <\/a>di italiano come <a href=\"https:\/\/translinguoglobal.com\/it\/\">TRANSLINGUO GLOBAL<\/a>, disponiamo di professionisti qualificati nella traduzione dall&#8217;italiano in vari settori.<br \/>Se ha bisogno di una traduzione dall&#8217;italiano, non esitare a contattarci e richiedere un preventivo. Saremo felici di assisterti con servizi di alta qualit\u00e0! <\/p>\n<h2 style=\"text-align: center;\"><strong>Caratteristiche dell&#8217;Italiano<\/strong><\/h2>\n<p>Appartenendo alle lingue indoeuropee, l&#8217;italiano \u00e8 simile al francese, poich\u00e9 ha origine dalla combinazione di diversi dialetti. Sebbene questa lingua presenti molte somiglianze con lo spagnolo e il francese, \u00e8 importante sottolineare alcune peculiarit\u00e0 che possono rendere pi\u00f9 complesso il processo di interpretazione in un&#8217;azienda di traduzione di italiano: <\/p>\n<ul>\n<li style=\"list-style-type: none;\">\n<ul>\n<li>Le uniche lettere che non appartengono all&#8217;alfabeto italiano sono la K, J, W, X e Y.<\/li>\n<li>In italiano, invece di formare il passato aggiungendo -s o -es (come in spagnolo), si aggiunge -i o -e, a seconda della coniugazione del verbo. <\/li>\n<li>Questa lingua condivide l&#8217;89% del suo vocabolario con il francese, motivo per cui la traduzione dall&#8217;italiano risulta cos\u00ec scorrevole e intuitiva.<\/li>\n<li>Lingua e dialetto. Si stima che esistano circa 30 dialetti italiani. Tra tutte le varianti dell\u2019italiano, la pi\u00f9 parlata \u00e8 il napoletano, con circa cinque milioni di parlanti.  <\/li>\n<li>Lingua ufficiale. L&#8217;italiano \u00e8 diventato una lingua ufficiale solo nel XX secolo. <\/li>\n<li>La parola pi\u00f9 lunga in italiano \u00e8 &#8220;Sovramagnificentissimamente&#8221;, che significa &#8220;molto pi\u00f9 che magnificamente&#8221;.<\/li>\n<\/ul>\n<\/li>\n<\/ul>\n<p><span style=\"font-weight: 400;\">Nella nostra agenzia disponiamo di un team di traduttori altamente qualificati, dotati di eccellenti capacit\u00e0 di ricerca e analisi, fondamentali per garantire una traduzione accurata e di qualit\u00e0.<br \/>Per questo, se stai cercando  <\/span>un&#8217;<b>agenzia di traduzione,<\/b><span style=\"font-weight: 400;\"> stai al posto giusto nel momento giusto.<\/span><\/p>\n<p>La nostra priorit\u00e0 \u00e8 assicurarci che tu sia soddisfatto, per questo noi di Translinguo vogliamo il meglio per te! Non esitare a contattarci e riceverai il trattamento che meriti, ti assisteremo e ti accompagneremo durante tutto il processo del servizio di traduzione che necessiti!<\/p>\n<p><span style=\"font-weight: 400;\">Garantiamo la professionalit\u00e1 dei nostri traduttori e revisori. Traduttori madrelingue e specializzati.  Abbiamo un team di traduttori sparsi per tutto il mondo, che ci permette di offrire servizi di traduzione specializzati in qualsiasi fuso orario. Possiamo quindi dire che lavoriamo 24 ore su 24, 7 giorni su 7. <\/span><\/p>\n<p>Visita i nostri profili su <a title=\"Translinguo Global\" href=\"https:\/\/www.facebook.com\/translinguoglobal\" target=\"_blank\" rel=\"noopener\">Facebook<\/a>, <a title=\"Translinguo Global\" href=\"https:\/\/www.instagram.com\/translinguoglobal\/\" target=\"_blank\" rel=\"noopener\">Instagram<\/a> y <a title=\"Trasnslinguo Global\" href=\"https:\/\/es.linkedin.com\/company\/agencia-de-traduccion-translinguo-global\" target=\"_blank\" rel=\"noopener\">Linkedin<\/a><\/p>\n","protected":false},"excerpt":{"rendered":"<p>Un&#8217;agenzia di traduzione di italiano \u00e8 molto richiesta, poich\u00e9 l&#8217;Italia \u00e8 un paese altamente influente a livello economico, culturale e commerciale.<\/p>\n","protected":false},"author":3,"featured_media":68899,"parent":0,"menu_order":0,"comment_status":"closed","ping_status":"closed","template":"","meta":{"_crdt_document":"","inline_featured_image":false,"site-sidebar-layout":"default","site-content-layout":"default","ast-site-content-layout":"default","site-content-style":"default","site-sidebar-style":"default","ast-global-header-display":"","ast-banner-title-visibility":"","ast-main-header-display":"","ast-hfb-above-header-display":"","ast-hfb-below-header-display":"","ast-hfb-mobile-header-display":"","site-post-title":"","ast-breadcrumbs-content":"","ast-featured-img":"","footer-sml-layout":"","ast-disable-related-posts":"","theme-transparent-header-meta":"default","adv-header-id-meta":"","stick-header-meta":"","header-above-stick-meta":"","header-main-stick-meta":"","header-below-stick-meta":"","astra-migrate-meta-layouts":"default","ast-page-background-enabled":"default","ast-page-background-meta":{"desktop":{"background-color":"var(--ast-global-color-4)","background-image":"","background-repeat":"repeat","background-position":"center center","background-size":"auto","background-attachment":"scroll","background-type":"","background-media":"","overlay-type":"","overlay-color":"","overlay-opacity":"","overlay-gradient":""},"tablet":{"background-color":"","background-image":"","background-repeat":"repeat","background-position":"center center","background-size":"auto","background-attachment":"scroll","background-type":"","background-media":"","overlay-type":"","overlay-color":"","overlay-opacity":"","overlay-gradient":""},"mobile":{"background-color":"","background-image":"","background-repeat":"repeat","background-position":"center center","background-size":"auto","background-attachment":"scroll","background-type":"","background-media":"","overlay-type":"","overlay-color":"","overlay-opacity":"","overlay-gradient":""}},"ast-content-background-meta":{"desktop":{"background-color":"var(--ast-global-color-5)","background-image":"","background-repeat":"repeat","background-position":"center center","background-size":"auto","background-attachment":"scroll","background-type":"","background-media":"","overlay-type":"","overlay-color":"","overlay-opacity":"","overlay-gradient":""},"tablet":{"background-color":"var(--ast-global-color-5)","background-image":"","background-repeat":"repeat","background-position":"center center","background-size":"auto","background-attachment":"scroll","background-type":"","background-media":"","overlay-type":"","overlay-color":"","overlay-opacity":"","overlay-gradient":""},"mobile":{"background-color":"var(--ast-global-color-5)","background-image":"","background-repeat":"repeat","background-position":"center center","background-size":"auto","background-attachment":"scroll","background-type":"","background-media":"","overlay-type":"","overlay-color":"","overlay-opacity":"","overlay-gradient":""}},"footnotes":""},"class_list":["post-83454","page","type-page","status-publish","has-post-thumbnail","hentry"],"_links":{"self":[{"href":"https:\/\/translinguoglobal.com\/it\/wp-json\/wp\/v2\/pages\/83454","targetHints":{"allow":["GET"]}}],"collection":[{"href":"https:\/\/translinguoglobal.com\/it\/wp-json\/wp\/v2\/pages"}],"about":[{"href":"https:\/\/translinguoglobal.com\/it\/wp-json\/wp\/v2\/types\/page"}],"author":[{"embeddable":true,"href":"https:\/\/translinguoglobal.com\/it\/wp-json\/wp\/v2\/users\/3"}],"replies":[{"embeddable":true,"href":"https:\/\/translinguoglobal.com\/it\/wp-json\/wp\/v2\/comments?post=83454"}],"version-history":[{"count":0,"href":"https:\/\/translinguoglobal.com\/it\/wp-json\/wp\/v2\/pages\/83454\/revisions"}],"wp:featuredmedia":[{"embeddable":true,"href":"https:\/\/translinguoglobal.com\/it\/wp-json\/wp\/v2\/media\/68899"}],"wp:attachment":[{"href":"https:\/\/translinguoglobal.com\/it\/wp-json\/wp\/v2\/media?parent=83454"}],"curies":[{"name":"wp","href":"https:\/\/api.w.org\/{rel}","templated":true}]}}