{"id":83452,"date":"2025-03-06T13:11:42","date_gmt":"2025-03-06T12:11:42","guid":{"rendered":"https:\/\/translinguoglobal.com\/servizio-di-traduzione-a-marbella\/"},"modified":"2025-03-06T13:11:42","modified_gmt":"2025-03-06T12:11:42","slug":"servizio-di-traduzione-a-marbella","status":"publish","type":"page","link":"https:\/\/translinguoglobal.com\/it\/servizio-di-traduzione-a-marbella\/","title":{"rendered":"Servizio di traduzione a Marbella"},"content":{"rendered":"<p>Servizio di traduzione a Marbella Oggi le aziende sanno che un ottimo servizio clienti \u00e8 essenziale per garantire la soddisfazione dei clienti. La grande domanda \u00e8: come riuscirci in un mondo cos\u00ec globalizzato e ricco di lingue diverse? Espandere il proprio business oltre i confini nazionali e svilupparlo a livello internazionale diventa un compito semplice se ci si affida a un esperto in traduzione. Per questo motivo, ti offriamo il nostro <strong>servizio di traduzione a <a href=\"https:\/\/es.wikipedia.org\/wiki\/Marbella\" target=\"_blank\" rel=\"noopener\">Marbella<\/a><\/strong>.<br \/>I nostri traduttori saranno i tuoi migliori alleati per evitare malintesi dovuti alle differenze linguistiche, assicurando una comunicazione chiara, efficace e professionale.     <\/p>\n<h3 style=\"text-align: center;\"><strong>Perch\u00e9 affidarsi a un servizio di traduzione a Marbella<\/strong><\/h3>\n<p>Affidarsi a un\u2019agenzia di traduzione \u00e8 la scelta migliore per fare affari senza preoccuparsi delle barriere linguistiche. Inoltre, una traduzione realizzata da un traduttore madrelingua e professionista \u00e8 la soluzione ideale per garantire un servizio di qualit\u00e0. Per questo motivo, scegliendo il nostro <strong>servizio di traduzione a Marbella<\/strong>, potrai lavorare con serenit\u00e0, senza timore di malintesi linguistici. I nostri traduttori lavorano sempre partendo dalla loro lingua madre, il che assicura un\u2019eccellente padronanza linguistica. Di conseguenza, sono pi\u00f9 efficienti e dispongono delle competenze necessarie per fornire una traduzione accurata e fedele al testo originale, adattata al contesto culturale di destinazione.    <\/p>\n<h3 style=\"text-align: center;\"><strong>Perch\u00e9 a Marbella?<\/strong><\/h3>\n<p>Marbella \u00e8 una delle citt\u00e0 pi\u00f9 turistiche della Spagna, con 555.342 turisti stranieri nel 2019. Grazie all\u2019elevato afflusso di visitatori, che contribuiscono alla crescita economica della citt\u00e0, Marbella \u00e8 considerata un punto di riferimento a livello nazionale. Nel tempo, \u00e8 diventata una destinazione estiva esclusiva, frequentata ogni anno da numerose celebrit\u00e0. Di conseguenza, la citt\u00e0 \u00e8 strettamente legata al mercato immobiliare di lusso, rivolto in gran parte a clienti stranieri. Infatti, Marbella ospita proprietari provenienti da tutta Europa e persino da altre parti del mondo.    <\/p>\n<p>Essendo una citt\u00e0 fortemente orientata alla clientela straniera, \u00e8 fondamentale affidarsi a un esperto linguistico. Il nostro <strong>servizio di traduzione a Marbella <\/strong>ti offre traduzioni essenziali e di alta qualit\u00e0 per i tuoi affari. Ad esempio, possiamo aiutarti nella traduzione di contratti di acquisto di una casa o di contratti di locazione, garantendo precisione e conformit\u00e0 ai termini legali.  <\/p>\n<h3 style=\"text-align: center;\"><strong>Cosa offriamo nei nostri servizi<\/strong><\/h3>\n<p>Nella nostra agenzia troverai sia traduzioni generali che traduzioni specialistiche. Per questo offriamo servizi di: <\/p>\n<ul>\n<li><a href=\"https:\/\/translinguoglobal.com\/it\/traduzione-giurata\/\">Traduzione <span style=\"text-decoration: underline;\">giurata.<\/span><\/a><\/li>\n<li><a href=\"https:\/\/translinguoglobal.com\/it\/traduzione-di-documenti\/\">Traduzione <span style=\"text-decoration: underline;\">generale.<\/span><\/a><\/li>\n<li><a href=\"https:\/\/translinguoglobal.com\/traduccion-de-paginas-web\/\">Traduzione di <\/a><span style=\"text-decoration: underline;\">siti web<\/span><\/li>\n<li><span style=\"text-decoration: underline;\"><a href=\"https:\/\/translinguoglobal.com\/it\/servizio-di-localizzazione\/\">Localizazione.<\/a><\/span><\/li>\n<li><a href=\"https:\/\/translinguoglobal.com\/it\/servizio-di-traduzione-professionale\/\">Traduzione <span style=\"text-decoration: underline;\">specializzata<\/span><\/a>, in particolare nel settore alimentare e farmaceutico.<\/li>\n<\/ul>\n<p>Allo stesso modo, promuoviamo la cordialit\u00e0 e ci impegniamo a offrire un servizio di qualit\u00e0 per soddisfare al meglio le tue esigenze. Per raggiungere questo obiettivo: <\/p>\n<ul>\n<li>Diamo grande importanza alle tue esigenze e all&#8217;<strong>assistenza al cliente.<\/strong><\/li>\n<li>Rispettiamo i tempi di consegna: la <strong>puntualit\u00e0 <\/strong>\u00e8 uno dei nostri punti forti.<\/li>\n<li>Disponiamo di <strong>professionisti qualificati specializzati <\/strong>in diversi settori.<\/li>\n<\/ul>\n<p><strong>Affidati al nostro servizio di traduzione a Marbella! Non te ne pentirai. <\/strong><\/p>\n","protected":false},"excerpt":{"rendered":"<p>Servizio di traduzione a Marbella Oggi le aziende sanno che un ottimo servizio clienti \u00e8 essenziale per garantire la soddisfazione dei clienti. La grande domanda \u00e8: come riuscirci in un mondo cos\u00ec globalizzato e ricco di lingue diverse? Espandere il proprio business oltre i confini nazionali e svilupparlo a livello internazionale diventa un compito semplice [&hellip;]<\/p>\n","protected":false},"author":3,"featured_media":83453,"parent":0,"menu_order":0,"comment_status":"closed","ping_status":"closed","template":"","meta":{"_crdt_document":"","inline_featured_image":false,"site-sidebar-layout":"default","site-content-layout":"default","ast-site-content-layout":"default","site-content-style":"default","site-sidebar-style":"default","ast-global-header-display":"","ast-banner-title-visibility":"","ast-main-header-display":"","ast-hfb-above-header-display":"","ast-hfb-below-header-display":"","ast-hfb-mobile-header-display":"","site-post-title":"","ast-breadcrumbs-content":"","ast-featured-img":"","footer-sml-layout":"","ast-disable-related-posts":"","theme-transparent-header-meta":"default","adv-header-id-meta":"","stick-header-meta":"","header-above-stick-meta":"","header-main-stick-meta":"","header-below-stick-meta":"","astra-migrate-meta-layouts":"default","ast-page-background-enabled":"default","ast-page-background-meta":{"desktop":{"background-color":"var(--ast-global-color-4)","background-image":"","background-repeat":"repeat","background-position":"center center","background-size":"auto","background-attachment":"scroll","background-type":"","background-media":"","overlay-type":"","overlay-color":"","overlay-opacity":"","overlay-gradient":""},"tablet":{"background-color":"","background-image":"","background-repeat":"repeat","background-position":"center center","background-size":"auto","background-attachment":"scroll","background-type":"","background-media":"","overlay-type":"","overlay-color":"","overlay-opacity":"","overlay-gradient":""},"mobile":{"background-color":"","background-image":"","background-repeat":"repeat","background-position":"center center","background-size":"auto","background-attachment":"scroll","background-type":"","background-media":"","overlay-type":"","overlay-color":"","overlay-opacity":"","overlay-gradient":""}},"ast-content-background-meta":{"desktop":{"background-color":"var(--ast-global-color-5)","background-image":"","background-repeat":"repeat","background-position":"center center","background-size":"auto","background-attachment":"scroll","background-type":"","background-media":"","overlay-type":"","overlay-color":"","overlay-opacity":"","overlay-gradient":""},"tablet":{"background-color":"var(--ast-global-color-5)","background-image":"","background-repeat":"repeat","background-position":"center center","background-size":"auto","background-attachment":"scroll","background-type":"","background-media":"","overlay-type":"","overlay-color":"","overlay-opacity":"","overlay-gradient":""},"mobile":{"background-color":"var(--ast-global-color-5)","background-image":"","background-repeat":"repeat","background-position":"center center","background-size":"auto","background-attachment":"scroll","background-type":"","background-media":"","overlay-type":"","overlay-color":"","overlay-opacity":"","overlay-gradient":""}},"footnotes":""},"class_list":["post-83452","page","type-page","status-publish","has-post-thumbnail","hentry"],"_links":{"self":[{"href":"https:\/\/translinguoglobal.com\/it\/wp-json\/wp\/v2\/pages\/83452","targetHints":{"allow":["GET"]}}],"collection":[{"href":"https:\/\/translinguoglobal.com\/it\/wp-json\/wp\/v2\/pages"}],"about":[{"href":"https:\/\/translinguoglobal.com\/it\/wp-json\/wp\/v2\/types\/page"}],"author":[{"embeddable":true,"href":"https:\/\/translinguoglobal.com\/it\/wp-json\/wp\/v2\/users\/3"}],"replies":[{"embeddable":true,"href":"https:\/\/translinguoglobal.com\/it\/wp-json\/wp\/v2\/comments?post=83452"}],"version-history":[{"count":0,"href":"https:\/\/translinguoglobal.com\/it\/wp-json\/wp\/v2\/pages\/83452\/revisions"}],"wp:featuredmedia":[{"embeddable":true,"href":"https:\/\/translinguoglobal.com\/it\/wp-json\/wp\/v2\/media\/83453"}],"wp:attachment":[{"href":"https:\/\/translinguoglobal.com\/it\/wp-json\/wp\/v2\/media?parent=83452"}],"curies":[{"name":"wp","href":"https:\/\/api.w.org\/{rel}","templated":true}]}}