{"id":83451,"date":"2025-03-06T12:48:03","date_gmt":"2025-03-06T11:48:03","guid":{"rendered":"https:\/\/translinguoglobal.com\/agenzia-di-traduzione-a-madrid\/"},"modified":"2025-06-16T09:34:26","modified_gmt":"2025-06-16T07:34:26","slug":"agenzia-di-traduzione-a-madrid","status":"publish","type":"page","link":"https:\/\/translinguoglobal.com\/it\/agenzia-di-traduzione-a-madrid\/","title":{"rendered":"Agenzia di traduzione a Madrid"},"content":{"rendered":"<p>Noi di <a href=\"https:\/\/translinguoglobal.com\/it\/\">Translinguo Global<\/a> siamo un&#8217;agenzia di traduzione specializzata con sede a Madrid. Le nostre specializzazioni sono la traduzione farmaceutica, alimentare e <a title=\"Traduzione giurata\" href=\"https:\/\/translinguoglobal.com\/it\/traduzione-giurata\/\" target=\"_blank\" rel=\"noopener\">giurata<\/a>. Tuttavia, siamo in grado di tradurre qualsiasi tipo di testo. Offriamo traduzioni professionali eseguite da traduttori professionisti.   <\/p>\n<p>Inoltre, puoi richiederci un preventivo senza impegno tramite il nostro sito web, e-mail o social network. Se preferisci, puoi anche richiedere una chiamata e parlare direttamente con un membro del nostro team. <\/p>\n<h2 style=\"text-align: center;\"><strong>Translinguo Global: la tua agenzia di traduzione a Madrid<\/strong><\/h2>\n<p>Translinguo Global \u00e8 un&#8217;agenzia di traduzione specializzata. Le nostre aree di specializzazione sono la traduzione farmaceutica, alimentare e <a title=\"Traduzione giurata\" href=\"https:\/\/translinguoglobal.com\/traduccion-jurada\/\" target=\"_blank\" rel=\"noopener\">giurata<\/a>. Tuttavia, siamo in grado di tradurre qualsiasi tipo di testo. Offriamo traduzioni professionali eseguite da traduttori professionisti.   <\/p>\n<p>Inoltre, puoi richiederci un preventivo senza impegno tramite il nostro sito web, e-mail o social network. Se preferisci, puoi anche richiedere una chiamata e parlare direttamente con un membro del nostro team. <\/p>\n<h2 style=\"text-align: center;\"><strong>Il nostro obiettivo principale \u00e8 la soddisfazione dei nostri clienti e la massima riservatezza nei loro confronti<\/strong><\/h2>\n<p>La nostra <strong>agenzia di traduzione a Madrid<\/strong> offre <strong>servizi di traduzione e <em>marketing <\/em> digitale<\/strong> in tutte le lingue, con oltre 100 clienti in diverse parti del mondo e un portfolio di pi\u00f9 di 2500 progetti completati. <\/p>\n<p>Disponiamo di <strong>professionisti madrelingua<\/strong> in tutte le lingue, specializzati in numerosi settori. Inoltre, il nostro metodo si basa sulla puntualit\u00e0, sulla massima qualit\u00e0 e su un uso impeccabile delle norme stilistiche attuali per ogni tipo di testo e lingua.<\/p>\n<p>Madrid ospita il 40% delle aziende straniere con sede in <a href=\"https:\/\/es.wikipedia.org\/wiki\/Espa%C3%B1a\" target=\"_blank\" rel=\"noopener\">Spagna<\/a>, circa 1.300. Partendo da questo dato, possiamo concludere che \u00e8 uno dei centri economici e commerciali pi\u00f9 importanti a livello mondiale ed europeo. Inoltre, molte startup spagnole si rivolgono a questa citt\u00e0 in cerca di investitori e opportunit\u00e0. In un contesto come questo, \u00e8 di vitale importanza disporre di un servizio di traduzione professionale, come quello offerto dalla nostra <strong>agenzia di traduzione a Madrid. <\/strong>   <\/p>\n<h2 style=\"text-align: center;\"><strong>L&#8217;importanza di affidarsi a traduttori professionisti<\/strong><\/h2>\n<p>Non permetteresti mai una persona qualunque di eseguire un intervento chirurgico su di te, giusto? Allo stesso modo, cos\u00ec come un chirurgo deve essere un professionista qualificato, con esperienza e vocazione, anche un traduttore professionista deve possedere queste qualit\u00e0. Nella nostra <strong>agenzia di traduzione a Madrid<\/strong>, avrai a disposizione traduttori professionisti e madrelingua. La loro padronanza delle lingue di lavoro garantisce traduzioni fluide e fedeli all\u2019originale. Inoltre, adatteranno il testo al nuovo mercato culturale, assicurandosi che mantenga le stesse funzioni e l\u2019efficacia del documento originale.    <\/p>\n<p>Tutti i nostri traduttori possiedono l\u2019esperienza necessaria e una conoscenza approfondita della materia che traducono. Quindi, non ti preoccupare: la terminologia e la precisione dei testi non saranno un problema. <\/p>\n<h3 style=\"text-align: center;\"><strong>Una buona traduzione: la chiave per ottenere nuovi clienti<\/strong><\/h3>\n<p>Il linguaggio \u00e8 il mezzo attraverso cui tutti ci esprimiamo e mostriamo chi siamo. Per un\u2019azienda, l\u2019uso del linguaggio \u00e8 parte integrante della sua immagine e rappresenta uno degli aspetti pi\u00f9 curati nel marketing. Nel contesto socioeconomico attuale, \u00e8 fondamentale che un&#8217;azienda vada oltre i propri confini geografici. Esistono migliaia di mercati da esplorare, clienti da raggiungere e nuovi prodotti e servizi da offrire. La nostra <strong> agenzia di traduzione a Madrid<\/strong> sar\u00e0 il ponte che collegher\u00e0 la tua azienda a questi mercati e clienti potenziali. Inoltre, potrai comprendere a livello culturale quali sono gli interessi e le esigenze dei tuoi nuovi clienti, permettendoti di sviluppare prodotti specifici per mercati mirati.     <\/p>\n<h3 style=\"text-align: center;\"><strong>Cosa offriamo con i nostri servizi<\/strong><\/h3>\n<p>La nostra <strong>agenzia di traduzione a Madrid <\/strong> offre un vasto assortimento di servizi. Da un lato, mettiamo a disposizione traduzioni multilingue di alta qualit\u00e0 in una moltitudine di settori. Possiamo supportarti nella traduzione di siti web, nella comunicazione aziendale e nel posizionamento SEO, contribuendo cos\u00ec alla vostra espansione internazionale. Inoltre, offriamo campagne di marketing multilingue, un elemento chiave per aumentare la visibilit\u00e0 della tua azienda e dei tuoi progetti a livello globale.   <\/p>\n<p>La nostra agenzia si occuper\u00e0 di qualsiasi tipo di traduzione, tra cui:<\/p>\n<ul>\n<li><a href=\"https:\/\/translinguoglobal.com\/it\/servizio-di-localizzazione\/\"><span style=\"text-decoration: underline;\">Siti web.<\/span><\/a><\/li>\n<li><a href=\"https:\/\/translinguoglobal.com\/it\/traduzione-giurata\/\"><span style=\"text-decoration: underline;\">Traduzione Giurata o Giuridica.<\/span><\/a><\/li>\n<li><a href=\"https:\/\/translinguoglobal.com\/it\/servizi-di-traduzione-per-il-settore-dellarchitettura-e-delledilizia\/\"><span style=\"text-decoration: underline;\">Tecnica.<\/span><\/a><\/li>\n<li><span style=\"text-decoration: underline;\"><a href=\"https:\/\/translinguoglobal.com\/it\/servizi-di-traduzione-pubblicitaria-2\/servicios-de-traduccion-publicitaria-2-2\/\">Pubblicitaria<\/a>.<\/span><\/li>\n<li><a href=\"https:\/\/translinguoglobal.com\/it\/servizi-di-traduzione-audiovisiva\/\"><span style=\"text-decoration: underline;\">Sottotitolazione di video.<\/span><\/a><\/li>\n<\/ul>\n<p>Ci occuperemo di qualsiasi tipo di formato. Te dovrai solo fornire il materiale nella tua lingua, e noi ci occuperemo di tutto il resto. <\/p>\n<h3 style=\"text-align: center;\"><strong>Translinguo Global: l&#8217;agenzia di traduzione a Madrid<\/strong><\/h3>\n<p>Noi di Translinguo Global, diamo la massima priorit\u00e0 alla qualit\u00e0 dei nostri servizi, motivo per cui tutti i nostri traduttori sono professionisti qualificati e madrelingua. Inoltre, garantiamo puntualit\u00e0 e rapidit\u00e0 nelle traduzioni. Offriamo un servizio personalizzato per ogni cliente, ascoltando e soddisfacendo le tue esigenze specifiche. Ad oggi, oltre 100 clienti hanno riposto la loro fiducia in noi e vantiamo pi\u00f9 di 2.500 progetti completati.   <\/p>\n<p>Questa esperienza ci ha posizionato come leader non solo nel settore della traduzione, ma anche in quello del marketing digitale, offrendo cos\u00ec un servizio &#8220;a 360 gradi&#8221; per i nostri clienti. Inoltre, grazie al nostro approccio vicino e personalizzato, abbiamo costruito con i nostri clienti un rapporto basato sulla trasparenza e sulla fiducia. <\/p>\n<p><strong>Con l\u2019aiuto di Translinguo Global, potrai parlare la lingua dei tuoi clienti. Non esitare a contattarci per richiedere un <a href=\"https:\/\/translinguoglobal.com\/it\/richiedi-un-preventivo-di-traduzione\/\">preventivo<\/a>. <\/strong><\/p>\n","protected":false},"excerpt":{"rendered":"<p>Noi di Translinguo Global siamo un&#8217;agenzia di traduzione specializzata con sede a Madrid. Le nostre specializzazioni sono la traduzione farmaceutica, alimentare e giurata. Tuttavia, siamo in grado di tradurre qualsiasi tipo di testo. Offriamo traduzioni professionali eseguite da traduttori professionisti. Inoltre, puoi richiederci un preventivo senza impegno tramite il nostro sito web, e-mail o social [&hellip;]<\/p>\n","protected":false},"author":3,"featured_media":68947,"parent":0,"menu_order":0,"comment_status":"closed","ping_status":"closed","template":"","meta":{"_crdt_document":"","inline_featured_image":false,"site-sidebar-layout":"default","site-content-layout":"default","ast-site-content-layout":"default","site-content-style":"default","site-sidebar-style":"default","ast-global-header-display":"","ast-banner-title-visibility":"","ast-main-header-display":"","ast-hfb-above-header-display":"","ast-hfb-below-header-display":"","ast-hfb-mobile-header-display":"","site-post-title":"","ast-breadcrumbs-content":"","ast-featured-img":"","footer-sml-layout":"","ast-disable-related-posts":"","theme-transparent-header-meta":"default","adv-header-id-meta":"","stick-header-meta":"","header-above-stick-meta":"","header-main-stick-meta":"","header-below-stick-meta":"","astra-migrate-meta-layouts":"default","ast-page-background-enabled":"default","ast-page-background-meta":{"desktop":{"background-color":"var(--ast-global-color-4)","background-image":"","background-repeat":"repeat","background-position":"center center","background-size":"auto","background-attachment":"scroll","background-type":"","background-media":"","overlay-type":"","overlay-color":"","overlay-opacity":"","overlay-gradient":""},"tablet":{"background-color":"","background-image":"","background-repeat":"repeat","background-position":"center center","background-size":"auto","background-attachment":"scroll","background-type":"","background-media":"","overlay-type":"","overlay-color":"","overlay-opacity":"","overlay-gradient":""},"mobile":{"background-color":"","background-image":"","background-repeat":"repeat","background-position":"center center","background-size":"auto","background-attachment":"scroll","background-type":"","background-media":"","overlay-type":"","overlay-color":"","overlay-opacity":"","overlay-gradient":""}},"ast-content-background-meta":{"desktop":{"background-color":"var(--ast-global-color-5)","background-image":"","background-repeat":"repeat","background-position":"center center","background-size":"auto","background-attachment":"scroll","background-type":"","background-media":"","overlay-type":"","overlay-color":"","overlay-opacity":"","overlay-gradient":""},"tablet":{"background-color":"var(--ast-global-color-5)","background-image":"","background-repeat":"repeat","background-position":"center center","background-size":"auto","background-attachment":"scroll","background-type":"","background-media":"","overlay-type":"","overlay-color":"","overlay-opacity":"","overlay-gradient":""},"mobile":{"background-color":"var(--ast-global-color-5)","background-image":"","background-repeat":"repeat","background-position":"center center","background-size":"auto","background-attachment":"scroll","background-type":"","background-media":"","overlay-type":"","overlay-color":"","overlay-opacity":"","overlay-gradient":""}},"footnotes":""},"class_list":["post-83451","page","type-page","status-publish","has-post-thumbnail","hentry"],"_links":{"self":[{"href":"https:\/\/translinguoglobal.com\/it\/wp-json\/wp\/v2\/pages\/83451","targetHints":{"allow":["GET"]}}],"collection":[{"href":"https:\/\/translinguoglobal.com\/it\/wp-json\/wp\/v2\/pages"}],"about":[{"href":"https:\/\/translinguoglobal.com\/it\/wp-json\/wp\/v2\/types\/page"}],"author":[{"embeddable":true,"href":"https:\/\/translinguoglobal.com\/it\/wp-json\/wp\/v2\/users\/3"}],"replies":[{"embeddable":true,"href":"https:\/\/translinguoglobal.com\/it\/wp-json\/wp\/v2\/comments?post=83451"}],"version-history":[{"count":1,"href":"https:\/\/translinguoglobal.com\/it\/wp-json\/wp\/v2\/pages\/83451\/revisions"}],"predecessor-version":[{"id":93636,"href":"https:\/\/translinguoglobal.com\/it\/wp-json\/wp\/v2\/pages\/83451\/revisions\/93636"}],"wp:featuredmedia":[{"embeddable":true,"href":"https:\/\/translinguoglobal.com\/it\/wp-json\/wp\/v2\/media\/68947"}],"wp:attachment":[{"href":"https:\/\/translinguoglobal.com\/it\/wp-json\/wp\/v2\/media?parent=83451"}],"curies":[{"name":"wp","href":"https:\/\/api.w.org\/{rel}","templated":true}]}}