{"id":83057,"date":"2025-02-28T14:41:09","date_gmt":"2025-02-28T13:41:09","guid":{"rendered":"https:\/\/translinguoglobal.com\/traduttore-professionista\/"},"modified":"2025-02-28T14:41:09","modified_gmt":"2025-02-28T13:41:09","slug":"traduttore-professionista","status":"publish","type":"page","link":"https:\/\/translinguoglobal.com\/it\/traduttore-professionista\/","title":{"rendered":"Traduttore professionista"},"content":{"rendered":"<h2 style=\"text-align: center;\">Traduttore professionista<\/h2>\n<p>Traduttore professionista. I traduttori professionisti possono lavorare come <em>freelance<\/em> o far parte del team di un&#8217;agenzia. Una delle caratteristiche pi\u00f9 importanti che un <strong>traduttore professionista<\/strong> deve possedere \u00e8 la fluidit\u00e0 nella lingua.  <\/p>\n<h3 style=\"text-align: center;\"><strong>Funzioni principali di un traduttore professionista<\/strong><\/h3>\n<p>La funzione principale di un <strong>traduttore professionista<\/strong> \u00e8 quella di tradurre testi di diverso tipo da una lingua a un&#8217;altra. Questi testi possono variare da libri, documenti legali, manuali fino a ricerche, sempre mantenendo il messaggio originale. Non solo \u00e8 essenziale trasmettere il messaggio originale, ma ci sono anche diverse altre funzioni che un traduttore professionista deve svolgere:  <\/p>\n<p>Analizzare a quale pubblico \u00e8 destinata la traduzione. Non \u00e8 la stessa cosa tradurre un testo in base al fatto che il pubblico sia generale, esperto del tema o specializzato. L&#8217;uso del linguaggio e del vocabolario non sar\u00e0 lo stesso. Non possiamo utilizzare tecnicismi se il pubblico \u00e8 generale, perch\u00e9 non comprender\u00e0 di cosa si sta parlando.   <\/p>\n<ul>\n<li>Adattare la traduzione: in molti casi \u00e8 necessario adattare le traduzioni in base alla lingua e alla cultura a cui \u00e8 destinata.<\/li>\n<li>Fare una ricerca preliminare alla traduzione: questa \u00e8 la parte di documentazione e raccolta delle informazioni necessarie per tradurre il testo.<\/li>\n<li>Creare glossari specializzati: \u00e8 molto importante creare un glossario con termini tecnici per rendere il lavoro pi\u00f9 efficace e veloce. Inoltre, ti d\u00e0 anche il vantaggio di familiarizzarti con la terminologia. <\/li>\n<li>Rivedere e correggere i documenti tradotti per assicurarsi che non ci siano errori.<\/li>\n<li>Il <strong>traduttore professionista<\/strong> si occupa di diverse funzioni affinch\u00e9 il suo lavoro risulti fruttuoso. Oltre alle funzioni menzionate in precedenza, deve gestire il tempo per rispettare i termini di consegna. <\/li>\n<\/ul>\n<h3 style=\"text-align: center;\"><strong>Traduzione professionale vs. Traduzione automatica<\/strong><\/h3>\n<p>Gli strumenti di traduzione automatica sono diversi dai dizionari <em>online <\/em> poich\u00e9 traducono frasi complete. In questo caso, bisogna chiedersi: perch\u00e9 oggi i traduttori automatici non ci hanno ancora sostituito? La differenza \u00e8 che tutti questi strumenti di traduzione automatica utilizzano la tecnologia e il software per tradurre un testo. Tuttavia, tutti questi strumenti di traduzione automatica non possiedono il fattore umano.   <\/p>\n<p>La traduzione professionale, essendo fatta da una persona, include fattori che un traduttore automatico non possiede. Questi fattori vanno dal registro, allo stile, all&#8217;adattamento fino alla qualit\u00e0 delle traduzioni. Un esempio chiaro \u00e8 la differenza che esiste tra la lingua spagnola della Spagna e quella dell&#8217;America Latina.  <\/p>\n<p>Il <strong>traduttore professionista<\/strong> specializzato non pu\u00f2 coprire tutti i settori perch\u00e9, umanamente, \u00e8 impossibile. La cosa pi\u00f9 comune \u00e8 che i traduttori professionisti si specializzino in un campo specifico in due lingue. Noi di <a href=\"https:\/\/translinguoglobal.com\/\">Translinguo Global <\/a> crediamo nella professionalit\u00e0 dei nostri traduttori specializzati, offrendo qualit\u00e0 alla traduzione. Inoltre, disponiamo di traduttori madrelingua specializzati in diversi ambiti.   <\/p>\n<p><span style=\"font-weight: 400;\">Noi di <\/span> <a href=\"https:\/\/translinguoglobal.com\/\"><span style=\"font-weight: 400;\">Translinguo<\/span><\/a> <span style=\"font-weight: 400;\">ti offriamo un&#8217;ampia gamma di <\/span> <b> servizi di traduzione<\/b> <span style=\"font-weight: 400;\">in base alle tue esigenze. Questa \u00e8 una risorsa imprescindibile per una comunicazione efficace nel mondo di oggi. Nella nostra agenzia abbiamo un team di traduttori altamente qualificati con le competenze di ricerca e analisi necessarie per una buona traduzione. Pertanto, se stai cercando   <\/span><b>un&#8217;agenzia di traduzione<\/b><span style=\"font-weight: 400;\">, stai nel posto giusto al momento giusto.<\/span><\/p>\n<p><span style=\"font-weight: 400;\">La nostra priorit\u00e0 \u00e8 assicurarci che tu sia soddisfatto, per questo noi di Translinguo vogliamo il meglio per te! Non esitare a contattarci e riceverai il trattamento che meriti, ti assisteremo e ti accompagneremo durante tutto il processo del servizio di traduzione che necessiti! <\/span><\/p>\n<p><span style=\"font-weight: 400;\">Garantiamo la professionalit\u00e1 dei nostri traduttori e revisori. Traduttori madrelingue e specializzati.  Abbiamo un team di traduttori sparsi per tutto il mondo, che ci permette di offrire servizi di traduzione specializzati in qualsiasi fuso orario. Possiamo quindi dire che lavoriamo 24 ore su 24, 7 giorni su 7. <\/span><\/p>\n","protected":false},"excerpt":{"rendered":"<p>Traduttore professionista Traduttore professionista. I traduttori professionisti possono lavorare come freelance o far parte del team di un&#8217;agenzia. Una delle caratteristiche pi\u00f9 importanti che un traduttore professionista deve possedere \u00e8 la fluidit\u00e0 nella lingua. Funzioni principali di un traduttore professionista La funzione principale di un traduttore professionista \u00e8 quella di tradurre testi di diverso tipo [&hellip;]<\/p>\n","protected":false},"author":3,"featured_media":100024,"parent":0,"menu_order":0,"comment_status":"closed","ping_status":"closed","template":"","meta":{"_crdt_document":"","inline_featured_image":false,"site-sidebar-layout":"default","site-content-layout":"default","ast-site-content-layout":"default","site-content-style":"default","site-sidebar-style":"default","ast-global-header-display":"","ast-banner-title-visibility":"","ast-main-header-display":"","ast-hfb-above-header-display":"","ast-hfb-below-header-display":"","ast-hfb-mobile-header-display":"","site-post-title":"","ast-breadcrumbs-content":"","ast-featured-img":"","footer-sml-layout":"","ast-disable-related-posts":"","theme-transparent-header-meta":"default","adv-header-id-meta":"","stick-header-meta":"","header-above-stick-meta":"","header-main-stick-meta":"","header-below-stick-meta":"","astra-migrate-meta-layouts":"default","ast-page-background-enabled":"default","ast-page-background-meta":{"desktop":{"background-color":"var(--ast-global-color-4)","background-image":"","background-repeat":"repeat","background-position":"center center","background-size":"auto","background-attachment":"scroll","background-type":"","background-media":"","overlay-type":"","overlay-color":"","overlay-opacity":"","overlay-gradient":""},"tablet":{"background-color":"","background-image":"","background-repeat":"repeat","background-position":"center center","background-size":"auto","background-attachment":"scroll","background-type":"","background-media":"","overlay-type":"","overlay-color":"","overlay-opacity":"","overlay-gradient":""},"mobile":{"background-color":"","background-image":"","background-repeat":"repeat","background-position":"center center","background-size":"auto","background-attachment":"scroll","background-type":"","background-media":"","overlay-type":"","overlay-color":"","overlay-opacity":"","overlay-gradient":""}},"ast-content-background-meta":{"desktop":{"background-color":"var(--ast-global-color-5)","background-image":"","background-repeat":"repeat","background-position":"center center","background-size":"auto","background-attachment":"scroll","background-type":"","background-media":"","overlay-type":"","overlay-color":"","overlay-opacity":"","overlay-gradient":""},"tablet":{"background-color":"var(--ast-global-color-5)","background-image":"","background-repeat":"repeat","background-position":"center center","background-size":"auto","background-attachment":"scroll","background-type":"","background-media":"","overlay-type":"","overlay-color":"","overlay-opacity":"","overlay-gradient":""},"mobile":{"background-color":"var(--ast-global-color-5)","background-image":"","background-repeat":"repeat","background-position":"center center","background-size":"auto","background-attachment":"scroll","background-type":"","background-media":"","overlay-type":"","overlay-color":"","overlay-opacity":"","overlay-gradient":""}},"footnotes":""},"class_list":["post-83057","page","type-page","status-publish","has-post-thumbnail","hentry"],"_links":{"self":[{"href":"https:\/\/translinguoglobal.com\/it\/wp-json\/wp\/v2\/pages\/83057","targetHints":{"allow":["GET"]}}],"collection":[{"href":"https:\/\/translinguoglobal.com\/it\/wp-json\/wp\/v2\/pages"}],"about":[{"href":"https:\/\/translinguoglobal.com\/it\/wp-json\/wp\/v2\/types\/page"}],"author":[{"embeddable":true,"href":"https:\/\/translinguoglobal.com\/it\/wp-json\/wp\/v2\/users\/3"}],"replies":[{"embeddable":true,"href":"https:\/\/translinguoglobal.com\/it\/wp-json\/wp\/v2\/comments?post=83057"}],"version-history":[{"count":0,"href":"https:\/\/translinguoglobal.com\/it\/wp-json\/wp\/v2\/pages\/83057\/revisions"}],"wp:featuredmedia":[{"embeddable":true,"href":"https:\/\/translinguoglobal.com\/it\/wp-json\/wp\/v2\/media\/100024"}],"wp:attachment":[{"href":"https:\/\/translinguoglobal.com\/it\/wp-json\/wp\/v2\/media?parent=83057"}],"curies":[{"name":"wp","href":"https:\/\/api.w.org\/{rel}","templated":true}]}}