{"id":82713,"date":"2025-02-24T12:03:33","date_gmt":"2025-02-24T11:03:33","guid":{"rendered":"https:\/\/translinguoglobal.com\/tariffe-di-traduzione\/"},"modified":"2025-02-24T12:03:38","modified_gmt":"2025-02-24T11:03:38","slug":"tariffe-di-traduzione","status":"publish","type":"page","link":"https:\/\/translinguoglobal.com\/it\/tariffe-di-traduzione\/","title":{"rendered":"Tariffe di traduzione"},"content":{"rendered":"\t\t<div data-elementor-type=\"wp-page\" data-elementor-id=\"82713\" class=\"elementor elementor-82713 elementor-34043\" data-elementor-post-type=\"page\">\n\t\t\t\t\t\t<section data-particle_enable=\"false\" data-particle-mobile-disabled=\"false\" class=\"elementor-section elementor-top-section elementor-element elementor-element-1454fd65 elementor-section-boxed elementor-section-height-default elementor-section-height-default\" data-id=\"1454fd65\" data-element_type=\"section\" data-e-type=\"section\">\n\t\t\t\t\t\t<div class=\"elementor-container elementor-column-gap-default\">\n\t\t\t\t\t<div class=\"elementor-column elementor-col-100 elementor-top-column elementor-element elementor-element-762491db\" data-id=\"762491db\" data-element_type=\"column\" data-e-type=\"column\">\n\t\t\t<div class=\"elementor-widget-wrap elementor-element-populated\">\n\t\t\t\t\t\t<div class=\"elementor-element elementor-element-5cae6272 elementor-widget elementor-widget-text-editor\" data-id=\"5cae6272\" data-element_type=\"widget\" data-e-type=\"widget\" data-widget_type=\"text-editor.default\">\n\t\t\t\t\t\t\t\t\t<h2>Tariffe di traduzione<\/h2>\n<p>Per la nostra agenzia, \u00e8 di fondamentale importanza offrire informazioni chiare e trasparenti su ciascuno dei nostri servizi. Per questo motivo, offriamo tariffe di traduzione competitive. <\/p>\n<p>Le nostre tariffe vengono stabilite in base al numero di parole nel documento originale, come \u00e8 solito fare nel settore della traduzione. In altri casi, i nostri clienti preferiscono invece poter usufruire di un servizio di traduzione continuo ed esclusivo. Pertanto, possiamo valutare la possibilit\u00e0 di stipulare accordi e contratti di collaborazione con una tariffa mensile fissa. Questa \u00e8 l&#8217;opzione pi\u00f9 vantaggiosa e competitiva per le aziende con un elevato volume di traduzioni.<br data-mce-bogus=\"1\">    <\/p>\n<p>Per maggiori informazioni riguardo le nostre tariffe di traduzione e contratti di collaborazione, contatta <a href=\"mailto:info@translinguoglobal.com\">info@translinguoglobal.com <\/a> o chiamaci al +34 656 35 27 41.<\/p>\n<p>Puoi anche visitare i nostri profili su <a href=\"https:\/\/www.facebook.com\/translinguoglobal\" target=\"_blank\" rel=\"noopener noreferrer\"><u>Facebook<\/u><\/a>, <a href=\"https:\/\/www.instagram.com\/translinguoglobal\/\" target=\"_blank\" rel=\"noopener noreferrer\"><u>Instagram<\/u><\/a> e <a href=\"https:\/\/es.linkedin.com\/company\/agencia-de-traduccion-translinguo-global\" target=\"_blank\" rel=\"noopener noreferrer\"><u>LinkedIn<\/u><\/a>. Se sei interessato a uno dei seguenti servizi, seleziona la combinazione linguistica che ti interessa:<\/p>\n\t\t\t\t\t\t\t\t<\/div>\n\t\t\t\t\t<\/div>\n\t\t<\/div>\n\t\t\t\t\t<\/div>\n\t\t<\/section>\n\t\t\t\t<section data-particle_enable=\"false\" data-particle-mobile-disabled=\"false\" class=\"elementor-section elementor-top-section elementor-element elementor-element-ecdcbc6 elementor-section-boxed elementor-section-height-default elementor-section-height-default\" data-id=\"ecdcbc6\" data-element_type=\"section\" data-e-type=\"section\">\n\t\t\t\t\t\t<div class=\"elementor-container elementor-column-gap-default\">\n\t\t\t\t\t<div class=\"elementor-column elementor-col-100 elementor-top-column elementor-element elementor-element-118cede\" data-id=\"118cede\" data-element_type=\"column\" data-e-type=\"column\">\n\t\t\t<div class=\"elementor-widget-wrap elementor-element-populated\">\n\t\t\t\t\t\t<div class=\"elementor-element elementor-element-6e3d03d elementor-tabs-view-horizontal elementor-widget elementor-widget-tabs\" data-id=\"6e3d03d\" data-element_type=\"widget\" data-e-type=\"widget\" data-widget_type=\"tabs.default\">\n\t\t\t\t\t\t\t<div class=\"elementor-tabs\">\n\t\t\t<div class=\"elementor-tabs-wrapper\" role=\"tablist\" >\n\t\t\t\t\t\t\t\t\t<div id=\"elementor-tab-title-1151\" class=\"elementor-tab-title elementor-tab-desktop-title\" aria-selected=\"true\" data-tab=\"1\" role=\"tab\" tabindex=\"0\" aria-controls=\"elementor-tab-content-1151\" aria-expanded=\"false\">Dallo spagnolo ad altre lingue<\/div>\n\t\t\t\t\t\t\t\t\t<div id=\"elementor-tab-title-1152\" class=\"elementor-tab-title elementor-tab-desktop-title\" aria-selected=\"false\" data-tab=\"2\" role=\"tab\" tabindex=\"-1\" aria-controls=\"elementor-tab-content-1152\" aria-expanded=\"false\">Da altre lingue allo spagnolo<\/div>\n\t\t\t\t\t\t\t\t\t<div id=\"elementor-tab-title-1153\" class=\"elementor-tab-title elementor-tab-desktop-title\" aria-selected=\"false\" data-tab=\"3\" role=\"tab\" tabindex=\"-1\" aria-controls=\"elementor-tab-content-1153\" aria-expanded=\"false\">Altre combinazioni linguistiche<\/div>\n\t\t\t\t\t\t\t<\/div>\n\t\t\t<div class=\"elementor-tabs-content-wrapper\" role=\"tablist\" aria-orientation=\"vertical\">\n\t\t\t\t\t\t\t\t\t<div class=\"elementor-tab-title elementor-tab-mobile-title\" aria-selected=\"true\" data-tab=\"1\" role=\"tab\" tabindex=\"0\" aria-controls=\"elementor-tab-content-1151\" aria-expanded=\"false\">Dallo spagnolo ad altre lingue<\/div>\n\t\t\t\t\t<div id=\"elementor-tab-content-1151\" class=\"elementor-tab-content elementor-clearfix\" data-tab=\"1\" role=\"tabpanel\" aria-labelledby=\"elementor-tab-title-1151\" tabindex=\"0\" hidden=\"false\"><p>Le tariffe qui indicate sono orientative. Tutti i preventivi sono soggetti a una valutazione preliminare del materiale da tradurre. Si tratta di tariffe per testi di complessit\u00e0 e di condizioni standard.  <\/p>\n<table width=\"100%\">\n<thead>\n<tr>\n<th>Combinazione linguistica <\/th>\n<th>Tariffa base per parola <\/th>\n<\/tr>\n<\/thead>\n<tbody>\n<tr>\n<td><a href=\"https:\/\/translinguoglobal.com\/traductor-de-ingles-espanol\/\">Traduzione dallo spagnolo all&#8217;inglese<\/a><\/td>\n<td style=\"text-align: center;\">0,05\u20ac<\/td>\n<\/tr>\n<tr>\n<td><a href=\"https:\/\/translinguoglobal.com\/traduccion-jurada-frances\/\">Traduzione dallo spagnolo al francese<\/a><\/td>\n<td style=\"text-align: center;\">0,06\u20ac <\/td>\n<\/tr>\n<tr>\n<td>Traduzione dallo spagnolo al portoghese<\/td>\n<td style=\"text-align: center;\">0,06\u20ac<\/td>\n<\/tr>\n<tr>\n<td>Traduzione dallo spagnolo all&#8217;italiano<\/td>\n<td style=\"text-align: center;\">0,07\u20ac <\/td>\n<\/tr>\n<tr>\n<td>Traduzione dallo spagnolo al tedesco<\/td>\n<td style=\"text-align: center;\">0,07\u20ac <\/td>\n<\/tr>\n<tr>\n<td>Traduzione dallo spagnolo al galiziano<\/td>\n<td style=\"text-align: center;\">0,06\u20ac <\/td>\n<\/tr>\n<tr>\n<td>Traduzione dallo spagnolo al cinese<\/td>\n<td style=\"text-align: center;\">0,12\u20ac <\/td>\n<\/tr>\n<tr>\n<td>Traduzione dallo spagnolo al giapponese<\/td>\n<td style=\"text-align: center;\">0,14\u20ac <\/td>\n<\/tr>\n<tr>\n<td>Traduzione dallo spagnolo all&#8217;arabo<\/td>\n<td style=\"text-align: center;\">0,10\u20ac <\/td>\n<\/tr>\n<tr>\n<td>Traduzione dallo spagnolo al polacco<\/td>\n<td style=\"text-align: center;\">0,08\u20ac <\/td>\n<\/tr>\n<tr>\n<td>Traduzione dallo spagnolo al russo<\/td>\n<td style=\"text-align: center;\">0,08\u20ac <\/td>\n<\/tr>\n<tr>\n<td>Traduzione dallo spagnolo al svedese<\/td>\n<td style=\"text-align: center;\"> 0,14\u20ac <\/td>\n<\/tr>\n<tr>\n<td>Traduzione dallo spagnolo al danese<\/td>\n<td style=\"text-align: center;\">0,12\u20ac <\/td>\n<\/tr>\n<tr>\n<td>Traduzione dallo spagnolo al norvegese<\/td>\n<td style=\"text-align: center;\">0,12\u20ac <\/td>\n<\/tr>\n<tr>\n<td>Traduzione dallo spagnolo al romeno<\/td>\n<td style=\"text-align: center;\">0,08\u20ac <\/td>\n<\/tr>\n<tr>\n<td>Traduzione dallo spagnolo all&#8217;olandese <\/td>\n<td style=\"text-align: center;\">0,12\u20ac <\/td>\n<\/tr>\n<tr>\n<td>Traduzione dallo spagnolo al fiammingo<\/td>\n<td style=\"text-align: center;\">0,12\u20ac <\/td>\n<\/tr>\n<tr>\n<td>Traduzione dallo spagnolo al catalano<\/td>\n<td style=\"text-align: center;\">0,07\u20ac <\/td>\n<\/tr>\n<tr>\n<td>Traduzione dallo spagnolo al finlandese<\/td>\n<td style=\"text-align: center;\">0,13\u20ac <\/td>\n<\/tr>\n<tr>\n<td> <\/td>\n<td style=\"text-align: center;\"><button><a style=\"color: #ffffff;\" href=\"https:\/\/translinguoglobal.com\/it\/richiedi-un-preventivo-di-traduzione\/\">Richiedi preventivo<\/a><\/button><\/td>\n<\/tr>\n<\/tbody>\n<\/table>\n<\/div>\n\t\t\t\t\t\t\t\t\t<div class=\"elementor-tab-title elementor-tab-mobile-title\" aria-selected=\"false\" data-tab=\"2\" role=\"tab\" tabindex=\"-1\" aria-controls=\"elementor-tab-content-1152\" aria-expanded=\"false\">Da altre lingue allo spagnolo<\/div>\n\t\t\t\t\t<div id=\"elementor-tab-content-1152\" class=\"elementor-tab-content elementor-clearfix\" data-tab=\"2\" role=\"tabpanel\" aria-labelledby=\"elementor-tab-title-1152\" tabindex=\"0\" hidden=\"hidden\"><p>Le tariffe qui indicate sono orientative. Tutti i preventivi sono soggetti a una valutazione preliminare del materiale da tradurre. Si tratta di tariffe per testi di complessit\u00e0 e di condizioni standard.  <\/p>\n<table width=\"100%\">\n<thead>\n<tr>\n<th>Combinazione linguistica<\/th>\n<th> Tariffa base per parola <\/th>\n<\/tr>\n<\/thead>\n<tbody>\n<tr>\n<td>Traduzione da inglese allo spagnolo<\/td>\n<td style=\"text-align: center;\">0,05\u20ac<\/td>\n<\/tr>\n<tr>\n<td>Traduzione dal francese allo spagnolo<\/td>\n<td style=\"text-align: center;\">0,06\u20ac <\/td>\n<\/tr>\n<tr>\n<td>Traduzione dal catalano allo spagnolo<\/td>\n<td style=\"text-align: center;\">0,06\u20ac <\/td>\n<\/tr>\n<tr>\n<td>Traduzione dall&#8217;italiano allo spagnolo<\/td>\n<td style=\"text-align: center;\">0,07\u20ac <\/td>\n<\/tr>\n<tr>\n<td>Traduzione dal galiziano allo spagnolo<\/td>\n<td style=\"text-align: center;\">0,06\u20ac <\/td>\n<\/tr>\n<tr>\n<td>Traduzione dal portoghese allo spagnolo<\/td>\n<td style=\"text-align: center;\">0,06\u20ac <\/td>\n<\/tr>\n<tr>\n<td>Traduzione dal tedesco allo spagnolo<\/td>\n<td style=\"text-align: center;\">0,08\u20ac <\/td>\n<\/tr>\n<tr>\n<td>Traduzione dall&#8217;arabo allo spagnolo <\/td>\n<td style=\"text-align: center;\">0,12\u20ac<\/td>\n<\/tr>\n<tr>\n<td>Traduzione dal polacco allo spagnolo<\/td>\n<td style=\"text-align: center;\">0,10\u20ac<\/td>\n<\/tr>\n<tr>\n<td>Traduzione dal russo allo spagnolo<\/td>\n<td style=\"text-align: center;\">0,10\u20ac<\/td>\n<\/tr>\n<tr>\n<td>Traduzione dallo svedese allo spagnolo<\/td>\n<td style=\"text-align: center;\">0,12\u20ac<\/td>\n<\/tr>\n<tr>\n<td>Traduzione dal danese allo spagnolo<\/td>\n<td style=\"text-align: center;\">0,12\u20ac<\/td>\n<\/tr>\n<tr>\n<td>Traduzione dal norvegese allo spagnolo<\/td>\n<td style=\"text-align: center;\">0,15\u20ac <\/td>\n<\/tr>\n<tr>\n<td>Traduzione dal romeno allo spagnolo<\/td>\n<td style=\"text-align: center;\">0,09\u20ac <\/td>\n<\/tr>\n<tr>\n<td>Traduzione dall&#8217;olandese allo spagnolo<\/td>\n<td style=\"text-align: center;\">0,12\u20ac<\/td>\n<\/tr>\n<tr>\n<td>Traduzione dallo spagnolo all&#8217;olandese <\/td>\n<td style=\"text-align: center;\">0,12\u20ac<\/td>\n<\/tr>\n<tr>\n<td>Traduzione dal fiammingo allo spagnolo<\/td>\n<td style=\"text-align: center;\">0,12\u20ac<\/td>\n<\/tr>\n<tr>\n<td>Traduzione dal cinese allo spagnolo<\/td>\n<td style=\"text-align: center;\">0,11\u20ac<\/td>\n<\/tr>\n<tr>\n<td>Traduzione dal giapponese allo spagnolo<\/td>\n<td style=\"text-align: center;\">0,16\u20ac<\/td>\n<\/tr>\n<tr>\n<td>Traduzione dal finlandese allo spagnolo<\/td>\n<td style=\"text-align: center;\">0,12\u20ac<\/td>\n<\/tr>\n<tr>\n<td><\/td>\n<td style=\"text-align: center;\"><button><a style=\"color: #ffffff;\" href=\"https:\/\/translinguoglobal.com\/it\/richiedi-un-preventivo-di-traduzione\/\">Richiedi preventivo<\/a><\/button><\/td>\n<\/tr>\n<\/tbody>\n<\/table>\n<\/div>\n\t\t\t\t\t\t\t\t\t<div class=\"elementor-tab-title elementor-tab-mobile-title\" aria-selected=\"false\" data-tab=\"3\" role=\"tab\" tabindex=\"-1\" aria-controls=\"elementor-tab-content-1153\" aria-expanded=\"false\">Altre combinazioni linguistiche<\/div>\n\t\t\t\t\t<div id=\"elementor-tab-content-1153\" class=\"elementor-tab-content elementor-clearfix\" data-tab=\"3\" role=\"tabpanel\" aria-labelledby=\"elementor-tab-title-1153\" tabindex=\"0\" hidden=\"hidden\"><p>Le tariffe qui indicate sono orientative. Tutti i preventivi sono soggetti a una valutazione preliminare del materiale da tradurre. Si tratta di tariffe per testi di complessit\u00e0 e di condizioni standard.  <\/p>\n<table width=\"100%\">\n<thead>\n<tr>\n<th>Combinazione linguistica<\/th>\n<th> Tariffa base per parola <\/th>\n<\/tr>\n<\/thead>\n<tbody>\n<tr>\n<td>Traduzione dall&#8217;inglese al francese<\/td>\n<td style=\"text-align: center;\">0,07\u20ac<\/td>\n<\/tr>\n<tr>\n<td>Traduzione dall&#8217;inglese al portoghese<\/td>\n<td style=\"text-align: center;\">0,06\u20ac <\/td>\n<\/tr>\n<tr>\n<td>Traduzione dal francese al portoghese<\/td>\n<td style=\"text-align: center;\">0,07\u20ac<\/td>\n<\/tr>\n<tr>\n<td>Traduzione dall&#8217;inglese all&#8217;italiano<\/td>\n<td style=\"text-align: center;\">0,07\u20ac<\/td>\n<\/tr>\n<tr>\n<td>Traduzione dall&#8217;inglese al cinese<\/td>\n<td style=\"text-align: center;\">0,13\u20ac <\/td>\n<\/tr>\n<tr>\n<td>Traduzione dall&#8217;inglese al giapponese<\/td>\n<td style=\"text-align: center;\">0,14\u20ac <\/td>\n<\/tr>\n<tr>\n<td>Traduzione dall&#8217;inglese al polacco<\/td>\n<td style=\"text-align: center;\">0,08\u20ac<\/td>\n<\/tr>\n<tr>\n<td>Traduzione dall&#8217;inglese al russo<\/td>\n<td style=\"text-align: center;\">0,09\u20ac <\/td>\n<\/tr>\n<tr>\n<td>Traduzione dall&#8217;inglese allo svedese <\/td>\n<td style=\"text-align: center;\">0,14\u20ac <\/td>\n<\/tr>\n<tr>\n<td>Traduzione dall&#8217;inglese al danese<\/td>\n<td style=\"text-align: center;\">0,14\u20ac <\/td>\n<\/tr>\n<tr>\n<td>Traduzione dall&#8217;inglese al norvegese<\/td>\n<td style=\"text-align: center;\">0,14\u20ac <\/td>\n<\/tr>\n<tr>\n<td>Traduzione dall&#8217;inglese al romeno<\/td>\n<td style=\"text-align: center;\"> 0,09\u20ac <\/td>\n<\/tr>\n<tr>\n<td>Traduzione dall&#8217;inglese all&#8217;olandese<\/td>\n<td style=\"text-align: center;\">0,12\u20ac <\/td>\n<\/tr>\n<tr>\n<td>Traduzione dall&#8217;inglese al fiammingo<\/td>\n<td style=\"text-align: center;\">0,16\u20ac <\/td>\n<\/tr>\n<tr>\n<td>Traduzione dal polacco all&#8217;inglese<\/td>\n<td style=\"text-align: center;\">0,13\u20ac <\/td>\n<\/tr>\n<tr>\n<td>Traduzione dal russo all&#8217;inglese <\/td>\n<td style=\"text-align: center;\">0,14\u20ac <\/td>\n<\/tr>\n<tr>\n<td>Traduzione dallo svedese all&#8217;inglese<\/td>\n<td style=\"text-align: center;\">0,15\u20ac <\/td>\n<\/tr>\n<tr>\n<td>Traduzione dal danese all&#8217;inglese<\/td>\n<td style=\"text-align: center;\">0,15\u20ac<\/td>\n<\/tr>\n<tr>\n<td>Traduzione dal norvegese all&#8217;inglese<\/td>\n<td style=\"text-align: center;\">0,15\u20ac<\/td>\n<\/tr>\n<tr>\n<td><\/td>\n<td style=\"text-align: center;\"><button><a style=\"color: #ffffff;\" href=\"https:\/\/translinguoglobal.com\/it\/richiedi-un-preventivo-di-traduzione\/\">Richiedi preventivo<\/a><\/button><\/td>\n<\/tr>\n<\/tbody>\n<\/table>\n<\/div>\n\t\t\t\t\t\t\t<\/div>\n\t\t<\/div>\n\t\t\t\t\t\t<\/div>\n\t\t\t\t\t<\/div>\n\t\t<\/div>\n\t\t\t\t\t<\/div>\n\t\t<\/section>\n\t\t\t\t<\/div>\n\t\t","protected":false},"excerpt":{"rendered":"<p>Tariffe di traduzione Per la nostra agenzia, \u00e8 di fondamentale importanza offrire informazioni chiare e trasparenti su ciascuno dei nostri servizi. Per questo motivo, offriamo tariffe di traduzione competitive. Le nostre tariffe vengono stabilite in base al numero di parole nel documento originale, come \u00e8 solito fare nel settore della traduzione. In altri casi, i [&hellip;]<\/p>\n","protected":false},"author":3,"featured_media":68717,"parent":0,"menu_order":0,"comment_status":"closed","ping_status":"closed","template":"","meta":{"_crdt_document":"","inline_featured_image":false,"site-sidebar-layout":"default","site-content-layout":"default","ast-site-content-layout":"default","site-content-style":"default","site-sidebar-style":"default","ast-global-header-display":"","ast-banner-title-visibility":"","ast-main-header-display":"","ast-hfb-above-header-display":"","ast-hfb-below-header-display":"","ast-hfb-mobile-header-display":"","site-post-title":"","ast-breadcrumbs-content":"","ast-featured-img":"","footer-sml-layout":"","ast-disable-related-posts":"","theme-transparent-header-meta":"default","adv-header-id-meta":"","stick-header-meta":"","header-above-stick-meta":"","header-main-stick-meta":"","header-below-stick-meta":"","astra-migrate-meta-layouts":"default","ast-page-background-enabled":"default","ast-page-background-meta":{"desktop":{"background-color":"var(--ast-global-color-4)","background-image":"","background-repeat":"repeat","background-position":"center center","background-size":"auto","background-attachment":"scroll","background-type":"","background-media":"","overlay-type":"","overlay-color":"","overlay-opacity":"","overlay-gradient":""},"tablet":{"background-color":"","background-image":"","background-repeat":"repeat","background-position":"center center","background-size":"auto","background-attachment":"scroll","background-type":"","background-media":"","overlay-type":"","overlay-color":"","overlay-opacity":"","overlay-gradient":""},"mobile":{"background-color":"","background-image":"","background-repeat":"repeat","background-position":"center center","background-size":"auto","background-attachment":"scroll","background-type":"","background-media":"","overlay-type":"","overlay-color":"","overlay-opacity":"","overlay-gradient":""}},"ast-content-background-meta":{"desktop":{"background-color":"var(--ast-global-color-5)","background-image":"","background-repeat":"repeat","background-position":"center center","background-size":"auto","background-attachment":"scroll","background-type":"","background-media":"","overlay-type":"","overlay-color":"","overlay-opacity":"","overlay-gradient":""},"tablet":{"background-color":"var(--ast-global-color-5)","background-image":"","background-repeat":"repeat","background-position":"center center","background-size":"auto","background-attachment":"scroll","background-type":"","background-media":"","overlay-type":"","overlay-color":"","overlay-opacity":"","overlay-gradient":""},"mobile":{"background-color":"var(--ast-global-color-5)","background-image":"","background-repeat":"repeat","background-position":"center center","background-size":"auto","background-attachment":"scroll","background-type":"","background-media":"","overlay-type":"","overlay-color":"","overlay-opacity":"","overlay-gradient":""}},"footnotes":""},"class_list":["post-82713","page","type-page","status-publish","has-post-thumbnail","hentry"],"_links":{"self":[{"href":"https:\/\/translinguoglobal.com\/it\/wp-json\/wp\/v2\/pages\/82713","targetHints":{"allow":["GET"]}}],"collection":[{"href":"https:\/\/translinguoglobal.com\/it\/wp-json\/wp\/v2\/pages"}],"about":[{"href":"https:\/\/translinguoglobal.com\/it\/wp-json\/wp\/v2\/types\/page"}],"author":[{"embeddable":true,"href":"https:\/\/translinguoglobal.com\/it\/wp-json\/wp\/v2\/users\/3"}],"replies":[{"embeddable":true,"href":"https:\/\/translinguoglobal.com\/it\/wp-json\/wp\/v2\/comments?post=82713"}],"version-history":[{"count":1,"href":"https:\/\/translinguoglobal.com\/it\/wp-json\/wp\/v2\/pages\/82713\/revisions"}],"predecessor-version":[{"id":82714,"href":"https:\/\/translinguoglobal.com\/it\/wp-json\/wp\/v2\/pages\/82713\/revisions\/82714"}],"wp:featuredmedia":[{"embeddable":true,"href":"https:\/\/translinguoglobal.com\/it\/wp-json\/wp\/v2\/media\/68717"}],"wp:attachment":[{"href":"https:\/\/translinguoglobal.com\/it\/wp-json\/wp\/v2\/media?parent=82713"}],"curies":[{"name":"wp","href":"https:\/\/api.w.org\/{rel}","templated":true}]}}