{"id":82385,"date":"2025-02-18T13:07:48","date_gmt":"2025-02-18T12:07:48","guid":{"rendered":"https:\/\/translinguoglobal.com\/informativa-sulla-privacy\/"},"modified":"2025-02-18T13:07:48","modified_gmt":"2025-02-18T12:07:48","slug":"informativa-sulla-privacy","status":"publish","type":"page","link":"https:\/\/translinguoglobal.com\/it\/informativa-sulla-privacy\/","title":{"rendered":"Informativa sulla Privacy"},"content":{"rendered":"<p><strong>INFORMATIVA SULLA PRIVACY<\/strong><\/p>\n<p>Quando avremo bisogno di ottenere informazioni da parte tua, ti chiederemo sempre di fornirle esplicitamente in modo volontario. I dati ottenuti tramite i moduli di raccolta dati del sito web o altre modalit\u00e0 saranno incorporati nei sistemi di trattamento di <strong>TRANSLINGUO CREATIVE GROUP S.L.<\/strong> <\/p>\n<p>Questo ente tratter\u00e0 i dati in modo confidenziale ed esclusivamente al fine di offrire i servizi richiesti, con tutte le garanzie legali e di sicurezza imposte dal Regolamento (UE) 2016\/679 del Parlamento Europeo e del Consiglio, del 27 aprile 2016, relativo alla protezione delle persone fisiche con riguardo al trattamento dei dati personali e alla libera circolazione di tali dati, e dalla Legge 34\/2002, dell&#8217;11 luglio, sui Servizi della Societ\u00e0 dell&#8217;Informazione e del Commercio Elettronico.<\/p>\n<p><strong>Chi \u00e8 il responsabile del trattamento dei tuoi dati?<\/strong><\/p>\n<ul>\n<li>Il responsabile \u00e8 <strong>TRANSLINGUO CREATIVE GROUP S.L.<\/strong><\/li>\n<li>Col seguente Numero di Partita Iva: <strong>B88509062<\/strong><\/li>\n<li>Con sede legale presso: <b>Calle de Jacometrezo, 15-17, 28013, piano 5, porta G, Madrid<\/b><\/li>\n<li>Indirizzo di posta elettronica<strong>: info@translinguoglobal.com<\/strong><\/li>\n<li>Registro mercantile: T 39680 , F 99, S 8, H M 705077, I\/A 1 (25.10.19)<\/li>\n<\/ul>\n<p><strong>A quale scopo trattiamo i tuoi dati personali?<\/strong><\/p>\n<p>Noi di <strong>TRANSLINGUO CREATIVE GROUP S.L.<\/strong>, trattiamo le informazioni che ci forniscono gli interessati in modo leale, lecito e trasparente, nel rispetto del regolamento UE 2016\/679 del 27 aprile del Parlamento Europeo e del Consiglio e della Legge 3\/2018 del 5 dicembre sulla protezione dei dati e la garanzia dei diritti digitali.<\/p>\n<p><strong><u>Se sei CLIENTE O UTENTE<\/u><\/strong><\/p>\n<p>Se sei un cliente o un utente, tratteremo le seguenti categorie di dati personali:<\/p>\n<ul>\n<li>dati identificativi (nome, cognome, codfice fiscale&#8230;);<\/li>\n<li>dati di contatto (indirizzo di posta elettronica, Whatsapp\u2026);<\/li>\n<li>dati bancari (numero di conto corrente, carta bancaria\u2026);<\/li>\n<li>altri dati (fornitici dal diretto interessato tramite moduli aperti o comunicazioni).<\/li>\n<\/ul>\n<p>Trattiamo i tuoi dati allo scopo di:<\/p>\n<ul>\n<li>gestire i servizi, informazioni e\/o prodotti richiesti;<\/li>\n<li>inviare comunicazioni di interesse (qualora l&#8217;interessato avesse fornito la dovuta autorizzazione);<\/li>\n<li>soddisfare gli obblighi legali applicabili al titolare.<\/li>\n<\/ul>\n<p><strong><u>Se sei IMPIEGATO o CANDIDATO<\/u><\/strong><\/p>\n<p>Se sei un impiegato o un candidato, tratteremo le seguenti categorie di informazioni:<\/p>\n<ul>\n<li>dati identificativi (nome, cognome, codfice fiscale&#8230;);<\/li>\n<li>dati inclusi nel curriculum vitae (studi, esperienza lavorativa, interessi\u2026);<\/li>\n<li>dati di contatto (indirizzo di posta elettronica, Whatsapp\u2026);<\/li>\n<li>dati bancari (numero di conto corrente, titolare, mandato SEPA);<\/li>\n<li>immagini;<\/li>\n<li>altri dati (fornitici dal diretto interessato tramite moduli aperti o comunicazioni).<\/li>\n<\/ul>\n<p>Trattiamo i tuoi dati allo scopo di:<\/p>\n<ul>\n<li>gestire i diritti e gli obblighi relativi al rapporto contrattuale;<\/li>\n<li>selezione dei candidati;<\/li>\n<li>uso, riproduzione o pubblicazione dell&#8217;immagine, del nome e della voce (qualora l&#8217;interessato avesse fornito la dovuta autorizzazione);<\/li>\n<li>soddisfare gli obblighi legali dell&#8217;azienda.<\/li>\n<\/ul>\n<p><strong><u>Se sei un FORNITORE della nostra azienda<\/u><\/strong><\/p>\n<p>Se sei un fornitore, tratteremo le seguenti categorie di dati personali:<\/p>\n<ul>\n<li>dati identificativi (nome, cognome, codfice fiscale&#8230;);<\/li>\n<li>dati di contatto (indirizzo di posta elettronica, Whatsapp\u2026);<\/li>\n<li>dati bancari (numero di contro corrente, fatturazione\u2026);<\/li>\n<li>altri dati (fornitici dal diretto interessato tramite moduli aperti o comunicazioni).<\/li>\n<\/ul>\n<p>Trattiamo i tuoi dati allo scopo di:<\/p>\n<ul>\n<li>gestione amministrativa, contabile e fiscale;<\/li>\n<li>monitoraggio e controllo del rapporto commerciale;<\/li>\n<li>soddisfare gli obblighi legali dell&#8217;azienda.<\/li>\n<\/ul>\n<p><strong> <\/strong><strong>Sono obbligato a fornire i dati personali?<\/strong><\/p>\n<p><strong>TRANSLINGUO CREATIVE GROUP S.L.<\/strong> richieder\u00e0 solamente i dati strettamente necessari per il perseguimento dello scopo per il quale sono raccolti, pertanto, qualora non vengano forniti, non sar\u00e0 possibile fornire il servizio richiesto.<\/p>\n<p><strong> <\/strong><strong>Per quanto tempo conserveremo i tuoi dati?<\/strong><\/p>\n<p>I dati personali forniti e ottenuti durante la relazione tra l&#8217;interessato e <strong>TRANSLINGUO CREATIVE GROUP S.L.<\/strong> saranno conservati per un massimo di 5 anni a partire dall&#8217;ultima conferma di interesse o finch\u00e9 non ci venga imposto da una previsione legale, nel qual caso saranno conservati debitamente bloccati ed eliminati quando non pi\u00f9 necessari.<\/p>\n<p><strong>Qual \u00e8 la legittimazione per il trattamento dei tuoi dati?<\/strong><\/p>\n<p>In conformit\u00e0 con l&#8217;articolo 6.1 del Regolamento UE 2016\/679 del 27 aprile, ti informiamo che la legittimazione per il trattamento dei tuoi dati \u00e8 la seguente:<\/p>\n<ol>\n<li><em>l&#8217;interessato ha fornito il proprio consenso per il trattamento dei suoi dati personali per uno o pi\u00f9 scopi specifici e\/o<\/em><\/li>\n<li>il trattamento \u00e8 necessario per l&#8217;esecuzione di un contratto di cui l&#8217;interessato \u00e8 parte e\/o<\/li>\n<li><em>il trattamento \u00e8 necessario per l&#8217;adempimento di un obbligo legale applicabile al titolare del trattamento e\/o<\/em><\/li>\n<li><em>il trattamento \u00e8 necessario per il soddisfacimento di interessi legittimi perseguiti dal titolare del trattamento o da una terza parte, purch\u00e9 tali interessi non prevalgano sugli interessi o sui diritti e libert\u00e0 fondamentali dell&#8217;interessato che richiedono la protezione dei dati personali, in particolare quando l&#8217;interessato sia un minore.<\/em><\/li>\n<\/ol>\n<p><strong> <\/strong><strong>A quali destinatari verranno comunicati i tuoi dati?<br \/><\/strong><\/p>\n<p>I dati trattati da <strong>TRANSLINGUO CREATIVE GROUP S.L.<\/strong> potranno essere comunicati a terzi quando una disposizione legale lo imponga.<\/p>\n<p>&#8220;Allo stesso modo, <strong>TRANSLINGUO CREATIVE GROUP S.L.<\/strong> si avvale di fornitori di servizi per i quali \u00e8 necessario comunicare dati in diverse aree aziendali (amministrazione, contabilit\u00e0, fiscalit\u00e0, marketing, lavoro&#8230;). Il rapporto con queste aziende \u00e8 regolato secondo l&#8217;articolo 28 del Regolamento UE 2016\/679 del 27 aprile del Parlamento Europeo e del Consiglio (GDPR). I dati a cui tali aziende hanno accesso saranno utilizzati esclusivamente per lo scopo aziendale necessario e non saranno conservati per alcun fine ulteriore.  <\/p>\n<p><strong> <\/strong><strong>Che diritti hai dopo dopo che ci hai forntio i tuoi dati?<\/strong><\/p>\n<p>Ogni interessato ha il diritto di ottenere conferma se in <strong>TRANSLINGUO CREATIVE GROUP S.L.<\/strong> stiamo trattando i dati personali che lo riguardano o meno.<\/p>\n<p>Le persone interessate hanno il diritto di accedere ai propri dati personali, nonch\u00e9 di richiedere la rettifica di dati inesatti o, se del caso, di richiedere la loro cancellazione quando, tra le altre ragioni, i dati non sono pi\u00f9 necessari per gli scopi per cui sono stati raccolti.<\/p>\n<p>In determinate circostanze, gli interessati potranno richiedere la limitazione del trattamento dei propri dati, nel qual caso li conserveremo solo per l&#8217;esercizio o la difesa di reclami. Gli utenti potranno anche opporsi al trattamento dei propri dati. <strong>TRANSLINGUO CREATIVE GROUP S.L.<\/strong> cesser\u00e0 di trattare i dati, salvo per motivi legittimi imperiosi, o nell&#8217;esercizio o difesa di reclami. <\/p>\n<p>L&#8217;utente pu\u00f2 inviare una comunicazione a <strong>TRANSLINGUO CREATIVE GROUP S.L.<\/strong>, all&#8217;indirizzo del responsabile, o tramite e-mail all&#8217;indirizzo <a href=\"mailto:privacy@translinguo.es\">privacy@translinguo.es<\/a>, allegando fotocopia del proprio documento di identit\u00e0, se necessario per identificarlo, in qualsiasi momento e gratuitamente, per:<\/p>\n<ul>\n<li>revocare le autorizzazioni concesse;<\/li>\n<li>ottenere conferma se i dati personali che riguardano l&#8217;utente sono trattati o meno;<\/li>\n<li>accedere ai propri dati personali;<\/li>\n<li>rettificare i dati inesatti o incompleti;<\/li>\n<li>richiedere la cancellazione dei propri dati quando, tra le altre ragioni, i dati non sono pi\u00f9 necessari per gli scopi per cui sono stati raccolti;<\/li>\n<li>ottenere la limitazione del trattamento dei dati quando si verifichi una delle condizioni previste dalla normativa sulla protezione dei dati;<\/li>\n<li>richiedere la portabilit\u00e0 dei propri dati;<\/li>\n<li>mettersi in contatto con il Responsabile della Protezione dei Dati di <strong>TRANSLINGUO CREATIVE GROUP S.L.<\/strong>;<\/li>\n<li>presentare un reclamo all&#8217;autorit\u00e0 di controllo (<a href=\"http:\/\/www.aepd\/\" target=\"_blank\" rel=\"noopener\">Agenzia Spagnola per la Protezione dei Dati<\/a>) nel caso in cui ritenga che i diritti a lui riconosciuti dalla normativa applicabile in materia di protezione dei dati siano stati violati.<\/li>\n<\/ul>\n<p><strong>TRANSLINGUO CREATIVE GROUP S.L.<\/strong> adotta i livelli di sicurezza richiesti dalla normativa sulla Protezione dei Dati Personali sopra citata e dalle altre normative applicabili. Tali livelli di sicurezza sono obbligatori per quelle entit\u00e0 che accedono alle nostre informazioni in virt\u00f9 di una relazione contrattuale e\/o prestazione di servizio, in applicazione dell&#8217;articolo 28 del Regolamento UE 2016\/679 (GDPR). <\/p>\n<p>Tuttavia, non si assume alcuna responsabilit\u00e0 per i danni derivanti da alterazioni che terzi possono causare nei sistemi informatici, nei documenti elettronici o nei file dell&#8217;utente.<\/p>\n<p>Durante la prestazione dei servizi del sito web, potrebbero essere utilizzati i <em>cookie<\/em>. I <em>cookie <\/em> sono file fisici di informazioni personali archiviati nel terminale dell&#8217;utente. L&#8217;utente ha la possibilit\u00e0 di configurare il proprio programma di navigazione in modo da impedire la creazione di file <em>cookie <\/em> o per ricevere un avviso al riguardo. Si prega di consultare la nostra politica sui <em>cookie <\/em> tramite il link che trover\u00e0 su questo sito.   <\/p>\n<p>Se si sceglie di abbandonare il nostro sito web tramite link a siti web che non appartengono alla nostra entit\u00e0, <strong>TRANSLINGUO CREATIVE GROUP S.L.<\/strong>, non sar\u00e0 responsabile delle politiche sulla privacy di tali siti web n\u00e9 dei <em>cookie <\/em> che questi possano memorizzare nel computer dell&#8217;utente.<\/p>\n<p>La nostra politica riguardo alla posta elettronica si concentra sull&#8217;invio esclusivamente di comunicazioni che lei ha richiesto di ricevere.<\/p>\n<p>Se preferisce non ricevere questi messaggi via e-mail, le offriremo la possibilit\u00e0, attraverso gli stessi, di esercitare il suo diritto di cancellazione e di rinuncia alla ricezione di tali messaggi, in conformit\u00e0 con quanto disposto nel Titolo III, articolo 22 della Legge 34\/2002 sui Servizi della Societ\u00e0 dell&#8217;Informazione e sul Commercio Elettronico.<\/p>\n","protected":false},"excerpt":{"rendered":"<p>INFORMATIVA SULLA PRIVACY Quando avremo bisogno di ottenere informazioni da parte tua, ti chiederemo sempre di fornirle esplicitamente in modo volontario. I dati ottenuti tramite i moduli di raccolta dati del sito web o altre modalit\u00e0 saranno incorporati nei sistemi di trattamento di TRANSLINGUO CREATIVE GROUP S.L. Questo ente tratter\u00e0 i dati in modo confidenziale [&hellip;]<\/p>\n","protected":false},"author":3,"featured_media":0,"parent":0,"menu_order":0,"comment_status":"closed","ping_status":"closed","template":"","meta":{"_crdt_document":"","inline_featured_image":false,"site-sidebar-layout":"default","site-content-layout":"default","ast-site-content-layout":"default","site-content-style":"default","site-sidebar-style":"default","ast-global-header-display":"","ast-banner-title-visibility":"","ast-main-header-display":"","ast-hfb-above-header-display":"","ast-hfb-below-header-display":"","ast-hfb-mobile-header-display":"","site-post-title":"","ast-breadcrumbs-content":"","ast-featured-img":"","footer-sml-layout":"","ast-disable-related-posts":"","theme-transparent-header-meta":"default","adv-header-id-meta":"","stick-header-meta":"","header-above-stick-meta":"","header-main-stick-meta":"","header-below-stick-meta":"","astra-migrate-meta-layouts":"default","ast-page-background-enabled":"default","ast-page-background-meta":{"desktop":{"background-color":"var(--ast-global-color-4)","background-image":"","background-repeat":"repeat","background-position":"center center","background-size":"auto","background-attachment":"scroll","background-type":"","background-media":"","overlay-type":"","overlay-color":"","overlay-opacity":"","overlay-gradient":""},"tablet":{"background-color":"","background-image":"","background-repeat":"repeat","background-position":"center center","background-size":"auto","background-attachment":"scroll","background-type":"","background-media":"","overlay-type":"","overlay-color":"","overlay-opacity":"","overlay-gradient":""},"mobile":{"background-color":"","background-image":"","background-repeat":"repeat","background-position":"center center","background-size":"auto","background-attachment":"scroll","background-type":"","background-media":"","overlay-type":"","overlay-color":"","overlay-opacity":"","overlay-gradient":""}},"ast-content-background-meta":{"desktop":{"background-color":"var(--ast-global-color-5)","background-image":"","background-repeat":"repeat","background-position":"center center","background-size":"auto","background-attachment":"scroll","background-type":"","background-media":"","overlay-type":"","overlay-color":"","overlay-opacity":"","overlay-gradient":""},"tablet":{"background-color":"var(--ast-global-color-5)","background-image":"","background-repeat":"repeat","background-position":"center center","background-size":"auto","background-attachment":"scroll","background-type":"","background-media":"","overlay-type":"","overlay-color":"","overlay-opacity":"","overlay-gradient":""},"mobile":{"background-color":"var(--ast-global-color-5)","background-image":"","background-repeat":"repeat","background-position":"center center","background-size":"auto","background-attachment":"scroll","background-type":"","background-media":"","overlay-type":"","overlay-color":"","overlay-opacity":"","overlay-gradient":""}},"footnotes":""},"class_list":["post-82385","page","type-page","status-publish","hentry"],"_links":{"self":[{"href":"https:\/\/translinguoglobal.com\/it\/wp-json\/wp\/v2\/pages\/82385","targetHints":{"allow":["GET"]}}],"collection":[{"href":"https:\/\/translinguoglobal.com\/it\/wp-json\/wp\/v2\/pages"}],"about":[{"href":"https:\/\/translinguoglobal.com\/it\/wp-json\/wp\/v2\/types\/page"}],"author":[{"embeddable":true,"href":"https:\/\/translinguoglobal.com\/it\/wp-json\/wp\/v2\/users\/3"}],"replies":[{"embeddable":true,"href":"https:\/\/translinguoglobal.com\/it\/wp-json\/wp\/v2\/comments?post=82385"}],"version-history":[{"count":0,"href":"https:\/\/translinguoglobal.com\/it\/wp-json\/wp\/v2\/pages\/82385\/revisions"}],"wp:attachment":[{"href":"https:\/\/translinguoglobal.com\/it\/wp-json\/wp\/v2\/media?parent=82385"}],"curies":[{"name":"wp","href":"https:\/\/api.w.org\/{rel}","templated":true}]}}