{"id":82193,"date":"2025-02-14T13:06:29","date_gmt":"2025-02-14T12:06:29","guid":{"rendered":"https:\/\/translinguoglobal.com\/servizi-di-traduzione-aziendale-con-post-editing\/"},"modified":"2025-02-14T13:06:29","modified_gmt":"2025-02-14T12:06:29","slug":"servizi-di-traduzione-aziendale-con-post-editing","status":"publish","type":"page","link":"https:\/\/translinguoglobal.com\/it\/servizi-di-traduzione-aziendale-con-post-editing\/","title":{"rendered":"Servizi di traduzione aziendale con post-editing"},"content":{"rendered":"<h2 style=\"text-align: center;\">Servizi di traduzione aziendale con post-editing<\/h2>\n<h3><\/h3>\n<h3 style=\"text-align: center;\"><strong>Il post-editing<\/strong><\/h3>\n<p>Il post-editing consiste nel migliorare, correggere e revisionare la traduzione realizzata da un traduttore automatico.<\/p>\n<p>Un traduttore automatico pu\u00f2 fornire una traduzione in pochi secondi, ma ci\u00f2 non significa che sia completamente corretta. I traduttori automatici tendono a tradurre parola per parola, senza tenere conto del lessico o della cultura, il che significa che la traduzione non \u00e8 di qualit\u00e0 n\u00e9 tantomeno completamente affidabile.  <\/p>\n<p>Per questa ragione, \u00e8 importante il lavoro del traduttore nella fase di post-editing, poich\u00e9 corregge questi errori e rende la traduzione pi\u00f9 naturale e &#8220;umana&#8221;.<\/p>\n<p>Anche se questa modalit\u00e0 di traduzione fa risparmiare tempo, non sempre \u00e8 adatta per tutte le traduzioni specializzate. La traduzione letteraria, in particolare, ha bisogno di un grande apporto umano, in quanto vi \u00e8 una forte componente sentimentale. <\/p>\n<h3 style=\"text-align: center;\"><strong>Utilizzo della traduzione automatica e della post-editing nelle aziende<\/strong><\/h3>\n<p>Uno studio sull&#8217;utilizzo della traduzione automatica in mabito aziendale ha rivelato che sono poche le aziende che si affidano a questo strumento.<\/p>\n<p>Gli esperti affermano che queste cifre sono cos\u00ec basse perch\u00e9 le aziende intervistate non utilizzano la traduzione automatica a causa di una scarsa conoscenza degli strumenti di Traduzione Assistita da Computer (CAT).<\/p>\n<p>Inoltre, molte aziende pensano che richieda pi\u00f9 lavoro eseguire una traduzione automatica con la successiva fase di post-editing. Per questo motivo, continuano a tradurre nel modo tradizionale. A questo si aggiungono la scarsa riservatezza nell&#8217;utilizzare un traduttore automatico gratuito e gli alti costi per averne uno interno all&#8217;azienda.  <\/p>\n<h3 style=\"text-align: center;\"><strong>Opinione sul post-editing.<\/strong><\/h3>\n<p>\u00c8 stato condotto uno studio che ha evidenziato come la maggior parte dei traduttori accetti di lavorare nel processo di post-editing, anche se con riluttanza. Una parte minore invece accetta l&#8217;incarico senza problemi, e una piccola parte non lo accetta proprio. Questo dimostra che non \u00e8 ancora una pratica molto comune, anche se si sta diffondendo sempre di pi\u00f9.  <\/p>\n<p>In conclusione, molte aziende utilizzano la traduzione automatica e successivamente il processo di post-editing nei loro progetti, anche se la maggior parte di esse non lo ammette. La maggior parte delle aziende che utilizzano questo tipo di traduzione sono quelle pi\u00f9 vecchie e di dimensioni medie.<br data-mce-bogus=\"1\">  <\/p>\n<p>Questo \u00e8 dovuto alla disponibilit\u00e0 economica che hanno. Poich\u00e9 risulta loro pi\u00f9 economico affidarsi al servizio di <strong>post-editing<\/strong>, anzich\u00e8 realizzare una traduzione professionale da zero. <\/p>\n<p><span style=\"font-weight: 400;\">In<\/span> <a href=\"https:\/\/translinguoglobal.com\/\"><span style=\"font-weight: 400;\">Translinguo<\/span><\/a> <span style=\"font-weight: 400;\">ti offriamo una vasta gamma di<\/span> <b>servizi di traduzione <\/b> <span style=\"font-weight: 400;\">in base alle tue esigenze. Questo \u00e8 una risorsa indispensabile per una comunicazione efficace nel mondo attuale. Nella nostra agenzia, abbiamo un team di traduttori altamente qualificati con competenze di ricerca e analisi necessarie per una traduzione di qualit\u00e0. Perci\u00f2, se stai cercando   <\/span>un&#8217;<b>agenzia di traduzione<\/b><span style=\"font-weight: 400;\">, sei al posto giusto nel momento giusto.<\/span><\/p>\n<p><span style=\"font-weight: 400;\">La nostra priorit\u00e0 \u00e8 assicurarci che tu sia soddisfatto, per questo noi di Translinguo vogliamo il meglio per te! Non esitare a contattarci e riceverai il trattamento che meriti, ti assisteremo e ti accompagneremo durante tutto il processo del servizio di traduzione che necessiti! <\/span><\/p>\n<p><span style=\"font-weight: 400;\">Garantiamo la professionalit\u00e1 dei nostri traduttori e revisori. Traduttori madrelingue e specializzati.  Abbiamo un team di traduttori sparsi per tutto il mondo, che ci permette di offrire servizi di traduzione specializzati in qualsiasi fuso orario. Possiamo quindi dire che lavoriamo 24 ore su 24, 7 giorni su 7. <\/span><\/p>\n<p><span style=\"font-weight: 400;\">Per noi le scadenze concordate sono fondamentali, cos\u00ec come la riservatezza. Di conseguenza, siamo sempre conformi al RGPD, e mettiamo tutti i nostri mezzi a tua disposizione per adempire alle nostre promesse. <\/span><\/p>\n<p>Visita i nostri profili su <a title=\"Translinguo Global\" href=\"https:\/\/www.facebook.com\/translinguoglobal\" target=\"_blank\" rel=\"noopener\">Facebook<\/a>, <a title=\"Translinguo Global\" href=\"https:\/\/www.instagram.com\/translinguoglobal\/\" target=\"_blank\" rel=\"noopener\">Instagram<\/a> y <a title=\"Trasnslinguo Global\" href=\"https:\/\/es.linkedin.com\/company\/agencia-de-traduccion-translinguo-global\" target=\"_blank\" rel=\"noopener\">Linkedin<\/a><\/p>\n","protected":false},"excerpt":{"rendered":"<p>Servizi di traduzione aziendale con post-editing Il post-editing Il post-editing consiste nel migliorare, correggere e revisionare la traduzione realizzata da un traduttore automatico. Un traduttore automatico pu\u00f2 fornire una traduzione in pochi secondi, ma ci\u00f2 non significa che sia completamente corretta. I traduttori automatici tendono a tradurre parola per parola, senza tenere conto del lessico [&hellip;]<\/p>\n","protected":false},"author":3,"featured_media":82194,"parent":0,"menu_order":0,"comment_status":"closed","ping_status":"closed","template":"","meta":{"_crdt_document":"","inline_featured_image":false,"site-sidebar-layout":"default","site-content-layout":"default","ast-site-content-layout":"default","site-content-style":"default","site-sidebar-style":"default","ast-global-header-display":"","ast-banner-title-visibility":"","ast-main-header-display":"","ast-hfb-above-header-display":"","ast-hfb-below-header-display":"","ast-hfb-mobile-header-display":"","site-post-title":"","ast-breadcrumbs-content":"","ast-featured-img":"","footer-sml-layout":"","ast-disable-related-posts":"","theme-transparent-header-meta":"default","adv-header-id-meta":"","stick-header-meta":"","header-above-stick-meta":"","header-main-stick-meta":"","header-below-stick-meta":"","astra-migrate-meta-layouts":"default","ast-page-background-enabled":"default","ast-page-background-meta":{"desktop":{"background-color":"var(--ast-global-color-4)","background-image":"","background-repeat":"repeat","background-position":"center center","background-size":"auto","background-attachment":"scroll","background-type":"","background-media":"","overlay-type":"","overlay-color":"","overlay-opacity":"","overlay-gradient":""},"tablet":{"background-color":"","background-image":"","background-repeat":"repeat","background-position":"center center","background-size":"auto","background-attachment":"scroll","background-type":"","background-media":"","overlay-type":"","overlay-color":"","overlay-opacity":"","overlay-gradient":""},"mobile":{"background-color":"","background-image":"","background-repeat":"repeat","background-position":"center center","background-size":"auto","background-attachment":"scroll","background-type":"","background-media":"","overlay-type":"","overlay-color":"","overlay-opacity":"","overlay-gradient":""}},"ast-content-background-meta":{"desktop":{"background-color":"var(--ast-global-color-5)","background-image":"","background-repeat":"repeat","background-position":"center center","background-size":"auto","background-attachment":"scroll","background-type":"","background-media":"","overlay-type":"","overlay-color":"","overlay-opacity":"","overlay-gradient":""},"tablet":{"background-color":"var(--ast-global-color-5)","background-image":"","background-repeat":"repeat","background-position":"center center","background-size":"auto","background-attachment":"scroll","background-type":"","background-media":"","overlay-type":"","overlay-color":"","overlay-opacity":"","overlay-gradient":""},"mobile":{"background-color":"var(--ast-global-color-5)","background-image":"","background-repeat":"repeat","background-position":"center center","background-size":"auto","background-attachment":"scroll","background-type":"","background-media":"","overlay-type":"","overlay-color":"","overlay-opacity":"","overlay-gradient":""}},"footnotes":""},"class_list":["post-82193","page","type-page","status-publish","has-post-thumbnail","hentry"],"_links":{"self":[{"href":"https:\/\/translinguoglobal.com\/it\/wp-json\/wp\/v2\/pages\/82193","targetHints":{"allow":["GET"]}}],"collection":[{"href":"https:\/\/translinguoglobal.com\/it\/wp-json\/wp\/v2\/pages"}],"about":[{"href":"https:\/\/translinguoglobal.com\/it\/wp-json\/wp\/v2\/types\/page"}],"author":[{"embeddable":true,"href":"https:\/\/translinguoglobal.com\/it\/wp-json\/wp\/v2\/users\/3"}],"replies":[{"embeddable":true,"href":"https:\/\/translinguoglobal.com\/it\/wp-json\/wp\/v2\/comments?post=82193"}],"version-history":[{"count":0,"href":"https:\/\/translinguoglobal.com\/it\/wp-json\/wp\/v2\/pages\/82193\/revisions"}],"wp:featuredmedia":[{"embeddable":true,"href":"https:\/\/translinguoglobal.com\/it\/wp-json\/wp\/v2\/media\/82194"}],"wp:attachment":[{"href":"https:\/\/translinguoglobal.com\/it\/wp-json\/wp\/v2\/media?parent=82193"}],"curies":[{"name":"wp","href":"https:\/\/api.w.org\/{rel}","templated":true}]}}