{"id":81877,"date":"2025-02-12T10:56:57","date_gmt":"2025-02-12T09:56:57","guid":{"rendered":"https:\/\/translinguoglobal.com\/traduttore-giurato-a-madrid\/"},"modified":"2025-04-15T14:20:51","modified_gmt":"2025-04-15T12:20:51","slug":"traduttore-giurato-a-madrid","status":"publish","type":"page","link":"https:\/\/translinguoglobal.com\/it\/traduttore-giurato-a-madrid\/","title":{"rendered":"Traduttore giurato a Madrid"},"content":{"rendered":"<p>Traduttore giurato a <a href=\"https:\/\/es.wikipedia.org\/wiki\/Madrid\" target=\"_blank\" rel=\"noopener\">Madrid<\/a>. \u00c8 molto probabile che un giorno ti troverai nella situazione di dover andare in tribunale. Questo pu\u00f2 succedere in Spagna o fuori dai confini nazionali. Potrebbe anche essere che questo processo abbia implicazioni con un altro paese o una lingua diversa. Sembra una situazione molto specifica e poco comune (sicuramente lo \u00e8), ma \u00e8 qualcosa che accade ogni giorno. In queste situazioni, \u00e8 fondamentale contare sull&#8217;aiuto, sulla conoscenza e sull&#8217;esperienza di un traduttore giurato.     <\/p>\n<p>Per tutte le persone coinvolte in questi processi, la lingua rappresenta un problema. E, sebbene tutti sappiamo che gli avvocati si occupano degli aspetti legali, in pochi sanno a chi rivolgersi quando c&#8217;\u00e8 di mezzo una lingua straniera. Per fare un po&#8217; di luce su questo argomento, ti raccontiamo tutto quello che devi sapere sulla traduzione giurata. Non serve cercare un altro traduttore giurato a <strong>Madrid<\/strong>, sei gi\u00e0 nel posto giusto.   <\/p>\n<h3 style=\"text-align: center;\"><strong>Quali tipi di pratiche richiedono una traduzione giurata?<\/strong><\/h3>\n<p>Come i documenti, anche le pratiche sono molto varie. In Spagna, le pi\u00f9 richieste sono i permessi di soggiorno e di lavoro. Sebbene anche la traduzione di documenti per pratiche legali come la doppia cittadinanza, il cambio di nazionalit\u00e0 e i procedimenti legali siano molto richieste. In tutte queste pratiche, la difficolt\u00e0 di comprensione \u00e8 evidente. Questo rende il processo molto pi\u00f9 complicato e pu\u00f2 portare a errori o all&#8217;assunzione di persone non qualificate. Per questo motivo, la soluzione pi\u00f9 sicura \u00e8 affidarsi a un&#8217;agenzia di traduzione con esperienza.     <\/p>\n<p>Poich\u00e9 sappiamo che trovare un <strong>traduttore giurato a Madrid<\/strong> pu\u00f2 essere un compito difficile, ti offriamo i nostri servizi professionali. Noi di <a href=\"https:\/\/translinguoglobal.com\/it\/\">Translinguo Global\u00ae<\/a> mettiamo a tua disposizione i nostri migliori traduttori giurati. Questi specialisti svolgeranno il lavoro in modo condifenziale, senza errori, e pronti a guidarti ogni volta che ne avrai bisogno. In questo modo, il processo sar\u00e0 pi\u00f9 semplice e saprai a chi rivolgerti se dovessi aver bisogno nuovamente di questo servizio.   <\/p>\n<h3 style=\"text-align: center;\"><strong>Cosa \u00e8 un traduttore giurato?<\/strong><\/h3>\n<p>Come abbiamo visto, le traduzioni giurate sono traduzioni di documenti ufficiali. Ma chi le realizza? Beh, in Spagna, solo i traduttori giurati possono farlo. Parliamo di traduttori accreditati dal Ministero degli Affari Esteri e della Cooperazione. Questi devono superare un esame che consente loro di ottenere una firma e un timbro personali che devono utilizzare in ogni traduzione giurata effettuata. La loro firma e timbro attestano la veridicit\u00e0 della traduzione e la rendono ammissibile presso un organismo o un&#8217;autorit\u00e0 pubblica.     <\/p>\n<p>Perci\u00f2, se stai cercando un <strong>traduttore giurato a Madrid<\/strong>, sei nel posto giusto. Nella nostra agenzia, tutti i nostri traduttori sono qualificati e hanno alle spalle una solida formazione. Inoltre, seguono corsi di aggiornamento. Perch\u00e9 il titolo \u00e8 necessario, ma non sufficiente.  <\/p>\n<h3 style=\"text-align: center;\"><strong>Quali tipi di documenti necessitano di una traduzione giurata?<\/strong><\/h3>\n<p>In questo ambito, pi\u00f9 che il tipo di testo, ci\u00f2 che determina se \u00e8 necessaria una traduzione giurata o meno \u00e8 la finalit\u00e0. E con finalit\u00e0 ci riferiamo all&#8217;ente che richiede o per cui \u00e8 destinato il documento. Normalmente, sono le autorit\u00e0 o gli organismi ufficiali a richiedere queste traduzioni. Per questo motivo, il grado di fedelt\u00e0, responsabilit\u00e0 e specializzazione \u00e8 maggiore.   <\/p>\n<p>Quindi, i documenti che potrebbero richiedere una traduzione giurata sono molto vari. Possono essere sia documenti generali che documenti legali. Per quanto riguarda questi ultimi, \u00e8 molto frequente la traduzione di contratti, certificati di nascita o di morte, testamenti, diplomi e titoli universitari, ecc. Come vedi, i documenti sono molto vari e, anche se potrebbe sembrare che siano sempre legati all&#8217;ambito giuridico, non \u00e8 cos\u00ec. Pertanto, \u00e8 importante che, prima di richiedere una traduzione giurata, ti assicuri di averne davvero bisogno.    <\/p>\n<p>Nella nostra agenzia di traduzione ti aiutiamo in questo processo. Insieme ai nostri migliori professionisti, potrai semplificare queste pratiche e avere la certezza di ricevere un prodotto finale di qualit\u00e0. <\/p>\n<p><strong>Vogliamo che tu abbia una cosa in meno di cui preoccuparti. Fidati di noi e della qualit\u00e0 del nostro traduttore giurato a Madrid! <\/strong><\/p>\n<p>&nbsp;<\/p>\n","protected":false},"excerpt":{"rendered":"<p>Traduttore giurato a Madrid. \u00c8 molto probabile che un giorno ti troverai nella situazione di dover andare in tribunale. Questo pu\u00f2 succedere in Spagna o fuori dai confini nazionali. Potrebbe anche essere che questo processo abbia implicazioni con un altro paese o una lingua diversa. Sembra una situazione molto specifica e poco comune (sicuramente lo [&hellip;]<\/p>\n","protected":false},"author":3,"featured_media":70869,"parent":0,"menu_order":0,"comment_status":"closed","ping_status":"closed","template":"","meta":{"_crdt_document":"","inline_featured_image":false,"site-sidebar-layout":"default","site-content-layout":"default","ast-site-content-layout":"default","site-content-style":"default","site-sidebar-style":"default","ast-global-header-display":"","ast-banner-title-visibility":"","ast-main-header-display":"","ast-hfb-above-header-display":"","ast-hfb-below-header-display":"","ast-hfb-mobile-header-display":"","site-post-title":"","ast-breadcrumbs-content":"","ast-featured-img":"","footer-sml-layout":"","ast-disable-related-posts":"","theme-transparent-header-meta":"default","adv-header-id-meta":"","stick-header-meta":"","header-above-stick-meta":"","header-main-stick-meta":"","header-below-stick-meta":"","astra-migrate-meta-layouts":"default","ast-page-background-enabled":"default","ast-page-background-meta":{"desktop":{"background-color":"var(--ast-global-color-4)","background-image":"","background-repeat":"repeat","background-position":"center center","background-size":"auto","background-attachment":"scroll","background-type":"","background-media":"","overlay-type":"","overlay-color":"","overlay-opacity":"","overlay-gradient":""},"tablet":{"background-color":"","background-image":"","background-repeat":"repeat","background-position":"center center","background-size":"auto","background-attachment":"scroll","background-type":"","background-media":"","overlay-type":"","overlay-color":"","overlay-opacity":"","overlay-gradient":""},"mobile":{"background-color":"","background-image":"","background-repeat":"repeat","background-position":"center center","background-size":"auto","background-attachment":"scroll","background-type":"","background-media":"","overlay-type":"","overlay-color":"","overlay-opacity":"","overlay-gradient":""}},"ast-content-background-meta":{"desktop":{"background-color":"var(--ast-global-color-5)","background-image":"","background-repeat":"repeat","background-position":"center center","background-size":"auto","background-attachment":"scroll","background-type":"","background-media":"","overlay-type":"","overlay-color":"","overlay-opacity":"","overlay-gradient":""},"tablet":{"background-color":"var(--ast-global-color-5)","background-image":"","background-repeat":"repeat","background-position":"center center","background-size":"auto","background-attachment":"scroll","background-type":"","background-media":"","overlay-type":"","overlay-color":"","overlay-opacity":"","overlay-gradient":""},"mobile":{"background-color":"var(--ast-global-color-5)","background-image":"","background-repeat":"repeat","background-position":"center center","background-size":"auto","background-attachment":"scroll","background-type":"","background-media":"","overlay-type":"","overlay-color":"","overlay-opacity":"","overlay-gradient":""}},"footnotes":""},"class_list":["post-81877","page","type-page","status-publish","has-post-thumbnail","hentry"],"_links":{"self":[{"href":"https:\/\/translinguoglobal.com\/it\/wp-json\/wp\/v2\/pages\/81877","targetHints":{"allow":["GET"]}}],"collection":[{"href":"https:\/\/translinguoglobal.com\/it\/wp-json\/wp\/v2\/pages"}],"about":[{"href":"https:\/\/translinguoglobal.com\/it\/wp-json\/wp\/v2\/types\/page"}],"author":[{"embeddable":true,"href":"https:\/\/translinguoglobal.com\/it\/wp-json\/wp\/v2\/users\/3"}],"replies":[{"embeddable":true,"href":"https:\/\/translinguoglobal.com\/it\/wp-json\/wp\/v2\/comments?post=81877"}],"version-history":[{"count":1,"href":"https:\/\/translinguoglobal.com\/it\/wp-json\/wp\/v2\/pages\/81877\/revisions"}],"predecessor-version":[{"id":88068,"href":"https:\/\/translinguoglobal.com\/it\/wp-json\/wp\/v2\/pages\/81877\/revisions\/88068"}],"wp:featuredmedia":[{"embeddable":true,"href":"https:\/\/translinguoglobal.com\/it\/wp-json\/wp\/v2\/media\/70869"}],"wp:attachment":[{"href":"https:\/\/translinguoglobal.com\/it\/wp-json\/wp\/v2\/media?parent=81877"}],"curies":[{"name":"wp","href":"https:\/\/api.w.org\/{rel}","templated":true}]}}