{"id":80344,"date":"2025-01-21T14:55:25","date_gmt":"2025-01-21T13:55:25","guid":{"rendered":"https:\/\/translinguoglobal.com\/progettazione-e-creazione-di-siti-web\/"},"modified":"2025-02-18T13:22:19","modified_gmt":"2025-02-18T12:22:19","slug":"progettazione-e-creazione-di-siti-web","status":"publish","type":"page","link":"https:\/\/translinguoglobal.com\/it\/progettazione-e-creazione-di-siti-web\/","title":{"rendered":"Progettazione e creazione di siti web"},"content":{"rendered":"<blockquote><p>\u00abSe la tua attivit\u00e0 non \u00e8 su internet, la tua attivit\u00e0 non esiste\u00bb<br \/>\nBILL GATES<\/p><\/blockquote>\n<h2 style=\"text-align: center;\">Ci concentriamo su diversi livelli<\/h2>\n<p>&nbsp;<\/p>\n<table style=\"width: 100%; border-collapse: collapse; border-style: hidden;\" border=\"0\">\n<tbody>\n<tr>\n<td style=\"width: 25%;\"><img decoding=\"async\" class=\"size-full wp-image-39459 alignleft\" src=\"https:\/\/translinguoglobal.com\/wp-content\/uploads\/2022\/04\/check-300x261-1.png\" alt=\"\" width=\"20\" height=\"20\"> Accessibilit\u00e0.<\/td>\n<td style=\"width: 25%;\"><img decoding=\"async\" class=\"size-full wp-image-39459 alignleft\" src=\"https:\/\/translinguoglobal.com\/wp-content\/uploads\/2022\/04\/check-300x261-1.png\" alt=\"\" width=\"20\" height=\"20\"> Identit\u00e0 visiva.<\/td>\n<td style=\"width: 25%;\"><img decoding=\"async\" class=\"size-full wp-image-39459 alignleft\" src=\"https:\/\/translinguoglobal.com\/wp-content\/uploads\/2022\/04\/check-300x261-1.png\" alt=\"\" width=\"20\" height=\"20\"><span style=\"font-family: inherit; font-size: 16px;\">Commercializzazione.<\/span><\/td>\n<td style=\"width: 25%;\"><img decoding=\"async\" class=\"size-full wp-image-39459 alignleft\" src=\"https:\/\/translinguoglobal.com\/wp-content\/uploads\/2022\/04\/check-300x261-1.png\" alt=\"\" width=\"20\" height=\"20\"><em>Web marketing. <\/em><\/td>\n<\/tr>\n<tr>\n<td style=\"width: 25%;\"><img decoding=\"async\" class=\"size-full wp-image-39459 alignleft\" src=\"https:\/\/translinguoglobal.com\/wp-content\/uploads\/2022\/04\/check-300x261-1.png\" alt=\"\" width=\"20\" height=\"20\"> Programmazione.<\/td>\n<td style=\"width: 25%;\"><img decoding=\"async\" class=\"size-full wp-image-39459 alignleft\" src=\"https:\/\/translinguoglobal.com\/wp-content\/uploads\/2022\/04\/check-300x261-1.png\" alt=\"\" width=\"20\" height=\"20\"> Ergonomia.<\/td>\n<td style=\"width: 25%;\"><img decoding=\"async\" class=\"size-full wp-image-39459 alignleft\" src=\"https:\/\/translinguoglobal.com\/wp-content\/uploads\/2022\/04\/check-300x261-1.png\" alt=\"\" width=\"20\" height=\"20\"> Interattivit\u00e0.<\/td>\n<td style=\"width: 25%;\"><img decoding=\"async\" class=\"size-full wp-image-39459 alignleft\" src=\"https:\/\/translinguoglobal.com\/wp-content\/uploads\/2022\/04\/check-300x261-1.png\" alt=\"\" width=\"20\" height=\"20\"> Visualizzazioni.<\/td>\n<\/tr>\n<\/tbody>\n<\/table>\n<h3 style=\"text-align: center;\">Progettazione e creazione di siti web<\/h3>\n<p>Col passare del tempo, sono sempre pi\u00f9 le attivit\u00e0, sia nuove sia tradizionali, che decidono di espandere il loro mercato creando il proprio sito web. Al giorno d&#8217;oggi, avere visibilit\u00e0 su internet \u00e8 essenziale per esistere come azienda <em>online<\/em>. La creazione di un sito web \u00e8 fondamentale per mostrare al pubblico i servizi e i prodotti che vuoi offrire. Tuttavia, noi della <strong>Translinguo Global\u00ae<\/strong> sappiamo che non tutto funziona per la vostra azienda.   <\/p>\n<h3>Vantaggi della creazione di un sito web:<\/h3>\n<p>&nbsp;<\/p>\n<table style=\"width: 100%; border-collapse: collapse; border-style: hidden;\" border=\"0\">\n<tbody>\n<tr>\n<td style=\"width: 25%;\"><img decoding=\"async\" class=\"size-full wp-image-39664 aligncenter\" src=\"https:\/\/translinguoglobal.com\/wp-content\/uploads\/2022\/04\/pagina-web.png\" alt=\"\" width=\"70\" height=\"70\" srcset=\"https:\/\/translinguoglobal.com\/wp-content\/uploads\/2022\/04\/pagina-web.png 250w, https:\/\/translinguoglobal.com\/wp-content\/uploads\/2022\/04\/pagina-web-150x150.png 150w\" sizes=\"(max-width: 70px) 100vw, 70px\" \/><\/p>\n<p style=\"text-align: center;\">Un <strong>sito web <\/strong>attira potenziali clienti.<\/p>\n<\/td>\n<td style=\"width: 25%;\"><img decoding=\"async\" class=\"size-full wp-image-39671 aligncenter\" src=\"https:\/\/translinguoglobal.com\/wp-content\/uploads\/2022\/04\/24-horas.png\" alt=\"\" width=\"70\" height=\"70\" srcset=\"https:\/\/translinguoglobal.com\/wp-content\/uploads\/2022\/04\/24-horas.png 250w, https:\/\/translinguoglobal.com\/wp-content\/uploads\/2022\/04\/24-horas-150x150.png 150w\" sizes=\"(max-width: 70px) 100vw, 70px\" \/><\/p>\n<p style=\"text-align: center;\">La tua attivit\u00e0 pu\u00f2 essere opertativa 24 ore al giorno, 365 giorni all&#8217;anno.<\/p>\n<\/td>\n<td style=\"width: 25%;\"><img loading=\"lazy\" decoding=\"async\" class=\"size-full wp-image-39681 aligncenter\" src=\"https:\/\/translinguoglobal.com\/wp-content\/uploads\/2022\/04\/ahorro.png\" alt=\"\" width=\"70\" height=\"70\" srcset=\"https:\/\/translinguoglobal.com\/wp-content\/uploads\/2022\/04\/ahorro.png 250w, https:\/\/translinguoglobal.com\/wp-content\/uploads\/2022\/04\/ahorro-150x150.png 150w\" sizes=\"(max-width: 70px) 100vw, 70px\" \/><\/p>\n<p style=\"text-align: center;\">Risparmio in termini di infrastrutture e mobilio.<\/p>\n<\/td>\n<td style=\"width: 25%;\"><img loading=\"lazy\" decoding=\"async\" class=\"alignnone size-full wp-image-39688 aligncenter\" src=\"https:\/\/translinguoglobal.com\/wp-content\/uploads\/2022\/04\/internacionalizacion.png\" alt=\"\" width=\"70\" height=\"70\" srcset=\"https:\/\/translinguoglobal.com\/wp-content\/uploads\/2022\/04\/internacionalizacion.png 250w, https:\/\/translinguoglobal.com\/wp-content\/uploads\/2022\/04\/internacionalizacion-150x150.png 150w\" sizes=\"(max-width: 70px) 100vw, 70px\" \/><\/p>\n<p style=\"text-align: center;\">Diffusione globale del tuo prodotto o servizio.<\/p>\n<\/td>\n<\/tr>\n<\/tbody>\n<\/table>\n<h3 style=\"text-align: center;\">Progettazione e creazione di siti web<\/h3>\n<p>Il tuo sito web \u00e8 l\u2019immagine che il tuo pubblico avr\u00e0 di te su Internet. Proprio per questo motivo, deve essere facile e d\u2019impatto. Noi di <strong>Translinguo Global\u00ae<\/strong> siamo pronti a progettare e a creare il tuo sito <a href=\"https:\/\/es.wikipedia.org\/wiki\/World_Wide_Web\" target=\"_blank\" rel=\"noopener\"><strong>web<\/strong><\/a> in maniera totalmente personalizzata e adattata alle caratteristiche della tua attivit\u00e0.  <\/p>\n<p><strong>Progettazione e creazione di siti web di <em>e-commerce<\/em>.<\/strong><br \/>\n Molte aziende di servizi hanno articoli che possono essere venduti in un negozio 24 ore su 24 con una gestione organizzata e sicura per te e per il vostro cliente.<\/p>\n<h3 style=\"text-align: center;\">Blog<\/h3>\n<p>La possibilit\u00e0 di pubblicare costantemente materiale di ogni tipo \u00e8 molto diffusa e i blogger utilizzano piattaforme e il proprio sito per pubblicare contenuti in modo ricorrente, garantendo loro maggiore visibilit\u00e0 e autorevolezza.<\/p>\n<h3 style=\"text-align: center;\">Traduzione web<\/h3>\n<p>La <strong>traduzione di siti web<\/strong> \u00e8 il nostro obiettivo principale. Noi della <a href=\"https:\/\/translinguoglobal.com\/\"><strong>Translinguo Global\u00ae<\/strong><\/a> ti offriamo un\u2019ampia gamma di servizi specializzati in tutti i tipi di <em>e-commerce<\/em>, blogs, web, portfolio, etc. Un\u2019ampia gamma di professionisti specializzati in diversi campi. Oltre a traduzioni adatte a ogni Paese che volete raggiungere. E se questo non bastasse, ti assistiamo affinch\u00e9 il tuo <strong>contenuto web<\/strong> sia completo, di alta qualit\u00e0 e con un SEO potente ed efficace su Google.    <\/p>\n<p>Noi della Translinguo Global siamo orgogliosi di offrire servizi di progettazione e creazione di siti web che superano i confini linguistici e che mettono in contatto le aziende con il pubblico globale. Siamo diventati un punto di riferimento nel mondo digitale grazie alla nostra costante dedizione all\u2019eccelenza e all\u2019innovazione nella progettazione di siti web. In questa conclusione, evidenzieremo gli aspetti chiave che rendono Translinguo Global la scelta perfetta per le tue esigenze di web design.  <\/p>\n<p>In primo luogo, la nostra esperienza e conoscenza nell\u2019ambito della progettazione dei siti web sono insuperabili. Il nostro team di progettatori e sviluppatori esperti e altamente qualificati lavora instancabilmente per creare siti web visivamente accattivanti e altamente funzionali. Sappiamo che il tuo sito web \u00e8 la prima impressione che molti potenziali clienti avranno della tua attivit\u00e0, e ci sforziamo per far s\u00ec che questa impressione sia memorabile e positiva.  <\/p>\n<p>Inoltre, noi della Translinguo Global, comprendiamo l\u2019importanza dell\u2019adattibilit\u00e0 in un mondo sempre pi\u00f9 globalizzato. Per questo motivo, i nostri siti web sono completamente personalizzabili e si possono tradurre in molteplici lingue per raggiungere un pubblico mondiale. Ovunque siano i tuoi clienti, noi staremo l\u00ec per metterli in contatto con la tua attivit\u00e0.  <\/p>\n<p>La sicurezza \u00e8 un\u2019altra priorit\u00e0 fondamentale del nostro approccio al web design. Adottiamo le ultime misure di sicurezza per proteggere i tuoi dati e le informazioni dei tuoi clienti. Puoi essere certo che il tuo sito sar\u00e0 al sicuro da minacce cibernetiche.  <\/p>\n<p>In conclusione, noi della Translinguo Global offriamo servizi completi di progettazione e creazione di siti web che combinano esperienza, adattabilit\u00e0 e sicurezza. Ci impegniamo nell\u2019aiutare la tua attivit\u00e0 a raggiungere nuovi traguardi nel mondo digitale. Se cerchi una soluzione web che parli la lingua del successo globale, noi della Translinguo Global facciamo al caso tuo. Siamo qui per trasformare la vostra visione in realt\u00e0 e portare la vostra azienda al vertice nell\u2019era digitale.   <\/p>\n","protected":false},"excerpt":{"rendered":"<p>\u00abSe la tua attivit\u00e0 non \u00e8 su internet, la tua attivit\u00e0 non esiste\u00bb BILL GATES Ci concentriamo su diversi livelli &nbsp; Accessibilit\u00e0. Identit\u00e0 visiva. Commercializzazione. Web marketing. Programmazione. Ergonomia. Interattivit\u00e0. Visualizzazioni. Progettazione e creazione di siti web Col passare del tempo, sono sempre pi\u00f9 le attivit\u00e0, sia nuove sia tradizionali, che decidono di espandere il [&hellip;]<\/p>\n","protected":false},"author":3,"featured_media":69084,"parent":0,"menu_order":0,"comment_status":"closed","ping_status":"closed","template":"","meta":{"_crdt_document":"","inline_featured_image":false,"site-sidebar-layout":"no-sidebar","site-content-layout":"page-builder","ast-site-content-layout":"full-width-container","site-content-style":"default","site-sidebar-style":"default","ast-global-header-display":"","ast-banner-title-visibility":"","ast-main-header-display":"","ast-hfb-above-header-display":"","ast-hfb-below-header-display":"","ast-hfb-mobile-header-display":"","site-post-title":"disabled","ast-breadcrumbs-content":"","ast-featured-img":"disabled","footer-sml-layout":"","ast-disable-related-posts":"","theme-transparent-header-meta":"default","adv-header-id-meta":"","stick-header-meta":"","header-above-stick-meta":"","header-main-stick-meta":"","header-below-stick-meta":"","astra-migrate-meta-layouts":"default","ast-page-background-enabled":"default","ast-page-background-meta":{"desktop":{"background-color":"var(--ast-global-color-4)","background-image":"","background-repeat":"repeat","background-position":"center center","background-size":"auto","background-attachment":"scroll","background-type":"","background-media":"","overlay-type":"","overlay-color":"","overlay-opacity":"","overlay-gradient":""},"tablet":{"background-color":"","background-image":"","background-repeat":"repeat","background-position":"center center","background-size":"auto","background-attachment":"scroll","background-type":"","background-media":"","overlay-type":"","overlay-color":"","overlay-opacity":"","overlay-gradient":""},"mobile":{"background-color":"","background-image":"","background-repeat":"repeat","background-position":"center center","background-size":"auto","background-attachment":"scroll","background-type":"","background-media":"","overlay-type":"","overlay-color":"","overlay-opacity":"","overlay-gradient":""}},"ast-content-background-meta":{"desktop":{"background-color":"var(--ast-global-color-5)","background-image":"","background-repeat":"repeat","background-position":"center center","background-size":"auto","background-attachment":"scroll","background-type":"","background-media":"","overlay-type":"","overlay-color":"","overlay-opacity":"","overlay-gradient":""},"tablet":{"background-color":"var(--ast-global-color-5)","background-image":"","background-repeat":"repeat","background-position":"center center","background-size":"auto","background-attachment":"scroll","background-type":"","background-media":"","overlay-type":"","overlay-color":"","overlay-opacity":"","overlay-gradient":""},"mobile":{"background-color":"var(--ast-global-color-5)","background-image":"","background-repeat":"repeat","background-position":"center center","background-size":"auto","background-attachment":"scroll","background-type":"","background-media":"","overlay-type":"","overlay-color":"","overlay-opacity":"","overlay-gradient":""}},"footnotes":""},"class_list":["post-80344","page","type-page","status-publish","has-post-thumbnail","hentry"],"_links":{"self":[{"href":"https:\/\/translinguoglobal.com\/it\/wp-json\/wp\/v2\/pages\/80344","targetHints":{"allow":["GET"]}}],"collection":[{"href":"https:\/\/translinguoglobal.com\/it\/wp-json\/wp\/v2\/pages"}],"about":[{"href":"https:\/\/translinguoglobal.com\/it\/wp-json\/wp\/v2\/types\/page"}],"author":[{"embeddable":true,"href":"https:\/\/translinguoglobal.com\/it\/wp-json\/wp\/v2\/users\/3"}],"replies":[{"embeddable":true,"href":"https:\/\/translinguoglobal.com\/it\/wp-json\/wp\/v2\/comments?post=80344"}],"version-history":[{"count":2,"href":"https:\/\/translinguoglobal.com\/it\/wp-json\/wp\/v2\/pages\/80344\/revisions"}],"predecessor-version":[{"id":82405,"href":"https:\/\/translinguoglobal.com\/it\/wp-json\/wp\/v2\/pages\/80344\/revisions\/82405"}],"wp:featuredmedia":[{"embeddable":true,"href":"https:\/\/translinguoglobal.com\/it\/wp-json\/wp\/v2\/media\/69084"}],"wp:attachment":[{"href":"https:\/\/translinguoglobal.com\/it\/wp-json\/wp\/v2\/media?parent=80344"}],"curies":[{"name":"wp","href":"https:\/\/api.w.org\/{rel}","templated":true}]}}