{"id":79141,"date":"2025-01-03T11:03:43","date_gmt":"2025-01-03T10:03:43","guid":{"rendered":"https:\/\/translinguoglobal.com\/servizi-di-traduzione-pubblicitaria-2\/"},"modified":"2025-02-14T11:45:58","modified_gmt":"2025-02-14T10:45:58","slug":"servizi-di-traduzione-pubblicitaria-2","status":"publish","type":"page","link":"https:\/\/translinguoglobal.com\/it\/servizi-di-traduzione-pubblicitaria-2\/","title":{"rendered":"Servizi di traduzione pubblicitaria"},"content":{"rendered":"<p>Servizi di traduzione pubblicitaria Attualmente, una forma di comunicazione come la <a href=\"https:\/\/es.wikipedia.org\/wiki\/Publicidad\" target=\"_blank\" rel=\"noopener\">pubblicit\u00e0 <\/a> gioca un ruolo molto importante nella societ\u00e0. Come tutti sappiamo, la pubblicit\u00e0 consiste nel trasmettere informazioni con l&#8217;obiettivo di persuadere il pubblico. Una delle sue funzioni \u00e8 incrementare il consumo di un prodotto o migliorare l&#8217;immagine di un marchio.   Per farlo, un prodotto, un marchio o un&#8217;azienda devono essere conosciuti a livello mondiale. Per questo devono rivolgersi al mondo della traduzione per farsi strada nel <a href=\"https:\/\/es.wikipedia.org\/wiki\/Mercado_mundial\" target=\"_blank\" rel=\"noopener\">mercato internazionale<\/a>. <\/p>\n<h2 style=\"text-align: center;\"><strong>In cosa consistono questi servizi?<\/strong><\/h2>\n<p>Tradurre la pubblicit\u00e0 significa molto pi\u00f9 di una semplice traduzione, poich\u00e9 deve essere adattata al contesto culturale di ogni lingua. Non solo questo, ma l&#8217;attenzione deve essere focalizzata sulla funzione del testo di origine. Ci\u00f2 significa che spesso \u00e8 necessario modificare il messaggio per far s\u00ec che trasmetta la stessa sensazione nel testo di destinazione.  <\/p>\n<p>Un traduttore pubblicitario deve avere esperienza nella <a href=\"https:\/\/translinguoglobal.com\/localizacion-de-paginas-web\/\">localizzazione <\/a> di contenuti pubblicitari, oltre a conoscere la cultura e la lingua in questione. \u00c8 consigliabile affidarsi a traduttori madrelingua per questo tipo di traduzioni. Tuttavia, la cosa pi\u00f9 importante \u00e8 che il traduttore conosca profondamente la lingua e la sua cultura. Tradurre la pubblicit\u00e0 \u00e8 un compito arduo, poich\u00e9 il consumo di un prodotto dipende dalla qualit\u00e0 della traduzione effettuata dal traduttore pubblicitario.   <\/p>\n<h2 style=\"text-align: center;\"><strong>Cosa traducono i traduttori pubblicitari?<\/strong><\/h2>\n<p>Cos\u00ec come esistono molti tipi di pubblicit\u00e0, i traduttori possono svolgere diversi tipi di <strong>traduzione pubblicitaria<\/strong>. Questo dipende dall&#8217;incarico richiesto dall&#8217;azienda o dalla compagnia, oltre che dalle specializzazioni del traduttore.<\/p>\n<p>I servizi che un traduttore pubblicitario pu\u00f3 offrire riguardano la traduzione di: annunci, opuscoli, cataloghi, siti web, slogan e motti. Pu\u00f3 anche tradurre campagne pubblicitarie, comunicati stampa, cartelloni o anche annunci televisivi. <\/p>\n<p>Come si pu\u00f2 vedere, tutto ci\u00f2 che \u00e8 stato menzionato precedentemente comporta un alto livello di creativit\u00e0. Infatti, i traduttori pubblicitari non sono solo specializzati in pubblicit\u00e0, ma sono anche dei creativi. <\/p>\n<h3 style=\"text-align: center;\"><strong>Esempi di servizi di traduzione pubblicitaria<\/strong><\/h3>\n<p>Come detto in precedenza, tradurre la pubblicit\u00e0 non \u00e8 un compito facile e richiede una formazione professionale. Pertanto, le aziende devono rivolgersi a traduttori professionisti specializzati in pubblicit\u00e0 per evocare le stesse sensazioni nel pubblico di destinazione. D&#8217;altra parte, i traduttori devono avere la sufficiente creativit\u00e0 per fare in modo che tale pubblicit\u00e0 persuada il pubblico.  <\/p>\n<p>Poich\u00e9 la funzione principale della pubblicit\u00e0 \u00e8 catturare l&#8217;attenzione del pubblico, grazie alla <a href=\"https:\/\/translinguoglobal.com\/translinguo-global\/\">traduzione <\/a> questo obiettivo pu\u00f2 essere facilmente raggiunto. Inoltre, traducendo la pubblicit\u00e0, la tua azienda o prodotto vengono internazionalizzati, arrivando a un pubblico pi\u00f9 ampio. Ci\u00f2 fa s\u00ec che aumenti il consumo di ci\u00f2 che viene pubblicizzato.  <\/p>\n<p><span style=\"font-weight: 400;\">Noi di <a href=\"https:\/\/translinguoglobal.com\/\">Translinguo <\/a>ti offriamo un ampia scelta di <b>servizi di traduzione<\/b> in base alle tue esigenze, una risorsa essenziale per una comunicazione efficace nel mondo di oggi. Nella nostra agenzia disponiamo di un team di traduttori altamente qualificato con capacit\u00e0 investigative e di analisi necessarie per una buona traduzione. Quindi, se sei alla ricerca di una   <\/span><b>agenzia di traduzione<\/b><span style=\"font-weight: 400;\">, stai al posto giusto nel momento giusto.<\/span><\/p>\n<p><span style=\"font-weight: 400;\">La nostra priorit\u00e0 \u00e8 assicurarci che tu sia soddisfatto, per questo noi di Translinguo vogliamo il meglio per te! Non esitare a contattarci e riceverai il trattamento che meriti, ti assisteremo e ti accompagneremo durante tutto il processo del servizio di traduzione che necessiti! <\/span><\/p>\n<p><span style=\"font-weight: 400;\">Garantiamo la professionalit\u00e1 dei nostri traduttori e revisori. Traduttori madrelingue e specializzati.  Abbiamo un team di traduttori sparsi per tutto il mondo, che ci permette di offrire servizi di traduzione specializzati in qualsiasi fuso orario. Possiamo quindi dire che lavoriamo 24 ore su 24, 7 giorni su 7. <\/span><\/p>\n<p>Visita i nostri profili su <a title=\"Translinguo Global\" href=\"https:\/\/www.facebook.com\/translinguoglobal\" target=\"_blank\" rel=\"noopener\">Facebook<\/a>, <a title=\"Translinguo Global\" href=\"https:\/\/www.instagram.com\/translinguoglobal\/\" target=\"_blank\" rel=\"noopener\">Instagram<\/a> y <a title=\"Trasnslinguo Global\" href=\"https:\/\/es.linkedin.com\/company\/agencia-de-traduccion-translinguo-global\" target=\"_blank\" rel=\"noopener\">Linkedin<\/a><\/p>\n","protected":false},"excerpt":{"rendered":"<p>Servizi di traduzione pubblicitaria Attualmente, una forma di comunicazione come la pubblicit\u00e0 gioca un ruolo molto importante nella societ\u00e0. Come tutti sappiamo, la pubblicit\u00e0 consiste nel trasmettere informazioni con l&#8217;obiettivo di persuadere il pubblico. Una delle sue funzioni \u00e8 incrementare il consumo di un prodotto o migliorare l&#8217;immagine di un marchio. Per farlo, un prodotto, [&hellip;]<\/p>\n","protected":false},"author":3,"featured_media":70861,"parent":0,"menu_order":0,"comment_status":"closed","ping_status":"closed","template":"","meta":{"_crdt_document":"","inline_featured_image":false,"site-sidebar-layout":"default","site-content-layout":"default","ast-site-content-layout":"default","site-content-style":"default","site-sidebar-style":"default","ast-global-header-display":"","ast-banner-title-visibility":"","ast-main-header-display":"","ast-hfb-above-header-display":"","ast-hfb-below-header-display":"","ast-hfb-mobile-header-display":"","site-post-title":"","ast-breadcrumbs-content":"","ast-featured-img":"","footer-sml-layout":"","ast-disable-related-posts":"","theme-transparent-header-meta":"default","adv-header-id-meta":"","stick-header-meta":"","header-above-stick-meta":"","header-main-stick-meta":"","header-below-stick-meta":"","astra-migrate-meta-layouts":"default","ast-page-background-enabled":"default","ast-page-background-meta":{"desktop":{"background-color":"var(--ast-global-color-4)","background-image":"","background-repeat":"repeat","background-position":"center center","background-size":"auto","background-attachment":"scroll","background-type":"","background-media":"","overlay-type":"","overlay-color":"","overlay-opacity":"","overlay-gradient":""},"tablet":{"background-color":"","background-image":"","background-repeat":"repeat","background-position":"center center","background-size":"auto","background-attachment":"scroll","background-type":"","background-media":"","overlay-type":"","overlay-color":"","overlay-opacity":"","overlay-gradient":""},"mobile":{"background-color":"","background-image":"","background-repeat":"repeat","background-position":"center center","background-size":"auto","background-attachment":"scroll","background-type":"","background-media":"","overlay-type":"","overlay-color":"","overlay-opacity":"","overlay-gradient":""}},"ast-content-background-meta":{"desktop":{"background-color":"var(--ast-global-color-5)","background-image":"","background-repeat":"repeat","background-position":"center center","background-size":"auto","background-attachment":"scroll","background-type":"","background-media":"","overlay-type":"","overlay-color":"","overlay-opacity":"","overlay-gradient":""},"tablet":{"background-color":"var(--ast-global-color-5)","background-image":"","background-repeat":"repeat","background-position":"center center","background-size":"auto","background-attachment":"scroll","background-type":"","background-media":"","overlay-type":"","overlay-color":"","overlay-opacity":"","overlay-gradient":""},"mobile":{"background-color":"var(--ast-global-color-5)","background-image":"","background-repeat":"repeat","background-position":"center center","background-size":"auto","background-attachment":"scroll","background-type":"","background-media":"","overlay-type":"","overlay-color":"","overlay-opacity":"","overlay-gradient":""}},"footnotes":""},"class_list":["post-79141","page","type-page","status-publish","has-post-thumbnail","hentry"],"_links":{"self":[{"href":"https:\/\/translinguoglobal.com\/it\/wp-json\/wp\/v2\/pages\/79141","targetHints":{"allow":["GET"]}}],"collection":[{"href":"https:\/\/translinguoglobal.com\/it\/wp-json\/wp\/v2\/pages"}],"about":[{"href":"https:\/\/translinguoglobal.com\/it\/wp-json\/wp\/v2\/types\/page"}],"author":[{"embeddable":true,"href":"https:\/\/translinguoglobal.com\/it\/wp-json\/wp\/v2\/users\/3"}],"replies":[{"embeddable":true,"href":"https:\/\/translinguoglobal.com\/it\/wp-json\/wp\/v2\/comments?post=79141"}],"version-history":[{"count":1,"href":"https:\/\/translinguoglobal.com\/it\/wp-json\/wp\/v2\/pages\/79141\/revisions"}],"predecessor-version":[{"id":82181,"href":"https:\/\/translinguoglobal.com\/it\/wp-json\/wp\/v2\/pages\/79141\/revisions\/82181"}],"wp:featuredmedia":[{"embeddable":true,"href":"https:\/\/translinguoglobal.com\/it\/wp-json\/wp\/v2\/media\/70861"}],"wp:attachment":[{"href":"https:\/\/translinguoglobal.com\/it\/wp-json\/wp\/v2\/media?parent=79141"}],"curies":[{"name":"wp","href":"https:\/\/api.w.org\/{rel}","templated":true}]}}