{"id":79097,"date":"2025-01-02T12:21:50","date_gmt":"2025-01-02T11:21:50","guid":{"rendered":"https:\/\/translinguoglobal.com\/servizi-di-traduzione-per-il-settore-dellarchitettura-e-delledilizia\/"},"modified":"2025-03-05T10:26:21","modified_gmt":"2025-03-05T09:26:21","slug":"servizi-di-traduzione-per-il-settore-dellarchitettura-e-delledilizia","status":"publish","type":"page","link":"https:\/\/translinguoglobal.com\/it\/servizi-di-traduzione-per-il-settore-dellarchitettura-e-delledilizia\/","title":{"rendered":"Servizi di traduzione per il settore dell&#8217;architettura e dell&#8217;edilizia"},"content":{"rendered":"<h2 style=\"text-align: center;\">Servizi di traduzione per il settore dell&#8217;architettura e dell&#8217;edilizia<\/h2>\n<p>Ogni settore professionale e ogni ramo artistico richiedono un traduttore specializzato nell&#8217;argomento. L&#8217;architettura e l&#8217;edilizia combinano aspetti pratici e teorici nei loro testi. Si tratta di settori di grande importanza fin dall&#8217;antichit\u00e0, la cui rilevanza \u00e8 rimasta costante fino ai giorni nostri.  <\/p>\n<p>Noi di <a href=\"https:\/\/translinguoglobal.com\/it\/\">Translinguo Global<\/a> ti offriamo il miglior <strong>servizio di traduzione per architettura ed edilizia<\/strong> e ti spieghiamo in cosa consiste la traduzione in questi settori.<\/p>\n<h3 style=\"text-align: left;\"> Come si garantisce l&#8217;accuratezza e la qualit\u00e0?<\/h3>\n<p>L&#8217;architettura \u00e8 una disciplina artistica con un vocabolario altamente specifico. Esistono numerosi stili architettonici che il <strong>traduttore specializzato in architettura<\/strong> deve conoscere e distinguere senza difficolt\u00e0. <\/p>\n<p>D&#8217;altra parte, l&#8217;edilizia si riferisce all&#8217;atto di costruire. Pertanto, si tratta di due concetti distinti. Anche i testi dei due diversi ambiti presenteranno differenze.  <\/p>\n<p>Tuttavia, l&#8217;architettura e l&#8217;edilizia hanno qualcosa in comune: richiedono accuratezza. La <strong>traduzione per <a href=\"https:\/\/es.wikipedia.org\/wiki\/Arquitectura\" target=\"_blank\" rel=\"noopener\">l&#8217;architettura<\/a><\/strong> e la <strong>traduzione per <a href=\"https:\/\/es.wikipedia.org\/wiki\/Construcci%C3%B3n\" target=\"_blank\" rel=\"noopener\">l&#8217;edilizia<\/a><\/strong> necessitano di una grande attenzione ai dettagli. Qualsiasi errore in un testo architettonico pu\u00f2 causare confusione e, nel caso dei progetti, avere un impatto negativo sulla costruzione dell&#8217;edificio.  <\/p>\n<h3>Cosa \u00e8 la traduzione architettonica e perch\u00e9 \u00e8 importante?<\/h3>\n<p>La <strong> traduzione di architettura <\/strong> \u00e8 fondamentale nel mondo dell&#8217;arte. Ci permette di accedere a informazioni su diversi stili e opere architettoniche. In questo modo, si favorisce la diffusione di queste conoscenze e l&#8217;apprendimento del pubblico di riferimento, a seconda del tipo di testo.  <\/p>\n<p>Tuttavia, la traduzione architettonica non viene utilizzata solo nel mondo dell&#8217;arte. L&#8217;architettura \u00e8 infatti un elemento chiave anche nel settore turistico. Brochure turistiche e audioguide richiedono un <strong>servizio di traduzione specializzato in architettura <\/strong> di alta qualit\u00e0. In questo modo, i turisti possono scoprire e apprezzare l&#8217;architettura nella propria lingua madre.   <\/p>\n<h2 style=\"text-align: center;\">Servizio di traduzione per il settore dell&#8217;Architettura e dell&#8217;Edilizia<\/h2>\n<p>Il nostro servizio di traduzione per il settore dell&#8217;Architettura e dell&#8217;Edilizia offre accuratezza e qualit\u00e0 per documenti tecnici, disegni e progetti del settore architettonico. Abbiamo a disposizione un team di traduttori specializzati. <\/p>\n<h3>Il ruolo della traduzione nel settore dell&#8217;edilizia e dell&#8217;architettura<\/h3>\n<p>La traduzione permette lo scambio di informazioni tra persone. Pertanto, nell\u2019industria dell\u2019edilizia e dell\u2019architettura, pu\u00f2 essere utilizzata sia a scopi divulgativi che commerciali. Va sottolineato che alcuni documenti di questi settori, come le licenze edilizie, rientrano pi\u00f9 nell\u2019ambito della traduzione giuridica.  <\/p>\n<p>Progetti e planimetrie edilizie, relazioni tecniche, fogli di budget, istruzioni per macchinari&#8230; Questi settori comprendono un&#8217;ampia gamma di testi che necessitano di traduzione. In questo modo, i progetti possono essere realizzati senza difficolt\u00e0 e gli esperti possono accedere a informazioni cruciali.  <\/p>\n<p>\u00c8 assolutamente essenziale tradurre questi documenti quando si tratta di grandi progetti internazionali. Se pi\u00f9 paesi partecipano a un piano, tutti devono avere accesso alle stesse informazioni. La traduzione facilita questa diffusione e lo scambio di dati tra tutte le parti coinvolte.  <\/p>\n<h2 style=\"text-align: center;\">Sfide comuni nella traduzione architettonica<\/h2>\n<p>Poich\u00e9 si tratta di un settore altamente specializzato, la traduzione architettonica presenta numerose sfide. Di seguito, ti illustreremo i principali problemi che possono sorgere in questo tipo di traduzioni. <\/p>\n<p>In precedenza abbiamo menzionato i testi turistici come esempio di testi sull&#8217;architettura. Tuttavia, esistono anche testi scritti da e per i professionisti del settore. Questi richiedono uno sforzo particolare da parte del traduttore, a causa dell&#8217;alta densit\u00e0 terminologica presente nel testo.  <\/p>\n<p>Nel caso della <a href=\"https:\/\/es.wikipedia.org\/wiki\/Traducci%C3%B3n\" target=\"_blank\" rel=\"noopener\">traduzione <\/a> architettonica, \u00e8 fondamentale che il traduttore padroneggi sia gli aspetti pratici che quelli teorici. Dovr\u00e0 essere in grado di distinguere i vari movimenti artistici e i periodi storici ad essi associati. Inoltre, dovr\u00e0 conoscere gli elementi delle opere architettoniche e i loro rispettivi nomi.  <\/p>\n<p>La principale sfida di queste traduzioni \u00e8 il vocabolario. Tuttavia, \u00e8 importante considerare che questi documenti possono includere anche elementi grafici. Immagini e illustrazioni potrebbero richiedere un adattamento pi\u00f9 o meno significativo, a seconda del contesto, ma devono sempre risultare coerenti con il testo.  <\/p>\n<p>D&#8217;altra parte, nei settori dell&#8217;architettura e dell&#8217;edilizia si utilizzano formule matematiche e misure. Il <strong> traduttore specializzato in architettura <\/strong> deve conoscere le differenze tra i vari sistemi di misura e adattare correttamente le informazioni di conseguenza. <\/p>\n","protected":false},"excerpt":{"rendered":"<p>I servizi di traduzione offerti da Translinguo coprono campi multidisciplinari come l&#8217;architettura e la traduzione. <\/p>\n","protected":false},"author":3,"featured_media":69002,"parent":0,"menu_order":0,"comment_status":"closed","ping_status":"closed","template":"","meta":{"_crdt_document":"","inline_featured_image":false,"site-sidebar-layout":"default","site-content-layout":"default","ast-site-content-layout":"default","site-content-style":"default","site-sidebar-style":"default","ast-global-header-display":"","ast-banner-title-visibility":"","ast-main-header-display":"","ast-hfb-above-header-display":"","ast-hfb-below-header-display":"","ast-hfb-mobile-header-display":"","site-post-title":"","ast-breadcrumbs-content":"","ast-featured-img":"","footer-sml-layout":"","ast-disable-related-posts":"","theme-transparent-header-meta":"default","adv-header-id-meta":"","stick-header-meta":"","header-above-stick-meta":"","header-main-stick-meta":"","header-below-stick-meta":"","astra-migrate-meta-layouts":"default","ast-page-background-enabled":"default","ast-page-background-meta":{"desktop":{"background-color":"var(--ast-global-color-4)","background-image":"","background-repeat":"repeat","background-position":"center center","background-size":"auto","background-attachment":"scroll","background-type":"","background-media":"","overlay-type":"","overlay-color":"","overlay-opacity":"","overlay-gradient":""},"tablet":{"background-color":"","background-image":"","background-repeat":"repeat","background-position":"center center","background-size":"auto","background-attachment":"scroll","background-type":"","background-media":"","overlay-type":"","overlay-color":"","overlay-opacity":"","overlay-gradient":""},"mobile":{"background-color":"","background-image":"","background-repeat":"repeat","background-position":"center center","background-size":"auto","background-attachment":"scroll","background-type":"","background-media":"","overlay-type":"","overlay-color":"","overlay-opacity":"","overlay-gradient":""}},"ast-content-background-meta":{"desktop":{"background-color":"var(--ast-global-color-5)","background-image":"","background-repeat":"repeat","background-position":"center center","background-size":"auto","background-attachment":"scroll","background-type":"","background-media":"","overlay-type":"","overlay-color":"","overlay-opacity":"","overlay-gradient":""},"tablet":{"background-color":"var(--ast-global-color-5)","background-image":"","background-repeat":"repeat","background-position":"center center","background-size":"auto","background-attachment":"scroll","background-type":"","background-media":"","overlay-type":"","overlay-color":"","overlay-opacity":"","overlay-gradient":""},"mobile":{"background-color":"var(--ast-global-color-5)","background-image":"","background-repeat":"repeat","background-position":"center center","background-size":"auto","background-attachment":"scroll","background-type":"","background-media":"","overlay-type":"","overlay-color":"","overlay-opacity":"","overlay-gradient":""}},"footnotes":""},"class_list":["post-79097","page","type-page","status-publish","has-post-thumbnail","hentry"],"_links":{"self":[{"href":"https:\/\/translinguoglobal.com\/it\/wp-json\/wp\/v2\/pages\/79097","targetHints":{"allow":["GET"]}}],"collection":[{"href":"https:\/\/translinguoglobal.com\/it\/wp-json\/wp\/v2\/pages"}],"about":[{"href":"https:\/\/translinguoglobal.com\/it\/wp-json\/wp\/v2\/types\/page"}],"author":[{"embeddable":true,"href":"https:\/\/translinguoglobal.com\/it\/wp-json\/wp\/v2\/users\/3"}],"replies":[{"embeddable":true,"href":"https:\/\/translinguoglobal.com\/it\/wp-json\/wp\/v2\/comments?post=79097"}],"version-history":[{"count":2,"href":"https:\/\/translinguoglobal.com\/it\/wp-json\/wp\/v2\/pages\/79097\/revisions"}],"predecessor-version":[{"id":83335,"href":"https:\/\/translinguoglobal.com\/it\/wp-json\/wp\/v2\/pages\/79097\/revisions\/83335"}],"wp:featuredmedia":[{"embeddable":true,"href":"https:\/\/translinguoglobal.com\/it\/wp-json\/wp\/v2\/media\/69002"}],"wp:attachment":[{"href":"https:\/\/translinguoglobal.com\/it\/wp-json\/wp\/v2\/media?parent=79097"}],"curies":[{"name":"wp","href":"https:\/\/api.w.org\/{rel}","templated":true}]}}