{"id":78915,"date":"2024-12-26T10:41:11","date_gmt":"2024-12-26T09:41:11","guid":{"rendered":"https:\/\/translinguoglobal.com\/servizio-di-traduzione-urgente-24-ore-su-24\/"},"modified":"2025-02-14T12:19:29","modified_gmt":"2025-02-14T11:19:29","slug":"servizio-di-traduzione-urgente-24-ore-su-24","status":"publish","type":"page","link":"https:\/\/translinguoglobal.com\/it\/servizio-di-traduzione-urgente-24-ore-su-24\/","title":{"rendered":"Servizio di Traduzione Urgente 24 ore su 24"},"content":{"rendered":"<h2><strong>Servizio di Traduzione Urgente<\/strong><\/h2>\n<p>La <strong>traduzione urgente<\/strong> \u00e8 uno dei servizi pi\u00f9 richiesti nel mondo degli affari, specialmente al giorno d&#8217;oggi, dove la comunicazione \u00e8 essenziale per il successo aziendale. Pertanto, le aziende hanno la necessit\u00e0 di inviare documenti importanti tradotti in un&#8217;altra lingua in modo immediato. In questi casi, \u00e8 fondamentale potersi affidare a un&#8217;agenzia che offra <strong> servizi di traduzione 24 ore su 24. <\/strong>   <\/p>\n<p>La <strong>traduzione urgente<\/strong> \u00e8 un servizio impegnativo, poich\u00e9 richiede una risposta rapida ed efficace. Per questa ragione, l&#8217;agenzia di traduzione deve disporre di un team di professionisti altamente qualificati. I <strong>traduttori urgenti <\/strong> devono essere esperti e in grado di lavorare sotto pressione e con scadenze molto strette.  <\/p>\n<p>Nella nostra <a href=\"https:\/\/translinguoglobal.com\/\"><strong>agenzia di traduzione <\/strong><\/a>disponiamo di professionisti che soddisfano queste esigenze in modo impeccabile. I traduttori di <a href=\"https:\/\/translinguoglobal.com\/\">Translinguo <\/a> realizzano il <strong>servizio di traduzione urgente<\/strong> mettendo al primo posto la qualit\u00e0. In questo modo, nonostante l&#8217;urgenza delle scadenze, otterrai sempre una traduzione di qualit\u00e0 e altamente accurata.  <\/p>\n<h2><strong>Quanto costa una traduzione urgente? <\/strong><\/h2>\n<p>Il costo di una <strong>traduzione urgente <\/strong> pu\u00f2 variare in base a diversi fattori, come ad esempio: la lunghezza del documento, la complessit\u00e0 del contenuto e le lingue coinvolte. Inoltre, ogni agenzia pu\u00f2 avere tariffe e politiche proprie legate al <strong>servizio di traduzione urgente. <\/strong>  <\/p>\n<p>In generale, il <strong>servizio di<\/strong> <strong>traduzione urgente<\/strong> ha un costo pi\u00f9 elevato rispetto alle traduzioni normali a causa della rapidit\u00e0 con cui viene eseguito l&#8217;incarico. A volte, viene applicata una tariffa aggiuntiva per l&#8217;urgenza. In altre parole, il costo pu\u00f2 variare tra il 25% e il 100% del prezzo di una traduzione normale.  <\/p>\n<h2><strong>Tipi di traduzioni urgenti che realizziamo <\/strong><\/h2>\n<p><a href=\"https:\/\/es.wikipedia.org\/wiki\/Traducci%C3%B3n_jur%C3%ADdica\" target=\"_blank\" rel=\"noopener\">Traduzioni giuridiche<\/a>: contratti, accordi legali, documenti di propriet\u00e0 intellettuale e altri documenti legali che richiedono una certa urgenza.<\/p>\n<p>Traduzioni mediche: referti medici, risultati di test e altri documenti che richiedono un <strong>servizio di<\/strong> <strong>traduzione urgente<\/strong> per il trattamento del paziente.<\/p>\n<p>Traduzioni tecniche: manuali d&#8217;uso, specifiche tecniche e altri documenti tecnici necessari per un progetto o per la produzione.<\/p>\n<p>Traduzioni di marketing: campagne pubblicitarie, cataloghi, siti web e tutto ci\u00f2 che comporta un&#8217;urgenza per rispettare le date di lancio.<\/p>\n<p>In definitiva, qualsiasi tipo di traduzione che richieda una risposta rapida e una consegna urgente pu\u00f2 dover usufruire del <strong>servizio di<\/strong> <strong>traduzione urgente<\/strong>.<\/p>\n<h3><strong>Quando sar\u00e0 pronta la mia traduzione?<\/strong><\/h3>\n<p>In generale, ci si aspetta che il <strong>servizio di<\/strong> <strong>traduzione urgente<\/strong> venga consegnato in un tempo pi\u00f9 breve rispetto alle traduzioni normali. Tuttavia, il tempo esatto pu\u00f2 variare a seconda di ciascun caso. La complessit\u00e0 del testo, il volume e le lingue di lavoro sono tra i principali fattori che influenzano il termine di consegna.  <\/p>\n<p>Se hai una data di scadenza specifica per la consegna della traduzione, \u00e8 importante informare il traduttore in anticipo. In questo modo, il traduttore potr\u00e0 adattare il suo programma e assicurarsi che la traduzione venga consegnata puntualmente. <\/p>\n<p>Infine, anche quando si tratta di un <strong> servizio di<\/strong> <strong>traduzione urgente<\/strong>, la qualit\u00e0 rimane una priorit\u00e0. La qualit\u00e0 della traduzione non pu\u00f2 essere compromessa, neanche in una situazione di urgenza. Il processo del <strong>servizio di<\/strong> <strong>traduzione urgente<\/strong> \u00e8 diverso da quello di una traduzione ordinaria, poich\u00e9 il tempo \u00e8 un fattore cruciale.  <\/p>\n<p>Noi di <a href=\"https:\/\/translinguoglobal.com\/\">Translinguo <\/a> lavoriamo in modo efficiente e ci assicuriamo che vengano rispettati i tempi di consegna. Se hai bisogno di un <strong>servizio di<\/strong> <strong>traduzione urgente<\/strong>, non esitare a contattarci. Uno dei nostri collaboratori ti fornir\u00e0 una consulenza professionale per aiutarti a raggiungere i tuoi obiettivi personali.  <\/p>\n<h3><strong>Come contattarci?<\/strong><\/h3>\n<p>Noi di <a href=\"https:\/\/translinguoglobal.com\/\"><strong>Translinguo Global\u00ae<\/strong><\/a><strong>,<\/strong> saremo lieti di poterti aiutare in qualsiasi momento. Non esitare a contattarci. <\/p>\n<p>Compila il nostro modulo, scrivici via email o via telefono! Accedere \u00e8 molto semplice, clicca <a href=\"https:\/\/translinguoglobal.com\/contacto\/\"><strong>qui<\/strong><\/a>. Faremo tutto il possibile affinch\u00e9 tu ottenga un risultato professionale.  <\/p>\n<p>Siamo l&#8217;AGENZIA di traduzione che stai cercando. Siamo pronti a soddisfare le tue esigenze con professionalit\u00e0 e competenza.  <strong>Cosa stai aspettando?<\/strong><\/p>\n","protected":false},"excerpt":{"rendered":"<p>Servizio di Traduzione Urgente La traduzione urgente \u00e8 uno dei servizi pi\u00f9 richiesti nel mondo degli affari, specialmente al giorno d&#8217;oggi, dove la comunicazione \u00e8 essenziale per il successo aziendale. Pertanto, le aziende hanno la necessit\u00e0 di inviare documenti importanti tradotti in un&#8217;altra lingua in modo immediato. In questi casi, \u00e8 fondamentale potersi affidare a [&hellip;]<\/p>\n","protected":false},"author":3,"featured_media":69037,"parent":0,"menu_order":0,"comment_status":"closed","ping_status":"closed","template":"elementor_header_footer","meta":{"_crdt_document":"","inline_featured_image":false,"site-sidebar-layout":"no-sidebar","site-content-layout":"page-builder","ast-site-content-layout":"full-width-container","site-content-style":"default","site-sidebar-style":"default","ast-global-header-display":"","ast-banner-title-visibility":"","ast-main-header-display":"","ast-hfb-above-header-display":"","ast-hfb-below-header-display":"","ast-hfb-mobile-header-display":"","site-post-title":"disabled","ast-breadcrumbs-content":"","ast-featured-img":"disabled","footer-sml-layout":"","ast-disable-related-posts":"","theme-transparent-header-meta":"default","adv-header-id-meta":"","stick-header-meta":"","header-above-stick-meta":"","header-main-stick-meta":"","header-below-stick-meta":"","astra-migrate-meta-layouts":"default","ast-page-background-enabled":"default","ast-page-background-meta":{"desktop":{"background-color":"var(--ast-global-color-4)","background-image":"","background-repeat":"repeat","background-position":"center center","background-size":"auto","background-attachment":"scroll","background-type":"","background-media":"","overlay-type":"","overlay-color":"","overlay-opacity":"","overlay-gradient":""},"tablet":{"background-color":"","background-image":"","background-repeat":"repeat","background-position":"center center","background-size":"auto","background-attachment":"scroll","background-type":"","background-media":"","overlay-type":"","overlay-color":"","overlay-opacity":"","overlay-gradient":""},"mobile":{"background-color":"","background-image":"","background-repeat":"repeat","background-position":"center center","background-size":"auto","background-attachment":"scroll","background-type":"","background-media":"","overlay-type":"","overlay-color":"","overlay-opacity":"","overlay-gradient":""}},"ast-content-background-meta":{"desktop":{"background-color":"var(--ast-global-color-5)","background-image":"","background-repeat":"repeat","background-position":"center center","background-size":"auto","background-attachment":"scroll","background-type":"","background-media":"","overlay-type":"","overlay-color":"","overlay-opacity":"","overlay-gradient":""},"tablet":{"background-color":"var(--ast-global-color-5)","background-image":"","background-repeat":"repeat","background-position":"center center","background-size":"auto","background-attachment":"scroll","background-type":"","background-media":"","overlay-type":"","overlay-color":"","overlay-opacity":"","overlay-gradient":""},"mobile":{"background-color":"var(--ast-global-color-5)","background-image":"","background-repeat":"repeat","background-position":"center center","background-size":"auto","background-attachment":"scroll","background-type":"","background-media":"","overlay-type":"","overlay-color":"","overlay-opacity":"","overlay-gradient":""}},"footnotes":""},"class_list":["post-78915","page","type-page","status-publish","has-post-thumbnail","hentry"],"_links":{"self":[{"href":"https:\/\/translinguoglobal.com\/it\/wp-json\/wp\/v2\/pages\/78915","targetHints":{"allow":["GET"]}}],"collection":[{"href":"https:\/\/translinguoglobal.com\/it\/wp-json\/wp\/v2\/pages"}],"about":[{"href":"https:\/\/translinguoglobal.com\/it\/wp-json\/wp\/v2\/types\/page"}],"author":[{"embeddable":true,"href":"https:\/\/translinguoglobal.com\/it\/wp-json\/wp\/v2\/users\/3"}],"replies":[{"embeddable":true,"href":"https:\/\/translinguoglobal.com\/it\/wp-json\/wp\/v2\/comments?post=78915"}],"version-history":[{"count":2,"href":"https:\/\/translinguoglobal.com\/it\/wp-json\/wp\/v2\/pages\/78915\/revisions"}],"predecessor-version":[{"id":82183,"href":"https:\/\/translinguoglobal.com\/it\/wp-json\/wp\/v2\/pages\/78915\/revisions\/82183"}],"wp:featuredmedia":[{"embeddable":true,"href":"https:\/\/translinguoglobal.com\/it\/wp-json\/wp\/v2\/media\/69037"}],"wp:attachment":[{"href":"https:\/\/translinguoglobal.com\/it\/wp-json\/wp\/v2\/media?parent=78915"}],"curies":[{"name":"wp","href":"https:\/\/api.w.org\/{rel}","templated":true}]}}