{"id":78890,"date":"2024-12-24T16:24:23","date_gmt":"2024-12-24T15:24:23","guid":{"rendered":"https:\/\/translinguoglobal.com\/servizi-di-traduzione-pubblicitaria\/"},"modified":"2025-02-14T09:31:58","modified_gmt":"2025-02-14T08:31:58","slug":"servizi-di-traduzione-pubblicitaria","status":"publish","type":"page","link":"https:\/\/translinguoglobal.com\/it\/servizi-di-traduzione-pubblicitaria\/","title":{"rendered":"Servizi di traduzione pubblicitaria"},"content":{"rendered":"<p><span style=\"font-weight: 400;\">Servizi di traduzione pubblicitaria<\/span><\/p>\n<p><span style=\"font-weight: 400;\">Oggi giorno, la pubblicit\u00e0 \u00e8 un mezzo di comunicazione di grande importanza. \u00c8 un&#8217;attivit\u00e0 che ha un grande impatto sulla societ\u00e0. Consiste nel diffondere informazioni per rendere attraente per il pubblico un servizio o un prodotto, con l&#8217;obbiettivo di aumentarne il consumo.  <\/span><\/p>\n<p><span style=\"font-weight: 400;\">Per raggiungere questo obiettivo, \u00e8 indispensabile che l&#8217;azienda sia conosciuta a livello mondiale. Di conseguenza, \u00e8 necessario ricorrere alla  <\/span><b>traduzione pubblicitaria<\/b><span style=\"font-weight: 400;\"> per avere risonanza sul mercato internazionale. Questo tipo di traduzione richiede un professionista, dal momento che non solo lo stesso messaggio deve essere trasmesso in un&#8217;altra lingua, ma deve anche suscitare nel pubblico le stesse sensazioni.  <\/span><\/p>\n<h2><span style=\"font-weight: 400;\">Quanto costa una<\/span><b> traduzione pubblicitaria<\/b><span style=\"font-weight: 400;\">?<\/span><\/h2>\n<p><span style=\"font-weight: 400;\">Per calcolare il prezzo di una <\/span><b>traduzione pubblicitaria<\/b> <span style=\"font-weight: 400;\">\u00e8 necessario moltiplicare il numero di parole che bisogna tradurre per la tariffa a parola dell&#8217;agenzia. Inoltre, qualora non fosse inclusa nella tariffa, va aggiunta l&#8217;IVA. <\/span><\/p>\n<p><span style=\"font-weight: 400;\">In genere il prezzo \u00e8 fissato in base al numero di parole del testo originario. Questo perch\u00e9, a seconda della lingua in cui viene tradotto il testo, il testo finale pu\u00f2 contenere un numero maggiore di parole. <\/span><\/p>\n<p><span style=\"font-weight: 400;\">Nonostante ci\u00f2, ci sono diversi fattori che possono influenzare il prezzo delle<\/span><b> traduzioni pubblicitarie,<\/b><span style=\"font-weight: 400;\">come ad esempio: <\/span><\/p>\n<ul>\n<li style=\"font-weight: 400;\" aria-level=\"1\"><span style=\"font-weight: 400;\">La lingua verso la quale desideri tradurre il tuo testo.<\/span><\/li>\n<li style=\"font-weight: 400;\" aria-level=\"1\"><span style=\"font-weight: 400;\">La tariffa minima fissata dall&#8217;agenzia.<\/span><\/li>\n<li style=\"font-weight: 400;\" aria-level=\"1\"><span style=\"font-weight: 400;\">La qualit\u00e0 del testo originario, in quanto pu\u00f2 comportare un lavoro maggiore.<\/span><\/li>\n<li style=\"font-weight: 400;\" aria-level=\"1\"><span style=\"font-weight: 400;\">Il formato del documento.<\/span><\/li>\n<li style=\"font-weight: 400;\" aria-level=\"1\"><span style=\"font-weight: 400;\">L&#8217;urgenza della consegna.<\/span><\/li>\n<li style=\"font-weight: 400;\" aria-level=\"1\"><span style=\"font-weight: 400;\">La specializzazione del testo, poich\u00e9 alcuni testi richiedono conoscenze pi\u00f9 specialistiche.<\/span><\/li>\n<\/ul>\n<p><span style=\"font-weight: 400;\">Inoltre, le agenzie di <a href=\"https:\/\/es.wikipedia.org\/wiki\/Traducci%C3%B3n_e_Interpretaci%C3%B3n\" target=\"_blank\" rel=\"noopener\">traduzione professionali <\/a>garantiscono anche la localizzazione del tuo prodotto o testo pubblicitario. Questo processo pu\u00f2 essere eseguito solo da un traduttore professionista specializzato in pubblicit\u00e0. Nella nostra agenzia, la Translinguo Global, ci affidiamo a traduttori madrelingua esperti in questo settore della traduzione.   <\/span><\/p>\n<p>\u00c8 importante sottolineare che la traduzione pubblicitaria non \u00e8 un compito facile e <strong>richiede un approccio specializzato.<\/strong> L&#8217;obiettivo di una traduzione pubblicitaria non si limita solamente a tradurre il testo, ma anche a <strong>trasmettere lo stesso messaggio e lo stesso sentimento del testo originale.<\/strong> Perci\u00f2, non solo il traduttore deve comprendere il significato letterale delle parole, ma anche il contesto culturale ed emotivo dietro al messaggio.<\/p>\n<h2><span style=\"font-weight: 400;\">Quando \u00e8 necessaria una traduzione pubblicitaria?<\/span><\/h2>\n<p><span style=\"font-weight: 400;\">La <\/span><b>traduzione pubblicitaria<\/b><span style=\"font-weight: 400;\"> \u00e8 fondamentale quando un&#8217;agenzia desidera farsi conoscere. Di tutte le attivit\u00e0 in cui \u00e8 coinvolta un&#8217;agenzia, la campagna pubblicitaria \u00e8 tra le pi\u00f9 importanti. L&#8217;obiettivo \u00e8 quello di far conoscere sia la propria attivit\u00e0 che i propri prodotti. In questi casi la    <\/span><b>traduzione pubblicitaria<\/b> <span style=\"font-weight: 400;\">gioca un ruolo fondamentale.<\/span><\/p>\n<p><span style=\"font-weight: 400;\">Quando un annuncio vuole diventare nota a livello internazionale, questi servizi sono essenziali. Fanno s\u00ec che l&#8217;agenzia o il prodotto raggiungano il maggior numero di utenti, ma deve essere un lavoro di qualit\u00e0.  <\/span><\/p>\n<p><span style=\"font-weight: 400;\">Se vuoi catturare l&#8217;attenzione del pubblico, \u00e8 necessario adattare correttamente il tuo annuncio. Bisogna prendere in considerazione i giochi di parola e le riferimenti culturale della lingua in questione. <\/span><\/p>\n<p><strong>\u00c8 fondamentale<\/strong> tenere presente che la traduzione pubblicitaria non \u00e8 un compito che spetta solo alle grandi aziende e alle multinazionali, ma anche alle <strong>piccole e medie imprese<\/strong> che vogliono espandersi a livello internazionale. Per espandersi su <strong>nuovi mercati<\/strong>, \u00e8 importante che l\u2019impresa comunichi in modo efficace e attraente con il suo pubblico di riferimento per aumentare la sua presenza sul mercato. <\/p>\n<p>Per concludere, la traduzione pubblicitaria \u00e8 essenziale affinch\u00e9 l\u2019impresa possa promuovere i proprio prodotti e servizi su diversi mercati internazionali. \u00c8 necessario affidarsi a un team di traduttori professionisti specializzati nella traduzione pubblicitaria per garantire una comunicazione efficace e attraente con il pubblico di riferimento. Se desideri espanderti a livello internazionale, pensa alla traduzione pubblicitaria come uno strumento per ottenere il successo della tua impresa.  <\/p>\n<p><span style=\"font-weight: 400;\">In conclusione, la<\/span> <b>traduzione pubblicitaria <\/b><span style=\"font-weight: 400;\"> \u00e8 davvero utile per il successo della tua impresa. La nostra societ\u00e0 <a href=\"https:\/\/translinguoglobal.com\/\">Translinguo Global <\/a>\u00e8 a tua disposizione per qualsiasi domanda. Lavoriamo in questo settore da oltre 10 anni: la nostra esperienza \u00e8 la garanzia che ti serve per fidarti di noi.  <\/span><\/p>\n","protected":false},"excerpt":{"rendered":"<p>Servizi di traduzione pubblicitaria Oggi giorno, la pubblicit\u00e0 \u00e8 un mezzo di comunicazione di grande importanza. \u00c8 un&#8217;attivit\u00e0 che ha un grande impatto sulla societ\u00e0. Consiste nel diffondere informazioni per rendere attraente per il pubblico un servizio o un prodotto, con l&#8217;obbiettivo di aumentarne il consumo. Per raggiungere questo obiettivo, \u00e8 indispensabile che l&#8217;azienda sia [&hellip;]<\/p>\n","protected":false},"author":3,"featured_media":69042,"parent":0,"menu_order":0,"comment_status":"closed","ping_status":"closed","template":"elementor_header_footer","meta":{"_crdt_document":"","inline_featured_image":false,"site-sidebar-layout":"no-sidebar","site-content-layout":"page-builder","ast-site-content-layout":"full-width-container","site-content-style":"default","site-sidebar-style":"default","ast-global-header-display":"","ast-banner-title-visibility":"","ast-main-header-display":"","ast-hfb-above-header-display":"","ast-hfb-below-header-display":"","ast-hfb-mobile-header-display":"","site-post-title":"disabled","ast-breadcrumbs-content":"","ast-featured-img":"disabled","footer-sml-layout":"","ast-disable-related-posts":"","theme-transparent-header-meta":"default","adv-header-id-meta":"","stick-header-meta":"","header-above-stick-meta":"","header-main-stick-meta":"","header-below-stick-meta":"","astra-migrate-meta-layouts":"default","ast-page-background-enabled":"default","ast-page-background-meta":{"desktop":{"background-color":"var(--ast-global-color-4)","background-image":"","background-repeat":"repeat","background-position":"center center","background-size":"auto","background-attachment":"scroll","background-type":"","background-media":"","overlay-type":"","overlay-color":"","overlay-opacity":"","overlay-gradient":""},"tablet":{"background-color":"","background-image":"","background-repeat":"repeat","background-position":"center center","background-size":"auto","background-attachment":"scroll","background-type":"","background-media":"","overlay-type":"","overlay-color":"","overlay-opacity":"","overlay-gradient":""},"mobile":{"background-color":"","background-image":"","background-repeat":"repeat","background-position":"center center","background-size":"auto","background-attachment":"scroll","background-type":"","background-media":"","overlay-type":"","overlay-color":"","overlay-opacity":"","overlay-gradient":""}},"ast-content-background-meta":{"desktop":{"background-color":"var(--ast-global-color-5)","background-image":"","background-repeat":"repeat","background-position":"center center","background-size":"auto","background-attachment":"scroll","background-type":"","background-media":"","overlay-type":"","overlay-color":"","overlay-opacity":"","overlay-gradient":""},"tablet":{"background-color":"var(--ast-global-color-5)","background-image":"","background-repeat":"repeat","background-position":"center center","background-size":"auto","background-attachment":"scroll","background-type":"","background-media":"","overlay-type":"","overlay-color":"","overlay-opacity":"","overlay-gradient":""},"mobile":{"background-color":"var(--ast-global-color-5)","background-image":"","background-repeat":"repeat","background-position":"center center","background-size":"auto","background-attachment":"scroll","background-type":"","background-media":"","overlay-type":"","overlay-color":"","overlay-opacity":"","overlay-gradient":""}},"footnotes":""},"class_list":["post-78890","page","type-page","status-publish","has-post-thumbnail","hentry"],"_links":{"self":[{"href":"https:\/\/translinguoglobal.com\/it\/wp-json\/wp\/v2\/pages\/78890","targetHints":{"allow":["GET"]}}],"collection":[{"href":"https:\/\/translinguoglobal.com\/it\/wp-json\/wp\/v2\/pages"}],"about":[{"href":"https:\/\/translinguoglobal.com\/it\/wp-json\/wp\/v2\/types\/page"}],"author":[{"embeddable":true,"href":"https:\/\/translinguoglobal.com\/it\/wp-json\/wp\/v2\/users\/3"}],"replies":[{"embeddable":true,"href":"https:\/\/translinguoglobal.com\/it\/wp-json\/wp\/v2\/comments?post=78890"}],"version-history":[{"count":2,"href":"https:\/\/translinguoglobal.com\/it\/wp-json\/wp\/v2\/pages\/78890\/revisions"}],"predecessor-version":[{"id":82154,"href":"https:\/\/translinguoglobal.com\/it\/wp-json\/wp\/v2\/pages\/78890\/revisions\/82154"}],"wp:featuredmedia":[{"embeddable":true,"href":"https:\/\/translinguoglobal.com\/it\/wp-json\/wp\/v2\/media\/69042"}],"wp:attachment":[{"href":"https:\/\/translinguoglobal.com\/it\/wp-json\/wp\/v2\/media?parent=78890"}],"curies":[{"name":"wp","href":"https:\/\/api.w.org\/{rel}","templated":true}]}}