{"id":78626,"date":"2024-12-19T11:42:11","date_gmt":"2024-12-19T10:42:11","guid":{"rendered":"https:\/\/translinguoglobal.com\/materiale-pubblicitario\/"},"modified":"2025-06-17T10:49:56","modified_gmt":"2025-06-17T08:49:56","slug":"materiale-pubblicitario","status":"publish","type":"page","link":"https:\/\/translinguoglobal.com\/it\/materiale-pubblicitario\/","title":{"rendered":"Materiale pubblicitario"},"content":{"rendered":"<p>Materiale pubblicitario. Gli usi pi\u00f9 comuni del <a href=\"https:\/\/translinguoglobal.com\/it\/servizio-di-progettazione-grafica\/\">design grafico<\/a> includono l&#8217;identit\u00e0 <strong>(loghi e branding)<\/strong>, le pubblicazioni <strong>(riviste, giornali e libri)<\/strong>, la pubblicit\u00e0 e il packaging dei prodotti. Ad esempio, la confezione di un prodotto pu\u00f2 includere un <a href=\"https:\/\/es.wikipedia.org\/wiki\/Logotipo\" target=\"_blank\" rel=\"noopener\">logo<\/a> o un altro disegno, un testo organizzato ed elementi di design puro come forme e colori che unificano il pezzo.  <\/p>\n<p>Composizione, forme e colori sono le caratteristiche pi\u00f9 importanti del design grafico, soprattutto quando si utilizzano documenti preesistenti o elementi vari.<\/p>\n<h3 style=\"text-align: center;\">Progettazione grafica e creazione pubblicitaria. Materiale pubblicitario y <\/h3>\n<p>Questo servizio multimediale ti offre l \u201copportunit\u00e0 di soddisfare tutte le tue esigenze di <a href=\"https:\/\/es.wikipedia.org\/wiki\/Dise%C3%B1o_gr%C3%A1fico\" target=\"_blank\" rel=\"noopener\">progettazione grafica<\/a>. Offriamo un\u201d ampia gamma di <a href=\"https:\/\/translinguoglobal.com\/it\/progettazione-e-creazione-di-siti-web\/\">servizi multimediali<\/a> quali <\/p>\n<table style=\"width: 100%; border-collapse: collapse; border-style: hidden;\">\n<tbody>\n<tr>\n<td style=\"width: 33.3333%;\"><img decoding=\"async\" class=\"size-full wp-image-39935 aligncenter\" src=\"https:\/\/translinguoglobal.com\/wp-content\/uploads\/2022\/04\/photo.png\" alt=\"Identit\u00e0 societaria.\" width=\"80\" height=\"80\" srcset=\"https:\/\/translinguoglobal.com\/wp-content\/uploads\/2022\/04\/photo.png 250w, https:\/\/translinguoglobal.com\/wp-content\/uploads\/2022\/04\/photo-150x150.png 150w\" sizes=\"(max-width: 80px) 100vw, 80px\" \/><\/p>\n<p style=\"text-align: center;\">Identit\u00e0 societaria e immagine del marchio. Progettazione e ideazione grafica <\/p>\n<\/td>\n<td style=\"width: 33.3333%;\"><img decoding=\"async\" class=\"size-full wp-image-39942 aligncenter\" src=\"https:\/\/translinguoglobal.com\/wp-content\/uploads\/2022\/04\/logotipo.png\" alt=\"Progettazione di loghi, riviste, banner e identit\u00e0 societaria. Packaging e materiale grafico\" width=\"80\" height=\"80\" srcset=\"https:\/\/translinguoglobal.com\/wp-content\/uploads\/2022\/04\/logotipo.png 250w, https:\/\/translinguoglobal.com\/wp-content\/uploads\/2022\/04\/logotipo-150x150.png 150w\" sizes=\"(max-width: 80px) 100vw, 80px\" \/><\/p>\n<p style=\"text-align: center;\">Progettazione di loghi<\/p>\n<\/td>\n<td style=\"width: 33.3333%;\"><img decoding=\"async\" class=\"size-full wp-image-39949 aligncenter\" src=\"https:\/\/translinguoglobal.com\/wp-content\/uploads\/2022\/04\/folleto.png\" alt=\"\" width=\"80\" height=\"80\" srcset=\"https:\/\/translinguoglobal.com\/wp-content\/uploads\/2022\/04\/folleto.png 250w, https:\/\/translinguoglobal.com\/wp-content\/uploads\/2022\/04\/folleto-150x150.png 150w\" sizes=\"(max-width: 80px) 100vw, 80px\" \/><\/p>\n<p style=\"text-align: center;\">Progettazione di poster, opuscoli, brochure e materiale di cancelleria<\/p>\n<\/td>\n<\/tr>\n<\/tbody>\n<\/table>\n<p>&nbsp;<\/p>\n","protected":false},"excerpt":{"rendered":"<p>Materiale pubblicitario. Gli usi pi\u00f9 comuni del design grafico includono l&#8217;identit\u00e0 (loghi e branding), le pubblicazioni (riviste, giornali e libri), la pubblicit\u00e0 e il packaging dei prodotti. Ad esempio, la confezione di un prodotto pu\u00f2 includere un logo o un altro disegno, un testo organizzato ed elementi di design puro come forme e colori che [&hellip;]<\/p>\n","protected":false},"author":3,"featured_media":78627,"parent":0,"menu_order":0,"comment_status":"closed","ping_status":"closed","template":"","meta":{"_crdt_document":"","inline_featured_image":false,"site-sidebar-layout":"default","site-content-layout":"default","ast-site-content-layout":"default","site-content-style":"default","site-sidebar-style":"default","ast-global-header-display":"","ast-banner-title-visibility":"","ast-main-header-display":"","ast-hfb-above-header-display":"","ast-hfb-below-header-display":"","ast-hfb-mobile-header-display":"","site-post-title":"","ast-breadcrumbs-content":"","ast-featured-img":"","footer-sml-layout":"","ast-disable-related-posts":"","theme-transparent-header-meta":"default","adv-header-id-meta":"","stick-header-meta":"","header-above-stick-meta":"","header-main-stick-meta":"","header-below-stick-meta":"","astra-migrate-meta-layouts":"default","ast-page-background-enabled":"default","ast-page-background-meta":{"desktop":{"background-color":"var(--ast-global-color-4)","background-image":"","background-repeat":"repeat","background-position":"center center","background-size":"auto","background-attachment":"scroll","background-type":"","background-media":"","overlay-type":"","overlay-color":"","overlay-opacity":"","overlay-gradient":""},"tablet":{"background-color":"","background-image":"","background-repeat":"repeat","background-position":"center center","background-size":"auto","background-attachment":"scroll","background-type":"","background-media":"","overlay-type":"","overlay-color":"","overlay-opacity":"","overlay-gradient":""},"mobile":{"background-color":"","background-image":"","background-repeat":"repeat","background-position":"center center","background-size":"auto","background-attachment":"scroll","background-type":"","background-media":"","overlay-type":"","overlay-color":"","overlay-opacity":"","overlay-gradient":""}},"ast-content-background-meta":{"desktop":{"background-color":"var(--ast-global-color-5)","background-image":"","background-repeat":"repeat","background-position":"center center","background-size":"auto","background-attachment":"scroll","background-type":"","background-media":"","overlay-type":"","overlay-color":"","overlay-opacity":"","overlay-gradient":""},"tablet":{"background-color":"var(--ast-global-color-5)","background-image":"","background-repeat":"repeat","background-position":"center center","background-size":"auto","background-attachment":"scroll","background-type":"","background-media":"","overlay-type":"","overlay-color":"","overlay-opacity":"","overlay-gradient":""},"mobile":{"background-color":"var(--ast-global-color-5)","background-image":"","background-repeat":"repeat","background-position":"center center","background-size":"auto","background-attachment":"scroll","background-type":"","background-media":"","overlay-type":"","overlay-color":"","overlay-opacity":"","overlay-gradient":""}},"footnotes":""},"class_list":["post-78626","page","type-page","status-publish","has-post-thumbnail","hentry"],"_links":{"self":[{"href":"https:\/\/translinguoglobal.com\/it\/wp-json\/wp\/v2\/pages\/78626","targetHints":{"allow":["GET"]}}],"collection":[{"href":"https:\/\/translinguoglobal.com\/it\/wp-json\/wp\/v2\/pages"}],"about":[{"href":"https:\/\/translinguoglobal.com\/it\/wp-json\/wp\/v2\/types\/page"}],"author":[{"embeddable":true,"href":"https:\/\/translinguoglobal.com\/it\/wp-json\/wp\/v2\/users\/3"}],"replies":[{"embeddable":true,"href":"https:\/\/translinguoglobal.com\/it\/wp-json\/wp\/v2\/comments?post=78626"}],"version-history":[{"count":3,"href":"https:\/\/translinguoglobal.com\/it\/wp-json\/wp\/v2\/pages\/78626\/revisions"}],"predecessor-version":[{"id":93758,"href":"https:\/\/translinguoglobal.com\/it\/wp-json\/wp\/v2\/pages\/78626\/revisions\/93758"}],"wp:featuredmedia":[{"embeddable":true,"href":"https:\/\/translinguoglobal.com\/it\/wp-json\/wp\/v2\/media\/78627"}],"wp:attachment":[{"href":"https:\/\/translinguoglobal.com\/it\/wp-json\/wp\/v2\/media?parent=78626"}],"curies":[{"name":"wp","href":"https:\/\/api.w.org\/{rel}","templated":true}]}}