{"id":78620,"date":"2024-12-19T09:54:27","date_gmt":"2024-12-19T08:54:27","guid":{"rendered":"https:\/\/translinguoglobal.com\/servizio-di-marketing-multilingue\/"},"modified":"2025-02-14T11:55:28","modified_gmt":"2025-02-14T10:55:28","slug":"servizio-di-marketing-multilingue","status":"publish","type":"page","link":"https:\/\/translinguoglobal.com\/it\/servizio-di-marketing-multilingue\/","title":{"rendered":"Servizio di marketing multilingue"},"content":{"rendered":"<h2 style=\"text-align: center;\">L&#8217;importanza del marketing multilingue<\/h2>\n<p>Senza ombra di dubbio, una delle principali sfide che devono affrontare al giorno d\u2019oggi molte aziende \u00e8 quella di ottenere una maggiore visibilit\u00e0 sul <a href=\"https:\/\/es.wikipedia.org\/wiki\/Mercado\" target=\"_blank\" rel=\"noopener noreferrer\">mercato <\/a> internazionale. Noi di <strong>Translinguo Global\u00ae<\/strong>, sappiamo che questo obiettivo \u00e8 raggiungibile solamente se si realizza un\u2019efficiente campagna di <i>marketing multilingue<\/i>. La visibilit\u00e0 e la rilevanza in altri mercati sono possibili grazie a una strategia di <a href=\"https:\/\/es.wikipedia.org\/wiki\/Branding\" target=\"_blank\" rel=\"noopener noreferrer\"><i>branding<\/i><\/a> e <i>marketing<\/i>, oltre che alla gestione di contenuti in altre lingue. Integriamo la strategia di <i>marketing <\/i> e la traduzione specializzata dei tuoi contenuti per creare un eccellente <i>marketing multilingue<\/i>. Mettiamo a disposizione un servizio specializzato che render\u00e0 la tua campagna di pubblicit\u00e0 la pi\u00f9 accurata ed efficace. Grazie alla formazione interculturale dei nostri <a href=\"https:\/\/translinguoglobal.com\/marketing-multilingue\/\">traduttori <\/a> e al supporto costante di un team di <i>marketing <\/i> e <i>branding<\/i>, la tua campagna comunicher\u00e0 efficacemente con i tuoi clienti.     <\/p>\n<h2 style=\"text-align: center;\">Principali servizi di Translinguo Global\u00ae<\/h2>\n\n<table id=\"tablepress-6\" class=\"tablepress tablepress-id-6\">\n<tbody>\n<tr class=\"row-1\">\n\t<td class=\"column-1\"><p><img decoding=\"async\" class=\"size-medium wp-image-39588 aligncenter\" src=\"https:\/\/translinguoglobal.com\/wp-content\/uploads\/2022\/04\/estilo-300x300-1-300x300.png\" alt=\"\" width=\"50\" height=\"50\" srcset=\"https:\/\/translinguoglobal.com\/wp-content\/uploads\/2022\/04\/estilo-300x300-1.png 300w, https:\/\/translinguoglobal.com\/wp-content\/uploads\/2022\/04\/estilo-300x300-1-150x150.png 150w\" sizes=\"(max-width: 50px) 100vw, 50px\" \/><\/p><br \/>\n                    <p style=\"text-align:center;\">Adaptaci\u00f3n ling\u00fc\u00edstica y cultural<\/p><\/td><td class=\"column-2\"><p><img decoding=\"async\" class=\"size-full wp-image-39664 aligncenter\" src=\"https:\/\/translinguoglobal.com\/wp-content\/uploads\/2022\/04\/pagina-web.png\" alt=\"\" width=\"50\" height=\"50\" srcset=\"https:\/\/translinguoglobal.com\/wp-content\/uploads\/2022\/04\/pagina-web.png 250w, https:\/\/translinguoglobal.com\/wp-content\/uploads\/2022\/04\/pagina-web-150x150.png 150w\" sizes=\"(max-width: 50px) 100vw, 50px\" \/><\/p><br \/>\n                    <p style=\"text-align:center;\"><a href=\"\/?page_id=40776\">SEO y SEM<\/a><\/p><\/td><td class=\"column-3\"><p><img decoding=\"async\" class=\"size-full wp-image-39736 aligncenter\" src=\"https:\/\/translinguoglobal.com\/wp-content\/uploads\/2022\/04\/ok.png\" alt=\"Monitorizaci\u00f3n de contenidos.\" width=\"50\" height=\"50\" srcset=\"https:\/\/translinguoglobal.com\/wp-content\/uploads\/2022\/04\/ok.png 250w, https:\/\/translinguoglobal.com\/wp-content\/uploads\/2022\/04\/ok-150x150.png 150w\" sizes=\"(max-width: 50px) 100vw, 50px\" \/><\/p><br \/>\n                    <p style=\"text-align:center;\">Equipo experto de comunicaci\u00f3n y <i>marketing<\/i><\/p><\/td>\n<\/tr>\n<tr class=\"row-2\">\n\t<td class=\"column-1\"><p><img loading=\"lazy\" decoding=\"async\" class=\"size-full wp-image-39771 aligncenter\" src=\"https:\/\/translinguoglobal.com\/wp-content\/uploads\/2022\/04\/identidad-corportiva.png\" alt=\"\" width=\"50\" height=\"50\" srcset=\"https:\/\/translinguoglobal.com\/wp-content\/uploads\/2022\/04\/identidad-corportiva.png 250w, https:\/\/translinguoglobal.com\/wp-content\/uploads\/2022\/04\/identidad-corportiva-150x150.png 150w\" sizes=\"(max-width: 50px) 100vw, 50px\" \/><\/p><br \/>\n                    <p style=\"text-align:center;\">Plan de internacionalizaci\u00f3n personalizado<\/p><\/td><td class=\"column-2\"><p><img loading=\"lazy\" decoding=\"async\" class=\"size-full wp-image-39867 aligncenter\" src=\"https:\/\/translinguoglobal.com\/wp-content\/uploads\/2022\/04\/ook.png\" alt=\"\" width=\"50\" height=\"50\" srcset=\"https:\/\/translinguoglobal.com\/wp-content\/uploads\/2022\/04\/ook.png 250w, https:\/\/translinguoglobal.com\/wp-content\/uploads\/2022\/04\/ook-150x150.png 150w\" sizes=\"(max-width: 50px) 100vw, 50px\" \/><\/p><br \/>\n                    <p style=\"text-align:center;\">Traductores nativos<\/p><\/td><td class=\"column-3\"><p><img loading=\"lazy\" decoding=\"async\" class=\"size-full wp-image-39905 aligncenter\" src=\"https:\/\/translinguoglobal.com\/wp-content\/uploads\/2022\/04\/comunidad.png\" alt=\"\" width=\"50\" height=\"50\" srcset=\"https:\/\/translinguoglobal.com\/wp-content\/uploads\/2022\/04\/comunidad.png 250w, https:\/\/translinguoglobal.com\/wp-content\/uploads\/2022\/04\/comunidad-150x150.png 150w\" sizes=\"(max-width: 50px) 100vw, 50px\" \/><\/p><br \/>\n                    <p style=\"text-align:center;\">Creaci\u00f3n y gesti\u00f3n de la comunidad<i> online<\/i><\/p><\/td>\n<\/tr>\n<\/tbody>\n<\/table>\n<!-- #tablepress-6 from cache -->\n<p>Se desideri internazionalizzare la tua azienda, contattataci per discutere un piano di <i>marketing <\/i>internazionale e per concordare le migliori tariffe per entrambi i servizi. Ti proporremo la migliore strategia fatta su misura per la tua azienda, blog e sito web in modo tale da garantire autorit\u00e0 e rilevanza nei motori di ricerca degli altri <i>siti<\/i>. <\/p>\n<h5 style=\"text-align: center;\"><a href=\"https:\/\/translinguoglobal.com\/diseno-y-creacion-de-paginas-web\/\" target=\"_blank\" rel=\"noopener noreferrer\">Scopri tutti i nostri servizi di <i>Marketing <\/i>digitale<\/a><\/h5>\n","protected":false},"excerpt":{"rendered":"<p>L&#8217;importanza del marketing multilingue Senza ombra di dubbio, una delle principali sfide che devono affrontare al giorno d\u2019oggi molte aziende \u00e8 quella di ottenere una maggiore visibilit\u00e0 sul mercato internazionale. Noi di Translinguo Global\u00ae, sappiamo che questo obiettivo \u00e8 raggiungibile solamente se si realizza un\u2019efficiente campagna di marketing multilingue. La visibilit\u00e0 e la rilevanza in [&hellip;]<\/p>\n","protected":false},"author":3,"featured_media":78621,"parent":0,"menu_order":0,"comment_status":"closed","ping_status":"closed","template":"","meta":{"_crdt_document":"","inline_featured_image":false,"site-sidebar-layout":"default","site-content-layout":"default","ast-site-content-layout":"default","site-content-style":"default","site-sidebar-style":"default","ast-global-header-display":"","ast-banner-title-visibility":"","ast-main-header-display":"","ast-hfb-above-header-display":"","ast-hfb-below-header-display":"","ast-hfb-mobile-header-display":"","site-post-title":"","ast-breadcrumbs-content":"","ast-featured-img":"","footer-sml-layout":"","ast-disable-related-posts":"","theme-transparent-header-meta":"default","adv-header-id-meta":"","stick-header-meta":"","header-above-stick-meta":"","header-main-stick-meta":"","header-below-stick-meta":"","astra-migrate-meta-layouts":"default","ast-page-background-enabled":"default","ast-page-background-meta":{"desktop":{"background-color":"var(--ast-global-color-4)","background-image":"","background-repeat":"repeat","background-position":"center center","background-size":"auto","background-attachment":"scroll","background-type":"","background-media":"","overlay-type":"","overlay-color":"","overlay-opacity":"","overlay-gradient":""},"tablet":{"background-color":"","background-image":"","background-repeat":"repeat","background-position":"center center","background-size":"auto","background-attachment":"scroll","background-type":"","background-media":"","overlay-type":"","overlay-color":"","overlay-opacity":"","overlay-gradient":""},"mobile":{"background-color":"","background-image":"","background-repeat":"repeat","background-position":"center center","background-size":"auto","background-attachment":"scroll","background-type":"","background-media":"","overlay-type":"","overlay-color":"","overlay-opacity":"","overlay-gradient":""}},"ast-content-background-meta":{"desktop":{"background-color":"var(--ast-global-color-5)","background-image":"","background-repeat":"repeat","background-position":"center center","background-size":"auto","background-attachment":"scroll","background-type":"","background-media":"","overlay-type":"","overlay-color":"","overlay-opacity":"","overlay-gradient":""},"tablet":{"background-color":"var(--ast-global-color-5)","background-image":"","background-repeat":"repeat","background-position":"center center","background-size":"auto","background-attachment":"scroll","background-type":"","background-media":"","overlay-type":"","overlay-color":"","overlay-opacity":"","overlay-gradient":""},"mobile":{"background-color":"var(--ast-global-color-5)","background-image":"","background-repeat":"repeat","background-position":"center center","background-size":"auto","background-attachment":"scroll","background-type":"","background-media":"","overlay-type":"","overlay-color":"","overlay-opacity":"","overlay-gradient":""}},"footnotes":""},"class_list":["post-78620","page","type-page","status-publish","has-post-thumbnail","hentry"],"_links":{"self":[{"href":"https:\/\/translinguoglobal.com\/it\/wp-json\/wp\/v2\/pages\/78620","targetHints":{"allow":["GET"]}}],"collection":[{"href":"https:\/\/translinguoglobal.com\/it\/wp-json\/wp\/v2\/pages"}],"about":[{"href":"https:\/\/translinguoglobal.com\/it\/wp-json\/wp\/v2\/types\/page"}],"author":[{"embeddable":true,"href":"https:\/\/translinguoglobal.com\/it\/wp-json\/wp\/v2\/users\/3"}],"replies":[{"embeddable":true,"href":"https:\/\/translinguoglobal.com\/it\/wp-json\/wp\/v2\/comments?post=78620"}],"version-history":[{"count":3,"href":"https:\/\/translinguoglobal.com\/it\/wp-json\/wp\/v2\/pages\/78620\/revisions"}],"predecessor-version":[{"id":82182,"href":"https:\/\/translinguoglobal.com\/it\/wp-json\/wp\/v2\/pages\/78620\/revisions\/82182"}],"wp:featuredmedia":[{"embeddable":true,"href":"https:\/\/translinguoglobal.com\/it\/wp-json\/wp\/v2\/media\/78621"}],"wp:attachment":[{"href":"https:\/\/translinguoglobal.com\/it\/wp-json\/wp\/v2\/media?parent=78620"}],"curies":[{"name":"wp","href":"https:\/\/api.w.org\/{rel}","templated":true}]}}