{"id":78610,"date":"2024-12-18T16:04:09","date_gmt":"2024-12-18T15:04:09","guid":{"rendered":"https:\/\/translinguoglobal.com\/scrittura-di-contenuti\/"},"modified":"2025-02-18T13:15:58","modified_gmt":"2025-02-18T12:15:58","slug":"scrittura-di-contenuti","status":"publish","type":"page","link":"https:\/\/translinguoglobal.com\/it\/scrittura-di-contenuti\/","title":{"rendered":"Scrittura di Contenuti"},"content":{"rendered":"<p>La scrittura di contenuti \u00e8 uno degli elementi chiave per il successo o il fallimento di un sito web, grazie alla qualit\u00e0 e all&#8217;accuratezza che pu\u00f2 apportare. Tuttavia, conosci il valore e l&#8217;importanza di una scrupolosa professionalit\u00e0 nella scrittura dei contenuti? <\/p>\n<h3 style=\"text-align: center;\">Non aver paura del crawler di Google. La scrittura di contenuti ti aiuter\u00e0 a migliorare il posizionamento del tuo sito web. <\/h3>\n<p>Inoltre, una cosa da sapere \u00e8 che i contenuti sono il \u201ccarburante\u201d del motore crawler di Google. Proprio per questo motivo, l&#8217;uso ottimale dei contenuti \u00e8 estremamente importante. Questi sono gli aspetti chiave da tenere in considerazione nella scrittura di contenuti efficaci e in linea con i tuoi obiettivi:  <\/p>\n<p>&nbsp;<\/p>\n<table style=\"width: 100%; border-collapse: collapse; border-style: hidden;\">\n<tbody>\n<tr>\n<td style=\"width: 25%;\"><img decoding=\"async\" class=\"size-full wp-image-39811 aligncenter\" src=\"https:\/\/translinguoglobal.com\/wp-content\/uploads\/2022\/04\/read.png\" alt=\"Interessante dal punto di vista dell'utente\" width=\"80\" height=\"80\" srcset=\"https:\/\/translinguoglobal.com\/wp-content\/uploads\/2022\/04\/read.png 250w, https:\/\/translinguoglobal.com\/wp-content\/uploads\/2022\/04\/read-150x150.png 150w\" sizes=\"(max-width: 80px) 100vw, 80px\" \/><\/p>\n<p style=\"text-align: center;\">Interessante dal punto di vista dell&#8217;utente.<\/p>\n<\/td>\n<td style=\"width: 25%;\"><img decoding=\"async\" class=\"size-full wp-image-39818 aligncenter\" src=\"https:\/\/translinguoglobal.com\/wp-content\/uploads\/2022\/04\/Interesante-desde-el-punto-de-vista-del-usuario.png\" alt=\"\" width=\"80\" height=\"80\" srcset=\"https:\/\/translinguoglobal.com\/wp-content\/uploads\/2022\/04\/Interesante-desde-el-punto-de-vista-del-usuario.png 250w, https:\/\/translinguoglobal.com\/wp-content\/uploads\/2022\/04\/Interesante-desde-el-punto-de-vista-del-usuario-150x150.png 150w\" sizes=\"(max-width: 80px) 100vw, 80px\" \/><\/p>\n<p style=\"text-align: center;\">Deve essere ben strutturato e presentato correttamente.<\/p>\n<\/td>\n<td style=\"width: 25%;\"><img decoding=\"async\" class=\"size-full wp-image-39825 aligncenter\" src=\"https:\/\/translinguoglobal.com\/wp-content\/uploads\/2022\/04\/puzzle.png\" alt=\"Logico, coerente e unificato\" width=\"80\" height=\"80\" srcset=\"https:\/\/translinguoglobal.com\/wp-content\/uploads\/2022\/04\/puzzle.png 250w, https:\/\/translinguoglobal.com\/wp-content\/uploads\/2022\/04\/puzzle-150x150.png 150w\" sizes=\"(max-width: 80px) 100vw, 80px\" \/><\/p>\n<p style=\"text-align: center;\">Logico, coerente e unificato.<\/p>\n<\/td>\n<td style=\"width: 25%;\"><img loading=\"lazy\" decoding=\"async\" class=\"size-full wp-image-39839 aligncenter\" src=\"https:\/\/translinguoglobal.com\/wp-content\/uploads\/2022\/04\/iux-1-1.png\" alt=\"\" width=\"80\" height=\"80\" srcset=\"https:\/\/translinguoglobal.com\/wp-content\/uploads\/2022\/04\/iux-1-1.png 250w, https:\/\/translinguoglobal.com\/wp-content\/uploads\/2022\/04\/iux-1-1-150x150.png 150w\" sizes=\"(max-width: 80px) 100vw, 80px\" \/><\/p>\n<p style=\"text-align: center;\">Accessibile all&#8217;usuario.<\/p>\n<\/td>\n<\/tr>\n<\/tbody>\n<\/table>\n<p>Se non ottieni autorit\u00e0 e reputazione con contenuti di qualit\u00e0, il tuo sito potrebbe finire in fondo alla lista. Alla <a href=\"https:\/\/translinguoglobal.com\/\"><strong>Translinguo Global\u00ae<\/strong><\/a>, l&#8217;attenzione \u00e8 rivolta all&#8217;<a href=\"https:\/\/translinguoglobal.com\/posicionamiento-en-buscadores-seo-multilingue\/\">ottimizzazione<\/a> dei motori di ricerca (SEO), all&#8217;attivit\u00e0 sui social media (SMM), all&#8217;immagine aziendale, all&#8217;autorit\u00e0 e alla reputazione. In breve, il contenuto di un sito web \u00e8 fondamentale perch\u00e9 influisce direttamente sul grado di soddisfazione dei visitatori.   <\/p>\n<blockquote><p>\u00abUn ottimo contenuto equivale a ottimi risultati\u00bb<\/p><\/blockquote>\n<table style=\"width: 100%; border-collapse: collapse; border-style: hidden;\">\n<tbody>\n<tr>\n<td style=\"width: 25%;\"><img loading=\"lazy\" decoding=\"async\" class=\"size-full wp-image-39839 aligncenter\" src=\"https:\/\/translinguoglobal.com\/wp-content\/uploads\/2022\/04\/iux-1-1.png\" alt=\"\" width=\"80\" height=\"80\" srcset=\"https:\/\/translinguoglobal.com\/wp-content\/uploads\/2022\/04\/iux-1-1.png 250w, https:\/\/translinguoglobal.com\/wp-content\/uploads\/2022\/04\/iux-1-1-150x150.png 150w\" sizes=\"(max-width: 80px) 100vw, 80px\" \/><\/p>\n<p style=\"text-align: center;\">Usabilit\u00e0<\/p>\n<\/td>\n<td style=\"width: 25%;\"><img loading=\"lazy\" decoding=\"async\" class=\"size-full wp-image-39763 aligncenter\" src=\"https:\/\/translinguoglobal.com\/wp-content\/uploads\/2022\/04\/seguridad.png\" alt=\"Accessibilit\u00e0\" width=\"80\" height=\"80\" srcset=\"https:\/\/translinguoglobal.com\/wp-content\/uploads\/2022\/04\/seguridad.png 250w, https:\/\/translinguoglobal.com\/wp-content\/uploads\/2022\/04\/seguridad-150x150.png 150w\" sizes=\"(max-width: 80px) 100vw, 80px\" \/><\/p>\n<p style=\"text-align: center;\">Accessibilit\u00e0.<\/p>\n<\/td>\n<td style=\"width: 25%;\"><img loading=\"lazy\" decoding=\"async\" class=\"size-full wp-image-39771 aligncenter\" src=\"https:\/\/translinguoglobal.com\/wp-content\/uploads\/2022\/04\/identidad-corportiva.png\" alt=\"\" width=\"80\" height=\"80\" srcset=\"https:\/\/translinguoglobal.com\/wp-content\/uploads\/2022\/04\/identidad-corportiva.png 250w, https:\/\/translinguoglobal.com\/wp-content\/uploads\/2022\/04\/identidad-corportiva-150x150.png 150w\" sizes=\"(max-width: 80px) 100vw, 80px\" \/><\/p>\n<p style=\"text-align: center;\">Identit\u00e0 societaria.<\/p>\n<\/td>\n<td style=\"width: 25%;\"><img loading=\"lazy\" decoding=\"async\" class=\"size-full wp-image-39781 aligncenter\" src=\"https:\/\/translinguoglobal.com\/wp-content\/uploads\/2022\/04\/rates.png\" alt=\"Qualit\u00e0\" width=\"80\" height=\"80\" srcset=\"https:\/\/translinguoglobal.com\/wp-content\/uploads\/2022\/04\/rates.png 250w, https:\/\/translinguoglobal.com\/wp-content\/uploads\/2022\/04\/rates-150x150.png 150w\" sizes=\"(max-width: 80px) 100vw, 80px\" \/><\/p>\n<div class=\"elementor-element elementor-element-ebaf323 elementor-widget elementor-widget-text-editor\" data-id=\"ebaf323\" data-element_type=\"widget\" data-widget_type=\"text-editor.default\">\n<div class=\"elementor-widget-container\" style=\"text-align: center;\">Qualit\u00e0.<\/div>\n<\/div>\n<\/td>\n<\/tr>\n<\/tbody>\n<\/table>\n<p>Infine, il nostro team di esperti sa che un buon <a href=\"https:\/\/es.wikipedia.org\/wiki\/Sistema_de_gesti%C3%B3n_de_contenidos\" target=\"_blank\" rel=\"noopener\">content manager<\/a> deve essere:<\/p>\n<table style=\"width: 100%; border-collapse: collapse; border-style: hidden;\">\n<tbody>\n<tr>\n<td style=\"width: 33.3333%;\"><img loading=\"lazy\" decoding=\"async\" class=\"size-full wp-image-39860 aligncenter\" src=\"https:\/\/translinguoglobal.com\/wp-content\/uploads\/2022\/04\/idea.png\" alt=\"Infine, il nostro team di esperti sa che un buon content manager deve essere:\" width=\"80\" height=\"80\" srcset=\"https:\/\/translinguoglobal.com\/wp-content\/uploads\/2022\/04\/idea.png 250w, https:\/\/translinguoglobal.com\/wp-content\/uploads\/2022\/04\/idea-150x150.png 150w\" sizes=\"(max-width: 80px) 100vw, 80px\" \/><\/p>\n<p style=\"text-align: center;\">Creativo e risoluto.<\/p>\n<\/td>\n<td style=\"width: 33.3333%;\"><img loading=\"lazy\" decoding=\"async\" class=\"size-full wp-image-39867 aligncenter\" src=\"https:\/\/translinguoglobal.com\/wp-content\/uploads\/2022\/04\/ook.png\" alt=\"\" width=\"80\" height=\"80\" srcset=\"https:\/\/translinguoglobal.com\/wp-content\/uploads\/2022\/04\/ook.png 250w, https:\/\/translinguoglobal.com\/wp-content\/uploads\/2022\/04\/ook-150x150.png 150w\" sizes=\"(max-width: 80px) 100vw, 80px\" \/><\/p>\n<p style=\"text-align: center;\">Esperto dell&#8217;argomento da trattare.<\/p>\n<\/td>\n<td style=\"width: 33.3333%;\"><img loading=\"lazy\" decoding=\"async\" class=\"size-full wp-image-39874 aligncenter\" src=\"https:\/\/translinguoglobal.com\/wp-content\/uploads\/2022\/04\/objetivos.png\" alt=\"\" width=\"80\" height=\"80\" srcset=\"https:\/\/translinguoglobal.com\/wp-content\/uploads\/2022\/04\/objetivos.png 250w, https:\/\/translinguoglobal.com\/wp-content\/uploads\/2022\/04\/objetivos-150x150.png 150w\" sizes=\"(max-width: 80px) 100vw, 80px\" \/><\/p>\n<p style=\"text-align: center;\">Capace di catturare l&#8217;attenzione del lettore.<\/p>\n<\/td>\n<\/tr>\n<\/tbody>\n<\/table>\n<p>Per questo motivo, i nostri professionisti sono <a href=\"https:\/\/es.wikipedia.org\/wiki\/Interdisciplinariedad\" target=\"_blank\" rel=\"noopener\">interdisciplinari <\/a>e hanno una vasta conoscenza del marketing, della tecnologia e della linguistica.<\/p>\n","protected":false},"excerpt":{"rendered":"<p>La scrittura di contenuti \u00e8 uno degli elementi chiave per il successo o il fallimento di un sito web, grazie alla qualit\u00e0 e all&#8217;accuratezza che pu\u00f2 apportare. Tuttavia, conosci il valore e l&#8217;importanza di una scrupolosa professionalit\u00e0 nella scrittura dei contenuti? Non aver paura del crawler di Google. La scrittura di contenuti ti aiuter\u00e0 a [&hellip;]<\/p>\n","protected":false},"author":3,"featured_media":69112,"parent":0,"menu_order":0,"comment_status":"closed","ping_status":"closed","template":"","meta":{"_crdt_document":"","inline_featured_image":false,"site-sidebar-layout":"default","site-content-layout":"default","ast-site-content-layout":"default","site-content-style":"default","site-sidebar-style":"default","ast-global-header-display":"","ast-banner-title-visibility":"","ast-main-header-display":"","ast-hfb-above-header-display":"","ast-hfb-below-header-display":"","ast-hfb-mobile-header-display":"","site-post-title":"","ast-breadcrumbs-content":"","ast-featured-img":"","footer-sml-layout":"","ast-disable-related-posts":"","theme-transparent-header-meta":"default","adv-header-id-meta":"","stick-header-meta":"","header-above-stick-meta":"","header-main-stick-meta":"","header-below-stick-meta":"","astra-migrate-meta-layouts":"default","ast-page-background-enabled":"default","ast-page-background-meta":{"desktop":{"background-color":"var(--ast-global-color-4)","background-image":"","background-repeat":"repeat","background-position":"center center","background-size":"auto","background-attachment":"scroll","background-type":"","background-media":"","overlay-type":"","overlay-color":"","overlay-opacity":"","overlay-gradient":""},"tablet":{"background-color":"","background-image":"","background-repeat":"repeat","background-position":"center center","background-size":"auto","background-attachment":"scroll","background-type":"","background-media":"","overlay-type":"","overlay-color":"","overlay-opacity":"","overlay-gradient":""},"mobile":{"background-color":"","background-image":"","background-repeat":"repeat","background-position":"center center","background-size":"auto","background-attachment":"scroll","background-type":"","background-media":"","overlay-type":"","overlay-color":"","overlay-opacity":"","overlay-gradient":""}},"ast-content-background-meta":{"desktop":{"background-color":"var(--ast-global-color-5)","background-image":"","background-repeat":"repeat","background-position":"center center","background-size":"auto","background-attachment":"scroll","background-type":"","background-media":"","overlay-type":"","overlay-color":"","overlay-opacity":"","overlay-gradient":""},"tablet":{"background-color":"var(--ast-global-color-5)","background-image":"","background-repeat":"repeat","background-position":"center center","background-size":"auto","background-attachment":"scroll","background-type":"","background-media":"","overlay-type":"","overlay-color":"","overlay-opacity":"","overlay-gradient":""},"mobile":{"background-color":"var(--ast-global-color-5)","background-image":"","background-repeat":"repeat","background-position":"center center","background-size":"auto","background-attachment":"scroll","background-type":"","background-media":"","overlay-type":"","overlay-color":"","overlay-opacity":"","overlay-gradient":""}},"footnotes":""},"class_list":["post-78610","page","type-page","status-publish","has-post-thumbnail","hentry"],"_links":{"self":[{"href":"https:\/\/translinguoglobal.com\/it\/wp-json\/wp\/v2\/pages\/78610","targetHints":{"allow":["GET"]}}],"collection":[{"href":"https:\/\/translinguoglobal.com\/it\/wp-json\/wp\/v2\/pages"}],"about":[{"href":"https:\/\/translinguoglobal.com\/it\/wp-json\/wp\/v2\/types\/page"}],"author":[{"embeddable":true,"href":"https:\/\/translinguoglobal.com\/it\/wp-json\/wp\/v2\/users\/3"}],"replies":[{"embeddable":true,"href":"https:\/\/translinguoglobal.com\/it\/wp-json\/wp\/v2\/comments?post=78610"}],"version-history":[{"count":3,"href":"https:\/\/translinguoglobal.com\/it\/wp-json\/wp\/v2\/pages\/78610\/revisions"}],"predecessor-version":[{"id":80346,"href":"https:\/\/translinguoglobal.com\/it\/wp-json\/wp\/v2\/pages\/78610\/revisions\/80346"}],"wp:featuredmedia":[{"embeddable":true,"href":"https:\/\/translinguoglobal.com\/it\/wp-json\/wp\/v2\/media\/69112"}],"wp:attachment":[{"href":"https:\/\/translinguoglobal.com\/it\/wp-json\/wp\/v2\/media?parent=78610"}],"curies":[{"name":"wp","href":"https:\/\/api.w.org\/{rel}","templated":true}]}}