{"id":78608,"date":"2024-12-17T12:42:28","date_gmt":"2024-12-17T11:42:28","guid":{"rendered":"https:\/\/translinguoglobal.com\/posizionamento-sui-motori-di-ricerca-seo-sem\/"},"modified":"2025-02-18T13:17:52","modified_gmt":"2025-02-18T12:17:52","slug":"posizionamento-sui-motori-di-ricerca-seo-sem","status":"publish","type":"page","link":"https:\/\/translinguoglobal.com\/it\/posizionamento-sui-motori-di-ricerca-seo-sem\/","title":{"rendered":"Ottimizzazione sui motori di ricerca SEO, SEM"},"content":{"rendered":"<h2 style=\"text-align: center;\">Ottimizzazione sui motori di ricerca SEO, SEM<\/h2>\n<p><a href=\"https:\/\/es.wikipedia.org\/wiki\/Posicionamiento_en_buscadores\" target=\"_blank\" rel=\"noopener\">Ottimizzazione <\/a> dei motori di ricerca SEO, SEM. La chiave della <strong>SEO <\/strong> multilingua \u00e8, in breve, ci\u00f2 che rende il tuo sito web pi\u00f9 utile sia agli utenti che ai <a href=\"https:\/\/es.wikipedia.org\/wiki\/Motor_de_b%C3%BAsqueda\" target=\"_blank\" rel=\"noopener\">motori di ricerca<\/a>. Noi della <a href=\"https:\/\/translinguoglobal.com\/\"><strong>Translinguo Global\u00ae<\/strong><\/a> ti aiutiamo affinch\u00e9 i motori di ricerca capiscano meglio il contenuto del tuo sito web. Se desideri internazionalizzare la tua azienda, affidati al nostro servizio di SEO multilingua.   <\/p>\n<p>Miglioriamo il posizionamento del tuo sito web aziendale e ci impegniamo a convertire il tuo traffico in clienti reali. Ci occupiamo di migliorare la tua reputazione! <\/p>\n<p>&nbsp;<\/p>\n<table style=\"width: 100%; border-collapse: collapse; border-style: hidden;\" border=\"0\">\n<tbody>\n<tr>\n<td style=\"width: 33.3333%;\"><img decoding=\"async\" class=\"size-medium wp-image-39229 aligncenter\" src=\"https:\/\/translinguoglobal.com\/wp-content\/uploads\/2022\/04\/ortografia-300x300-1-300x300.png\" alt=\"\" width=\"80\" height=\"80\" srcset=\"https:\/\/translinguoglobal.com\/wp-content\/uploads\/2022\/04\/ortografia-300x300-1.png 300w, https:\/\/translinguoglobal.com\/wp-content\/uploads\/2022\/04\/ortografia-300x300-1-150x150.png 150w\" sizes=\"(max-width: 80px) 100vw, 80px\" \/><\/p>\n<p style=\"text-align: center;\">Creazione, pianificazione, <a href=\"https:\/\/translinguoglobal.com\/redaccion-de-contenidos\/\">redazione di contenuti<\/a> e struttura del portale web o del blog.<\/p>\n<\/td>\n<td style=\"width: 33.3333%;\"><img decoding=\"async\" class=\"size-full wp-image-39715 aligncenter\" src=\"https:\/\/translinguoglobal.com\/wp-content\/uploads\/2022\/04\/computer-1.png\" alt=\"\" width=\"80\" height=\"80\" srcset=\"https:\/\/translinguoglobal.com\/wp-content\/uploads\/2022\/04\/computer-1.png 250w, https:\/\/translinguoglobal.com\/wp-content\/uploads\/2022\/04\/computer-1-150x150.png 150w\" sizes=\"(max-width: 80px) 100vw, 80px\" \/><\/p>\n<p style=\"text-align: center;\">Manutenzione del sito web o del blog.<\/p>\n<\/td>\n<td style=\"width: 33.3333%;\"><img decoding=\"async\" class=\"size-full wp-image-39722 aligncenter\" src=\"https:\/\/translinguoglobal.com\/wp-content\/uploads\/2022\/04\/seo.png\" alt=\"\" width=\"80\" height=\"80\" srcset=\"https:\/\/translinguoglobal.com\/wp-content\/uploads\/2022\/04\/seo.png 250w, https:\/\/translinguoglobal.com\/wp-content\/uploads\/2022\/04\/seo-150x150.png 150w\" sizes=\"(max-width: 80px) 100vw, 80px\" \/><\/p>\n<p style=\"text-align: center;\">Ottimizzazione SEO, SEM e SEO multilingua.<\/p>\n<\/td>\n<\/tr>\n<tr>\n<td style=\"width: 33.3333%;\"><img loading=\"lazy\" decoding=\"async\" class=\"size-full wp-image-39729 aligncenter\" src=\"https:\/\/translinguoglobal.com\/wp-content\/uploads\/2022\/04\/analitycs.png\" alt=\"\" width=\"80\" height=\"80\" srcset=\"https:\/\/translinguoglobal.com\/wp-content\/uploads\/2022\/04\/analitycs.png 250w, https:\/\/translinguoglobal.com\/wp-content\/uploads\/2022\/04\/analitycs-150x150.png 150w\" sizes=\"(max-width: 80px) 100vw, 80px\" \/><\/p>\n<p style=\"text-align: center;\">Gestione delle crisi di reputazione <em>online<\/em>.<\/p>\n<\/td>\n<td style=\"width: 33.3333%;\"><img loading=\"lazy\" decoding=\"async\" class=\"size-full wp-image-39736 aligncenter\" src=\"https:\/\/translinguoglobal.com\/wp-content\/uploads\/2022\/04\/ok.png\" alt=\"Monitoraggio dei contenuti.\" width=\"80\" height=\"80\" srcset=\"https:\/\/translinguoglobal.com\/wp-content\/uploads\/2022\/04\/ok.png 250w, https:\/\/translinguoglobal.com\/wp-content\/uploads\/2022\/04\/ok-150x150.png 150w\" sizes=\"(max-width: 80px) 100vw, 80px\" \/><\/p>\n<p style=\"text-align: center;\">Monitoraggio dei contenuti della <em>mailing list<\/em>.<\/p>\n<p>&nbsp;<\/td>\n<td style=\"width: 33.3333%;\"><img loading=\"lazy\" decoding=\"async\" class=\"size-full wp-image-39743 aligncenter\" src=\"https:\/\/translinguoglobal.com\/wp-content\/uploads\/2022\/04\/email.png\" alt=\"\" width=\"80\" height=\"80\" srcset=\"https:\/\/translinguoglobal.com\/wp-content\/uploads\/2022\/04\/email.png 250w, https:\/\/translinguoglobal.com\/wp-content\/uploads\/2022\/04\/email-150x150.png 150w\" sizes=\"(max-width: 80px) 100vw, 80px\" \/><\/p>\n<p style=\"text-align: center;\"><em>Newsletter<\/em>.<\/p>\n<\/td>\n<\/tr>\n<\/tbody>\n<\/table>\n<p>La SEO \u00e8 il modo migliore per farsi trovare dagli utenti attraverso ricerche in cui il tuo sito web \u00e8 rilevante. Questi utenti cercano ci\u00f2 che offri, quindi il modo migliore per raggiungerli \u00e8 attraverso un motore di ricerca. <\/p>\n<h3 style=\"text-align: center;\">Strutturazione, chiavi ed esecuzione per incrementare la SEO multilingue<\/h3>\n<p>Noi della <strong>Translinguo Global\u00ae<\/strong> abbiamo progettato un nuovo servizio di traduzione creativa SEO. La traduzione creativa \u00e8 la chiave del <em>marketing <\/em>multilingue sui motori di ricerca. Unire mercati e lingue diverse nello stesso progetto \u00e8 la soluzione migliore per le aziende e i privati che vogliono risparmiare tempo e costi. Inoltre, offre risultati di alta qualit\u00e0 fin dalla prima pubblicazione dei contenuti.   <\/p>\n<blockquote>\n<p class=\"p1\"><span class=\"s1\" style=\"color: #000000;\">Prova la SEO multilingue e lanciati sulla scena internazionale.<\/span><\/p>\n<\/blockquote>\n<h3 style=\"text-align: center;\">Creazione di contenuti<\/h3>\n<p>Noi della <strong>Translinguo Global\u00ae<\/strong> ci affidiamo a copywriter creativi e con un&#8217;ampia conoscenza di vari settori. Inoltre, coordiniamo tutte le strategie SEO, SEM e SMM della vostra azienda con la gestione dei contenuti, in modo che i criteri aziendali siano sempre rispettati: <\/p>\n<p>&nbsp;<\/p>\n<p>&nbsp;<\/p>\n<table style=\"width: 100%; border-collapse: collapse; border-style: hidden;\" border=\"0\">\n<tbody>\n<tr>\n<td style=\"width: 25%;\"><img loading=\"lazy\" decoding=\"async\" class=\"size-full wp-image-39839 aligncenter\" src=\"https:\/\/translinguoglobal.com\/wp-content\/uploads\/2022\/04\/iux-1-1.png\" alt=\"\" width=\"80\" height=\"80\" srcset=\"https:\/\/translinguoglobal.com\/wp-content\/uploads\/2022\/04\/iux-1-1.png 250w, https:\/\/translinguoglobal.com\/wp-content\/uploads\/2022\/04\/iux-1-1-150x150.png 150w\" sizes=\"(max-width: 80px) 100vw, 80px\" \/><\/p>\n<p style=\"text-align: center;\">Usabilit\u00e0<\/p>\n<\/td>\n<td style=\"width: 25%;\"><img loading=\"lazy\" decoding=\"async\" class=\"size-full wp-image-39763 aligncenter\" src=\"https:\/\/translinguoglobal.com\/wp-content\/uploads\/2022\/04\/seguridad.png\" alt=\"Accessibilit\u00e0\" width=\"80\" height=\"80\" srcset=\"https:\/\/translinguoglobal.com\/wp-content\/uploads\/2022\/04\/seguridad.png 250w, https:\/\/translinguoglobal.com\/wp-content\/uploads\/2022\/04\/seguridad-150x150.png 150w\" sizes=\"(max-width: 80px) 100vw, 80px\" \/><\/p>\n<p style=\"text-align: center;\">Accessibilit\u00e0<\/p>\n<\/td>\n<td style=\"width: 25%;\"><img loading=\"lazy\" decoding=\"async\" class=\"size-full wp-image-39771 aligncenter\" src=\"https:\/\/translinguoglobal.com\/wp-content\/uploads\/2022\/04\/identidad-corportiva.png\" alt=\"\" width=\"80\" height=\"80\" srcset=\"https:\/\/translinguoglobal.com\/wp-content\/uploads\/2022\/04\/identidad-corportiva.png 250w, https:\/\/translinguoglobal.com\/wp-content\/uploads\/2022\/04\/identidad-corportiva-150x150.png 150w\" sizes=\"(max-width: 80px) 100vw, 80px\" \/><\/p>\n<p style=\"text-align: center;\">Identit\u00e0 societaria<\/p>\n<\/td>\n<td style=\"width: 25%;\"><img loading=\"lazy\" decoding=\"async\" class=\"size-full wp-image-39781 aligncenter\" src=\"https:\/\/translinguoglobal.com\/wp-content\/uploads\/2022\/04\/rates.png\" alt=\"Qualit\u00e0\" width=\"80\" height=\"80\" srcset=\"https:\/\/translinguoglobal.com\/wp-content\/uploads\/2022\/04\/rates.png 250w, https:\/\/translinguoglobal.com\/wp-content\/uploads\/2022\/04\/rates-150x150.png 150w\" sizes=\"(max-width: 80px) 100vw, 80px\" \/><\/p>\n<p style=\"text-align: center;\">Qualit\u00e0<\/p>\n<\/td>\n<\/tr>\n<\/tbody>\n<\/table>\n<p>Il nostro team di esperti sa bene che un buon content manager deve essere creativo, esperto dell&#8217;argomento da trattare e consapevole di ci\u00f2 che pu\u00f2 aiutare il cliente a raggiungere il suo obiettivo. Per questo motivo, i nostri professionisti sono interdisciplinari e hanno una vasta conoscenza del marketing, della tecnologia e della linguistica. <\/p>\n","protected":false},"excerpt":{"rendered":"<p>Ottimizzazione sui motori di ricerca SEO, SEM Ottimizzazione dei motori di ricerca SEO, SEM. La chiave della SEO multilingua \u00e8, in breve, ci\u00f2 che rende il tuo sito web pi\u00f9 utile sia agli utenti che ai motori di ricerca. Noi della Translinguo Global\u00ae ti aiutiamo affinch\u00e9 i motori di ricerca capiscano meglio il contenuto del [&hellip;]<\/p>\n","protected":false},"author":3,"featured_media":70851,"parent":0,"menu_order":0,"comment_status":"closed","ping_status":"closed","template":"","meta":{"_crdt_document":"","inline_featured_image":false,"site-sidebar-layout":"default","site-content-layout":"default","ast-site-content-layout":"default","site-content-style":"default","site-sidebar-style":"default","ast-global-header-display":"","ast-banner-title-visibility":"","ast-main-header-display":"","ast-hfb-above-header-display":"","ast-hfb-below-header-display":"","ast-hfb-mobile-header-display":"","site-post-title":"","ast-breadcrumbs-content":"","ast-featured-img":"","footer-sml-layout":"","ast-disable-related-posts":"","theme-transparent-header-meta":"default","adv-header-id-meta":"","stick-header-meta":"","header-above-stick-meta":"","header-main-stick-meta":"","header-below-stick-meta":"","astra-migrate-meta-layouts":"default","ast-page-background-enabled":"default","ast-page-background-meta":{"desktop":{"background-color":"var(--ast-global-color-4)","background-image":"","background-repeat":"repeat","background-position":"center center","background-size":"auto","background-attachment":"scroll","background-type":"","background-media":"","overlay-type":"","overlay-color":"","overlay-opacity":"","overlay-gradient":""},"tablet":{"background-color":"","background-image":"","background-repeat":"repeat","background-position":"center center","background-size":"auto","background-attachment":"scroll","background-type":"","background-media":"","overlay-type":"","overlay-color":"","overlay-opacity":"","overlay-gradient":""},"mobile":{"background-color":"","background-image":"","background-repeat":"repeat","background-position":"center center","background-size":"auto","background-attachment":"scroll","background-type":"","background-media":"","overlay-type":"","overlay-color":"","overlay-opacity":"","overlay-gradient":""}},"ast-content-background-meta":{"desktop":{"background-color":"var(--ast-global-color-5)","background-image":"","background-repeat":"repeat","background-position":"center center","background-size":"auto","background-attachment":"scroll","background-type":"","background-media":"","overlay-type":"","overlay-color":"","overlay-opacity":"","overlay-gradient":""},"tablet":{"background-color":"var(--ast-global-color-5)","background-image":"","background-repeat":"repeat","background-position":"center center","background-size":"auto","background-attachment":"scroll","background-type":"","background-media":"","overlay-type":"","overlay-color":"","overlay-opacity":"","overlay-gradient":""},"mobile":{"background-color":"var(--ast-global-color-5)","background-image":"","background-repeat":"repeat","background-position":"center center","background-size":"auto","background-attachment":"scroll","background-type":"","background-media":"","overlay-type":"","overlay-color":"","overlay-opacity":"","overlay-gradient":""}},"footnotes":""},"class_list":["post-78608","page","type-page","status-publish","has-post-thumbnail","hentry"],"_links":{"self":[{"href":"https:\/\/translinguoglobal.com\/it\/wp-json\/wp\/v2\/pages\/78608","targetHints":{"allow":["GET"]}}],"collection":[{"href":"https:\/\/translinguoglobal.com\/it\/wp-json\/wp\/v2\/pages"}],"about":[{"href":"https:\/\/translinguoglobal.com\/it\/wp-json\/wp\/v2\/types\/page"}],"author":[{"embeddable":true,"href":"https:\/\/translinguoglobal.com\/it\/wp-json\/wp\/v2\/users\/3"}],"replies":[{"embeddable":true,"href":"https:\/\/translinguoglobal.com\/it\/wp-json\/wp\/v2\/comments?post=78608"}],"version-history":[{"count":4,"href":"https:\/\/translinguoglobal.com\/it\/wp-json\/wp\/v2\/pages\/78608\/revisions"}],"predecessor-version":[{"id":82404,"href":"https:\/\/translinguoglobal.com\/it\/wp-json\/wp\/v2\/pages\/78608\/revisions\/82404"}],"wp:featuredmedia":[{"embeddable":true,"href":"https:\/\/translinguoglobal.com\/it\/wp-json\/wp\/v2\/media\/70851"}],"wp:attachment":[{"href":"https:\/\/translinguoglobal.com\/it\/wp-json\/wp\/v2\/media?parent=78608"}],"curies":[{"name":"wp","href":"https:\/\/api.w.org\/{rel}","templated":true}]}}