{"id":103066,"date":"2026-04-21T16:02:21","date_gmt":"2026-04-21T14:02:21","guid":{"rendered":"https:\/\/translinguoglobal.com\/servizio-di-traduzione-finanziaria\/"},"modified":"2026-04-27T16:07:00","modified_gmt":"2026-04-27T14:07:00","slug":"servizio-di-traduzione-finanziaria","status":"publish","type":"page","link":"https:\/\/translinguoglobal.com\/it\/servizio-di-traduzione-finanziaria\/","title":{"rendered":"Servizio di traduzione finanziaria"},"content":{"rendered":"<h2 style=\"text-align: center;\"><b>Traduzione finanziaria <\/b><\/h2>\n<p><span style=\"font-weight: 400;\">La traduzione comprende molti ambiti, perci\u00f2 \u00e8 molto comune che i traduttori si specializzino in un campo specifico. Ebbene, perch\u00e8 dovrebbero specializzarsi? Per acquisire conoscenze specifiche in un determinato campo e assicurare l&#8217;esecuzione di un lavoro di qualit\u00e0.<\/span><\/p>\n<p><span style=\"font-weight: 400;\">I traduttori specializzati nella <\/span><b>traduzione finanziaria<\/b><span style=\"font-weight: 400;\"> sono esperti nell&#8217;utilizzo dei tecnicismi di questo ambito. Infatti, possiedono un ampio bagaglio di terminologia finanziaria ed economica, essenziale per la traduzione. <\/span><\/p>\n<p><span style=\"font-weight: 400;\">Vogliamo mostrarti i tipi di <\/span><b>traduzioni finanziarie<\/b><span style=\"font-weight: 400;\"> e i motivi per cui vale la pena investire in esse.<\/span><\/p>\n<h2 style=\"text-align: center;\"><b>Cosa \u00e8 una traduzione finanziaria?<\/b><\/h2>\n<p><span style=\"font-weight: 400;\">La <\/span><b><a href=\"https:\/\/es.wikipedia.org\/wiki\/Traducci%C3%B3n\" target=\"_blank\" rel=\"noopener\">traduzione <\/a>finanziaria<\/b><span style=\"font-weight: 400;\"> \u00e8 una specializzazione all&#8217;interno della traduzione tecnica. Si caratterizza per un&#8217;elevata complessit\u00e0 a causa del lessico specifico utilizzato, soprattutto nei settori della finanza e dell&#8217;economia.<\/p>\n<p>  <\/span><\/p>\n<p><span style=\"font-weight: 400;\">Si occupa, quindi, della <\/span><b>traduzione di testi finanziari.<\/b><span style=\"font-weight: 400;\">. Ora ti starai domandando: che cos&#8217;\u00e8 un testo finanziario?<\/span><\/p>\n<p><span style=\"font-weight: 400;\">Si considerano testi finanziari tutti quelli che riguardano l&#8217;attivit\u00e0 finanziaria.<br \/>Di seguito, elenchiamo i pi\u00f9 rappresentativi.<\/p>\n<p> <\/span><\/p>\n<ul>\n<li style=\"font-weight: 400;\" aria-level=\"1\"><span style=\"font-weight: 400;\">Bilanci annuali o rapporti trimestrali delle aziende.<\/span><\/li>\n<li style=\"font-weight: 400;\" aria-level=\"1\"><span style=\"font-weight: 400;\">Relazioni di revisione contabile.<\/span><\/li>\n<li style=\"font-weight: 400;\" aria-level=\"1\"><span style=\"font-weight: 400;\">Documenti relativi a fondi d&#8217;investimento.<\/span><\/li>\n<li style=\"font-weight: 400;\" aria-level=\"1\"><span style=\"font-weight: 400;\">Documenti relativi a transazioni finanziarie.<\/span><\/li>\n<li style=\"font-weight: 400;\" aria-level=\"1\"><span style=\"font-weight: 400;\">Estratti bancari.<\/span><\/li>\n<li style=\"font-weight: 400;\" aria-level=\"1\"><span style=\"font-weight: 400;\">Contratti di deposito bancario.<\/span><\/li>\n<li style=\"font-weight: 400;\" aria-level=\"1\"><span style=\"font-weight: 400;\">Analisi di mercato e competitivit\u00e0.<\/span><span style=\"font-weight: 400;\"><br \/>\n<\/span><\/li>\n<\/ul>\n<h2 style=\"text-align: center;\">Tipi di traduzione finanziaria:<\/h2>\n<h3> <b>Traduzione finanziaria<\/b> <strong>semplice<\/strong><\/h3>\n<p><span style=\"font-weight: 400;\">Consiste nella conversione di una valuta in un&#8217;altra senza tenere conto dei fattori di conversione o del tasso di cambio attuale.<\/p>\n<p><\/span><\/p>\n<h3><b>Traduzione finanziaria<\/b> <strong>consolidata<\/strong><\/h3>\n<p><span style=\"font-weight: 400;\">Si effettua quando un&#8217;azienda ha filiali o succursali in diversi paesi e deve consolidare i bilanci di tutte queste nella valuta di presentazione della societ\u00e0 originale.<\/span><\/p>\n<h3><b>Traduzione finanziaria<\/b> <strong>di conversione<\/strong><\/h3>\n<p><span style=\"font-weight: 400;\">\u00c8 un processo di conversione dei bilanci da una valuta all&#8217;altra utilizzando un tasso di cambio attuale. Questo tipo di traduzione viene utilizzato per condurre analisi finanziarie e presentare bilanci in diverse valute. <\/span><\/p>\n<h3><b>Traduzione finanziaria<\/b> <strong>di rimesse<\/strong><\/h3>\n<p><span style=\"font-weight: 400;\">Si utilizza quando un&#8217;azienda invia o riceve pagamenti in valute diverse e deve effettuare una conversione per registrarne il valore nella propria valuta locale.<\/span><\/p>\n<h3><b>Traduzione finanziaria<\/b> <strong>di copertura <\/strong><\/h3>\n<p><span style=\"font-weight: 400;\">Si usa per gesitire i rischi di cambio attraverso la copertura delle esposizioni a diverse valute. La traduzione finanziaria di copertura implica l&#8217;uso di strumenti finanziari per proteggersi dalle fluttuazioni dei tassi di cambio. <\/span><\/p>\n<h3><b>Traduzione finanziaria<\/b> <strong>di adeguamento all&#8217;inflazione<\/strong><\/h3>\n<p><span style=\"font-weight: 400;\">Viene effettuata per adeguare i bilanci all&#8217;inflazione. Questo tipo di traduzione viene utilizzato per presentare i bilanci in moneta costante e riflettere accuratamente il potere d&#8217;acquisto delle risorse dell&#8217;azienda. <\/span><\/p>\n<p>Noi di <a href=\"https:\/\/translinguoglobal.com\/it\/\">Translinguo Global<\/a> disponiamo di<strong> traduttori specializzati<\/strong> in <strong>traduzione finanziaria<\/strong>, pronti ad aiutarti con la<strong> traduzione di testi finanziari <\/strong>e documenti.<\/p>\n","protected":false},"excerpt":{"rendered":"<p>Traduzione finanziaria La traduzione comprende molti ambiti, perci\u00f2 \u00e8 molto comune che i traduttori si specializzino in un campo specifico. Ebbene, perch\u00e8 dovrebbero specializzarsi? Per acquisire conoscenze specifiche in un determinato campo e assicurare l&#8217;esecuzione di un lavoro di qualit\u00e0. I traduttori specializzati nella traduzione finanziaria sono esperti nell&#8217;utilizzo dei tecnicismi di questo ambito. Infatti, [&hellip;]<\/p>\n","protected":false},"author":3,"featured_media":85604,"parent":0,"menu_order":0,"comment_status":"closed","ping_status":"closed","template":"","meta":{"_crdt_document":"","inline_featured_image":false,"site-sidebar-layout":"default","site-content-layout":"default","ast-site-content-layout":"default","site-content-style":"default","site-sidebar-style":"default","ast-global-header-display":"","ast-banner-title-visibility":"","ast-main-header-display":"","ast-hfb-above-header-display":"","ast-hfb-below-header-display":"","ast-hfb-mobile-header-display":"","site-post-title":"","ast-breadcrumbs-content":"","ast-featured-img":"","footer-sml-layout":"","ast-disable-related-posts":"","theme-transparent-header-meta":"default","adv-header-id-meta":"","stick-header-meta":"","header-above-stick-meta":"","header-main-stick-meta":"","header-below-stick-meta":"","astra-migrate-meta-layouts":"default","ast-page-background-enabled":"default","ast-page-background-meta":{"desktop":{"background-color":"var(--ast-global-color-4)","background-image":"","background-repeat":"repeat","background-position":"center center","background-size":"auto","background-attachment":"scroll","background-type":"","background-media":"","overlay-type":"","overlay-color":"","overlay-opacity":"","overlay-gradient":""},"tablet":{"background-color":"","background-image":"","background-repeat":"repeat","background-position":"center center","background-size":"auto","background-attachment":"scroll","background-type":"","background-media":"","overlay-type":"","overlay-color":"","overlay-opacity":"","overlay-gradient":""},"mobile":{"background-color":"","background-image":"","background-repeat":"repeat","background-position":"center center","background-size":"auto","background-attachment":"scroll","background-type":"","background-media":"","overlay-type":"","overlay-color":"","overlay-opacity":"","overlay-gradient":""}},"ast-content-background-meta":{"desktop":{"background-color":"var(--ast-global-color-5)","background-image":"","background-repeat":"repeat","background-position":"center center","background-size":"auto","background-attachment":"scroll","background-type":"","background-media":"","overlay-type":"","overlay-color":"","overlay-opacity":"","overlay-gradient":""},"tablet":{"background-color":"var(--ast-global-color-5)","background-image":"","background-repeat":"repeat","background-position":"center center","background-size":"auto","background-attachment":"scroll","background-type":"","background-media":"","overlay-type":"","overlay-color":"","overlay-opacity":"","overlay-gradient":""},"mobile":{"background-color":"var(--ast-global-color-5)","background-image":"","background-repeat":"repeat","background-position":"center center","background-size":"auto","background-attachment":"scroll","background-type":"","background-media":"","overlay-type":"","overlay-color":"","overlay-opacity":"","overlay-gradient":""}},"footnotes":""},"class_list":["post-103066","page","type-page","status-publish","has-post-thumbnail","hentry"],"_links":{"self":[{"href":"https:\/\/translinguoglobal.com\/it\/wp-json\/wp\/v2\/pages\/103066","targetHints":{"allow":["GET"]}}],"collection":[{"href":"https:\/\/translinguoglobal.com\/it\/wp-json\/wp\/v2\/pages"}],"about":[{"href":"https:\/\/translinguoglobal.com\/it\/wp-json\/wp\/v2\/types\/page"}],"author":[{"embeddable":true,"href":"https:\/\/translinguoglobal.com\/it\/wp-json\/wp\/v2\/users\/3"}],"replies":[{"embeddable":true,"href":"https:\/\/translinguoglobal.com\/it\/wp-json\/wp\/v2\/comments?post=103066"}],"version-history":[{"count":2,"href":"https:\/\/translinguoglobal.com\/it\/wp-json\/wp\/v2\/pages\/103066\/revisions"}],"predecessor-version":[{"id":103104,"href":"https:\/\/translinguoglobal.com\/it\/wp-json\/wp\/v2\/pages\/103066\/revisions\/103104"}],"wp:featuredmedia":[{"embeddable":true,"href":"https:\/\/translinguoglobal.com\/it\/wp-json\/wp\/v2\/media\/85604"}],"wp:attachment":[{"href":"https:\/\/translinguoglobal.com\/it\/wp-json\/wp\/v2\/media?parent=103066"}],"curies":[{"name":"wp","href":"https:\/\/api.w.org\/{rel}","templated":true}]}}