{"id":103060,"date":"2026-04-21T15:00:37","date_gmt":"2026-04-21T13:00:37","guid":{"rendered":"https:\/\/translinguoglobal.com\/preventivo-di-traduzione\/"},"modified":"2026-04-24T11:49:21","modified_gmt":"2026-04-24T09:49:21","slug":"preventivo-di-traduzione","status":"publish","type":"page","link":"https:\/\/translinguoglobal.com\/it\/preventivo-di-traduzione\/","title":{"rendered":"Preventivo di traduzione"},"content":{"rendered":"<h2 style=\"text-align: center;\">Quanto costa una traduzione?<\/h2>\n<p>Preventivo di traduzione. Le traduzioni giurate sono la tipologia di traduzione pi\u00f9 richiesta. Non si tratta di cambiare la lingua, ma di conferire a un testo validit\u00e0 legale in un altro territorio. Pertanto, oggi giorno sono imprescindibili e sempre pi\u00f9 persone ne hanno bisogno.<\/p>\n<p>D&#8217;altra parte, si tratta di un compito complesso che non si limita agli aspetti linguistici. Questi documenti recano la firma del traduttore giurato, che attesta la veridicit\u00e0 e fedelt\u00e0 del contenuto. Inoltre, il traduttore giurato \u00e8 autorizzato dal <a href=\"https:\/\/es.wikipedia.org\/wiki\/Ministerio_de_Asuntos_Exteriores_(Espa%C3%B1a)\" target=\"_blank\" rel=\"noopener\">Ministero degli Affari Esteri e della Cooperazione<\/a>. Pertanto, si tratta di un processo che implica numerosi compiti e interventi.<\/p>\n<p>Tutti questi fattori influiscono sul <strong>prezzo della traduzione<\/strong>, che ti spiegheremo pi\u00f9 avanti. Se hai bisogno di una traduzione giurata, mettiti in contatto con noi. Calcoleremo il tuo preventivo senza alcun impegno.<\/p>\n<h2 style=\"text-align: center;\">Fattori che influiscono su un preventivo di traduzione<\/h2>\n<p>Logicamente, al momento di calcolare un <strong>preventivo di traduzione<\/strong>, la prima cosa che viene presa in considerazione sono le lingue. Ci\u00f2 che far\u00e0 la differenza tra l&#8217;una e l&#8217;altra \u00e8 la loro diffusione. Per esempio, l&#8217;inglese, il francese e lo spagnolo sono lingue molto diffuse, per questo il prezzo si riduce.<\/p>\n<p>Accadr\u00e0 il contrario nel caso in cui le lingue siano meno diffuse, come il ceco, l&#8217;ebraico e lo svedese. Ci sono meno traduttori di queste lingue poich\u00e9 vengono utilizzate principalmente nei loro paesi di origine.<\/p>\n<p>In generale, la lunghezza del testo sar\u00e0 determinante per il preventivo. Nonostante ci\u00f2, la validit\u00e0 legale delle traduzioni giurate fissa una tariffa minima che viene applicata in tutti i casi.<\/p>\n<p>Anche la data entro la quale desideri ricevere la traduzione sar\u00e0 un fattore determinante del <strong>preventivo<\/strong>. Di seguito, ti spieghiamo il motivo.<\/p>\n<h3 style=\"text-align: left;\">Come si calcola il prezzo di una traduzione?<\/h3>\n<p>Come hai visto, il preventivo di una traduzione dipende da diversi fattori. Ne <strong>distinguiamo tre principali<\/strong>: le lingue, la lunghezza e la data di consegna.<\/p>\n<p>Quest&#8217;ultimo fattore \u00e8 determinante. Potresti aver bisogno di una traduzione con urgenza. In questo caso, viene applicata la tariffa per traduzione urgente. Se puoi attendere alcuni giorni per riceverla, verr\u00e0 applicata la tariffa standard che dipende dai seguenti fattori.<\/p>\n<p>Come ti abbiamo gi\u00e0 accennato, esistono lingue molto diffuse e altre meno comuni. Potresti aver bisogno di tradurre un documento da o verso una lingua meno diffusa. Questo sar\u00e0 fondamentale per il <strong>preventivo <\/strong>perch\u00e8, meno una lingua \u00e8 comune,maggiore sar\u00e0 il suo valore economico.<\/p>\n<p>Infine, ma non meno importante, anche la lunghezza del documento viene presa in considerazione. Ti abbiamo gi\u00e0 spiegato che, nel caso delle traduzioni giurate, esiste una tariffa minima. I documenti pi\u00f9 lunghi comporteranno un preventivo superiore.<\/p>\n<h3 style=\"text-align: left;\">Cosa includer\u00e0 la mia traduzione?<\/h3>\n<p>Quando i nostri traduttori terminano una traduzione, questa viene sottoposta a un processo di revisione e correzione che garantisce una qualit\u00e0 ottimale. Una volta verificato che il risultato del testo sia eccellente, te lo invieremo tramite e-mail in formato digitale.<\/p>\n<p>Infine, riceverai la traduzione in formato fisico con firma e timbro del traduttore giurato direttamente a casa tua. I dettagli della spedizione saranno concordati prima dell&#8217;inzio del processo di traduzione.<\/p>\n<h3><strong>Fattori che riducono il preventivo<\/strong><\/h3>\n<p>In precedenza abbiamo menzionato i fattori che aumentano il prezzo, ora vediamo quelli che lo rendono pi\u00f9 economico:<\/p>\n<ul>\n<li>Volumi di traduzione: se si tratta di un progetto di grandi dimensioni e il termine di consegna \u00e8 ragionevole, alcuni traduttori applicano degli sconti. Per questo motivo, si consiglia di raggruppare pi\u00f9 documenti in un unico ordine per ridurre i costi.<\/li>\n<li>Traduzione automatica: quando sono testi semplici e ripetitivi il traduttore deve solo revisionare quanto tradotto da un traduttore automatico. In questo modo il costo del preventivo si riduce.<\/li>\n<li>Ripetizioni nel documento: se nel documento originale ci sono molte frasi o paragrafi identici, si pu\u00f2 comunicare al traduttore. E, in questo caso, conteggiarle una sola volta. In questo modo si ridurranno i costi.<\/li>\n<li>Traduzioni senza IVA: nel caso in cui il documento sia un&#8217;opera letteraria, artistica o scientifica non verr\u00e0 applicata l&#8217;IVA. In questo modo, il preventivo della traduzione sarebbe pi\u00f9 economico del 21%.<\/li>\n<\/ul>\n<h2 style=\"text-align: center;\">Prezzi della traduzione per lingua<\/h2>\n<p>Contattaci per ricevere un <strong>preventivo <\/strong>personalizzato senza alcun impegno. Contiamo su traduttori madrelingua in oltre 207 combinazioni linguistiche.<\/p>\n<p>Noi di <b><a href=\"https:\/\/translinguoglobal.com\/it\/\">Translinguo Global<\/a><\/b>, disponiamo di un team di traduttori altamente qualificati,<span style=\"font-weight: 400;\"> dotati di capacit\u00e0 di ricerca e analisi necessarie per una traduzione eccellente<\/span>, pronti ad aiutarti ad ottenere il risultato pi\u00f9 ottimale e di qualit\u00e0.  Siamo la tua agenzia di traduzione ufficiale di fiducia, calcoleremo il tuo preventivo senza alcun impegno.<\/p>\n","protected":false},"excerpt":{"rendered":"<p>Quanto costa una traduzione? Preventivo di traduzione. Le traduzioni giurate sono la tipologia di traduzione pi\u00f9 richiesta. Non si tratta di cambiare la lingua, ma di conferire a un testo validit\u00e0 legale in un altro territorio. Pertanto, oggi giorno sono imprescindibili e sempre pi\u00f9 persone ne hanno bisogno. D&#8217;altra parte, si tratta di un compito [&hellip;]<\/p>\n","protected":false},"author":3,"featured_media":103061,"parent":0,"menu_order":0,"comment_status":"closed","ping_status":"closed","template":"","meta":{"_crdt_document":"","inline_featured_image":false,"site-sidebar-layout":"default","site-content-layout":"default","ast-site-content-layout":"default","site-content-style":"default","site-sidebar-style":"default","ast-global-header-display":"","ast-banner-title-visibility":"","ast-main-header-display":"","ast-hfb-above-header-display":"","ast-hfb-below-header-display":"","ast-hfb-mobile-header-display":"","site-post-title":"","ast-breadcrumbs-content":"","ast-featured-img":"","footer-sml-layout":"","ast-disable-related-posts":"","theme-transparent-header-meta":"default","adv-header-id-meta":"","stick-header-meta":"","header-above-stick-meta":"","header-main-stick-meta":"","header-below-stick-meta":"","astra-migrate-meta-layouts":"default","ast-page-background-enabled":"default","ast-page-background-meta":{"desktop":{"background-color":"var(--ast-global-color-4)","background-image":"","background-repeat":"repeat","background-position":"center center","background-size":"auto","background-attachment":"scroll","background-type":"","background-media":"","overlay-type":"","overlay-color":"","overlay-opacity":"","overlay-gradient":""},"tablet":{"background-color":"","background-image":"","background-repeat":"repeat","background-position":"center center","background-size":"auto","background-attachment":"scroll","background-type":"","background-media":"","overlay-type":"","overlay-color":"","overlay-opacity":"","overlay-gradient":""},"mobile":{"background-color":"","background-image":"","background-repeat":"repeat","background-position":"center center","background-size":"auto","background-attachment":"scroll","background-type":"","background-media":"","overlay-type":"","overlay-color":"","overlay-opacity":"","overlay-gradient":""}},"ast-content-background-meta":{"desktop":{"background-color":"var(--ast-global-color-5)","background-image":"","background-repeat":"repeat","background-position":"center center","background-size":"auto","background-attachment":"scroll","background-type":"","background-media":"","overlay-type":"","overlay-color":"","overlay-opacity":"","overlay-gradient":""},"tablet":{"background-color":"var(--ast-global-color-5)","background-image":"","background-repeat":"repeat","background-position":"center center","background-size":"auto","background-attachment":"scroll","background-type":"","background-media":"","overlay-type":"","overlay-color":"","overlay-opacity":"","overlay-gradient":""},"mobile":{"background-color":"var(--ast-global-color-5)","background-image":"","background-repeat":"repeat","background-position":"center center","background-size":"auto","background-attachment":"scroll","background-type":"","background-media":"","overlay-type":"","overlay-color":"","overlay-opacity":"","overlay-gradient":""}},"footnotes":""},"class_list":["post-103060","page","type-page","status-publish","has-post-thumbnail","hentry"],"_links":{"self":[{"href":"https:\/\/translinguoglobal.com\/it\/wp-json\/wp\/v2\/pages\/103060","targetHints":{"allow":["GET"]}}],"collection":[{"href":"https:\/\/translinguoglobal.com\/it\/wp-json\/wp\/v2\/pages"}],"about":[{"href":"https:\/\/translinguoglobal.com\/it\/wp-json\/wp\/v2\/types\/page"}],"author":[{"embeddable":true,"href":"https:\/\/translinguoglobal.com\/it\/wp-json\/wp\/v2\/users\/3"}],"replies":[{"embeddable":true,"href":"https:\/\/translinguoglobal.com\/it\/wp-json\/wp\/v2\/comments?post=103060"}],"version-history":[{"count":1,"href":"https:\/\/translinguoglobal.com\/it\/wp-json\/wp\/v2\/pages\/103060\/revisions"}],"predecessor-version":[{"id":103080,"href":"https:\/\/translinguoglobal.com\/it\/wp-json\/wp\/v2\/pages\/103060\/revisions\/103080"}],"wp:featuredmedia":[{"embeddable":true,"href":"https:\/\/translinguoglobal.com\/it\/wp-json\/wp\/v2\/media\/103061"}],"wp:attachment":[{"href":"https:\/\/translinguoglobal.com\/it\/wp-json\/wp\/v2\/media?parent=103060"}],"curies":[{"name":"wp","href":"https:\/\/api.w.org\/{rel}","templated":true}]}}