{"id":103029,"date":"2026-04-20T13:06:56","date_gmt":"2026-04-20T11:06:56","guid":{"rendered":"https:\/\/translinguoglobal.com\/azienda-di-traduzione-di-coreano\/"},"modified":"2026-04-24T13:16:38","modified_gmt":"2026-04-24T11:16:38","slug":"azienda-di-traduzione-di-coreano","status":"publish","type":"page","link":"https:\/\/translinguoglobal.com\/it\/azienda-di-traduzione-di-coreano\/","title":{"rendered":"Azienda di traduzione di coreano"},"content":{"rendered":"<h2 style=\"text-align: center;\">Azienda di traduzione di coreano<\/h2>\n<h3 style=\"text-align: center;\"><strong>Il rapporto commerciale tra Spagna e Corea<\/strong><\/h3>\n<p>Traduzione dal <a href=\"https:\/\/es.wikipedia.org\/wiki\/Idioma_coreano\" target=\"_blank\" rel=\"noopener\">coreano<\/a>. Prima di parlare della traduzione dal coreano, \u00e8 importante spiegare la relazione che c&#8217;\u00e8 tra Spagna e Corea. Molti marchi che tutti noi conosciamo hanno una presenza molto forte in Spagna: Samsung, LG, KIA, Hyunday, etc. Allo stesso tempo, anche aziende spagnole come Zara o Mango hanno aperto punti vendita in Corea.<\/p>\n<p>L&#8217;apertura della Corea e dell&#8217;Asia verso il resto del mondo \u00e8 stata molto significativa negli ultimi anni. Il <em>boom <\/em>della Corea del Sud \u00e8 stato tanto economico, quanto sociale e culturale. L&#8217;aumento del numero di contratti in una lingua riflette l&#8217;apertura di una societ\u00e0 verso il resto del mondo. A sua volta, la<strong> traduzione dal coreano<\/strong> facilita il rapporto commerciale tra Corea del Sud e Spagna.<\/p>\n<h3 style=\"text-align: center;\"><strong>Dove si parla il coreano?<\/strong><\/h3>\n<p>Tra la Corea del Nord e la Corea del Sud, la popolazione totale raggiunge i 75 milioni di persone. Tuttavia, la Corea del Nord non partecipa attivamente all&#8217;economia mondiale. Di conseguenza 25 milioni di persone non prendono parte ai rapporti commerciali con l&#8217;estero. Nonostante ci\u00f2, la Corea del Sud rappresenta il 2% dell&#8217;economia mondiale. La grammatica coreana \u00e8 molto simile a quella giapponese e oltre la met\u00e0 del suo vocabolairo deriva dal cinese.<\/p>\n<h3 style=\"text-align: center;\"><strong>L&#8217;evoluzione della traduzione dal coreano in Spagna e il suo preventivo<\/strong><\/h3>\n<p>Negli ultimi dieci anni, la <strong>traduzione dal coreano<\/strong> \u00e8 aumentata esponenzialmente. Oggi giorno, la tariffa per le traduzioni dal coreano allo spagnolo oscilla solitamente tra gli 0,16 e 0,18 \u20ac a parola. Per quanto riguarda la traduzione giurata dal coreano, esiste un unico traduttore in tutta la Spagna. Nonostante ci\u00f2, data l&#8217;elevata richiesta, molte aziende offrono servizi di traduzione dal coreano.<\/p>\n<p>Inoltre, ci sono alcuni schemi nelle procedure di assegnazione di testi che possono differire dalla metodologia convenzionale. Il coreano \u00e8 una lingua cos\u00ec diversa e descrive la realt\u00e0 in maniera molto diversa rispetto allo spagnolo. Dopotutto, nonostante le somiglianze con il giapponese e il cinese, si tratta di una lingua isolata. Questo significa che non ha legami di parentela con nessun&#8217;altra lingua, viva o morta. Un caso simile che sicuramente conoscerai \u00e8 quello del basco. Per questo motivo, prima di accettare un incarico di traduzione dal coreano, i traduttori sono soliti richiedere di leggere e analizzare il testo in anticipo.<\/p>\n<p>Attualmente, il campo della <strong>traduzione dal coreano<\/strong> che pi\u00f9 si distingue \u00e8 quello relazionato con la tecnologia. La percentuale della popolazione coreana che ha accesso a internet \u00e8 del 90%. Un altro campo della traduzione dal coreano molto sfruttato \u00e8 tutto ci\u00f2 che riguarda <em>l&#8217;e-commerce. <\/em> Dopo essersi consolidata nel mercato internazionale, la <strong>traduzione dal coreano<\/strong> continuer\u00e0 senza dubbio a crescere enormemente nei prossimi anni.<\/p>\n<p><span style=\"font-weight: 400;\">Noi di<\/span> <a href=\"https:\/\/translinguoglobal.com\/it\/\"><span style=\"font-weight: 400;\">Translinguo<\/span> <\/a><span style=\"font-weight: 400;\">offriamo una vasta gamma di<\/span> <b>servizi di <a href=\"https:\/\/es.wikipedia.org\/wiki\/Traducci%C3%B3n\" target=\"_blank\" rel=\"noopener\">traduzione<\/a><\/b> <span style=\"font-weight: 400;\">a seconda delle tue esigenze: questa \u00e8 una risorsa imprescindibile per una comunicazione efficace nel mondo odierno. Nella nostra agenzia abbiamo un team di traduttori altamente qualificati con le capacit\u00e0 di ricerca e analisi necessarie per una buona traduzione. Pertanto, se stai cercando   <\/span>un&#8217;<b>agenzia di traduzione<\/b><span style=\"font-weight: 400;\">, sei nel posto giusto al momento giusto.<\/span><\/p>\n<p><span style=\"font-weight: 400;\">La nostra priorit\u00e0 \u00e8 assicurarci che tu sia soddisfatto, per questo noi di Translinguo vogliamo il meglio per te! Non esitare a contattarci e riceverai il trattamento che meriti, ti assisteremo e ti accompagneremo durante tutto il processo del servizio di traduzione che necessiti! <\/span><\/p>\n<p><span style=\"font-weight: 400;\">Garantiamo la professionalit\u00e1 dei nostri traduttori e revisori. Traduttori madrelingua e specializzati.  Abbiamo un team di traduttori sparsi per tutto il mondo, che ci permette di offrire servizi di traduzione specializzati in qualsiasi fuso orario. Possiamo quindi dire che lavoriamo 24 ore su 24, 7 giorni su 7. <\/span><\/p>\n<p>Visita i nostri profili <a title=\"Translinguo Global\" href=\"https:\/\/www.facebook.com\/translinguoglobal\" target=\"_blank\" rel=\"noopener\">Facebook<\/a>, <a title=\"Translinguo Global\" href=\"https:\/\/www.instagram.com\/translinguoglobal\/\" target=\"_blank\" rel=\"noopener\">Instagram<\/a> y <a title=\"Trasnslinguo Global\" href=\"https:\/\/es.linkedin.com\/company\/agencia-de-traduccion-translinguo-global\" target=\"_blank\" rel=\"noopener\">Linkedin.<\/a><\/p>\n","protected":false},"excerpt":{"rendered":"<p>Azienda di traduzione di coreano Il rapporto commerciale tra Spagna e Corea Traduzione dal coreano. Prima di parlare della traduzione dal coreano, \u00e8 importante spiegare la relazione che c&#8217;\u00e8 tra Spagna e Corea. Molti marchi che tutti noi conosciamo hanno una presenza molto forte in Spagna: Samsung, LG, KIA, Hyunday, etc. Allo stesso tempo, anche [&hellip;]<\/p>\n","protected":false},"author":3,"featured_media":0,"parent":0,"menu_order":0,"comment_status":"closed","ping_status":"closed","template":"","meta":{"_crdt_document":"","inline_featured_image":false,"site-sidebar-layout":"default","site-content-layout":"default","ast-site-content-layout":"default","site-content-style":"default","site-sidebar-style":"default","ast-global-header-display":"","ast-banner-title-visibility":"","ast-main-header-display":"","ast-hfb-above-header-display":"","ast-hfb-below-header-display":"","ast-hfb-mobile-header-display":"","site-post-title":"","ast-breadcrumbs-content":"","ast-featured-img":"","footer-sml-layout":"","ast-disable-related-posts":"","theme-transparent-header-meta":"default","adv-header-id-meta":"","stick-header-meta":"","header-above-stick-meta":"","header-main-stick-meta":"","header-below-stick-meta":"","astra-migrate-meta-layouts":"default","ast-page-background-enabled":"default","ast-page-background-meta":{"desktop":{"background-color":"var(--ast-global-color-4)","background-image":"","background-repeat":"repeat","background-position":"center center","background-size":"auto","background-attachment":"scroll","background-type":"","background-media":"","overlay-type":"","overlay-color":"","overlay-opacity":"","overlay-gradient":""},"tablet":{"background-color":"","background-image":"","background-repeat":"repeat","background-position":"center center","background-size":"auto","background-attachment":"scroll","background-type":"","background-media":"","overlay-type":"","overlay-color":"","overlay-opacity":"","overlay-gradient":""},"mobile":{"background-color":"","background-image":"","background-repeat":"repeat","background-position":"center center","background-size":"auto","background-attachment":"scroll","background-type":"","background-media":"","overlay-type":"","overlay-color":"","overlay-opacity":"","overlay-gradient":""}},"ast-content-background-meta":{"desktop":{"background-color":"var(--ast-global-color-5)","background-image":"","background-repeat":"repeat","background-position":"center center","background-size":"auto","background-attachment":"scroll","background-type":"","background-media":"","overlay-type":"","overlay-color":"","overlay-opacity":"","overlay-gradient":""},"tablet":{"background-color":"var(--ast-global-color-5)","background-image":"","background-repeat":"repeat","background-position":"center center","background-size":"auto","background-attachment":"scroll","background-type":"","background-media":"","overlay-type":"","overlay-color":"","overlay-opacity":"","overlay-gradient":""},"mobile":{"background-color":"var(--ast-global-color-5)","background-image":"","background-repeat":"repeat","background-position":"center center","background-size":"auto","background-attachment":"scroll","background-type":"","background-media":"","overlay-type":"","overlay-color":"","overlay-opacity":"","overlay-gradient":""}},"footnotes":""},"class_list":["post-103029","page","type-page","status-publish","hentry"],"_links":{"self":[{"href":"https:\/\/translinguoglobal.com\/it\/wp-json\/wp\/v2\/pages\/103029","targetHints":{"allow":["GET"]}}],"collection":[{"href":"https:\/\/translinguoglobal.com\/it\/wp-json\/wp\/v2\/pages"}],"about":[{"href":"https:\/\/translinguoglobal.com\/it\/wp-json\/wp\/v2\/types\/page"}],"author":[{"embeddable":true,"href":"https:\/\/translinguoglobal.com\/it\/wp-json\/wp\/v2\/users\/3"}],"replies":[{"embeddable":true,"href":"https:\/\/translinguoglobal.com\/it\/wp-json\/wp\/v2\/comments?post=103029"}],"version-history":[{"count":2,"href":"https:\/\/translinguoglobal.com\/it\/wp-json\/wp\/v2\/pages\/103029\/revisions"}],"predecessor-version":[{"id":103103,"href":"https:\/\/translinguoglobal.com\/it\/wp-json\/wp\/v2\/pages\/103029\/revisions\/103103"}],"wp:attachment":[{"href":"https:\/\/translinguoglobal.com\/it\/wp-json\/wp\/v2\/media?parent=103029"}],"curies":[{"name":"wp","href":"https:\/\/api.w.org\/{rel}","templated":true}]}}