{"id":102906,"date":"2026-04-09T13:11:39","date_gmt":"2026-04-09T11:11:39","guid":{"rendered":"https:\/\/translinguoglobal.com\/servizio-di-revisione-testi\/"},"modified":"2026-04-09T13:11:39","modified_gmt":"2026-04-09T11:11:39","slug":"servizio-di-revisione-testi","status":"publish","type":"page","link":"https:\/\/translinguoglobal.com\/it\/servizio-di-revisione-testi\/","title":{"rendered":"Servizio di revisione testi"},"content":{"rendered":"<p><strong>SERVIZIO DI REVISIONE TESTI &#8211; TRADUZIONI IN TUTTE LE LINGUE.<\/strong><\/p>\n<p>Revisioniamo e correggiamo le tue traduzioni o i tuoi testi professionali per garantirne la qualit\u00e0. Richiedi un preventivo, ti risponderemo in meno di 24 ore.<\/p>\n<h1>Revisione di traduzioni<\/h1>\n<p>La <strong>revisione di testi <\/strong><strong>tradotti<\/strong> \u00e8 un compito fondamentale per garantire la qualit\u00e0 della traduzione e la fedelt\u00e0 al messaggio originale. Consiste nella revisione accurata del testo tradotto per verificare che non ci siano errori di grammatica, di ortografia, di punteggiatura, di coerenza, di coesione e stile.<\/p>\n<p>Qui possiamo distinguere due tipi di correzioni: di ortografia e di stile. L&#8217; ideale sarebbe effettuarle entrambe, ma dipende tutto dal documento con cui abbiamo a che fare.<\/p>\n<p>In questo modo avrai la certezza che il testo tradotto sia corretto dal punto di vista linguistico. Inoltre, non bisogna dimenticare che si deve trasmettere lo stesso messaggio del testo originale.<\/p>\n<h2><strong>Quando \u00e8 necessario revisionare una traduzione<\/strong><strong>?<\/strong><\/h2>\n<p>La <strong>revisione professionale di testi<\/strong> tradotti \u00e8 un compito che deve essere svolto da professionisti che possiedano una conoscenza profonda sia della lingua di partenza che della lingua di arrivo. Inoltre, \u00e8 necessario che i revisori abbiano familiarit\u00e0 con la tematica del testo, per poter verificare che la terminologia specifica sia stata tradotta correttamente.<\/p>\n<p>La <strong>revisione di testi tradotti <\/strong>\u00e8 molto pi\u00f9 di una semplice correzione di errori. Richiede una piena comprensione del messaggio e del contesto in cui si inserisce.<\/p>\n<h2><strong>Chi si occupa della revisione? <\/strong><\/h2>\n<p>La <strong>revisione dei testi <\/strong>pu\u00f2 essere realizzata dallo stesso traduttore che ha realizzato la <a href=\"https:\/\/es.wikipedia.org\/wiki\/Traducci%C3%B3n\" target=\"_blank\" rel=\"noopener\">traduzione<\/a>, o da un altro traduttore o revisore.<\/p>\n<p>Nel primo caso, si tratta di una revisione autonoma, nella quale il traduttore controlla il proprio lavoro. Nel secondo caso, si tratta di una revisione esterna, nella quale un esperto controlla la traduzione.<\/p>\n<h3><strong>Processo da seguire per la revisione di una traduzione.<\/strong><\/h3>\n<p>Il processo di <strong>revisione di testi tradotti<\/strong> comprende varie fasi.<\/p>\n<p>In primo luogo, si realizza una lettura rapida del testo per verificarne la coerenza generale e rintracciare eventuali errori evidenti. Successivamente, si procede a una revisione dettagliata, parola per parola, per verificare l&#8217;accuratezza della traduzione e correggere gli errori grammaticali, ortografici e di punteggiatura.<\/p>\n<p>Successivamente, si controllano la coerenza e coesione del teso, per verificare che le frasi e i paragrafi siano ben strutturati e che vengano rispettate correttamente le regole di stile e grammatica della lingua di destinazione. Infine, si effettua una revisione della formattiazione, per garantire che il testo sia presentato correttamente.<\/p>\n<h4 style=\"text-align: center;\"><strong>Servizio di revisione testi<\/strong><\/h4>\n<p>A <a href=\"https:\/\/translinguoglobal.com\/it\/\">Translinguo<\/a>, ci preoccupiamo della qualit\u00e0 e del risultato finale delle traduzioni. Per questo motivo, prendiamo molto sul serio il processo di revisione.<\/p>\n<p>La<strong> revisione di testi tradotti <\/strong>non implica solo la correzione di errori linguistici, ma anche la verifica della qualit\u00e0 della traduzione. Per farlo, \u00e8 necessario tenere conto di diversi fattori, come la fedelt\u00e0 al messaggio originale, l&#8217;adeguatezza al pubblico di destinazione e l&#8217;adattamento culturale.<\/p>\n<p>In altre parole, \u00e8 importante che la traduzione non sia corretta solo dal punto di vista linguistico, ma che si adatti anche all&#8217;obiettivo comunicativo e al contesto culturale nel quale si inserisce.<\/p>\n<p>La <strong>revisione di testi <\/strong>\u00e8 un&#8217;attivit\u00e0 complessa che richiede tempo e dedizione. Inoltre, \u00e8 un&#8217;attivit\u00e0 fondamentale per garantire la qualit\u00e0 della traduzione e soddisfazione del cliente. Una traduzione ben revisionata trasmette fiducia e credibilit\u00e0 e pu\u00f2 fare la differenza in un mercato sempre pi\u00f9 competitivo.<\/p>\n<p>Per riassumere, la revisione dei testi tradotti \u00e8 un&#8217;attivita fondamentale per garantire la qualit\u00e0 e fedelt\u00e0 al messaggio originale. <a href=\"https:\/\/translinguoglobal.com\/it\/\">A Translinguo<\/a>, ci impegniamo costantemente in questo processo, dedicandoti tutto il tempo necessario per ottenere un risultato eccellente.<\/p>\n<p>&nbsp;<\/p>\n<h6><\/h6>\n","protected":false},"excerpt":{"rendered":"<p>SERVIZIO DI REVISIONE TESTI &#8211; TRADUZIONI IN TUTTE LE LINGUE. Revisioniamo e correggiamo le tue traduzioni o i tuoi testi professionali per garantirne la qualit\u00e0. Richiedi un preventivo, ti risponderemo in meno di 24 ore. Revisione di traduzioni La revisione di testi tradotti \u00e8 un compito fondamentale per garantire la qualit\u00e0 della traduzione e la [&hellip;]<\/p>\n","protected":false},"author":3,"featured_media":69076,"parent":0,"menu_order":0,"comment_status":"closed","ping_status":"closed","template":"","meta":{"_crdt_document":"","inline_featured_image":false,"site-sidebar-layout":"default","site-content-layout":"default","ast-site-content-layout":"default","site-content-style":"default","site-sidebar-style":"default","ast-global-header-display":"","ast-banner-title-visibility":"","ast-main-header-display":"","ast-hfb-above-header-display":"","ast-hfb-below-header-display":"","ast-hfb-mobile-header-display":"","site-post-title":"","ast-breadcrumbs-content":"","ast-featured-img":"","footer-sml-layout":"","ast-disable-related-posts":"","theme-transparent-header-meta":"default","adv-header-id-meta":"","stick-header-meta":"","header-above-stick-meta":"","header-main-stick-meta":"","header-below-stick-meta":"","astra-migrate-meta-layouts":"default","ast-page-background-enabled":"default","ast-page-background-meta":{"desktop":{"background-color":"var(--ast-global-color-4)","background-image":"","background-repeat":"repeat","background-position":"center center","background-size":"auto","background-attachment":"scroll","background-type":"","background-media":"","overlay-type":"","overlay-color":"","overlay-opacity":"","overlay-gradient":""},"tablet":{"background-color":"","background-image":"","background-repeat":"repeat","background-position":"center center","background-size":"auto","background-attachment":"scroll","background-type":"","background-media":"","overlay-type":"","overlay-color":"","overlay-opacity":"","overlay-gradient":""},"mobile":{"background-color":"","background-image":"","background-repeat":"repeat","background-position":"center center","background-size":"auto","background-attachment":"scroll","background-type":"","background-media":"","overlay-type":"","overlay-color":"","overlay-opacity":"","overlay-gradient":""}},"ast-content-background-meta":{"desktop":{"background-color":"var(--ast-global-color-5)","background-image":"","background-repeat":"repeat","background-position":"center center","background-size":"auto","background-attachment":"scroll","background-type":"","background-media":"","overlay-type":"","overlay-color":"","overlay-opacity":"","overlay-gradient":""},"tablet":{"background-color":"var(--ast-global-color-5)","background-image":"","background-repeat":"repeat","background-position":"center center","background-size":"auto","background-attachment":"scroll","background-type":"","background-media":"","overlay-type":"","overlay-color":"","overlay-opacity":"","overlay-gradient":""},"mobile":{"background-color":"var(--ast-global-color-5)","background-image":"","background-repeat":"repeat","background-position":"center center","background-size":"auto","background-attachment":"scroll","background-type":"","background-media":"","overlay-type":"","overlay-color":"","overlay-opacity":"","overlay-gradient":""}},"footnotes":""},"class_list":["post-102906","page","type-page","status-publish","has-post-thumbnail","hentry"],"_links":{"self":[{"href":"https:\/\/translinguoglobal.com\/it\/wp-json\/wp\/v2\/pages\/102906","targetHints":{"allow":["GET"]}}],"collection":[{"href":"https:\/\/translinguoglobal.com\/it\/wp-json\/wp\/v2\/pages"}],"about":[{"href":"https:\/\/translinguoglobal.com\/it\/wp-json\/wp\/v2\/types\/page"}],"author":[{"embeddable":true,"href":"https:\/\/translinguoglobal.com\/it\/wp-json\/wp\/v2\/users\/3"}],"replies":[{"embeddable":true,"href":"https:\/\/translinguoglobal.com\/it\/wp-json\/wp\/v2\/comments?post=102906"}],"version-history":[{"count":0,"href":"https:\/\/translinguoglobal.com\/it\/wp-json\/wp\/v2\/pages\/102906\/revisions"}],"wp:featuredmedia":[{"embeddable":true,"href":"https:\/\/translinguoglobal.com\/it\/wp-json\/wp\/v2\/media\/69076"}],"wp:attachment":[{"href":"https:\/\/translinguoglobal.com\/it\/wp-json\/wp\/v2\/media?parent=102906"}],"curies":[{"name":"wp","href":"https:\/\/api.w.org\/{rel}","templated":true}]}}