{"id":102892,"date":"2026-04-09T11:42:51","date_gmt":"2026-04-09T09:42:51","guid":{"rendered":"https:\/\/translinguoglobal.com\/traduttore-in-house-per-le-pmi\/"},"modified":"2026-04-09T11:42:51","modified_gmt":"2026-04-09T09:42:51","slug":"traduttore-in-house-per-le-pmi","status":"publish","type":"page","link":"https:\/\/translinguoglobal.com\/it\/traduttore-in-house-per-le-pmi\/","title":{"rendered":"Traduttore in-house per le PMI"},"content":{"rendered":"<h2><span class=\"s1\"><b>Soluzioni per le PMI: Traduttore<em> in-house <\/em>e <a href=\"https:\/\/translinguoglobal.com\/it\/sconti\/\">accordi di collaborazione<\/a><\/b><\/span><\/h2>\n<p>Traduttore in-house per le PMI. Se un&#8217;azienda utilizza diverse lingue nella redazione dei testi e impiega una terminologia specialistica, avr\u00e0 bisogno di un traduttore <em>in-house<\/em>. Di norma, le <a href=\"https:\/\/es.wikipedia.org\/wiki\/Peque%C3%B1a_y_mediana_empresa\" target=\"_blank\" rel=\"noopener\">PMI <\/a>producono rapidamente grandi volumi di informazioni. Per questo motivo, \u00e8 fondamentale poter contare su un servizio di <a href=\"https:\/\/translinguoglobal.com\/it\/servizio-di-traduzione-professionale\/\">traduzione <\/a>e revisione <strong>permanente <\/strong>e specializzato che acceleri il processo.<\/p>\n<p>Disporre di un servizio di traduzione<em> in-house<\/em> ha come vantaggio principale il risparmio di tempi e di costi. Permette di creare una sinergia molto efficace nella gestione delle informazioni. La chiave sta nel fatto che il traduttore conosca da vicino il modo di lavorare della PMI. Se il traduttore \u00e8 in grado di produrre traduzioni e testi come se facesse parte della PMI, e non come uno esterno, garantir\u00e0 all&#8217;azienda COSTANZA E COERENZA.<\/p>\n<p>Noi di Translinguo Global\u00ae crediamo di poterti offrire una traduzione tecnica di qualit\u00e0. I professionisti della traduzione incaricati del lavoro vantano di una vasta esperienza. Inoltre, confidiamo nelle loro approfondite conoscenze in ciascuna delle aree tematiche da tradurre. Un traduttore tecnico di qualit\u00e0 deve possedere le seguenti caratteristiche:<\/p>\n<ul>\n<li><span class=\"s1\">amplia conoscenza della lingua di partenza e di arrivo,<\/span><\/li>\n<li><span class=\"s1\">interesse dimostrato e propensione alla ricerca,<\/span><\/li>\n<li><span class=\"s1\">padronanza della terminologia specifica del settore tecnico,<\/span><\/li>\n<li><span class=\"s1\">abilit\u00e0 nella ricerca di fonti;<\/span><\/li>\n<li><span class=\"s1\">capacit\u00e0 di astrazione e senso comune.<\/span><\/li>\n<\/ul>\n<h2><span class=\"s1\"><b>Traduttore <em>in-house<\/em><\/b><\/span><\/h2>\n<p><span class=\"s1\">Un servizio di traduzione <em>in-house<\/em> \u00e8 un servizio che permette ad un&#8217;azienda di disporre di un professionista all&#8217;interno delle proprie strutture senza alcun vincolo di subordinazione.<\/span><\/p>\n<p><span class=\"s1\">Inoltre, per un&#8217;azienda \u00e8 un&#8217;opzione molto efficiente e economica poter contare su un servizio di traduzione<em> in-house<\/em> tramite un contratto di collaborazione (<a href=\"https:\/\/es.wikipedia.org\/wiki\/Contrato_mercantil\" target=\"_blank\" rel=\"noopener\">contratto commerciale<\/a>). \u00c8 un ulteriore vantaggio, poich\u00e9 la natura del rapporto che si instaura ha un carattere puramente ed esclusivamente commerciale, senza alcun vincolo di subordinazione. Ci\u00f2 \u00e8 dovuto al fatto che chi collabora svolge la propria attivit\u00e0 con totale indipendenza e autonomia di giudizio, fatta eccezione per i criteri di carattere puramente tecnico.<\/span><\/p>\n<blockquote>\n<p style=\"text-align: left;\"><span class=\"s1\">Scegli un traduttore <em>in-house<\/em> a un prezzo imbattibile!<\/span><\/p>\n<\/blockquote>\n<h2><span class=\"s1\"><b>Progetti di grandi dimensioni<\/b><\/span><\/h2>\n<p><span class=\"s1\">Al giorno d&#8217;oggi, molte aziende hanno bisogno di un servizio costante di traduzione o di <em>marketing<\/em>. Translinguo Global\u00ae offre la possibilit\u00e0 di concordare accordi o sconti speciali per ordini ricorrenti.<\/span><\/p>\n<p><span class=\"s1\">Offriamo ai clienti abituali e, a coloro che desiderano diventarlo, sconti e la possibilit\u00e0 di stipulare accordi con tariffe agevolate e condizioni speciali, adattate alle singole necessit\u00e0. Gli accordi di collaborazione si stipulano tramite un contratto commerciale.<\/span><\/p>\n<p><span class=\"s1\">Contattaci e spiegaci le tue necessit\u00e0 per poter cos\u00ec raggiungere un accordo vantaggioso per tutti.<\/span><\/p>\n","protected":false},"excerpt":{"rendered":"<p>Soluzioni per le PMI: Traduttore in-house e accordi di collaborazione Traduttore in-house per le PMI. Se un&#8217;azienda utilizza diverse lingue nella redazione dei testi e impiega una terminologia specialistica, avr\u00e0 bisogno di un traduttore in-house. Di norma, le PMI producono rapidamente grandi volumi di informazioni. Per questo motivo, \u00e8 fondamentale poter contare su un servizio [&hellip;]<\/p>\n","protected":false},"author":3,"featured_media":0,"parent":0,"menu_order":0,"comment_status":"closed","ping_status":"closed","template":"","meta":{"_crdt_document":"","inline_featured_image":false,"site-sidebar-layout":"default","site-content-layout":"default","ast-site-content-layout":"default","site-content-style":"default","site-sidebar-style":"default","ast-global-header-display":"","ast-banner-title-visibility":"","ast-main-header-display":"","ast-hfb-above-header-display":"","ast-hfb-below-header-display":"","ast-hfb-mobile-header-display":"","site-post-title":"","ast-breadcrumbs-content":"","ast-featured-img":"","footer-sml-layout":"","ast-disable-related-posts":"","theme-transparent-header-meta":"default","adv-header-id-meta":"","stick-header-meta":"","header-above-stick-meta":"","header-main-stick-meta":"","header-below-stick-meta":"","astra-migrate-meta-layouts":"default","ast-page-background-enabled":"default","ast-page-background-meta":{"desktop":{"background-color":"var(--ast-global-color-4)","background-image":"","background-repeat":"repeat","background-position":"center center","background-size":"auto","background-attachment":"scroll","background-type":"","background-media":"","overlay-type":"","overlay-color":"","overlay-opacity":"","overlay-gradient":""},"tablet":{"background-color":"","background-image":"","background-repeat":"repeat","background-position":"center center","background-size":"auto","background-attachment":"scroll","background-type":"","background-media":"","overlay-type":"","overlay-color":"","overlay-opacity":"","overlay-gradient":""},"mobile":{"background-color":"","background-image":"","background-repeat":"repeat","background-position":"center center","background-size":"auto","background-attachment":"scroll","background-type":"","background-media":"","overlay-type":"","overlay-color":"","overlay-opacity":"","overlay-gradient":""}},"ast-content-background-meta":{"desktop":{"background-color":"var(--ast-global-color-5)","background-image":"","background-repeat":"repeat","background-position":"center center","background-size":"auto","background-attachment":"scroll","background-type":"","background-media":"","overlay-type":"","overlay-color":"","overlay-opacity":"","overlay-gradient":""},"tablet":{"background-color":"var(--ast-global-color-5)","background-image":"","background-repeat":"repeat","background-position":"center center","background-size":"auto","background-attachment":"scroll","background-type":"","background-media":"","overlay-type":"","overlay-color":"","overlay-opacity":"","overlay-gradient":""},"mobile":{"background-color":"var(--ast-global-color-5)","background-image":"","background-repeat":"repeat","background-position":"center center","background-size":"auto","background-attachment":"scroll","background-type":"","background-media":"","overlay-type":"","overlay-color":"","overlay-opacity":"","overlay-gradient":""}},"footnotes":""},"class_list":["post-102892","page","type-page","status-publish","hentry"],"_links":{"self":[{"href":"https:\/\/translinguoglobal.com\/it\/wp-json\/wp\/v2\/pages\/102892","targetHints":{"allow":["GET"]}}],"collection":[{"href":"https:\/\/translinguoglobal.com\/it\/wp-json\/wp\/v2\/pages"}],"about":[{"href":"https:\/\/translinguoglobal.com\/it\/wp-json\/wp\/v2\/types\/page"}],"author":[{"embeddable":true,"href":"https:\/\/translinguoglobal.com\/it\/wp-json\/wp\/v2\/users\/3"}],"replies":[{"embeddable":true,"href":"https:\/\/translinguoglobal.com\/it\/wp-json\/wp\/v2\/comments?post=102892"}],"version-history":[{"count":0,"href":"https:\/\/translinguoglobal.com\/it\/wp-json\/wp\/v2\/pages\/102892\/revisions"}],"wp:attachment":[{"href":"https:\/\/translinguoglobal.com\/it\/wp-json\/wp\/v2\/media?parent=102892"}],"curies":[{"name":"wp","href":"https:\/\/api.w.org\/{rel}","templated":true}]}}