{"id":102854,"date":"2026-04-08T14:22:11","date_gmt":"2026-04-08T12:22:11","guid":{"rendered":"https:\/\/translinguoglobal.com\/traduzione-giurata-di-bulgaro\/"},"modified":"2026-04-09T10:04:05","modified_gmt":"2026-04-09T08:04:05","slug":"traduzione-giurata-di-bulgaro","status":"publish","type":"page","link":"https:\/\/translinguoglobal.com\/it\/traduzione-giurata-di-bulgaro\/","title":{"rendered":"Traduzione giurata di bulgaro"},"content":{"rendered":"<p>Il <strong>servizio di traduzione giurata di bulgaro<\/strong> acquisisce sempre pi\u00f9 importanza dovuta all&#8217;internazionalizzazione delle aziende. Inoltre, la legislazione spagnola ne sancisce la necessit\u00e0. In altri termini, i documenti ufficiali redatti in bulgaro richiedono una <strong>traduzione giurata<\/strong>.  <\/p>\n<h2><strong>Chi \u00e8 un traduttore giurato di bulgaro?<\/strong><\/h2>\n<p>Il<strong> traduttore giurato di bulgaro<\/strong> \u00e8 quel traduttore che traduce i testi dal bulgaro allo spagnolo ed \u00e8 accreditato dal Ministero degli Affari Esteri e della Cooperazione di Spagna (MAEC). Tale ministero conferisce un timbro ufficiale per poter realizzare traduzioni valide in Spagna e all&#8217;estero. <\/p>\n<h2><strong>Cos&#8217;\u00e8 una traduzione giurata di bulgaro?<\/strong><\/h2>\n<p>Una traduzione giurata di bulgaro \u00e8 una traduzione ufficiale che presenta:<\/p>\n<ul>\n<li>Il timbro e la firma del <strong>traduttore giurato di bulgaro<\/strong>.<\/li>\n<li>Un attestato al termine del documento che ne accredita la traduzione.<\/li>\n<\/ul>\n<p>Garantisce validit\u00e0 legale al documento tradotto per poterlo presentare presso qualsiasi organismo.<\/p>\n<h2><strong>Quanto costa una traduzione giurata di bulgaro?<\/strong><\/h2>\n<p>Per quanto riguarda il prezzo, si applica una tariffa per parola che dipende dalla combinazione linguistica e dal tipo di documento.<\/p>\n<p>Inoltre dipendono anche l&#8217;urgenza, il tipo di testo, la sua lunghezza e la complessit\u00e0. Se la traduzione giurata \u00e8 breve, si applicher\u00e0 una tariffa minima per documento. <\/p>\n<p>Per ottenere un preventivo personalizzato, inviaci il documento in bulgaro che desideri tradurre.<\/p>\n<h3><strong>Quanto tempo occorre per una traduzione giurata di bulgaro?<\/strong><\/h3>\n<p>Il termine per realizzare una <strong>traduzione giurata di bulgaro<\/strong> dipende dalla lunghezza, dal tipo di documento e dalla sua complessit\u00e0.<\/p>\n<h3><strong>Come posso richiedere una traduzione giurata di bulgaro?<\/strong><\/h3>\n<p>Per richiedere una <strong>traduzione giurata di bulgaro<\/strong> puoi contattarci tramite la pagina web, <em>e-mail<\/em> o per telefono.<\/p>\n<h3><strong>Come ricever\u00f2 la mia traduzione giurata di bulgaro?<\/strong><\/h3>\n<p>Ti invieremo la <strong>traduzione giurata di bulgaro<\/strong> scansionata in PDF e la traduzione cartacea, timbrata e firmata dal<strong> traduttore giurato di bulgaro.<\/strong><\/p>\n<h3><strong>A cosa serve una traduzione giurata di bulgaro?<\/strong><\/h3>\n<p>Di seguito, ti mostreremo alcune occasioni che richiedono una<strong> traduzione giurata di bulgaro.<\/strong><\/p>\n<ul>\n<li><strong>Pratiche di immigrazione<\/strong>: relative alla residenza temporanea in Spagna, ricongiungimento familiare, etc.<\/li>\n<li><strong>Celebrazione di matrimoni<\/strong>: la <strong>traduzione giurata<\/strong> di certificati di matrimonio \u00e8 fondamentale per contrarre matrimonio con una persona di nazionalit\u00e0 straniera.<\/li>\n<li><strong>Pratiche d&#8217;istruzione: <\/strong>alcuni richiedono la <strong>traduzione giurata<\/strong> di certificati con voti o libretti universitari.<\/li>\n<li><strong>Pratiche lavorative: <\/strong>lettere di raccomandazione, contratti e altro ancora.<\/li>\n<li><strong>Pratiche fiscali<\/strong>: <strong>traduzioni giurate<\/strong> di dichiarazione dei redditi e certificati fiscali.<\/li>\n<li><strong>Importazioni<\/strong>: <strong>traduzioni giurate<\/strong> di fatture commerciali, certificati di propriet\u00e0 dei beni e altro ancora.<\/li>\n<li><strong>Pratiche notarili:<\/strong> la <strong>traduzione giurata<\/strong> di procure e altri documenti notarili.<\/li>\n<li><strong>Pratiche giudiziarie<\/strong>: <strong>traduzioni giurate<\/strong> di sentenze o risoluzioni giudiziarie e altro ancora.<\/li>\n<\/ul>\n<h3><strong>Quali tipi di documenti richiedono una traduzione giurata di bulgaro?<\/strong><\/h3>\n<p>Alcuni dei documenti che richiedono una<strong> traduzione giurata di bulgaro<\/strong> sono i seguenti:<\/p>\n<ul>\n<li>Titoli universitari e diplomi redatti in bulgaro.<\/li>\n<li>Certificati di nascita redatti in bulgaro.<\/li>\n<li>Certificati di matrimonio redatti in bulgaro.<\/li>\n<li>Certificati del casellario giudiziale redatti in bulgaro.<\/li>\n<li>Documenti d&#8217;identit\u00e0 redatti in bulgaro.<\/li>\n<li>Documenti e certificati notarili redatti in bulgaro.<\/li>\n<\/ul>\n<h3><strong>Verso quali lingue si pu\u00f2 realizzare una traduzione giurata?<\/strong><\/h3>\n<p>Le <strong>traduzioni giurate <\/strong>realizzate da un <strong>traduttore giurato<\/strong> nominato in Spagna saranno da o verso le lingue ufficiali.<\/p>\n<p>Quando si richiede una <strong>traduzione giurata<\/strong> da o verso lingue non ufficiali, si far\u00e0 una <strong>traduzione giurata <\/strong>incrociata. In primo luogo, verso lo spagnolo e, successivamente, si far\u00e0 un&#8217;altra <strong>traduzione giurata<\/strong> dallo spagnolo verso la lingua di destinazione richiesta. <\/p>\n<p>In questo modo, \u00e8 possibile coprire molte altre lingue oltre a quelle ufficiali del paese che abilita il traduttore.<\/p>\n<h3><strong>Cosa sono la legalizzazione e l&#8217;Apostilla dell&#8217;Aia?<\/strong><\/h3>\n<p>La legalizzazione di documenti stranieri redatti in bulgaro ha lo scopo di far s\u00ec che questi abbiano valore legale in Spagna. L&#8217;Apostilla dell&#8217;Aia semplifica questa pratica mediante un timbro e una firma nel documento. Tuttavia, questa \u00e0 valida solo per i paesi membri della Convenzione dell&#8217;Aia.  <\/p>\n<p>Pertanto, la legalizzazione di documenti stranieri redatti in bulgaro, a meno che esista la legislazione che indichi il contrario, verr\u00e0 effettuata tramite:<\/p>\n<ul>\n<li><a href=\"https:\/\/www.exteriores.gob.es\/es\/ServiciosAlCiudadano\/Paginas\/Legalizacion-y-apostilla.aspx\" target=\"_blank\" rel=\"noopener\">L&#8217;Apostilla<\/a>, nel caso in cui il paese sia membro della Convenzione.<\/li>\n<li>Un&#8217;altra procedura di legalizzazione, nel caso in cui il paese non sia membro della Convenzione.<\/li>\n<\/ul>\n<p>Il <strong>servizio di traduzione giurata di bulgaro<\/strong> a Translinguo Global si affida ai migliori <strong>traduttori giurati di bulgaro<\/strong>. I nostri traduttori dispongono di ampie conoscenze in ambito giuridico e economico per garantire traduzioni di alta qualit\u00e0. <\/p>\n<p>Cosa aspetti a richiedere il tuo preventivo? Siamo a tua disposizione per offrirti la<strong> traduzione giurata di bulgaro<\/strong> di cui hai bisogno in base alla pratica che devi effettuare. <\/p>\n<h4 style=\"text-align: center;\"><strong>ISO 9001:<\/strong><\/h4>\n<p style=\"text-align: center;\"><img decoding=\"async\" class=\"aligncenter wp-image-50545\" src=\"https:\/\/translinguoglobal.com\/wp-content\/uploads\/2022\/07\/ISO-9001.png\" alt=\"Translinguo Global ISO-9001\" width=\"126\" height=\"177\"><\/p>\n<p style=\"text-align: center;\">Gestione della qualit\u00e0 con il pi\u00f9 alto riconoscimento a livello mondiale. La pi\u00f9 conosciuta nell&#8217;ambito aziendale e organizzativo, con credenziali riconosciute e alla ricerca di un miglioramento continuo. Hai ancora dubbi su di noi?  <\/p>\n<p style=\"text-align: center;\"><strong>ISO 17100:<\/strong><\/p>\n<p style=\"text-align: center;\"><img decoding=\"async\" class=\"aligncenter wp-image-50541\" src=\"https:\/\/translinguoglobal.com\/wp-content\/uploads\/2022\/07\/ISO-17100.png\" alt=\"Translinguo Global ISO-17100\" width=\"134\" height=\"191\"><\/p>\n<p style=\"text-align: center;\">Normativa europea che definisce gli standard di qualit\u00e0 dell&#8217;attivit\u00e0 di traduzione. Lavoriamo solo con traduttori di bulgaro in grado di fornire <strong>prove certificate<\/strong>, questa \u00e8 un elemento chiave nella <strong>traduzione giurata di bulgaro<\/strong>. <\/p>\n<p>Tel.: +34 91 123 27 63<\/p>\n<p>Whatsapp:<a href=\"https:\/\/api.whatsapp.com\/send?phone=34622621527\" target=\"_blank\" rel=\"noopener\"> +34 622 621 527<\/a><\/p>\n<p>Compila la tua richiesta. Richiedi un preventivo. Non esitare. <a href=\"https:\/\/translinguoglobal.com\/it\/\">Translinguo<\/a>.  <\/p>\n","protected":false},"excerpt":{"rendered":"<p>Il servizio di traduzione giurata di bulgaro acquisisce sempre pi\u00f9 importanza dovuta all&#8217;internazionalizzazione delle aziende. Inoltre, la legislazione spagnola ne sancisce la necessit\u00e0. In altri termini, i documenti ufficiali redatti in bulgaro richiedono una traduzione giurata. Chi \u00e8 un traduttore giurato di bulgaro? Il traduttore giurato di bulgaro \u00e8 quel traduttore che traduce i testi [&hellip;]<\/p>\n","protected":false},"author":3,"featured_media":102855,"parent":0,"menu_order":0,"comment_status":"closed","ping_status":"closed","template":"","meta":{"_crdt_document":"","inline_featured_image":false,"site-sidebar-layout":"default","site-content-layout":"","ast-site-content-layout":"default","site-content-style":"default","site-sidebar-style":"default","ast-global-header-display":"","ast-banner-title-visibility":"","ast-main-header-display":"","ast-hfb-above-header-display":"","ast-hfb-below-header-display":"","ast-hfb-mobile-header-display":"","site-post-title":"","ast-breadcrumbs-content":"","ast-featured-img":"","footer-sml-layout":"","ast-disable-related-posts":"","theme-transparent-header-meta":"default","adv-header-id-meta":"","stick-header-meta":"","header-above-stick-meta":"","header-main-stick-meta":"","header-below-stick-meta":"","astra-migrate-meta-layouts":"default","ast-page-background-enabled":"default","ast-page-background-meta":{"desktop":{"background-color":"var(--ast-global-color-4)","background-image":"","background-repeat":"repeat","background-position":"center center","background-size":"auto","background-attachment":"scroll","background-type":"","background-media":"","overlay-type":"","overlay-color":"","overlay-opacity":"","overlay-gradient":""},"tablet":{"background-color":"","background-image":"","background-repeat":"repeat","background-position":"center center","background-size":"auto","background-attachment":"scroll","background-type":"","background-media":"","overlay-type":"","overlay-color":"","overlay-opacity":"","overlay-gradient":""},"mobile":{"background-color":"","background-image":"","background-repeat":"repeat","background-position":"center center","background-size":"auto","background-attachment":"scroll","background-type":"","background-media":"","overlay-type":"","overlay-color":"","overlay-opacity":"","overlay-gradient":""}},"ast-content-background-meta":{"desktop":{"background-color":"var(--ast-global-color-5)","background-image":"","background-repeat":"repeat","background-position":"center center","background-size":"auto","background-attachment":"scroll","background-type":"","background-media":"","overlay-type":"","overlay-color":"","overlay-opacity":"","overlay-gradient":""},"tablet":{"background-color":"var(--ast-global-color-5)","background-image":"","background-repeat":"repeat","background-position":"center center","background-size":"auto","background-attachment":"scroll","background-type":"","background-media":"","overlay-type":"","overlay-color":"","overlay-opacity":"","overlay-gradient":""},"mobile":{"background-color":"var(--ast-global-color-5)","background-image":"","background-repeat":"repeat","background-position":"center center","background-size":"auto","background-attachment":"scroll","background-type":"","background-media":"","overlay-type":"","overlay-color":"","overlay-opacity":"","overlay-gradient":""}},"footnotes":""},"class_list":["post-102854","page","type-page","status-publish","has-post-thumbnail","hentry"],"_links":{"self":[{"href":"https:\/\/translinguoglobal.com\/it\/wp-json\/wp\/v2\/pages\/102854","targetHints":{"allow":["GET"]}}],"collection":[{"href":"https:\/\/translinguoglobal.com\/it\/wp-json\/wp\/v2\/pages"}],"about":[{"href":"https:\/\/translinguoglobal.com\/it\/wp-json\/wp\/v2\/types\/page"}],"author":[{"embeddable":true,"href":"https:\/\/translinguoglobal.com\/it\/wp-json\/wp\/v2\/users\/3"}],"replies":[{"embeddable":true,"href":"https:\/\/translinguoglobal.com\/it\/wp-json\/wp\/v2\/comments?post=102854"}],"version-history":[{"count":2,"href":"https:\/\/translinguoglobal.com\/it\/wp-json\/wp\/v2\/pages\/102854\/revisions"}],"predecessor-version":[{"id":102886,"href":"https:\/\/translinguoglobal.com\/it\/wp-json\/wp\/v2\/pages\/102854\/revisions\/102886"}],"wp:featuredmedia":[{"embeddable":true,"href":"https:\/\/translinguoglobal.com\/it\/wp-json\/wp\/v2\/media\/102855"}],"wp:attachment":[{"href":"https:\/\/translinguoglobal.com\/it\/wp-json\/wp\/v2\/media?parent=102854"}],"curies":[{"name":"wp","href":"https:\/\/api.w.org\/{rel}","templated":true}]}}