{"id":102224,"date":"2026-03-12T13:09:06","date_gmt":"2026-03-12T12:09:06","guid":{"rendered":"https:\/\/translinguoglobal.com\/traduttore-giurato-per-lo-stato-civile-interpreti-ufficiali-maec\/"},"modified":"2026-03-20T14:05:00","modified_gmt":"2026-03-20T13:05:00","slug":"traduttore-giurato-per-lo-stato-civile-interpreti-ufficiali-maec","status":"publish","type":"page","link":"https:\/\/translinguoglobal.com\/it\/traduttore-giurato-per-lo-stato-civile-interpreti-ufficiali-maec\/","title":{"rendered":"Traduttore Giurato per lo Stato Civile | Interpreti Ufficiali MAEC"},"content":{"rendered":"<p>Traduttore Giurato per lo Stato Civile. Quando hai bisogno di presentare documenti ufficiali allo Stato Civile in Spagna, \u00e8 fondamentale che le traduzioni abbiano <strong>validit\u00e0 legale.<\/strong> In questi casi, non basta presentare una semplice traduzione: \u00e8 necessario un <strong>Traduttore Giurato accreditato dal Ministero degli Affari Esteri e Cooperazione (MAEC).<\/strong><\/p>\n<p>Noi di <strong>Translinguo Global,<\/strong> offriamo servizi professionali di <strong>Traduzione Giurata per lo Stato Civile<\/strong>, realizzati esclusivamente da <strong>Traduttori Giurati e <a href=\"https:\/\/translinguoglobal.com\/it\/servizio-di-interpretariato\/\">Interpreti <\/a>Ufficiali MAEC<\/strong>, in modo che i tuoi documenti vengano accettati dalle autorit\u00e0 spagnole senza problemi.<\/p>\n<h2><strong>Cos&#8217;\u00e9 una traduzione giurata per lo Stato Civile?<\/strong><\/h2>\n<p>Una<strong> <a href=\"https:\/\/translinguoglobal.com\/traduccion-jurada-barata\/\">traduzione giurata<\/a><\/strong> \u00e8 una traduzione ufficiale che comprende la firma, il timbro e la certificazione di un <strong>traduttore giurato accreditato dal Ministro degli Affari Esteri, Unione Europea e Cooperazione (MAEC).<\/strong><\/p>\n<p>Questo tipo di traduzione certifica che il contenuto del documento tradotto sia <strong>completo e fedele all&#8217;originale<\/strong>, conferendogli <strong>validit\u00e0 legale di fronte a organismi ufficiali<\/strong>, tra i quali:<\/p>\n<ul>\n<li>Stato Civile<\/li>\n<li>Uffici notarili<\/li>\n<li>Tribunali<\/li>\n<li>Ministeri<\/li>\n<li>Universit\u00e0<\/li>\n<li>Consolati<\/li>\n<\/ul>\n<p>Solitamente le traduzioni giurate comprendono:<\/p>\n<ul>\n<li>Firma del traduttore giurato<\/li>\n<li>Timbro ufficiale<\/li>\n<li>Dichiarazione di fedelt\u00e0 della traduzione<\/li>\n<li>Copia del documento originale<\/li>\n<\/ul>\n<p>Senza questa certificazione, <strong>l&#8217;Ufficio di stato civile non accetter\u00e0 la traduzione<\/strong>.<\/p>\n<h2><strong>Documenti che spesso richiedono una traduzione giurata<\/strong><\/h2>\n<p>Nelle varie pratiche dello Stato Civile \u00e8 molto abituale che richiedano <strong>documenti tradotti da Traduttori Giurati o Interpreti Ufficiali MAEC. <\/strong><\/p>\n<p>I documenti pi\u00f9 comuni sono:<\/p>\n<table width=\"551\">\n<tbody>\n<tr>\n<td width=\"188\"><strong>Documento<\/strong><\/td>\n<td width=\"362\"><strong>Uso frequente<\/strong><\/td>\n<\/tr>\n<tr>\n<td width=\"188\">Certificato di nascita<\/td>\n<td width=\"362\">Matrimonio, nazionalit\u00e0 o dichiarazione di nascita<\/td>\n<\/tr>\n<tr>\n<td width=\"188\">Certificato di matrimonio<\/td>\n<td width=\"362\">Atto di matrimonio celebrato all&#8217;estero<\/td>\n<\/tr>\n<tr>\n<td width=\"188\">Sentenza di divorzio<\/td>\n<td width=\"362\">Aggiornamento dello stato civile<\/td>\n<\/tr>\n<tr>\n<td width=\"188\">Certificato di morte<\/td>\n<td width=\"362\">Pratiche di successione<\/td>\n<\/tr>\n<tr>\n<td width=\"188\">Libro internazionale di famiglia<\/td>\n<td width=\"362\">Iscrizione allo Stato Civile<\/td>\n<\/tr>\n<tr>\n<td width=\"188\">Certificati di Stato Libero<\/td>\n<td width=\"362\">Matrimoni civili<\/td>\n<\/tr>\n<tr>\n<td width=\"188\">Sentenze legali<\/td>\n<td width=\"362\">Riconoscimento delle sentenze straniere<\/td>\n<\/tr>\n<\/tbody>\n<\/table>\n<p>Noi di <strong>Translinguo Global,<\/strong> ci affidiamo a traduttori giurati specializzati in <strong>documenti civili e legali,<\/strong> assicurando che la traduzione sia precisa e venga accettata dalle autorit\u00e0.<\/p>\n<h2><strong>Traduttori Giurati e Interpreti Ufficiali MAEC<\/strong><\/h2>\n<p>I nostri servizi vengono realizzati esclusivamente da<strong> Traduttori Giurati e Interpreti Ufficiali MAEC<\/strong>, assicurando:<\/p>\n<ul>\n<li>Traduzioni legalmente riconosciute in Spagna<\/li>\n<li>Rispetto dei requisiti del Ministro degli Affari Esteri<\/li>\n<li>Documenti certificati con firma e timbro ufficiale<\/li>\n<li>Riconoscimento da parte di enti pubblici e privati<\/li>\n<\/ul>\n<p>Lavoriamo con una vasta rete di <strong>traduttori giurati autorizzati<\/strong>, grazie ai quali possiamo offrire traduzioni in pi\u00f9 lingue.<\/p>\n<h2><strong>Lingue disponibili per la traduzione giurata<\/strong><\/h2>\n<p>Noi di <strong>Translinguo Global<\/strong> offriamo traduzioni giurate per lo Stato Civile in molte lingue, tra cui:<\/p>\n<ul>\n<li><a href=\"https:\/\/translinguoglobal.com\/traductor-ingles-espanol\/\">Inglese <\/a>&#8211; <a href=\"https:\/\/translinguoglobal.com\/traductor-espanol-ingles\/\">Spagnolo<\/a><\/li>\n<li><a href=\"https:\/\/translinguoglobal.com\/traductor-frances-espanol\/\">Francese <\/a>\u2013 Spagnolo<\/li>\n<li><a href=\"https:\/\/translinguoglobal.com\/it\/traduttore-giurato-di-tedesco\/\">Tedesco <\/a>\u2013 Spagnolo<\/li>\n<li><a href=\"https:\/\/translinguoglobal.com\/it\/traduzioni-in-italiano\/\">Italiano<\/a> \u2013 Spagnolo<\/li>\n<li><a href=\"https:\/\/translinguoglobal.com\/it\/traduttore-giurato-di-portoghese\/\">Portoghese\u2013<\/a> Spagnolo<\/li>\n<li><a href=\"https:\/\/translinguoglobal.com\/it\/traduzione-dallarabo\/\">Arabo <\/a>\u2013 Spagnolo<\/li>\n<li>Russo \u2013 Spagnolo<\/li>\n<li><a href=\"https:\/\/translinguoglobal.com\/it\/traduzione-dal-cinese\/\">Cinese <\/a>\u2013 Spagnolo<\/li>\n<\/ul>\n<p>Se hai bisgono di un&#8217;altra lingua, il nostro team pu\u00f2 aiutarti a trovare un <strong>Traduttore Giurato o Interprete Ufficiale MAEC specializzato.<\/strong><\/p>\n<h2><strong>Processo semplice e veloce<\/strong><\/h2>\n<p>Il nostro modo di lavorare \u00e8 progettato in modo che tu possa ottenere la traduzione giurata in tempi brevi e senza complicazioni.<\/p>\n<h3><strong>1. Invio di documenti<\/strong><\/h3>\n<p>Puoi inviare una fotocopia o una foto dei tuoi documenti tramite mail o modulo online.<\/p>\n<h3><strong>2. Preventivo gratuito<\/strong><\/h3>\n<p>Analizziamo il documento e ti inviamo un <strong>preventivo senza vincoli. <\/strong><\/p>\n<h3><strong>3. Traduzione giurata ufficiale<\/strong><\/h3>\n<p>Un <strong>Traduttore Giurato o Interprete Ufficiale MAEC<\/strong> realizzer\u00e0 la traduzione certificata.<\/p>\n<h3><strong>4. Invio del documento<\/strong><\/h3>\n<p>Riceverai la tua traduzione:<\/p>\n<ul>\n<li>In formato digitale con firma elettronica, o<\/li>\n<li>In formato fisico con timbro e firma ufficiale.<\/li>\n<\/ul>\n<h2><strong>Quanto costa una traduzione giurata per lo Stato Civile?<\/strong><\/h2>\n<p>Il prezzo di una<strong> traduzione giurata<\/strong> dipende da vari fattori:<\/p>\n<ul>\n<li>Lingua di partenza e di arrivo<\/li>\n<li>Lunghezza del documento<\/li>\n<li>Complessit\u00e0 del contenuto<\/li>\n<li>Il tempo di consegna richiesta<\/li>\n<\/ul>\n<p>Solitamente, i documenti come certificati di nascita o matrimonio hanno <strong>tariffe standard,<\/strong> poich\u00e9 contengono molte ripetizioni.<\/p>\n<p>Noi di <strong>Translinguo Global<\/strong>, offriamo <strong>preventivi chiari e trasparenti,<\/strong> senza costi aggiuntivi.<\/p>\n<h2><strong>Perch\u00e9 scegliere Translinguo Global?<\/strong><\/h2>\n<p>Perch\u00e9 un&#8217;agenzia professionale garantisce che i tuoi documenti vengano accettati immediatamente dallo Stato Civile.<\/p>\n<p><strong>Translinguo Global<\/strong> offre:<\/p>\n<ul>\n<li>Traduttori Giurati e<strong> Interpreti Ufficiali MAEC<\/strong>\n<\/li>\n<li>Vasta esperienza nella gestione di documenti civili<\/li>\n<li>Consegne veloci e sicure<\/li>\n<li>Assistenza unica<\/li>\n<li>Preventivo gratuito<\/li>\n<li>Traduzioni riconosciute da organi ufficiali<\/li>\n<\/ul>\n<p>Il nostro team lavora con <strong>professionalit\u00e0<\/strong>, assicurando che ogni documento rispetti i requisiti legali richiesti.<\/p>\n<h2><strong>Richiedi ora la tua traduzione giurata<\/strong><\/h2>\n<p>Se hai bisogno di un <strong>Traduttore Giurato per lo Stato Civile<\/strong>, noi di <strong>Translinguo Global<\/strong> possiamo aiutarti a tradurre i documenti in maniera veloce, sicura e professionale.<\/p>\n<p>Lavoriamo con<strong><a href=\"https:\/\/www.exteriores.gob.es\/es\/ServiciosAlCiudadano\/Paginas\/Traductores-Interpretes-Jurados.aspx\" target=\"_blank\" rel=\"noopener\"> Traduttori Giurati e Interpreti Ufficiali MAEC<\/a><\/strong>, in modo che i tuoi document<strong>i abbiano validit\u00e0 legale in Spagna<\/strong>.<\/p>\n<p>Richiedi ora il tuo <strong><a href=\"https:\/\/translinguoglobal.com\/it\/richiedi-un-preventivo-di-traduzione\/\">preventivo gratuito<\/a><\/strong> e ricevi una traduzione giurata pronta da presentare allo Stato Civile.<\/p>\n<p>&nbsp;<\/p>\n<div id=\"gtx-trans\" style=\"position: absolute; left: 297px; top: 3452.61px;\">\n<div class=\"gtx-trans-icon\"><\/div>\n<\/div>\n","protected":false},"excerpt":{"rendered":"<p>Traduttore Giurato per lo Stato Civile. Quando hai bisogno di presentare documenti ufficiali allo Stato Civile in Spagna, \u00e8 fondamentale che le traduzioni abbiano validit\u00e0 legale. In questi casi, non basta presentare una semplice traduzione: \u00e8 necessario un Traduttore Giurato accreditato dal Ministero degli Affari Esteri e Cooperazione (MAEC). Noi di Translinguo Global, offriamo servizi [&hellip;]<\/p>\n","protected":false},"author":3,"featured_media":102225,"parent":0,"menu_order":0,"comment_status":"closed","ping_status":"closed","template":"","meta":{"_crdt_document":"","inline_featured_image":false,"site-sidebar-layout":"default","site-content-layout":"","ast-site-content-layout":"default","site-content-style":"default","site-sidebar-style":"default","ast-global-header-display":"","ast-banner-title-visibility":"","ast-main-header-display":"","ast-hfb-above-header-display":"","ast-hfb-below-header-display":"","ast-hfb-mobile-header-display":"","site-post-title":"","ast-breadcrumbs-content":"","ast-featured-img":"","footer-sml-layout":"","ast-disable-related-posts":"","theme-transparent-header-meta":"default","adv-header-id-meta":"","stick-header-meta":"","header-above-stick-meta":"","header-main-stick-meta":"","header-below-stick-meta":"","astra-migrate-meta-layouts":"default","ast-page-background-enabled":"default","ast-page-background-meta":{"desktop":{"background-color":"var(--ast-global-color-4)","background-image":"","background-repeat":"repeat","background-position":"center center","background-size":"auto","background-attachment":"scroll","background-type":"","background-media":"","overlay-type":"","overlay-color":"","overlay-opacity":"","overlay-gradient":""},"tablet":{"background-color":"","background-image":"","background-repeat":"repeat","background-position":"center center","background-size":"auto","background-attachment":"scroll","background-type":"","background-media":"","overlay-type":"","overlay-color":"","overlay-opacity":"","overlay-gradient":""},"mobile":{"background-color":"","background-image":"","background-repeat":"repeat","background-position":"center center","background-size":"auto","background-attachment":"scroll","background-type":"","background-media":"","overlay-type":"","overlay-color":"","overlay-opacity":"","overlay-gradient":""}},"ast-content-background-meta":{"desktop":{"background-color":"var(--ast-global-color-5)","background-image":"","background-repeat":"repeat","background-position":"center center","background-size":"auto","background-attachment":"scroll","background-type":"","background-media":"","overlay-type":"","overlay-color":"","overlay-opacity":"","overlay-gradient":""},"tablet":{"background-color":"var(--ast-global-color-5)","background-image":"","background-repeat":"repeat","background-position":"center center","background-size":"auto","background-attachment":"scroll","background-type":"","background-media":"","overlay-type":"","overlay-color":"","overlay-opacity":"","overlay-gradient":""},"mobile":{"background-color":"var(--ast-global-color-5)","background-image":"","background-repeat":"repeat","background-position":"center center","background-size":"auto","background-attachment":"scroll","background-type":"","background-media":"","overlay-type":"","overlay-color":"","overlay-opacity":"","overlay-gradient":""}},"footnotes":""},"class_list":["post-102224","page","type-page","status-publish","has-post-thumbnail","hentry"],"_links":{"self":[{"href":"https:\/\/translinguoglobal.com\/it\/wp-json\/wp\/v2\/pages\/102224","targetHints":{"allow":["GET"]}}],"collection":[{"href":"https:\/\/translinguoglobal.com\/it\/wp-json\/wp\/v2\/pages"}],"about":[{"href":"https:\/\/translinguoglobal.com\/it\/wp-json\/wp\/v2\/types\/page"}],"author":[{"embeddable":true,"href":"https:\/\/translinguoglobal.com\/it\/wp-json\/wp\/v2\/users\/3"}],"replies":[{"embeddable":true,"href":"https:\/\/translinguoglobal.com\/it\/wp-json\/wp\/v2\/comments?post=102224"}],"version-history":[{"count":4,"href":"https:\/\/translinguoglobal.com\/it\/wp-json\/wp\/v2\/pages\/102224\/revisions"}],"predecessor-version":[{"id":102449,"href":"https:\/\/translinguoglobal.com\/it\/wp-json\/wp\/v2\/pages\/102224\/revisions\/102449"}],"wp:featuredmedia":[{"embeddable":true,"href":"https:\/\/translinguoglobal.com\/it\/wp-json\/wp\/v2\/media\/102225"}],"wp:attachment":[{"href":"https:\/\/translinguoglobal.com\/it\/wp-json\/wp\/v2\/media?parent=102224"}],"curies":[{"name":"wp","href":"https:\/\/api.w.org\/{rel}","templated":true}]}}