{"id":96911,"date":"2025-07-21T15:59:08","date_gmt":"2025-07-21T13:59:08","guid":{"rendered":"https:\/\/translinguoglobal.com\/service-de-revision-de-textes\/"},"modified":"2025-07-21T15:59:08","modified_gmt":"2025-07-21T13:59:08","slug":"service-de-revision-de-textes","status":"publish","type":"page","link":"https:\/\/translinguoglobal.com\/fr\/service-de-revision-de-textes\/","title":{"rendered":"Service de r\u00e9vision de textes"},"content":{"rendered":"<p><strong>SERVICE DE R\u00c9VISION DE TEXTES &#8211; TRADUCTIONS DANS TOUTES LES LANGUES.<\/strong><\/p>\n<p>Nous r\u00e9visons et corrigeons vos traductions ou textes professionnels pour garantir leur qualit\u00e9. Demandez-nous un devis, nous r\u00e9pondons en moins de 24h.<\/p>\n<h1>R\u00e9vision des traductions<\/h1>\n<p>La <strong>r\u00e9vision de textes<\/strong> <strong>traduits<\/strong> est une t\u00e2che fondamentale qui garantie la qualit\u00e9 de la traduction et la fid\u00e9lit\u00e9 du message original. La r\u00e9vision consiste en une relecture exhaustive du texte traduit pour v\u00e9rifier qu&rsquo;il n&rsquo;y ait pas d&rsquo;erreurs de grammaire, d&rsquo;orthographe, de ponctuation, de coh\u00e9rence, de coh\u00e9sion et de style.<\/p>\n<p>Il existe deux types de corrections : orthographique et stylistique. L&rsquo;id\u00e9ale est de faire les deux, mais cela d\u00e9pend du document auquel nous faisons face.<\/p>\n<p>De cette mani\u00e8re, nous nous assurons que le texte traduit est juste d&rsquo;un point de vue linguistique. De plus, il ne faut pas oublier que le m\u00eame message doit \u00eatre transmit que dans le texte original.<\/p>\n<h2><strong>Quand doit-on r\u00e9viser une traduction <\/strong> <strong>?<\/strong><\/h2>\n<p>La <strong>r\u00e9vision professionnelle de textes<\/strong> traduits est une t\u00e2che qui doit \u00eatre r\u00e9alis\u00e9e par des professionnels ayant une connaissance profonde tant de la langue source que de la langue cible. De plus, il est n\u00e9cessaire de se familiariser avec les th\u00e9matiques du texte, pour pouvoir v\u00e9rifier que la terminologie sp\u00e9cifique a \u00e9t\u00e9 traduite correctement.<\/p>\n<p>La <strong>r\u00e9vision de texte traduits<\/strong> est bien plus que la correction des erreurs. Cela n\u00e9cessite une compr\u00e9hension total du message et du contexte dans lequel il s&rsquo;inscrit.<\/p>\n<h2><strong>Qui doit la r\u00e9aliser ? <\/strong><\/h2>\n<p>La <strong>r\u00e9vision des textes<\/strong> peut \u00eatre r\u00e9alis\u00e9e par le traducteur qui a effectu\u00e9 la <a href=\"https:\/\/fr.wikipedia.org\/wiki\/Traduction\" target=\"_blank\" rel=\"noopener\">traduction<\/a>, ou bien par un autre traducteur ou relecteur.<\/p>\n<p>Dans le premier cas, il s&rsquo;agit d&rsquo;une r\u00e9vision autonome, o\u00f9 le traducteur relit son propre travail. Dans le second, il s&rsquo;agit d&rsquo;une traduction externe, o\u00f9 un autre professionnel relit la traduction.<\/p>\n<h3><strong>Les \u00e9tapes de la r\u00e9vision d&rsquo;une traduction<\/strong><\/h3>\n<p>Voici les diff\u00e9rentes \u00e9tapes de la <strong>r\u00e9vision de texte traduits<\/strong>.<\/p>\n<p>Dans un premier lieu, le texte est lu rapidement pour v\u00e9rifier la coh\u00e9rence g\u00e9n\u00e9rale et trouver les potentielles erreurs \u00e9videntes. Puis, le texte est relu en profondeur, mot par mot, pour v\u00e9rifier l&rsquo;exactitude de la traduction et corriger les erreurs de grammaire, d&rsquo;orthographe et de ponctuation.<\/p>\n<p>Ensuite, la coh\u00e9rence et la coh\u00e9sion du texte est analyser, pour v\u00e9rifier que les phrases et paragraphes sont bien structurer et suivent les r\u00e8gles stylistiques et de grammaire de la langue cible. Enfin, une r\u00e9vision du format est r\u00e9alis\u00e9e, pour garantir que le texte est pr\u00e9sent\u00e9 correctement.<\/p>\n<h4 style=\"text-align: center;\"><strong>Service de r\u00e9vision de textes<\/strong><\/h4>\n<p>Chez <a href=\"https:\/\/translinguoglobal.com\/fr\/\">Translinguo<\/a>, la qualit\u00e9 et le r\u00e9sultat final est important pour nous. Nous prenons donc tr\u00e8s au s\u00e9rieux le processus de traduction.<\/p>\n<p>La <strong>r\u00e9vision de textes traduits<\/strong> n&rsquo;implique pas seulement la correction des erreurs linguistiques, mais aussi la v\u00e9rification de la qualit\u00e9 de la traduction. Il est donc n\u00e9cessaire de prendre en compte plusieurs facteurs, comme la fid\u00e9lit\u00e9 du message original, l&rsquo;adaptation au public cible et l&rsquo;adaptation culturelle.<\/p>\n<p>En d&rsquo;autres termes, il est important que la traduction ne soit pas seulement juste d&rsquo;un point de vue linguistique, mais aussi qu&rsquo;elle s&rsquo;ajuste \u00e0 l&rsquo;objectif communicatif et au contexte culturelle dans lequel il s&rsquo;inscrit.<\/p>\n<p>La <strong>r\u00e9vision de textes<\/strong> est une t\u00e2che complexe qui n\u00e9cessite du temps et de l&rsquo;investissement. De plus, c&rsquo;est une t\u00e2che essentielle pour garantir la qualit\u00e9 de la traduction et la satisfaction du client. Une traduction relue correctement inspire la confiance et de la cr\u00e9dibilit\u00e9, et peut faire la diff\u00e9rence dans un environnement toujours plus comp\u00e9titif.<\/p>\n<p>En conclusion, la r\u00e9vision de textes traduits est une t\u00e2che fondamentale qui doit \u00eatre r\u00e9aliser dans l&rsquo;optique de garantir la qualit\u00e9 et la fid\u00e9lit\u00e9 du message original. Chez <a href=\"https:\/\/translinguoglobal.com\/fr\/\"> Translinguo<\/a>, nous nous engageons toujours plus avec ce processus, d\u00e9diant le temps n\u00e9cessaire pour arriver \u00e0 un produit d&rsquo;excellence.<\/p>\n<p>&nbsp;<\/p>\n<h6><\/h6>\n","protected":false},"excerpt":{"rendered":"<p>SERVICE DE R\u00c9VISION DE TEXTES &#8211; TRADUCTIONS DANS TOUTES LES LANGUES. Nous r\u00e9visons et corrigeons vos traductions ou textes professionnels pour garantir leur qualit\u00e9. Demandez-nous un devis, nous r\u00e9pondons en moins de 24h. R\u00e9vision des traductions La r\u00e9vision de textes traduits est une t\u00e2che fondamentale qui garantie la qualit\u00e9 de la traduction et la fid\u00e9lit\u00e9 [&hellip;]<\/p>\n","protected":false},"author":3,"featured_media":39562,"parent":0,"menu_order":0,"comment_status":"closed","ping_status":"closed","template":"","meta":{"_crdt_document":"","inline_featured_image":false,"site-sidebar-layout":"default","site-content-layout":"default","ast-site-content-layout":"default","site-content-style":"default","site-sidebar-style":"default","ast-global-header-display":"","ast-banner-title-visibility":"","ast-main-header-display":"","ast-hfb-above-header-display":"","ast-hfb-below-header-display":"","ast-hfb-mobile-header-display":"","site-post-title":"","ast-breadcrumbs-content":"","ast-featured-img":"","footer-sml-layout":"","ast-disable-related-posts":"","theme-transparent-header-meta":"default","adv-header-id-meta":"","stick-header-meta":"","header-above-stick-meta":"","header-main-stick-meta":"","header-below-stick-meta":"","astra-migrate-meta-layouts":"default","ast-page-background-enabled":"default","ast-page-background-meta":{"desktop":{"background-color":"var(--ast-global-color-4)","background-image":"","background-repeat":"repeat","background-position":"center center","background-size":"auto","background-attachment":"scroll","background-type":"","background-media":"","overlay-type":"","overlay-color":"","overlay-opacity":"","overlay-gradient":""},"tablet":{"background-color":"","background-image":"","background-repeat":"repeat","background-position":"center center","background-size":"auto","background-attachment":"scroll","background-type":"","background-media":"","overlay-type":"","overlay-color":"","overlay-opacity":"","overlay-gradient":""},"mobile":{"background-color":"","background-image":"","background-repeat":"repeat","background-position":"center center","background-size":"auto","background-attachment":"scroll","background-type":"","background-media":"","overlay-type":"","overlay-color":"","overlay-opacity":"","overlay-gradient":""}},"ast-content-background-meta":{"desktop":{"background-color":"var(--ast-global-color-5)","background-image":"","background-repeat":"repeat","background-position":"center center","background-size":"auto","background-attachment":"scroll","background-type":"","background-media":"","overlay-type":"","overlay-color":"","overlay-opacity":"","overlay-gradient":""},"tablet":{"background-color":"var(--ast-global-color-5)","background-image":"","background-repeat":"repeat","background-position":"center center","background-size":"auto","background-attachment":"scroll","background-type":"","background-media":"","overlay-type":"","overlay-color":"","overlay-opacity":"","overlay-gradient":""},"mobile":{"background-color":"var(--ast-global-color-5)","background-image":"","background-repeat":"repeat","background-position":"center center","background-size":"auto","background-attachment":"scroll","background-type":"","background-media":"","overlay-type":"","overlay-color":"","overlay-opacity":"","overlay-gradient":""}},"footnotes":""},"class_list":["post-96911","page","type-page","status-publish","has-post-thumbnail","hentry"],"_links":{"self":[{"href":"https:\/\/translinguoglobal.com\/fr\/wp-json\/wp\/v2\/pages\/96911","targetHints":{"allow":["GET"]}}],"collection":[{"href":"https:\/\/translinguoglobal.com\/fr\/wp-json\/wp\/v2\/pages"}],"about":[{"href":"https:\/\/translinguoglobal.com\/fr\/wp-json\/wp\/v2\/types\/page"}],"author":[{"embeddable":true,"href":"https:\/\/translinguoglobal.com\/fr\/wp-json\/wp\/v2\/users\/3"}],"replies":[{"embeddable":true,"href":"https:\/\/translinguoglobal.com\/fr\/wp-json\/wp\/v2\/comments?post=96911"}],"version-history":[{"count":0,"href":"https:\/\/translinguoglobal.com\/fr\/wp-json\/wp\/v2\/pages\/96911\/revisions"}],"wp:featuredmedia":[{"embeddable":true,"href":"https:\/\/translinguoglobal.com\/fr\/wp-json\/wp\/v2\/media\/39562"}],"wp:attachment":[{"href":"https:\/\/translinguoglobal.com\/fr\/wp-json\/wp\/v2\/media?parent=96911"}],"curies":[{"name":"wp","href":"https:\/\/api.w.org\/{rel}","templated":true}]}}