{"id":94377,"date":"2025-06-23T11:25:20","date_gmt":"2025-06-23T09:25:20","guid":{"rendered":"https:\/\/translinguoglobal.com\/service-de-traduction-financiere\/"},"modified":"2025-06-23T11:25:20","modified_gmt":"2025-06-23T09:25:20","slug":"service-de-traduction-financiere","status":"publish","type":"page","link":"https:\/\/translinguoglobal.com\/fr\/service-de-traduction-financiere\/","title":{"rendered":"Service de traduction financi\u00e8re"},"content":{"rendered":"<h2 style=\"text-align: center;\"><b>Conversion financi\u00e8re  <\/b><\/h2>\n<p><span style=\"font-weight: 400;\">La traduction couvre de nombreux domaines, il est donc tr\u00e8s fr\u00e9quent que les traducteurs se sp\u00e9cialisent dans un domaine particulier. Mais pourquoi se sp\u00e9cialiser ? Acqu\u00e9rir des connaissances sp\u00e9cifiques dans un domaine donn\u00e9 et assurer un travail de qualit\u00e9.<\/span><\/p>\n<p><span style=\"font-weight: 400;\">Les traducteurs sp\u00e9cialis\u00e9s dans<\/span> <b>la traduction financi\u00e8re<\/b><span style=\"font-weight: 400;\"> connaissent les diff\u00e9rentes relations entre des termes complexes. En outre, ils ont une connaissance approfondie de la terminologie financi\u00e8re et \u00e9conomique n\u00e9cessaire \u00e0 la traduction. <\/span><\/p>\n<p><span style=\"font-weight: 400;\">Nous souhaitons vous pr\u00e9senter les diff\u00e9rents types de <\/span> <b>traductions financi\u00e8res<\/b> <span style=\"font-weight: 400;\">et les raisons pour lesquelles il convient d&rsquo;investir dans celles-ci.<\/span><\/p>\n<h2 style=\"text-align: center;\"><b>Qu&rsquo;est-ce qu&rsquo;une traduction financi\u00e8re ?<\/b><\/h2>\n<p><span style=\"font-weight: 400;\">La <\/span><b><a href=\"https:\/\/fr.wikipedia.org\/wiki\/Traduction\" target=\"_blank\" rel=\"noopener\">traduction<\/a> financi\u00e8re<\/b><span style=\"font-weight: 400;\"> est une sp\u00e9cialit\u00e9 de la traduction technique. Elle est tr\u00e8s complexe en raison du lexique utilis\u00e9, en particulier dans le domaine de la finance et de l&rsquo;\u00e9conomie.  <\/span><\/p>\n<p><span style=\"font-weight: 400;\">Elle est donc charg\u00e9e de la <\/span><b>traduction des textes financiers.<\/b><span style=\"font-weight: 400;\">. Et vous vous demandez peut- \u00eatre : qu&rsquo;est-ce qu&rsquo;un texte financier ?<\/span><\/p>\n<p><span style=\"font-weight: 400;\">Les textes financiers sont tous ceux qui d\u00e9coulent de l&rsquo;activit\u00e9 financi\u00e8re. Les plus repr\u00e9sentatifs sont \u00e9num\u00e9r\u00e9s ci-dessous. <\/span><\/p>\n<ul>\n<li style=\"font-weight: 400;\" aria-level=\"1\"><span style=\"font-weight: 400;\">Comptes annuels ou rapports trimestriels des entreprises.<\/span><\/li>\n<li style=\"font-weight: 400;\" aria-level=\"1\"><span style=\"font-weight: 400;\">Rapports d&rsquo;audit.<\/span><\/li>\n<li style=\"font-weight: 400;\" aria-level=\"1\"><span style=\"font-weight: 400;\">Documents relatifs aux fonds d&rsquo;investissement.<\/span><\/li>\n<li style=\"font-weight: 400;\" aria-level=\"1\"><span style=\"font-weight: 400;\">Documents relatifs aux transactions financi\u00e8res.<\/span><\/li>\n<li style=\"font-weight: 400;\" aria-level=\"1\"><span style=\"font-weight: 400;\">Relev\u00e9s bancaires.<\/span><\/li>\n<li style=\"font-weight: 400;\" aria-level=\"1\"><span style=\"font-weight: 400;\">Contrats de d\u00e9p\u00f4t bancaire.<\/span><\/li>\n<li style=\"font-weight: 400;\" aria-level=\"1\"><span style=\"font-weight: 400;\">\u00c9tudes du march\u00e9 et concurrence.<\/span><span style=\"font-weight: 400;\"><br \/>\n<\/span><\/li>\n<\/ul>\n<h2 style=\"text-align: center;\">Types de traduction financi\u00e8re :<\/h2>\n<h3> <b> Traduction financi\u00e8re<\/b><strong>Simple<\/strong><\/h3>\n<p><span style=\"font-weight: 400;\">Il s&rsquo;agit de la conversion d&rsquo;une monnaie \u00e0 une autre sans tenir compte des facteurs de conversion ou du taux de change actuel.<\/span><\/p>\n<h3><b>Conversion financi\u00e8re<\/b><strong> Consolid\u00e9e<\/strong><\/h3>\n<p><span style=\"font-weight: 400;\">C&rsquo;est le cas lorsqu&rsquo;une entreprise poss\u00e8de des filiales ou des succursales dans diff\u00e9rents pays et qu&rsquo;elle doit consolider les \u00e9tats financiers de toutes ces filiales ou succursales dans la monnaie de pr\u00e9sentation de la soci\u00e9t\u00e9 m\u00e8re.<\/span><\/p>\n<h3><b>Conversion financi\u00e8re<\/b><strong>Taux de conversion<\/strong><\/h3>\n<p><span style=\"font-weight: 400;\">Il s\u2019agit d\u2019un processus de conversion des \u00e9tats financiers d\u2019une devise \u00e0 une autre en utilisant un taux de change actuel. Ce type de traduction est utile pour \u00e9tablir des \u00e9tats financiers et pr\u00e9senter ces derniers dans diff\u00e9rentes devises. <\/span><\/p>\n<h3><b>Traduction financi\u00e8re <\/b><strong>Transferts de fonds<\/strong><\/h3>\n<p><span style=\"font-weight: 400;\">Elle est utilis\u00e9e lorsqu\u2019une entreprise \u00e9met ou re\u00e7oit des paiements dans des devises diff\u00e9rentes et qu\u2019il est n\u00e9cessaire de faire une conversion afin de comptabiliser la valeur dans la monnaie locale.<\/span><\/p>\n<h3><b>Conversion financi\u00e8re <\/b><strong>Couverture<\/strong><\/h3>\n<p><span style=\"font-weight: 400;\">Elle est utilis\u00e9e pour contr\u00f4ler les risques de change en couvrant les expositions aux diff\u00e9rentes devises. La traduction financi\u00e8re de couverture implique d\u2019utiliser des outils financiers pour se prot\u00e9ger des variations de taux de change. <\/span><\/p>\n<h3><b>Conversion financi\u00e8re <\/b><strong>Ajustement de l&rsquo;inflation<\/strong><\/h3>\n<p><span style=\"font-weight: 400;\">Elle est r\u00e9alis\u00e9e pour ajuster les \u00e9tats financiers en fonction de l\u2019inflation. Ce type de traduction est utile pour pr\u00e9senter des \u00e9tats financiers en devise constante et pour refl\u00e9ter de fa\u00e7on pr\u00e9cise le pouvoir d\u2019achat des ressources de l\u2019entreprise. <\/span><\/p>\n<p>Chez <a href=\"https:\/\/translinguoglobal.com\/fr\/\">Translinguo Global<\/a>, nous disposons de<strong> traducteurs sp\u00e9cialis\u00e9s<\/strong> dans la <strong>traduction financi\u00e8re<\/strong>, pr\u00eats \u00e0 vous aider dans la <strong>traduction de textes<\/strong> et de documents <strong>financiers<\/strong>.<\/p>\n","protected":false},"excerpt":{"rendered":"<p>Conversion financi\u00e8re La traduction couvre de nombreux domaines, il est donc tr\u00e8s fr\u00e9quent que les traducteurs se sp\u00e9cialisent dans un domaine particulier. Mais pourquoi se sp\u00e9cialiser ? Acqu\u00e9rir des connaissances sp\u00e9cifiques dans un domaine donn\u00e9 et assurer un travail de qualit\u00e9. Les traducteurs sp\u00e9cialis\u00e9s dans la traduction financi\u00e8re connaissent les diff\u00e9rentes relations entre des termes [&hellip;]<\/p>\n","protected":false},"author":3,"featured_media":43275,"parent":0,"menu_order":0,"comment_status":"closed","ping_status":"closed","template":"","meta":{"_crdt_document":"","inline_featured_image":false,"site-sidebar-layout":"default","site-content-layout":"default","ast-site-content-layout":"default","site-content-style":"default","site-sidebar-style":"default","ast-global-header-display":"","ast-banner-title-visibility":"","ast-main-header-display":"","ast-hfb-above-header-display":"","ast-hfb-below-header-display":"","ast-hfb-mobile-header-display":"","site-post-title":"","ast-breadcrumbs-content":"","ast-featured-img":"","footer-sml-layout":"","ast-disable-related-posts":"","theme-transparent-header-meta":"default","adv-header-id-meta":"","stick-header-meta":"","header-above-stick-meta":"","header-main-stick-meta":"","header-below-stick-meta":"","astra-migrate-meta-layouts":"default","ast-page-background-enabled":"default","ast-page-background-meta":{"desktop":{"background-color":"var(--ast-global-color-4)","background-image":"","background-repeat":"repeat","background-position":"center center","background-size":"auto","background-attachment":"scroll","background-type":"","background-media":"","overlay-type":"","overlay-color":"","overlay-opacity":"","overlay-gradient":""},"tablet":{"background-color":"","background-image":"","background-repeat":"repeat","background-position":"center center","background-size":"auto","background-attachment":"scroll","background-type":"","background-media":"","overlay-type":"","overlay-color":"","overlay-opacity":"","overlay-gradient":""},"mobile":{"background-color":"","background-image":"","background-repeat":"repeat","background-position":"center center","background-size":"auto","background-attachment":"scroll","background-type":"","background-media":"","overlay-type":"","overlay-color":"","overlay-opacity":"","overlay-gradient":""}},"ast-content-background-meta":{"desktop":{"background-color":"var(--ast-global-color-5)","background-image":"","background-repeat":"repeat","background-position":"center center","background-size":"auto","background-attachment":"scroll","background-type":"","background-media":"","overlay-type":"","overlay-color":"","overlay-opacity":"","overlay-gradient":""},"tablet":{"background-color":"var(--ast-global-color-5)","background-image":"","background-repeat":"repeat","background-position":"center center","background-size":"auto","background-attachment":"scroll","background-type":"","background-media":"","overlay-type":"","overlay-color":"","overlay-opacity":"","overlay-gradient":""},"mobile":{"background-color":"var(--ast-global-color-5)","background-image":"","background-repeat":"repeat","background-position":"center center","background-size":"auto","background-attachment":"scroll","background-type":"","background-media":"","overlay-type":"","overlay-color":"","overlay-opacity":"","overlay-gradient":""}},"footnotes":""},"class_list":["post-94377","page","type-page","status-publish","has-post-thumbnail","hentry"],"_links":{"self":[{"href":"https:\/\/translinguoglobal.com\/fr\/wp-json\/wp\/v2\/pages\/94377","targetHints":{"allow":["GET"]}}],"collection":[{"href":"https:\/\/translinguoglobal.com\/fr\/wp-json\/wp\/v2\/pages"}],"about":[{"href":"https:\/\/translinguoglobal.com\/fr\/wp-json\/wp\/v2\/types\/page"}],"author":[{"embeddable":true,"href":"https:\/\/translinguoglobal.com\/fr\/wp-json\/wp\/v2\/users\/3"}],"replies":[{"embeddable":true,"href":"https:\/\/translinguoglobal.com\/fr\/wp-json\/wp\/v2\/comments?post=94377"}],"version-history":[{"count":0,"href":"https:\/\/translinguoglobal.com\/fr\/wp-json\/wp\/v2\/pages\/94377\/revisions"}],"wp:featuredmedia":[{"embeddable":true,"href":"https:\/\/translinguoglobal.com\/fr\/wp-json\/wp\/v2\/media\/43275"}],"wp:attachment":[{"href":"https:\/\/translinguoglobal.com\/fr\/wp-json\/wp\/v2\/media?parent=94377"}],"curies":[{"name":"wp","href":"https:\/\/api.w.org\/{rel}","templated":true}]}}