{"id":88815,"date":"2025-04-30T12:19:19","date_gmt":"2025-04-30T10:19:19","guid":{"rendered":"https:\/\/translinguoglobal.com\/hotesse-transfer\/"},"modified":"2025-04-30T12:19:19","modified_gmt":"2025-04-30T10:19:19","slug":"hotesse-transfer","status":"publish","type":"page","link":"https:\/\/translinguoglobal.com\/fr\/hotesse-transfer\/","title":{"rendered":"H\u00f4tesse transfer"},"content":{"rendered":"<h2>Qu&rsquo;est-ce qu&rsquo;une h\u00f4tesse transfer<\/h2>\n<p>Les h\u00f4tesses transfer ou de transfert sont des professionnels qui <strong>se d\u00e9dient \u00e0 accompagner et \u00e0 orienter <\/strong>vos clients durant leurs d\u00e9placements dans une nouvelle ville, que cela soit d\u00e8s l&rsquo;a\u00e9roport, dans le trajet entre leur h\u00f4tel, un congr\u00e8s, un restaurant etc.<\/p>\n<h2>Que fait une h\u00f4tesse transfer ?<\/h2>\n<p>Chez <a href=\"https:\/\/translinguoglobal.com\/azafatas-con-idiomas\/\">Translinguo Azafata,<\/a> nos professionnels proposent un excellent service, gr\u00e2ce \u00e0 leur <strong>ponctualit\u00e9<\/strong>, leur <strong>amabilit\u00e9 <\/strong>et leur <strong>professionnalisme<\/strong>, ils re\u00e7oivent vos clients dans un lieu convenu et ils les accompagnent durant leur d\u00e9placement, afin de s&rsquo;assurer que leur exp\u00e9rience soit la plus pratique possible.<\/p>\n<p>De plus, ils parlent plusieurs <a href=\"https:\/\/es.wikipedia.org\/wiki\/Idioma\" target=\"_blank\" rel=\"noopener\"><strong>langues<\/strong><\/a>, ils peuvent donc venir en aide autant \u00e0 des clients nationaux qu&rsquo;internationaux, en garantissant qu&rsquo;ils se sentent accueillis et accompagn\u00e9s \u00e0 tous moments.<\/p>\n<p>Leur pr\u00e9sence apporte de la tranquillit\u00e9 et du confort aux assistants pendants leur d\u00e9placement dans la ville.<\/p>\n<h2>Dans quels \u00e9v\u00e9nements travaillent les h\u00f4tesses transfer ?<\/h2>\n<ul>\n<li>Expositions<\/li>\n<li>Expositions et congr\u00e8s<\/li>\n<li>Conf\u00e9rences<\/li>\n<li>Conf\u00e9rence de presse<\/li>\n<li>Inaugurations<\/li>\n<li>Remises de prix<\/li>\n<li>Actes institutionels<\/li>\n<\/ul>\n","protected":false},"excerpt":{"rendered":"<p>Qu&rsquo;est-ce qu&rsquo;une h\u00f4tesse transfer Les h\u00f4tesses transfer ou de transfert sont des professionnels qui se d\u00e9dient \u00e0 accompagner et \u00e0 orienter vos clients durant leurs d\u00e9placements dans une nouvelle ville, que cela soit d\u00e8s l&rsquo;a\u00e9roport, dans le trajet entre leur h\u00f4tel, un congr\u00e8s, un restaurant etc. Que fait une h\u00f4tesse transfer ? Chez Translinguo Azafata, [&hellip;]<\/p>\n","protected":false},"author":16,"featured_media":65606,"parent":0,"menu_order":0,"comment_status":"closed","ping_status":"closed","template":"","meta":{"_crdt_document":"","inline_featured_image":false,"site-sidebar-layout":"default","site-content-layout":"","ast-site-content-layout":"default","site-content-style":"default","site-sidebar-style":"default","ast-global-header-display":"","ast-banner-title-visibility":"","ast-main-header-display":"","ast-hfb-above-header-display":"","ast-hfb-below-header-display":"","ast-hfb-mobile-header-display":"","site-post-title":"","ast-breadcrumbs-content":"","ast-featured-img":"","footer-sml-layout":"","ast-disable-related-posts":"","theme-transparent-header-meta":"default","adv-header-id-meta":"","stick-header-meta":"","header-above-stick-meta":"","header-main-stick-meta":"","header-below-stick-meta":"","astra-migrate-meta-layouts":"default","ast-page-background-enabled":"default","ast-page-background-meta":{"desktop":{"background-color":"var(--ast-global-color-4)","background-image":"","background-repeat":"repeat","background-position":"center center","background-size":"auto","background-attachment":"scroll","background-type":"","background-media":"","overlay-type":"","overlay-color":"","overlay-opacity":"","overlay-gradient":""},"tablet":{"background-color":"","background-image":"","background-repeat":"repeat","background-position":"center center","background-size":"auto","background-attachment":"scroll","background-type":"","background-media":"","overlay-type":"","overlay-color":"","overlay-opacity":"","overlay-gradient":""},"mobile":{"background-color":"","background-image":"","background-repeat":"repeat","background-position":"center center","background-size":"auto","background-attachment":"scroll","background-type":"","background-media":"","overlay-type":"","overlay-color":"","overlay-opacity":"","overlay-gradient":""}},"ast-content-background-meta":{"desktop":{"background-color":"var(--ast-global-color-5)","background-image":"","background-repeat":"repeat","background-position":"center center","background-size":"auto","background-attachment":"scroll","background-type":"","background-media":"","overlay-type":"","overlay-color":"","overlay-opacity":"","overlay-gradient":""},"tablet":{"background-color":"var(--ast-global-color-5)","background-image":"","background-repeat":"repeat","background-position":"center center","background-size":"auto","background-attachment":"scroll","background-type":"","background-media":"","overlay-type":"","overlay-color":"","overlay-opacity":"","overlay-gradient":""},"mobile":{"background-color":"var(--ast-global-color-5)","background-image":"","background-repeat":"repeat","background-position":"center center","background-size":"auto","background-attachment":"scroll","background-type":"","background-media":"","overlay-type":"","overlay-color":"","overlay-opacity":"","overlay-gradient":""}},"footnotes":""},"class_list":["post-88815","page","type-page","status-publish","has-post-thumbnail","hentry"],"_links":{"self":[{"href":"https:\/\/translinguoglobal.com\/fr\/wp-json\/wp\/v2\/pages\/88815","targetHints":{"allow":["GET"]}}],"collection":[{"href":"https:\/\/translinguoglobal.com\/fr\/wp-json\/wp\/v2\/pages"}],"about":[{"href":"https:\/\/translinguoglobal.com\/fr\/wp-json\/wp\/v2\/types\/page"}],"author":[{"embeddable":true,"href":"https:\/\/translinguoglobal.com\/fr\/wp-json\/wp\/v2\/users\/16"}],"replies":[{"embeddable":true,"href":"https:\/\/translinguoglobal.com\/fr\/wp-json\/wp\/v2\/comments?post=88815"}],"version-history":[{"count":0,"href":"https:\/\/translinguoglobal.com\/fr\/wp-json\/wp\/v2\/pages\/88815\/revisions"}],"wp:featuredmedia":[{"embeddable":true,"href":"https:\/\/translinguoglobal.com\/fr\/wp-json\/wp\/v2\/media\/65606"}],"wp:attachment":[{"href":"https:\/\/translinguoglobal.com\/fr\/wp-json\/wp\/v2\/media?parent=88815"}],"curies":[{"name":"wp","href":"https:\/\/api.w.org\/{rel}","templated":true}]}}