{"id":88814,"date":"2025-04-30T12:02:27","date_gmt":"2025-04-30T10:02:27","guid":{"rendered":"https:\/\/translinguoglobal.com\/hotesse-promotrice\/"},"modified":"2025-04-30T12:02:27","modified_gmt":"2025-04-30T10:02:27","slug":"hotesse-promotrice","status":"publish","type":"page","link":"https:\/\/translinguoglobal.com\/fr\/hotesse-promotrice\/","title":{"rendered":"H\u00f4tesse promotrice"},"content":{"rendered":"<h2>Qu&rsquo;est-ce qu&rsquo;une h\u00f4tesse promotrice<\/h2>\n<p>Les h\u00f4tesses promotrices sont des professionnelles ayant un profil <strong>commercial <\/strong>sp\u00e9cialis\u00e9 dans la <strong>promotion de vos produits<\/strong> et dans la <strong>communication de l&rsquo;image<\/strong> de votre marque avec comme objectif la hausse de vos ventes.<\/p>\n<p>Dans son profil, il est fondamental d&rsquo;avoir une <strong>bonne <\/strong><strong>aptitude<\/strong>, un <strong>bon <\/strong><strong>sens <\/strong><strong>relationnel<\/strong>, de <strong>bonnes qualit\u00e9s <\/strong>de <strong>communication <\/strong>et des <strong>capacit\u00e9s <\/strong><strong>commerciales<\/strong>.<\/p>\n<h2>Que fait une h\u00f4tesse promotrice ?<\/h2>\n<p>Nos professionnels chez <a href=\"https:\/\/translinguoglobal.com\/azafatas-con-idiomas\/\">Translinguo Azafatas <\/a>travaillent principalement dans les <a href=\"https:\/\/es.wikipedia.org\/wiki\/Establecimiento_comercial\" target=\"_blank\" rel=\"noopener\"><strong>espaces commerciaux,<\/strong><\/a> o\u00f9 nous offrons et pr\u00e9sentons vos produits \u00e0 de potentiels clients. Leurs t\u00e2ches \u00e0 r\u00e9aliser incluent le don d&rsquo;\u00e9chantillons, la r\u00e9alisation de d\u00e9monstrations, le soutien au personnel de vente et, si besoin, la cr\u00e9ation de rapports. <\/p>\n<p>Leur pr\u00e9sence <strong>g\u00e9n\u00e8re un impact positif sur les potentiels clients, <\/strong>ce qui se traduit par une augmentation des ventes.<\/p>\n<h2>Dans quels \u00e9v\u00e9nements travaillent les h\u00f4tesses promotrices ?<\/h2>\n<ul>\n<li>\u00c9v\u00e9nements en points de ventes de supermarch\u00e9s, grandes surfaces<\/li>\n<li>Exposition et conventions<\/li>\n<li>Lancement de produits<\/li>\n<\/ul>\n","protected":false},"excerpt":{"rendered":"<p>Qu&rsquo;est-ce qu&rsquo;une h\u00f4tesse promotrice Les h\u00f4tesses promotrices sont des professionnelles ayant un profil commercial sp\u00e9cialis\u00e9 dans la promotion de vos produits et dans la communication de l&rsquo;image de votre marque avec comme objectif la hausse de vos ventes. Dans son profil, il est fondamental d&rsquo;avoir une bonne aptitude, un bon sens relationnel, de bonnes qualit\u00e9s [&hellip;]<\/p>\n","protected":false},"author":16,"featured_media":65596,"parent":0,"menu_order":0,"comment_status":"closed","ping_status":"closed","template":"","meta":{"_crdt_document":"","inline_featured_image":false,"site-sidebar-layout":"default","site-content-layout":"","ast-site-content-layout":"default","site-content-style":"default","site-sidebar-style":"default","ast-global-header-display":"","ast-banner-title-visibility":"","ast-main-header-display":"","ast-hfb-above-header-display":"","ast-hfb-below-header-display":"","ast-hfb-mobile-header-display":"","site-post-title":"","ast-breadcrumbs-content":"","ast-featured-img":"","footer-sml-layout":"","ast-disable-related-posts":"","theme-transparent-header-meta":"default","adv-header-id-meta":"","stick-header-meta":"","header-above-stick-meta":"","header-main-stick-meta":"","header-below-stick-meta":"","astra-migrate-meta-layouts":"default","ast-page-background-enabled":"default","ast-page-background-meta":{"desktop":{"background-color":"var(--ast-global-color-4)","background-image":"","background-repeat":"repeat","background-position":"center center","background-size":"auto","background-attachment":"scroll","background-type":"","background-media":"","overlay-type":"","overlay-color":"","overlay-opacity":"","overlay-gradient":""},"tablet":{"background-color":"","background-image":"","background-repeat":"repeat","background-position":"center center","background-size":"auto","background-attachment":"scroll","background-type":"","background-media":"","overlay-type":"","overlay-color":"","overlay-opacity":"","overlay-gradient":""},"mobile":{"background-color":"","background-image":"","background-repeat":"repeat","background-position":"center center","background-size":"auto","background-attachment":"scroll","background-type":"","background-media":"","overlay-type":"","overlay-color":"","overlay-opacity":"","overlay-gradient":""}},"ast-content-background-meta":{"desktop":{"background-color":"var(--ast-global-color-5)","background-image":"","background-repeat":"repeat","background-position":"center center","background-size":"auto","background-attachment":"scroll","background-type":"","background-media":"","overlay-type":"","overlay-color":"","overlay-opacity":"","overlay-gradient":""},"tablet":{"background-color":"var(--ast-global-color-5)","background-image":"","background-repeat":"repeat","background-position":"center center","background-size":"auto","background-attachment":"scroll","background-type":"","background-media":"","overlay-type":"","overlay-color":"","overlay-opacity":"","overlay-gradient":""},"mobile":{"background-color":"var(--ast-global-color-5)","background-image":"","background-repeat":"repeat","background-position":"center center","background-size":"auto","background-attachment":"scroll","background-type":"","background-media":"","overlay-type":"","overlay-color":"","overlay-opacity":"","overlay-gradient":""}},"footnotes":""},"class_list":["post-88814","page","type-page","status-publish","has-post-thumbnail","hentry"],"_links":{"self":[{"href":"https:\/\/translinguoglobal.com\/fr\/wp-json\/wp\/v2\/pages\/88814","targetHints":{"allow":["GET"]}}],"collection":[{"href":"https:\/\/translinguoglobal.com\/fr\/wp-json\/wp\/v2\/pages"}],"about":[{"href":"https:\/\/translinguoglobal.com\/fr\/wp-json\/wp\/v2\/types\/page"}],"author":[{"embeddable":true,"href":"https:\/\/translinguoglobal.com\/fr\/wp-json\/wp\/v2\/users\/16"}],"replies":[{"embeddable":true,"href":"https:\/\/translinguoglobal.com\/fr\/wp-json\/wp\/v2\/comments?post=88814"}],"version-history":[{"count":0,"href":"https:\/\/translinguoglobal.com\/fr\/wp-json\/wp\/v2\/pages\/88814\/revisions"}],"wp:featuredmedia":[{"embeddable":true,"href":"https:\/\/translinguoglobal.com\/fr\/wp-json\/wp\/v2\/media\/65596"}],"wp:attachment":[{"href":"https:\/\/translinguoglobal.com\/fr\/wp-json\/wp\/v2\/media?parent=88814"}],"curies":[{"name":"wp","href":"https:\/\/api.w.org\/{rel}","templated":true}]}}