{"id":88813,"date":"2025-04-30T11:46:02","date_gmt":"2025-04-30T09:46:02","guid":{"rendered":"https:\/\/translinguoglobal.com\/animateur\/"},"modified":"2025-04-30T11:46:02","modified_gmt":"2025-04-30T09:46:02","slug":"animateur","status":"publish","type":"page","link":"https:\/\/translinguoglobal.com\/fr\/animateur\/","title":{"rendered":"Animateur"},"content":{"rendered":"<h2>Qu&rsquo;est-ce qu&rsquo;un animateur ?<\/h2>\n<p>Il s&rsquo;agit d&rsquo;une <a href=\"https:\/\/es.wikipedia.org\/wiki\/Animador_(hosteler%C3%ADa)\" target=\"_blank\" rel=\"noopener\">personne <\/a>avec un profil extr\u00eamement extraverti, qui peut autant \u00eatre h\u00f4te que promoteur. Il se caract\u00e9rise par sa capacit\u00e9 \u00e0 attirer l&rsquo;attention du public cible, que cela soit par des d\u00e9guisements ou des tenues sp\u00e9cifiques. <\/p>\n<h2>Que doit-il faire ?<\/h2>\n<p>Sa fonction principale est d&rsquo;attirer l&rsquo;attention du public cible et d&rsquo;int\u00e9resser de potentiels clients.<\/p>\n<h2>Vous voulez en embaucher un pour votre prochain \u00e9v\u00e9nement ?<\/h2>\n<p><a href=\"mailto:info@translinguoglobal.com\">Contactez-nous <\/a>d\u00e8s maintenant ! Nous sommes l\u00e0 pour vous aider \u00e0 faire en sorte que vos \u00e9v\u00e9nements soient inoubliables.<\/p>\n","protected":false},"excerpt":{"rendered":"<p>Qu&rsquo;est-ce qu&rsquo;un animateur ? Il s&rsquo;agit d&rsquo;une personne avec un profil extr\u00eamement extraverti, qui peut autant \u00eatre h\u00f4te que promoteur. Il se caract\u00e9rise par sa capacit\u00e9 \u00e0 attirer l&rsquo;attention du public cible, que cela soit par des d\u00e9guisements ou des tenues sp\u00e9cifiques. Que doit-il faire ? Sa fonction principale est d&rsquo;attirer l&rsquo;attention du public cible [&hellip;]<\/p>\n","protected":false},"author":16,"featured_media":65586,"parent":0,"menu_order":0,"comment_status":"closed","ping_status":"closed","template":"","meta":{"_crdt_document":"","inline_featured_image":false,"site-sidebar-layout":"default","site-content-layout":"","ast-site-content-layout":"default","site-content-style":"default","site-sidebar-style":"default","ast-global-header-display":"","ast-banner-title-visibility":"","ast-main-header-display":"","ast-hfb-above-header-display":"","ast-hfb-below-header-display":"","ast-hfb-mobile-header-display":"","site-post-title":"","ast-breadcrumbs-content":"","ast-featured-img":"","footer-sml-layout":"","ast-disable-related-posts":"","theme-transparent-header-meta":"default","adv-header-id-meta":"","stick-header-meta":"","header-above-stick-meta":"","header-main-stick-meta":"","header-below-stick-meta":"","astra-migrate-meta-layouts":"default","ast-page-background-enabled":"default","ast-page-background-meta":{"desktop":{"background-color":"var(--ast-global-color-4)","background-image":"","background-repeat":"repeat","background-position":"center center","background-size":"auto","background-attachment":"scroll","background-type":"","background-media":"","overlay-type":"","overlay-color":"","overlay-opacity":"","overlay-gradient":""},"tablet":{"background-color":"","background-image":"","background-repeat":"repeat","background-position":"center center","background-size":"auto","background-attachment":"scroll","background-type":"","background-media":"","overlay-type":"","overlay-color":"","overlay-opacity":"","overlay-gradient":""},"mobile":{"background-color":"","background-image":"","background-repeat":"repeat","background-position":"center center","background-size":"auto","background-attachment":"scroll","background-type":"","background-media":"","overlay-type":"","overlay-color":"","overlay-opacity":"","overlay-gradient":""}},"ast-content-background-meta":{"desktop":{"background-color":"var(--ast-global-color-5)","background-image":"","background-repeat":"repeat","background-position":"center center","background-size":"auto","background-attachment":"scroll","background-type":"","background-media":"","overlay-type":"","overlay-color":"","overlay-opacity":"","overlay-gradient":""},"tablet":{"background-color":"var(--ast-global-color-5)","background-image":"","background-repeat":"repeat","background-position":"center center","background-size":"auto","background-attachment":"scroll","background-type":"","background-media":"","overlay-type":"","overlay-color":"","overlay-opacity":"","overlay-gradient":""},"mobile":{"background-color":"var(--ast-global-color-5)","background-image":"","background-repeat":"repeat","background-position":"center center","background-size":"auto","background-attachment":"scroll","background-type":"","background-media":"","overlay-type":"","overlay-color":"","overlay-opacity":"","overlay-gradient":""}},"footnotes":""},"class_list":["post-88813","page","type-page","status-publish","has-post-thumbnail","hentry"],"_links":{"self":[{"href":"https:\/\/translinguoglobal.com\/fr\/wp-json\/wp\/v2\/pages\/88813","targetHints":{"allow":["GET"]}}],"collection":[{"href":"https:\/\/translinguoglobal.com\/fr\/wp-json\/wp\/v2\/pages"}],"about":[{"href":"https:\/\/translinguoglobal.com\/fr\/wp-json\/wp\/v2\/types\/page"}],"author":[{"embeddable":true,"href":"https:\/\/translinguoglobal.com\/fr\/wp-json\/wp\/v2\/users\/16"}],"replies":[{"embeddable":true,"href":"https:\/\/translinguoglobal.com\/fr\/wp-json\/wp\/v2\/comments?post=88813"}],"version-history":[{"count":0,"href":"https:\/\/translinguoglobal.com\/fr\/wp-json\/wp\/v2\/pages\/88813\/revisions"}],"wp:featuredmedia":[{"embeddable":true,"href":"https:\/\/translinguoglobal.com\/fr\/wp-json\/wp\/v2\/media\/65586"}],"wp:attachment":[{"href":"https:\/\/translinguoglobal.com\/fr\/wp-json\/wp\/v2\/media?parent=88813"}],"curies":[{"name":"wp","href":"https:\/\/api.w.org\/{rel}","templated":true}]}}