{"id":88664,"date":"2025-04-25T11:58:17","date_gmt":"2025-04-25T09:58:17","guid":{"rendered":"https:\/\/translinguoglobal.com\/traduction-assermentee-en-espagnol\/"},"modified":"2025-04-29T11:49:48","modified_gmt":"2025-04-29T09:49:48","slug":"traduction-assermentee-en-espagnol","status":"publish","type":"page","link":"https:\/\/translinguoglobal.com\/fr\/traduction-assermentee-en-espagnol\/","title":{"rendered":"Traduction asserment\u00e9e en espagnol"},"content":{"rendered":"<p>Chez Translinguo Global, nous offrons des services de <a href=\"https:\/\/es.wikipedia.org\/wiki\/Traducci%C3%B3n_jur%C3%ADdica\" target=\"_blank\" rel=\"noopener\">traduction asserment\u00e9e<\/a> vers l&rsquo;espagnol, un outil essentiel pour garantir la pr\u00e9cision et la validit\u00e9 juridique de vos documents dans des contextes officiels. Nos traductions asserment\u00e9es sont r\u00e9alis\u00e9es par des traducteurs certifi\u00e9s, renomm\u00e9s pour leur concurrence \u00e9lev\u00e9e et leur accr\u00e9ditation par des organismes officiels. <\/p>\n<h2>Qu&rsquo;est-ce qu&rsquo;une traduction asserment\u00e9e ?<\/h2>\n<p>Une traduction asserment\u00e9e est une traduction asserment\u00e9e espagnole officielle qui porte la signature et le sceau du traducteur asserment\u00e9 reconnu par l&rsquo;autorit\u00e9 comp\u00e9tente. Ce type de traduction dispose d&rsquo;une validit\u00e9 juridique et est n\u00e9cessaire lors de d\u00e9marches officielles, comme la pr\u00e9sentation de documents devant les institutions gouvernementales, acad\u00e9miques et juridiques. Chez Translinguo Global, nous nous sp\u00e9cialisons dans l&rsquo;offre de traductions asserment\u00e9es qui r\u00e9pondent aux normes de qualit\u00e9 et d&rsquo;exactitude les plus \u00e9lev\u00e9es.  <\/p>\n<h2>Services que nous proposons :<\/h2>\n<p><strong>Traduction de documents personnels :<\/strong><\/p>\n<ul>\n<li>Acte de naissance, de marriage et avis de d\u00e9c\u00e8s.<\/li>\n<li>Passeports et documents d&rsquo;identit\u00e9.<\/li>\n<li>Dipl\u00f4mes acad\u00e9miques et relev\u00e9s de notes.<\/li>\n<li>Contrats et testaments<\/li>\n<\/ul>\n<p><strong>Traduction de documents d&rsquo;entreprises :<\/strong><\/p>\n<ul>\n<li>Statut d&rsquo;entreprise<\/li>\n<li>Bilans de r\u00e9union et accords<\/li>\n<li>Rapports financiers<\/li>\n<li>Brevets et documents l\u00e9gaux<\/li>\n<\/ul>\n<p><strong>Traductions de documents juridiques :<\/strong><\/p>\n<ul>\n<li>Sentences judiciaires<\/li>\n<li>Documents notari\u00e9s<\/li>\n<li>Pouvoirs et autorisations<\/li>\n<li>Plaintes et plaidoiries<\/li>\n<\/ul>\n<h2>Pourquoi choisir Translinguo Global ?<\/h2>\n<p><strong>Expertise et profesionnalisme :<\/strong><br \/>\nChez Translinguo Global, nous disposons d&rsquo;une \u00e9quipe de traducteurs asserment\u00e9s hautement qualifi\u00e9s, d\u00f4t\u00e9s d&rsquo;une grande exp\u00e9rience dans divers domaines du droits et des affaires. Nos traducteurs sont acr\u00e9dit\u00e9s par les institutions officielles et disposent de nombreuses connaissances de la terminologie juridique et technique. <\/p>\n<p><strong>Confidentialit\u00e9 et s\u00e9curit\u00e9 :<\/strong><\/p>\n<p>Nous comprenons la sensibilit\u00e9 des documents juridiques et d&rsquo;entreprises. Nous garantissons la plus haute confidentialit\u00e9 et s\u00e9curit\u00e9 lors de la prise en charge de vos informations personnelles. Tous nos processus respectent les normes de protection des donn\u00e9es les plus strictes.  <\/p>\n<p><strong>Livraison rapide et ponctuelle<\/strong><\/p>\n<p>Nous savons que le temps est crucial dans le domaine juridique et de l&rsquo;entreprise. C&rsquo;est pour cela que nous nous engageons \u00e0 offrir un service rapide et ponctuel, sans compromettre la qualit\u00e9 de nos traductions. Nous disposons d&rsquo;options de livraison d&rsquo;urgence pour satisfaire vos n\u00e9cessit\u00e9s les plus pressantes.  <\/p>\n<p><strong>Pr\u00e9sence mondiale :<\/strong><br \/>\nNos services sont offerts \u00e0 l&rsquo;\u00e9chelle mondiale, nous permettant d&rsquo;accueillir des clients de juridictions diff\u00e9rentes. Si vous avez besoin d&rsquo;une traduction asserment\u00e9e en Espagne, en Am\u00e9rique latine ou n&rsquo;importe quel endroit du globe, nous pouvons vous aider. <\/p>\n<h2><strong>Notre processus de traduction asserment\u00e9e en espagnol <\/strong><\/h2>\n<ol>\n<li><strong>Analyse du document:<\/strong><br \/>\n Nous recevons et analysons votre document pour en d\u00e9t\u00e9rminer les besoins sp\u00e9cifiques et le d\u00e9lais de livraison.<\/li>\n<li><strong>Choix du traducteur:<\/strong><br \/>\nNous s\u00e9l\u00e9ctionnons le traducteur asserment\u00e9 le plus ad\u00e9quat en fonction de la nature du document, et du domaine de sp\u00e9cialisation recquis.<\/li>\n<li><strong>Traduction et r\u00e9vision<\/strong><br \/>\nLe traducteur r\u00e9alise la traduction, et un deuxi\u00e8me traducteur vient ensuite r\u00e9viser le document pour s&rsquo;assurer de son exactitude et de sa coh\u00e9rence.<\/li>\n<li><strong>Certification:<\/strong><br \/>\nLe traducteur asserment\u00e9 signe et tamponne la traduction, lui donnant une validit\u00e9 juridique.<\/li>\n<li><strong>Livraison :<\/strong><br \/>\nNous vous envoyons la traduction asserment\u00e9e par le moyen qui vous convient le mieux, que ce soit en format digital ou papier, nous assurant qu&rsquo;elle arrive entre vos mains de mani\u00e8re s\u00e9curis\u00e9e et ponctuelle.<\/li>\n<\/ol>\n<h2>Contactez-nous<\/h2>\n<p>Pour obtenir plus d&rsquo;informations sur nos services de traduction asserment\u00e9e en espagnol, n&rsquo;h\u00e9sitez pas \u00e0 nous contacter. Notre \u00e9quipe de service clients est disponible pour vous aider \u00e0 chaque \u00e9tape du processus. <\/p>\n<p>Chez <a href=\"https:\/\/translinguoglobal.com\/fr\/budget\/\">Translinguo Global<\/a>, nous nous engageons \u00e0 offrir des traductions asserment\u00e9es en espagnol qui respectent les standards de qualit\u00e9 et de l\u00e9galit\u00e9 les plus \u00e9lev\u00e9s. Accordez-nous votre confiance et vivez dans la tranquilit\u00e9 de savoir que vos documents sont entre les mains d&rsquo;experts. <\/p>\n","protected":false},"excerpt":{"rendered":"<p>Chez Translinguo Global, nous offrons des services de traduction asserment\u00e9e vers l&rsquo;espagnol, un outil essentiel pour garantir la pr\u00e9cision et la validit\u00e9 juridique de vos documents dans des contextes officiels. Nos traductions asserment\u00e9es sont r\u00e9alis\u00e9es par des traducteurs certifi\u00e9s, renomm\u00e9s pour leur concurrence \u00e9lev\u00e9e et leur accr\u00e9ditation par des organismes officiels. Qu&rsquo;est-ce qu&rsquo;une traduction asserment\u00e9e [&hellip;]<\/p>\n","protected":false},"author":3,"featured_media":69777,"parent":0,"menu_order":0,"comment_status":"closed","ping_status":"closed","template":"","meta":{"_crdt_document":"","inline_featured_image":false,"site-sidebar-layout":"default","site-content-layout":"","ast-site-content-layout":"default","site-content-style":"default","site-sidebar-style":"default","ast-global-header-display":"","ast-banner-title-visibility":"","ast-main-header-display":"","ast-hfb-above-header-display":"","ast-hfb-below-header-display":"","ast-hfb-mobile-header-display":"","site-post-title":"","ast-breadcrumbs-content":"","ast-featured-img":"","footer-sml-layout":"","ast-disable-related-posts":"","theme-transparent-header-meta":"default","adv-header-id-meta":"","stick-header-meta":"","header-above-stick-meta":"","header-main-stick-meta":"","header-below-stick-meta":"","astra-migrate-meta-layouts":"default","ast-page-background-enabled":"default","ast-page-background-meta":{"desktop":{"background-color":"var(--ast-global-color-4)","background-image":"","background-repeat":"repeat","background-position":"center center","background-size":"auto","background-attachment":"scroll","background-type":"","background-media":"","overlay-type":"","overlay-color":"","overlay-opacity":"","overlay-gradient":""},"tablet":{"background-color":"","background-image":"","background-repeat":"repeat","background-position":"center center","background-size":"auto","background-attachment":"scroll","background-type":"","background-media":"","overlay-type":"","overlay-color":"","overlay-opacity":"","overlay-gradient":""},"mobile":{"background-color":"","background-image":"","background-repeat":"repeat","background-position":"center center","background-size":"auto","background-attachment":"scroll","background-type":"","background-media":"","overlay-type":"","overlay-color":"","overlay-opacity":"","overlay-gradient":""}},"ast-content-background-meta":{"desktop":{"background-color":"var(--ast-global-color-5)","background-image":"","background-repeat":"repeat","background-position":"center center","background-size":"auto","background-attachment":"scroll","background-type":"","background-media":"","overlay-type":"","overlay-color":"","overlay-opacity":"","overlay-gradient":""},"tablet":{"background-color":"var(--ast-global-color-5)","background-image":"","background-repeat":"repeat","background-position":"center center","background-size":"auto","background-attachment":"scroll","background-type":"","background-media":"","overlay-type":"","overlay-color":"","overlay-opacity":"","overlay-gradient":""},"mobile":{"background-color":"var(--ast-global-color-5)","background-image":"","background-repeat":"repeat","background-position":"center center","background-size":"auto","background-attachment":"scroll","background-type":"","background-media":"","overlay-type":"","overlay-color":"","overlay-opacity":"","overlay-gradient":""}},"footnotes":""},"class_list":["post-88664","page","type-page","status-publish","has-post-thumbnail","hentry"],"_links":{"self":[{"href":"https:\/\/translinguoglobal.com\/fr\/wp-json\/wp\/v2\/pages\/88664","targetHints":{"allow":["GET"]}}],"collection":[{"href":"https:\/\/translinguoglobal.com\/fr\/wp-json\/wp\/v2\/pages"}],"about":[{"href":"https:\/\/translinguoglobal.com\/fr\/wp-json\/wp\/v2\/types\/page"}],"author":[{"embeddable":true,"href":"https:\/\/translinguoglobal.com\/fr\/wp-json\/wp\/v2\/users\/3"}],"replies":[{"embeddable":true,"href":"https:\/\/translinguoglobal.com\/fr\/wp-json\/wp\/v2\/comments?post=88664"}],"version-history":[{"count":1,"href":"https:\/\/translinguoglobal.com\/fr\/wp-json\/wp\/v2\/pages\/88664\/revisions"}],"predecessor-version":[{"id":88741,"href":"https:\/\/translinguoglobal.com\/fr\/wp-json\/wp\/v2\/pages\/88664\/revisions\/88741"}],"wp:featuredmedia":[{"embeddable":true,"href":"https:\/\/translinguoglobal.com\/fr\/wp-json\/wp\/v2\/media\/69777"}],"wp:attachment":[{"href":"https:\/\/translinguoglobal.com\/fr\/wp-json\/wp\/v2\/media?parent=88664"}],"curies":[{"name":"wp","href":"https:\/\/api.w.org\/{rel}","templated":true}]}}