{"id":88206,"date":"2025-04-16T10:23:35","date_gmt":"2025-04-16T08:23:35","guid":{"rendered":"https:\/\/translinguoglobal.com\/outsourcing-des-ressources-humaines\/"},"modified":"2025-04-16T10:34:06","modified_gmt":"2025-04-16T08:34:06","slug":"outsourcing-des-ressources-humaines","status":"publish","type":"page","link":"https:\/\/translinguoglobal.com\/fr\/outsourcing-des-ressources-humaines\/","title":{"rendered":"Outsourcing des ressources humaines"},"content":{"rendered":"<h2>Qu&rsquo;est-ce que l&rsquo;Outsourcing des ressources humaines ?<\/h2>\n<p>Dans un monde entrepreneurial toujours plus comp\u00e9titif, la <strong>gestion efficace des <a href=\"https:\/\/es.wikipedia.org\/wiki\/Recursos_humanos\" target=\"_blank\" rel=\"noopener\">ressources humaines<\/a><\/strong> est fondamentale \u00e0 la r\u00e9ussite. Chez <a href=\"https:\/\/translinguoglobal.com\/azafatas-con-idiomas\/\"><strong>Translinguo H\u00f4tesses<\/strong><\/a>, nous comprenons les complexit\u00e9s et les demandes changeantes de l&rsquo;environnement professionnel actuel. C&rsquo;est pour cette raison que nous proposons des solutions compl\u00e8tes d&rsquo;<strong>Outsourcing des ressources humaines<\/strong>, faites pour vous lib\u00e9rer des t\u00e2ches administratives et strat\u00e9giques, ce qui vous permet de <strong>vous focaliser sur la croissance de votre entreprise.<\/strong>  <\/p>\n<h2>Pourquoi choisir notre service d&rsquo;Outsourcing des ressources humaines ?<\/h2>\n<p>Nos services comprennent <strong>toutes les zones cl\u00e9s de la gestion des ressources humaines<\/strong>, du <strong>recrutement et la s\u00e9lection de talents<\/strong> jusqu&rsquo;\u00e0 la<strong> gestion des paies<\/strong> et <strong>du rendement<\/strong>. Nous contactons une \u00e9quipe de professionnels hautement qualifi\u00e9e et exp\u00e9riment\u00e9e qui se charge de g\u00e9rer chacun de vos besoins de ressources humaines de mani\u00e8re efficace. <\/p>\n<p>Gr\u00e2ce \u00e0 notre <strong>concentration personnalis\u00e9e et orient\u00e9e vers le client<\/strong>, nous nous assurons de <strong>prendre en compte tous vos besoins sp\u00e9cifiques<\/strong> et nous vous pr\u00e9sentons des solutions sur mesures qui s&rsquo;alignent avec les objectifs et la culture de votre entreprise. Que vous ayez besoin d&rsquo;un soutien \u00e0 court terme pour un projet sp\u00e9cifique ou un partenariat de longue dur\u00e9e pour externaliser compl\u00e8tement la fonction de ressources humaines, nous sommes \u00e0 votre service. <\/p>\n<h2>En choisissant notre nouveau service d&rsquo;Outsourcing des ressources humaines, vous pouvez vous attendra \u00e0 :<\/h2>\n<ol>\n<li>La r\u00e9duction des co\u00fbts d&rsquo;exploitation.<\/li>\n<li>L&rsquo;acc\u00e8s \u00e0 un talent sp\u00e9cialis\u00e9.<\/li>\n<li>Une am\u00e9lioration de l&rsquo;efficacit\u00e9 et de la productivit\u00e9.<\/li>\n<li>Un accomplissement l\u00e9gal et r\u00e9glementaire.<\/li>\n<li>Une plus grande flexibilit\u00e9 pour s&rsquo;adapter au fonctionnement du march\u00e9.<\/li>\n<\/ol>\n<p>Nous nous engageons \u00e0 vous proposer le plus haut niveau de services et de soutien dans chaque \u00e9tape de notre collaboration. Contactez-nous d\u00e8s maintenant pour d\u00e9couvrir comment nous pouvons vous aider \u00e0 faire passer votre entreprise au niveau sup\u00e9rieur avec notre service d&rsquo;Outsourcing des ressources humaines. <\/p>\n","protected":false},"excerpt":{"rendered":"<p>Qu&rsquo;est-ce que l&rsquo;Outsourcing des ressources humaines ? Dans un monde entrepreneurial toujours plus comp\u00e9titif, la gestion efficace des ressources humaines est fondamentale \u00e0 la r\u00e9ussite. Chez Translinguo H\u00f4tesses, nous comprenons les complexit\u00e9s et les demandes changeantes de l&rsquo;environnement professionnel actuel. C&rsquo;est pour cette raison que nous proposons des solutions compl\u00e8tes d&rsquo;Outsourcing des ressources humaines, faites [&hellip;]<\/p>\n","protected":false},"author":16,"featured_media":65577,"parent":0,"menu_order":0,"comment_status":"closed","ping_status":"closed","template":"","meta":{"_crdt_document":"","inline_featured_image":false,"site-sidebar-layout":"default","site-content-layout":"","ast-site-content-layout":"default","site-content-style":"default","site-sidebar-style":"default","ast-global-header-display":"","ast-banner-title-visibility":"","ast-main-header-display":"","ast-hfb-above-header-display":"","ast-hfb-below-header-display":"","ast-hfb-mobile-header-display":"","site-post-title":"","ast-breadcrumbs-content":"","ast-featured-img":"","footer-sml-layout":"","ast-disable-related-posts":"","theme-transparent-header-meta":"default","adv-header-id-meta":"","stick-header-meta":"","header-above-stick-meta":"","header-main-stick-meta":"","header-below-stick-meta":"","astra-migrate-meta-layouts":"default","ast-page-background-enabled":"default","ast-page-background-meta":{"desktop":{"background-color":"var(--ast-global-color-4)","background-image":"","background-repeat":"repeat","background-position":"center center","background-size":"auto","background-attachment":"scroll","background-type":"","background-media":"","overlay-type":"","overlay-color":"","overlay-opacity":"","overlay-gradient":""},"tablet":{"background-color":"","background-image":"","background-repeat":"repeat","background-position":"center center","background-size":"auto","background-attachment":"scroll","background-type":"","background-media":"","overlay-type":"","overlay-color":"","overlay-opacity":"","overlay-gradient":""},"mobile":{"background-color":"","background-image":"","background-repeat":"repeat","background-position":"center center","background-size":"auto","background-attachment":"scroll","background-type":"","background-media":"","overlay-type":"","overlay-color":"","overlay-opacity":"","overlay-gradient":""}},"ast-content-background-meta":{"desktop":{"background-color":"var(--ast-global-color-5)","background-image":"","background-repeat":"repeat","background-position":"center center","background-size":"auto","background-attachment":"scroll","background-type":"","background-media":"","overlay-type":"","overlay-color":"","overlay-opacity":"","overlay-gradient":""},"tablet":{"background-color":"var(--ast-global-color-5)","background-image":"","background-repeat":"repeat","background-position":"center center","background-size":"auto","background-attachment":"scroll","background-type":"","background-media":"","overlay-type":"","overlay-color":"","overlay-opacity":"","overlay-gradient":""},"mobile":{"background-color":"var(--ast-global-color-5)","background-image":"","background-repeat":"repeat","background-position":"center center","background-size":"auto","background-attachment":"scroll","background-type":"","background-media":"","overlay-type":"","overlay-color":"","overlay-opacity":"","overlay-gradient":""}},"footnotes":""},"class_list":["post-88206","page","type-page","status-publish","has-post-thumbnail","hentry"],"_links":{"self":[{"href":"https:\/\/translinguoglobal.com\/fr\/wp-json\/wp\/v2\/pages\/88206","targetHints":{"allow":["GET"]}}],"collection":[{"href":"https:\/\/translinguoglobal.com\/fr\/wp-json\/wp\/v2\/pages"}],"about":[{"href":"https:\/\/translinguoglobal.com\/fr\/wp-json\/wp\/v2\/types\/page"}],"author":[{"embeddable":true,"href":"https:\/\/translinguoglobal.com\/fr\/wp-json\/wp\/v2\/users\/16"}],"replies":[{"embeddable":true,"href":"https:\/\/translinguoglobal.com\/fr\/wp-json\/wp\/v2\/comments?post=88206"}],"version-history":[{"count":1,"href":"https:\/\/translinguoglobal.com\/fr\/wp-json\/wp\/v2\/pages\/88206\/revisions"}],"predecessor-version":[{"id":88207,"href":"https:\/\/translinguoglobal.com\/fr\/wp-json\/wp\/v2\/pages\/88206\/revisions\/88207"}],"wp:featuredmedia":[{"embeddable":true,"href":"https:\/\/translinguoglobal.com\/fr\/wp-json\/wp\/v2\/media\/65577"}],"wp:attachment":[{"href":"https:\/\/translinguoglobal.com\/fr\/wp-json\/wp\/v2\/media?parent=88206"}],"curies":[{"name":"wp","href":"https:\/\/api.w.org\/{rel}","templated":true}]}}