{"id":57330,"date":"2023-05-11T11:16:27","date_gmt":"2023-05-11T09:16:27","guid":{"rendered":"https:\/\/translinguoglobal.com\/?page_id=57330"},"modified":"2025-07-21T16:30:49","modified_gmt":"2025-07-21T14:30:49","slug":"devis-dune-traduction","status":"publish","type":"page","link":"https:\/\/translinguoglobal.com\/fr\/devis-dune-traduction\/","title":{"rendered":"Devis de traduction"},"content":{"rendered":"<h2 style=\"text-align: center;\">Quel est le co\u00fbt d&rsquo;une traduction ?<\/h2>\n<p>Le devis de traduction. Les traductions asserment\u00e9es sont le type de traduction le plus r\u00e9pandu. Il ne s&rsquo;agit pas de changer la langue, mais de donner \u00e0 un texte une validit\u00e9 juridique dans un autre territoire. Ils sont donc indispensables aujourd&rsquo;hui, et de plus en plus de personnes en ont besoin.<\/p>\n<p>De plus, il s&rsquo;agit d&rsquo;une t\u00e2che complexe qui ne se limite pas aux aspects linguistiques. Ces documents sont sign\u00e9s par le traducteur asserment\u00e9, qui atteste de l&rsquo;exactitude et de la v\u00e9racit\u00e9 du contenu. Le traducteur asserment\u00e9 est \u00e9galement agr\u00e9\u00e9 par le <a href=\"https:\/\/es.wikipedia.org\/wiki\/Ministerio_de_Asuntos_Exteriores_(Espa%C3%B1a)\" target=\"_blank\" rel=\"noopener\">minist\u00e8re espagnol des affaires \u00e9trang\u00e8res et de la coop\u00e9ration.<\/a> Il s&rsquo;agit donc d&rsquo;un processus qui implique de nombreuses t\u00e2ches et interventions.<\/p>\n<p>Tous ces facteurs influencent le <strong>prix de la traduction<\/strong>, que nous expliquons ci-dessous. Si vous avez besoin d&rsquo;une traduction asserment\u00e9e, contactez-nous. Nous calculerons votre devis sans engagement.<\/p>\n<h2 style=\"text-align: center;\">Les facteurs influen\u00e7ant le budget de traduction<\/h2>\n<p>Logiquement, lors du calcul d&rsquo;un <strong>devis de traduction<\/strong>, la premi\u00e8re chose \u00e0 prendre en compte est la langue. Ce qui fera la diff\u00e9rence entre l&rsquo;une et l&rsquo;autre, c&rsquo;est leur popularit\u00e9. Par exemple, l&rsquo;anglais, le fran\u00e7ais et l&rsquo;espagnol \u00e9tant largement parl\u00e9s, le prix est r\u00e9duit.<\/p>\n<p>L&rsquo;inverse sera vrai pour les langues moins populaires, telles que le tch\u00e8que, l&rsquo;h\u00e9breu et le su\u00e9dois. Il y a moins de traducteurs de ces langues car elles sont principalement utilis\u00e9es dans leur pays d&rsquo;origine.<\/p>\n<p>En g\u00e9n\u00e9ral, la longeur aura un impact sur le budget. Toutefois, la validit\u00e9 juridique des traductions asserment\u00e9es fixe un tarif minimum qui s&rsquo;applique dans tous les cas.<\/p>\n<p>La date \u00e0 laquelle vous souhaitez obtenir votre traduction sera \u00e9galement un facteur d\u00e9terminant dans le <strong>budget<\/strong>. Voici pourquoi.<\/p>\n<h3 style=\"text-align: left;\">Comment le prix d&rsquo;une traduction est-il calcul\u00e9 ?<\/h3>\n<p>Comme vous l&rsquo;avez vu, le co\u00fbt d&rsquo;une traduction d\u00e9pend de plusieurs facteurs. <strong>Nous en distinguons trois principaux<\/strong>: les langues, la longueur et la date de livraison. <\/p>\n<p>Ce dernier facteur est d\u00e9terminant. Vous avez peut-\u00eatre besoin d&rsquo;une traduction urgente. Dans ce cas, c&rsquo;est le taux de conversion express qui est utilis\u00e9. Si vous pouvez attendre quelques jours pour le recevoir, le tarif standard sera utilis\u00e9 et d\u00e9pendra des facteurs suivants.<\/p>\n<p>Comme nous vous l&rsquo;avons d\u00e9j\u00e0 dit, il y a des langues tr\u00e8s r\u00e9pandues et d&rsquo;autres qui le sont moins. Il se peut que vous ayez besoin de traduire un document de ou vers une langue moins r\u00e9pandue. Cet aspect sera d\u00e9terminant pour le <strong>devis<\/strong>, car moins la langue est fr\u00e9quente, plus elle a de valeur \u00e9conomique.<\/p>\n<p>Enfin, la longueur du document est \u00e9galement prise en compte. Nous avons d\u00e9j\u00e0 expliqu\u00e9 qu&rsquo;il existe un tarif minimum pour les traductions asserment\u00e9es. Les documents plus longs impliquent un budget plus \u00e9lev\u00e9.<\/p>\n<h3 style=\"text-align: left;\">Que comprendra ma traduction ?<\/h3>\n<p>Lorsque nos traducteurs terminent une traduction, celle-ci est soumise \u00e0 un processus de r\u00e9vision et de relecture afin de garantir une qualit\u00e9 optimale. Une fois que nous avons v\u00e9rifi\u00e9 que le r\u00e9sultat du texte est le meilleur, nous vous l&rsquo;envoyons par e-mail en format num\u00e9rique.<\/p>\n<p>Enfin, vous recevrez la traduction physique sign\u00e9e et tamponn\u00e9e par un traducteur asserment\u00e9 \u00e0 votre porte. Les d\u00e9tails de la livraison seront convenus avant le processus de traduction.<\/p>\n<h3><strong>Les facteurs de r\u00e9duction du devis<\/strong><\/h3>\n<p>Nous avons d\u00e9j\u00e0 mentionn\u00e9 les facteurs qui font augmenter le prix, examinons maintenant les facteurs qui le font baisser :<\/p>\n<ul>\n<li>Volume de traduction : si la traduction porte sur un volume important et que le d\u00e9lai est raisonnable, certains traducteurs accordent des remises. Il est donc conseill\u00e9 de regrouper plusieurs documents en une seule commande afin de r\u00e9duire les co\u00fbts.<\/li>\n<li>Traduction automatique : lorsque les textes sont simples et r\u00e9p\u00e9titifs, le traducteur n&rsquo;a qu&rsquo;\u00e0 r\u00e9viser ce qui a \u00e9t\u00e9 traduit par un traducteur automatique. De cette mani\u00e8re, le budget devient moins on\u00e9reux.<\/li>\n<li>R\u00e9p\u00e9titions dans le document : si le document original contient un grand nombre de phrases ou de paragraphes identiques, vous pouvez en faire part au traducteur. Et dans ce cas, il ne sera compt\u00e9 qu&rsquo;une seule fois. Cela permet de r\u00e9duire les co\u00fbts.<\/li>\n<li>Traductions sans TVA : si le document est une \u0153uvre litt\u00e9raire, artistique ou scientifique, la TVA n&rsquo;est pas appliqu\u00e9e. Le devis de traduction serait ainsi 21 % moins cher.<\/li>\n<\/ul>\n<h2 style=\"text-align: center;\">Prix des traductions par langue<\/h2>\n<p>Contactez-nous pour recevoir un <strong>devis<\/strong> personnalis\u00e9 et sans engagement. Nous disposons de traducteurs natifs pour plus de 207 paires de langues.<\/p>\n<p>Chez<b><a href=\"https:\/\/translinguoglobal.com\/fr\/\"> Translinguo Global<\/a>,<\/b>nous disposons d&rsquo;une \u00e9quipe de traducteurs hautement qualifi\u00e9s, <span style=\"font-weight: 400;\">dot\u00e9s des comp\u00e9tences de recherche et d&rsquo;analyse n\u00e9cessaires \u00e0 une bonne traduction<\/span>, pr\u00eats \u00e0 vous aider dans vos traductions afin que vous obteniez le meilleur r\u00e9sultat et la meilleure qualit\u00e9. Nous sommes votre agence de traduction officielle de confiance, nous calculerons votre devis sans engagement.<\/p>\n","protected":false},"excerpt":{"rendered":"<p>Quel est le co\u00fbt d&rsquo;une traduction ? Le devis de traduction. Les traductions asserment\u00e9es sont le type de traduction le plus r\u00e9pandu. Il ne s&rsquo;agit pas de changer la langue, mais de donner \u00e0 un texte une validit\u00e9 juridique dans un autre territoire. Ils sont donc indispensables aujourd&rsquo;hui, et de plus en plus de personnes [&hellip;]<\/p>\n","protected":false},"author":3,"featured_media":57247,"parent":0,"menu_order":0,"comment_status":"closed","ping_status":"closed","template":"","meta":{"_crdt_document":"","inline_featured_image":false,"site-sidebar-layout":"default","site-content-layout":"default","ast-site-content-layout":"default","site-content-style":"default","site-sidebar-style":"default","ast-global-header-display":"","ast-banner-title-visibility":"","ast-main-header-display":"","ast-hfb-above-header-display":"","ast-hfb-below-header-display":"","ast-hfb-mobile-header-display":"","site-post-title":"","ast-breadcrumbs-content":"","ast-featured-img":"","footer-sml-layout":"","ast-disable-related-posts":"","theme-transparent-header-meta":"default","adv-header-id-meta":"","stick-header-meta":"","header-above-stick-meta":"","header-main-stick-meta":"","header-below-stick-meta":"","astra-migrate-meta-layouts":"default","ast-page-background-enabled":"default","ast-page-background-meta":{"desktop":{"background-color":"var(--ast-global-color-4)","background-image":"","background-repeat":"repeat","background-position":"center center","background-size":"auto","background-attachment":"scroll","background-type":"","background-media":"","overlay-type":"","overlay-color":"","overlay-opacity":"","overlay-gradient":""},"tablet":{"background-color":"","background-image":"","background-repeat":"repeat","background-position":"center center","background-size":"auto","background-attachment":"scroll","background-type":"","background-media":"","overlay-type":"","overlay-color":"","overlay-opacity":"","overlay-gradient":""},"mobile":{"background-color":"","background-image":"","background-repeat":"repeat","background-position":"center center","background-size":"auto","background-attachment":"scroll","background-type":"","background-media":"","overlay-type":"","overlay-color":"","overlay-opacity":"","overlay-gradient":""}},"ast-content-background-meta":{"desktop":{"background-color":"var(--ast-global-color-5)","background-image":"","background-repeat":"repeat","background-position":"center center","background-size":"auto","background-attachment":"scroll","background-type":"","background-media":"","overlay-type":"","overlay-color":"","overlay-opacity":"","overlay-gradient":""},"tablet":{"background-color":"var(--ast-global-color-5)","background-image":"","background-repeat":"repeat","background-position":"center center","background-size":"auto","background-attachment":"scroll","background-type":"","background-media":"","overlay-type":"","overlay-color":"","overlay-opacity":"","overlay-gradient":""},"mobile":{"background-color":"var(--ast-global-color-5)","background-image":"","background-repeat":"repeat","background-position":"center center","background-size":"auto","background-attachment":"scroll","background-type":"","background-media":"","overlay-type":"","overlay-color":"","overlay-opacity":"","overlay-gradient":""}},"footnotes":""},"class_list":["post-57330","page","type-page","status-publish","has-post-thumbnail","hentry"],"_links":{"self":[{"href":"https:\/\/translinguoglobal.com\/fr\/wp-json\/wp\/v2\/pages\/57330","targetHints":{"allow":["GET"]}}],"collection":[{"href":"https:\/\/translinguoglobal.com\/fr\/wp-json\/wp\/v2\/pages"}],"about":[{"href":"https:\/\/translinguoglobal.com\/fr\/wp-json\/wp\/v2\/types\/page"}],"author":[{"embeddable":true,"href":"https:\/\/translinguoglobal.com\/fr\/wp-json\/wp\/v2\/users\/3"}],"replies":[{"embeddable":true,"href":"https:\/\/translinguoglobal.com\/fr\/wp-json\/wp\/v2\/comments?post=57330"}],"version-history":[{"count":2,"href":"https:\/\/translinguoglobal.com\/fr\/wp-json\/wp\/v2\/pages\/57330\/revisions"}],"predecessor-version":[{"id":96913,"href":"https:\/\/translinguoglobal.com\/fr\/wp-json\/wp\/v2\/pages\/57330\/revisions\/96913"}],"wp:featuredmedia":[{"embeddable":true,"href":"https:\/\/translinguoglobal.com\/fr\/wp-json\/wp\/v2\/media\/57247"}],"wp:attachment":[{"href":"https:\/\/translinguoglobal.com\/fr\/wp-json\/wp\/v2\/media?parent=57330"}],"curies":[{"name":"wp","href":"https:\/\/api.w.org\/{rel}","templated":true}]}}