{"id":48388,"date":"2022-07-08T07:58:25","date_gmt":"2022-07-08T07:58:25","guid":{"rendered":"https:\/\/translinguoglobal.com\/?page_id=48388"},"modified":"2022-07-08T08:02:41","modified_gmt":"2022-07-08T08:02:41","slug":"entreprise-de-traduction-en-espagne","status":"publish","type":"page","link":"https:\/\/translinguoglobal.com\/fr\/entreprise-de-traduction-en-espagne\/","title":{"rendered":"Entreprise de traduction en Espagne"},"content":{"rendered":"<p>De nos jours, toute entreprise a besoin d&rsquo;un service de traduction. Soit parce qu&rsquo;elles ach\u00e8tent leurs mati\u00e8res premi\u00e8res ou leurs mat\u00e9riaux \u00e0 des entreprises d&rsquo;autres pays, soit parce qu&rsquo;elles d\u00e9cident de s&rsquo;internationaliser. Dans les deux cas, sans un bon service de traduction, des probl\u00e8mes majeurs peuvent survenir en raison des barri\u00e8res linguistiques.<\/p>\n<p>Dans le premier cas, des probl\u00e8mes peuvent survenir, tels que des malentendus avec les commandes, des retards dans les paiements et les livraisons, etc. Dans le second cas, les probl\u00e8mes peuvent avoir des cons\u00e9quences plus graves pour l&rsquo;entreprise et entra\u00eener des pertes financi\u00e8res importantes. Par cons\u00e9quent, notre <strong>soci\u00e9t\u00e9 de traduction en Espagne<strong> aidera votre entreprise \u00e0 \u00e9viter ces cons\u00e9quences.<\/strong><\/strong><\/p>\n<h2 style=\"text-align: center;\"><strong>Pourquoi faire appel \u00e0 une soci\u00e9t\u00e9 de traduction en Espagne ?<\/strong><\/h2>\n<p>Notre <strong>agence de traduction en Espagne<\/strong> s&rsquo;appuie sur une \u00e9quipe de traducteurs dont la langue maternelle est la langue dans laquelle nous travaillons. Contrairement \u00e0 d&rsquo;autres prestataires de services de traduction, nous pensons que cela est essentiel pour fournir un travail de qualit\u00e9 sup\u00e9rieure. Un traducteur natif saura quelles expressions sont les plus fluides et les plus coh\u00e9rentes, tout en \u00e9tant capable de rester fid\u00e8le au texte original. Le lien culturel que poss\u00e8de un locuteur natif \u00e9vitera \u00e9galement de cr\u00e9er des \u00e9carts culturels g\u00eanants entre votre produit original et celui que vous souhaitez vendre \u00e0 un nouveau public. Ce sont ces d\u00e9tails qui distinguent une traduction de qualit\u00e9 d&rsquo;une traduction moins professionnelle.<\/p>\n<h2 style=\"text-align: center;\"><strong>Pourquoi en Espagne?<\/strong><\/h2>\n<p style=\"text-align: center;\">L&rsquo;Espagne est l&rsquo;une des principales destinations touristiques du monde ; en fait, elle figure parmi les trois pays les plus visit\u00e9s au monde. Elle dispose \u00e9galement d&rsquo;une infrastructure du secteur des services tr\u00e8s d\u00e9velopp\u00e9e.<\/p>\n<p>Ce paysage touristique en d\u00e9veloppement rend les services de traduction indispensables. Des mus\u00e9es, qui doivent avoir des audioguides dans toutes les langues possibles, aux restaurants, qui doivent avoir des menus dans toutes les langues. Tout le monde a besoin d&rsquo;un bon service de traduction, et l&rsquo;anglais seul ne suffit pas.<\/p>\n<h2 style=\"text-align: center;\"><strong>Ce que nous offrons dans nos services<\/strong><\/h2>\n<p>Notre <strong>agence de traduction en Espagne <\/strong> vous garantit un service personnalis\u00e9 et une livraison dans les d\u00e9lais. Nous sommes toujours en \u00e9troite communication avec nos clients afin de r\u00e9pondre \u00e0 leurs besoins et de maintenir la plus haute qualit\u00e9 de service. En outre, nous proposons nos services multilingues dans plusieurs domaines de la traduction :<\/p>\n<ul>\n<li><span style=\"text-decoration: underline;\">general<\/span><br \/>\n(textes publicitaires, journalistiques, etc.);<\/li>\n<li>de <span style=\"text-decoration: underline;\">sites web;<\/span><\/li>\n<li><span style=\"text-decoration: underline;\">localisation<\/span>;<\/li>\n<li><span style=\"text-decoration: underline;\">asserment\u00e9;<\/span><\/li>\n<li><span style=\"text-decoration: underline;\">sp\u00e9cifique,<\/span> notamment dans le secteur alimentaire et pharmaceutique.<\/li>\n<\/ul>\n<h4><strong>Si vous souhaitez positionner votre entreprise sur le march\u00e9 espagnol ou la projeter \u00e0 l&rsquo;\u00e9tranger, faites confiance \u00e0 nos services. Nous vous assurons la qualit\u00e9 et que vous ne le regretterez pas !<\/strong><\/h4>\n","protected":false},"excerpt":{"rendered":"<p>De nos jours, toute entreprise a besoin d&rsquo;un service de traduction. Soit parce qu&rsquo;elles ach\u00e8tent leurs mati\u00e8res premi\u00e8res ou leurs mat\u00e9riaux \u00e0 des entreprises d&rsquo;autres pays, soit parce qu&rsquo;elles d\u00e9cident de s&rsquo;internationaliser. Dans les deux cas, sans un bon service de traduction, des probl\u00e8mes majeurs peuvent survenir en raison des barri\u00e8res linguistiques. Dans le premier [&hellip;]<\/p>\n","protected":false},"author":3,"featured_media":37291,"parent":0,"menu_order":0,"comment_status":"closed","ping_status":"closed","template":"","meta":{"_crdt_document":"","inline_featured_image":false,"site-sidebar-layout":"default","site-content-layout":"default","ast-site-content-layout":"default","site-content-style":"default","site-sidebar-style":"default","ast-global-header-display":"","ast-banner-title-visibility":"","ast-main-header-display":"","ast-hfb-above-header-display":"","ast-hfb-below-header-display":"","ast-hfb-mobile-header-display":"","site-post-title":"","ast-breadcrumbs-content":"","ast-featured-img":"","footer-sml-layout":"","ast-disable-related-posts":"","theme-transparent-header-meta":"default","adv-header-id-meta":"","stick-header-meta":"","header-above-stick-meta":"","header-main-stick-meta":"","header-below-stick-meta":"","astra-migrate-meta-layouts":"default","ast-page-background-enabled":"default","ast-page-background-meta":{"desktop":{"background-color":"var(--ast-global-color-4)","background-image":"","background-repeat":"repeat","background-position":"center center","background-size":"auto","background-attachment":"scroll","background-type":"","background-media":"","overlay-type":"","overlay-color":"","overlay-opacity":"","overlay-gradient":""},"tablet":{"background-color":"","background-image":"","background-repeat":"repeat","background-position":"center center","background-size":"auto","background-attachment":"scroll","background-type":"","background-media":"","overlay-type":"","overlay-color":"","overlay-opacity":"","overlay-gradient":""},"mobile":{"background-color":"","background-image":"","background-repeat":"repeat","background-position":"center center","background-size":"auto","background-attachment":"scroll","background-type":"","background-media":"","overlay-type":"","overlay-color":"","overlay-opacity":"","overlay-gradient":""}},"ast-content-background-meta":{"desktop":{"background-color":"var(--ast-global-color-5)","background-image":"","background-repeat":"repeat","background-position":"center center","background-size":"auto","background-attachment":"scroll","background-type":"","background-media":"","overlay-type":"","overlay-color":"","overlay-opacity":"","overlay-gradient":""},"tablet":{"background-color":"var(--ast-global-color-5)","background-image":"","background-repeat":"repeat","background-position":"center center","background-size":"auto","background-attachment":"scroll","background-type":"","background-media":"","overlay-type":"","overlay-color":"","overlay-opacity":"","overlay-gradient":""},"mobile":{"background-color":"var(--ast-global-color-5)","background-image":"","background-repeat":"repeat","background-position":"center center","background-size":"auto","background-attachment":"scroll","background-type":"","background-media":"","overlay-type":"","overlay-color":"","overlay-opacity":"","overlay-gradient":""}},"footnotes":""},"class_list":["post-48388","page","type-page","status-publish","has-post-thumbnail","hentry"],"_links":{"self":[{"href":"https:\/\/translinguoglobal.com\/fr\/wp-json\/wp\/v2\/pages\/48388","targetHints":{"allow":["GET"]}}],"collection":[{"href":"https:\/\/translinguoglobal.com\/fr\/wp-json\/wp\/v2\/pages"}],"about":[{"href":"https:\/\/translinguoglobal.com\/fr\/wp-json\/wp\/v2\/types\/page"}],"author":[{"embeddable":true,"href":"https:\/\/translinguoglobal.com\/fr\/wp-json\/wp\/v2\/users\/3"}],"replies":[{"embeddable":true,"href":"https:\/\/translinguoglobal.com\/fr\/wp-json\/wp\/v2\/comments?post=48388"}],"version-history":[{"count":0,"href":"https:\/\/translinguoglobal.com\/fr\/wp-json\/wp\/v2\/pages\/48388\/revisions"}],"wp:featuredmedia":[{"embeddable":true,"href":"https:\/\/translinguoglobal.com\/fr\/wp-json\/wp\/v2\/media\/37291"}],"wp:attachment":[{"href":"https:\/\/translinguoglobal.com\/fr\/wp-json\/wp\/v2\/media?parent=48388"}],"curies":[{"name":"wp","href":"https:\/\/api.w.org\/{rel}","templated":true}]}}